{"id":2540,"date":"2024-07-17T13:29:01","date_gmt":"2024-07-17T13:29:01","guid":{"rendered":"https:\/\/www.jinpinlub.com\/?post_type=product&#038;p=2540"},"modified":"2025-06-06T19:31:30","modified_gmt":"2025-06-06T11:31:30","slug":"urzadzenie-dozujace-smar-jsv8-do-progresywnego-systemu-smarowania","status":"publish","type":"product","link":"https:\/\/www.jinpinlub.com\/pl\/product\/jsv8-grease-metering-device-for-progressive-lubrication-system\/","title":{"rendered":"Urz\u0105dzenie dozuj\u0105ce smar JSV8 do progresywnego systemu smarowania"},"content":{"rendered":"<h2>Cechy<\/h2>\n<p>1. Rozdzielacz progresywny JSV poprzez sekwencj\u0119 dzia\u0142ania t\u0142oka, post\u0119puj\u0105cy punkt po punkcie w celu roz\u0142adowania.<br \/>\n2. Obj\u0119to\u015b\u0107 dozowania ka\u017cdego wyj\u015bcia w ka\u017cdym cyklu wynosi 0,17 ml.<br \/>\n3. Jedno wyj\u015bcie mo\u017cna zablokowa\u0107 specjaln\u0105 zatyczk\u0105, co podwaja obj\u0119to\u015b\u0107 dozowania kolejnego wyj\u015bcia.<br \/>\n4. Mo\u017cna wybra\u0107 6-20 wyj\u015b\u0107. Wyj\u015bcia wyposa\u017cone s\u0105 w zawory jednokierunkowe, zapobiegaj\u0105ce cofaniu si\u0119 \u015brodka smaruj\u0105cego.<br \/>\n5. \u0141atwy do monitorowania, monitoring wizualny lub monitoring elektroniczny. \u0141atwo go wymieni\u0107 i nie wp\u0142ywa na inne ruroci\u0105gi.<br \/>\n6. Dopuszczalne \u015brodki smarne: smar NLGI 000# ~ 2#, olej 32-220cSt@40\u2103.<br \/>\n7. Temperatura pracy wynosi -20\u2103~+80\u2103.<\/p>\n<h2>Specyfikacja<\/h2>\n<table>\n<tbody>\n<tr>\n<td>Zasada dzia\u0142ania<\/td>\n<td>Urz\u0105dzenia pomiarowe<\/td>\n<\/tr>\n<tr>\n<td>Liczba punkt\u00f3w sprzeda\u017cy<\/td>\n<td>6-20<\/td>\n<\/tr>\n<tr>\n<td>Ilo\u015b\u0107 dozowania<\/td>\n<td>0,2 ml\/cykl<\/td>\n<\/tr>\n<tr>\n<td>Smar<\/td>\n<td>Smar do NLGI 2, olej 32-220cSt@40\u2103<\/td>\n<\/tr>\n<tr>\n<td>Temperatura pracy<\/td>\n<td>\u201320 do +80 \u00b0C<\/td>\n<\/tr>\n<tr>\n<td>Ci\u015bnienie robocze<\/td>\n<td>Maks. 350 bar\u00f3w<\/td>\n<\/tr>\n<tr>\n<td>Tworzywo<\/td>\n<td>Ocynkowany na czarno<\/td>\n<\/tr>\n<tr>\n<td>Wlot przy\u0142\u0105czeniowy<\/td>\n<td>\u03a66\/\u03a68 (M10x1)<\/td>\n<\/tr>\n<tr>\n<td>Gniazdo przy\u0142\u0105czeniowe<\/td>\n<td>\u03a66\/\u03a68 (M10x1)<\/td>\n<\/tr>\n<tr>\n<td>Pozycja monta\u017cowa<\/td>\n<td>Ka\u017cdy<\/td>\n<\/tr>\n<\/tbody>\n<\/table>\n<h2>Aplikacja<\/h2>\n<p>1. Budownictwo i g\u00f3rnictwo: W tych dziedzinach sprz\u0119t zazwyczaj pracuje w trudnych warunkach pracy i przy du\u017cym obci\u0105\u017ceniu. Na przyk\u0142ad pod dzia\u0142aniem smarowania JSV, normalna praca sprz\u0119tu rozprowadza niezawodne smarowanie.<br \/>\n2. Maszyny rolnicze: Maszyny rolnicze nale\u017cy smarowa\u0107 stosunkowo cz\u0119sto, aby zapewni\u0107 ich p\u0142ynne dzia\u0142anie. Dystrybutory JSV mog\u0105 pracowa\u0107 w r\u00f3\u017cnych warunkach temperatury i ci\u015bnienia, aby dostosowa\u0107 si\u0119 do r\u00f3\u017cnych \u015brodowisk rolniczych.<br \/>\n3. Sprz\u0119t przemys\u0142owy: Przemys\u0142 wytw\u00f3rczy i przetw\u00f3rczy dysponuje zr\u00f3\u017cnicowanym sprz\u0119tem mechanicznym, w kt\u00f3rym JSV pe\u0142ni rol\u0119 \u015brodka smarnego, wyd\u0142u\u017caj\u0105c \u017cywotno\u015b\u0107 sprz\u0119tu mechanicznego, a tym samym redukuj\u0105c koszty zwi\u0105zane z naprawami.<br \/>\n4. Energia odnawialna: Rozdzielacze JSV s\u0142u\u017c\u0105 do smarowania wa\u017cnych cz\u0119\u015bci urz\u0105dze\u0144 do wytwarzania energii wiatrowej i s\u0142onecznej, co zapewnia d\u0142ug\u0105, wydajn\u0105 i stabiln\u0105 prac\u0119.<\/p>\n<h2>Instrukcje<\/h2>\n<div class=\"sdm_download_button_box_default\"><div class=\"sdm_download_link\"><a href=\"https:\/\/www.jinpinlub.com\/pl\/?sdm_process_download=1&download_id=2474\" class=\"sdm_download white\" title=\"Prywatne: JSV Progressive Distributor\" target=\"&quot;_blank&quot;\">Zobacz arkusz danych - Dystrybutor JSV<\/a><\/div><\/div>","protected":false},"excerpt":{"rendered":"<p>Rozdzielacz JSV to integralne urz\u0105dzenie dozuj\u0105ce progresywne do progresywnych system\u00f3w smarowania. Mo\u017ce by\u0107 stosowany w warunkach wysokiego ci\u015bnienia wstecznego i jest odpowiedni do r\u00f3\u017cnych zakres\u00f3w temperatur. Maksymalne ci\u015bnienie robocze wynosi 350 bar\u00f3w, a ma od 6 do 22 wyj\u015b\u0107.<\/p>","protected":false},"featured_media":2544,"template":"","meta":{"ocean_post_layout":"","ocean_both_sidebars_style":"","ocean_both_sidebars_content_width":0,"ocean_both_sidebars_sidebars_width":0,"ocean_sidebar":"0","ocean_second_sidebar":"0","ocean_disable_margins":"enable","ocean_add_body_class":"","ocean_shortcode_before_top_bar":"","ocean_shortcode_after_top_bar":"","ocean_shortcode_before_header":"","ocean_shortcode_after_header":"","ocean_has_shortcode":"","ocean_shortcode_after_title":"","ocean_shortcode_before_footer_widgets":"","ocean_shortcode_after_footer_widgets":"","ocean_shortcode_before_footer_bottom":"","ocean_shortcode_after_footer_bottom":"","ocean_display_top_bar":"default","ocean_display_header":"default","ocean_header_style":"","ocean_center_header_left_menu":"0","ocean_custom_header_template":"0","ocean_custom_logo":0,"ocean_custom_retina_logo":0,"ocean_custom_logo_max_width":0,"ocean_custom_logo_tablet_max_width":0,"ocean_custom_logo_mobile_max_width":0,"ocean_custom_logo_max_height":0,"ocean_custom_logo_tablet_max_height":0,"ocean_custom_logo_mobile_max_height":0,"ocean_header_custom_menu":"0","ocean_menu_typo_font_family":"0","ocean_menu_typo_font_subset":"","ocean_menu_typo_font_size":0,"ocean_menu_typo_font_size_tablet":0,"ocean_menu_typo_font_size_mobile":0,"ocean_menu_typo_font_size_unit":"px","ocean_menu_typo_font_weight":"","ocean_menu_typo_font_weight_tablet":"","ocean_menu_typo_font_weight_mobile":"","ocean_menu_typo_transform":"","ocean_menu_typo_transform_tablet":"","ocean_menu_typo_transform_mobile":"","ocean_menu_typo_line_height":0,"ocean_menu_typo_line_height_tablet":0,"ocean_menu_typo_line_height_mobile":0,"ocean_menu_typo_line_height_unit":"","ocean_menu_typo_spacing":0,"ocean_menu_typo_spacing_tablet":0,"ocean_menu_typo_spacing_mobile":0,"ocean_menu_typo_spacing_unit":"","ocean_menu_link_color":"","ocean_menu_link_color_hover":"","ocean_menu_link_color_active":"","ocean_menu_link_background":"","ocean_menu_link_hover_background":"","ocean_menu_link_active_background":"","ocean_menu_social_links_bg":"","ocean_menu_social_hover_links_bg":"","ocean_menu_social_links_color":"","ocean_menu_social_hover_links_color":"","ocean_disable_title":"default","ocean_disable_heading":"default","ocean_post_title":"","ocean_post_subheading":"","ocean_post_title_style":"","ocean_post_title_background_color":"","ocean_post_title_background":0,"ocean_post_title_bg_image_position":"","ocean_post_title_bg_image_attachment":"","ocean_post_title_bg_image_repeat":"","ocean_post_title_bg_image_size":"","ocean_post_title_height":0,"ocean_post_title_bg_overlay":0.5,"ocean_post_title_bg_overlay_color":"","ocean_disable_breadcrumbs":"default","ocean_breadcrumbs_color":"","ocean_breadcrumbs_separator_color":"","ocean_breadcrumbs_links_color":"","ocean_breadcrumbs_links_hover_color":"","ocean_display_footer_widgets":"default","ocean_display_footer_bottom":"default","ocean_custom_footer_template":"0","osh_disable_topbar_sticky":"default","osh_disable_header_sticky":"default","osh_sticky_header_style":"default","osh_sticky_header_effect":"","osh_custom_sticky_logo":0,"osh_custom_retina_sticky_logo":0,"osh_custom_sticky_logo_height":0,"osh_background_color":"","osh_links_color":"","osh_links_hover_color":"","osh_links_active_color":"","osh_links_bg_color":"","osh_links_hover_bg_color":"","osh_links_active_bg_color":"","osh_menu_social_links_color":"","osh_menu_social_hover_links_color":""},"product_brand":[],"product_cat":[44,41],"product_tag":[101,100,99],"class_list":{"0":"post-2540","1":"product","2":"type-product","3":"status-publish","4":"has-post-thumbnail","6":"product_cat-progressive-grease-dividers","7":"product_cat-progressive-grease-systems","8":"product_tag-grease-distributor-block","9":"product_tag-grease-metering-valve","10":"product_tag-progressive-distributor","12":"entry","13":"has-media","15":"first","16":"instock","17":"shipping-taxable","18":"product-type-external","19":"col","20":"span_1_of_3","21":"owp-content-center","22":"owp-thumbs-layout-horizontal","23":"owp-btn-very-big","24":"owp-tabs-layout-horizontal"},"_links":{"self":[{"href":"https:\/\/www.jinpinlub.com\/pl\/wp-json\/wp\/v2\/product\/2540","targetHints":{"allow":["GET"]}}],"collection":[{"href":"https:\/\/www.jinpinlub.com\/pl\/wp-json\/wp\/v2\/product"}],"about":[{"href":"https:\/\/www.jinpinlub.com\/pl\/wp-json\/wp\/v2\/types\/product"}],"wp:featuredmedia":[{"embeddable":true,"href":"https:\/\/www.jinpinlub.com\/pl\/wp-json\/wp\/v2\/media\/2544"}],"wp:attachment":[{"href":"https:\/\/www.jinpinlub.com\/pl\/wp-json\/wp\/v2\/media?parent=2540"}],"wp:term":[{"taxonomy":"product_brand","embeddable":true,"href":"https:\/\/www.jinpinlub.com\/pl\/wp-json\/wp\/v2\/product_brand?post=2540"},{"taxonomy":"product_cat","embeddable":true,"href":"https:\/\/www.jinpinlub.com\/pl\/wp-json\/wp\/v2\/product_cat?post=2540"},{"taxonomy":"product_tag","embeddable":true,"href":"https:\/\/www.jinpinlub.com\/pl\/wp-json\/wp\/v2\/product_tag?post=2540"}],"curies":[{"name":"wp","href":"https:\/\/api.w.org\/{rel}","templated":true}]}}