{"id":2547,"date":"2024-07-18T09:49:55","date_gmt":"2024-07-18T09:49:55","guid":{"rendered":"https:\/\/www.jinpinlub.com\/?post_type=product&#038;p=2547"},"modified":"2025-04-30T15:28:50","modified_gmt":"2025-04-30T07:28:50","slug":"sml-60-napedzana-gazem-automatyczna-smarownica-jednopunktowa-regulowana","status":"publish","type":"product","link":"https:\/\/www.jinpinlub.com\/pl\/product\/sml-60-gas-driven-adjustable-automatic-single-point-lubricator\/","title":{"rendered":"SML-60 Automatyczna smarownica jednopunktowa z nap\u0119dem gazowym"},"content":{"rendered":"<h2>Cechy<\/h2>\n<p>1. Mo\u017cna go ustawi\u0107 tak, aby roz\u0142adowywa\u0142 si\u0119 automatycznie, r\u00f3wnomiernie, punktualnie i dok\u0142adnie ka\u017cdego dnia przez okres od 1 do 12 miesi\u0119cy.<br \/>\n2. Aktywna kontrola smarowania, oszcz\u0119dno\u015b\u0107 koszt\u00f3w konserwacji sprz\u0119tu, unikanie wyciek\u00f3w oleju i zanieczyszczenia \u015brodowiska.<br \/>\n4. Praca na sucho, bez wp\u0142ywu czynnik\u00f3w zewn\u0119trznych.<br \/>\n5. Nadaj\u0105 si\u0119 do wielokrotnego u\u017cytku i s\u0105 w rozs\u0105dnej cenie.<br \/>\n6. Dzia\u0142anie mechaniczne, bezpiecze\u0144stwo przeciwwybuchowe.<br \/>\n7. Mo\u017cna je w ka\u017cdej chwili zatrzyma\u0107 i wznowi\u0107, zale\u017cnie od potrzeb.<br \/>\n8. Przezroczysty pojemnik umo\u017cliwiaj\u0105cy sprawdzenie pozosta\u0142ego zapasu w dowolnym momencie.<\/p>\n<h2>Specyfikacja<\/h2>\n<p>Nazwa: Smarownica gazowa SML<br \/>\nMetoda nap\u0119dowa: gaz elektrochemiczny<br \/>\nCi\u015bnienie robocze: maks. 5 bar<br \/>\nCzas opr\u00f3\u017cniania: 1-12 miesi\u0119cy<br \/>\nWydzielina: 0,17-4,17 ml\/dzie\u0144<br \/>\nTemperatura pracy: -20 \u2103~+55 \u2103<br \/>\n\u015arodki smarne: olej lub smar \u2264 NLGI#2<br \/>\nStopie\u0144 ochrony: IP68<br \/>\nOkres u\u017cytkowania: 2 lata<br \/>\nTemperatura magazynowania: 20 \u2103\u00b1 5 \u2103<br \/>\nWaga po nape\u0142nieniu: 115 g (60 ml), 190 g (125 ml)<br \/>\nCertyfikat: Certyfikacja CE<\/p>\n<h2>Aplikacje<\/h2>\n<p>\u0141o\u017cyska toczne: zapewniaj\u0105 ci\u0105g\u0142e smarowanie \u0142o\u017cysk w trakcie pracy, co zmniejsza zu\u017cycie i koszty konserwacji.<br \/>\n\u0141a\u0144cuchy: zapewniaj\u0105 ci\u0105g\u0142e smarowanie w trakcie pracy \u0142a\u0144cucha, aby zapobiec jego przedwczesnemu uszkodzeniu.<br \/>\nProwadnice i prowadnice \u015blizgowe: zapewniaj\u0105 p\u0142ynn\u0105 prac\u0119 prowadnic i redukuj\u0105 tarcie.<br \/>\nPompy i silniki: Aby wyd\u0142u\u017cy\u0107 \u017cywotno\u015b\u0107 urz\u0105dze\u0144, nale\u017cy zadba\u0107 o ich odpowiednie smarowanie.<br \/>\nPrzek\u0142adnie i wrzeciona: zapewniaj\u0105 precyzyjne smarowanie w celu zmniejszenia zu\u017cycia i awarii.<br \/>\nSystemy wentylacyjne: Stosowane w urz\u0105dzeniach wentylacyjnych w celu zapewnienia ich prawid\u0142owej pracy.<\/p>\n<h2>Instrukcje<\/h2>\n<div class=\"sdm_download_button_box_default\"><div class=\"sdm_download_link\"><a href=\"https:\/\/www.jinpinlub.com\/pl\/?sdm_process_download=1&download_id=2479\" class=\"sdm_download white\" title=\"Prywatne: SML Single-point Lubricator\" target=\"&quot;_blank&quot;\">Wy\u015bwietl arkusz danych - Smarownica SML<\/a><\/div><\/div>","protected":false},"excerpt":{"rendered":"<p>Smarownica SML mo\u017ce by\u0107 zainstalowana w dowolnym miejscu mobilnym, wibruj\u0105cym, podwodnym, wysokog\u00f3rskim lub zanieczyszczonym, a tak\u017ce mo\u017ce by\u0107 zainstalowana do g\u00f3ry nogami lub poziomo. Ta smarownica jest zazwyczaj produktem jednorazowego u\u017cytku, ale mo\u017cna j\u0105 nape\u0142nia\u0107 do trzech razy i jest \u0142atwa do utylizacji po u\u017cyciu.<\/p>","protected":false},"featured_media":3182,"template":"","meta":{"ocean_post_layout":"","ocean_both_sidebars_style":"","ocean_both_sidebars_content_width":0,"ocean_both_sidebars_sidebars_width":0,"ocean_sidebar":"0","ocean_second_sidebar":"0","ocean_disable_margins":"enable","ocean_add_body_class":"","ocean_shortcode_before_top_bar":"","ocean_shortcode_after_top_bar":"","ocean_shortcode_before_header":"","ocean_shortcode_after_header":"","ocean_has_shortcode":"","ocean_shortcode_after_title":"","ocean_shortcode_before_footer_widgets":"","ocean_shortcode_after_footer_widgets":"","ocean_shortcode_before_footer_bottom":"","ocean_shortcode_after_footer_bottom":"","ocean_display_top_bar":"default","ocean_display_header":"default","ocean_header_style":"","ocean_center_header_left_menu":"0","ocean_custom_header_template":"0","ocean_custom_logo":0,"ocean_custom_retina_logo":0,"ocean_custom_logo_max_width":0,"ocean_custom_logo_tablet_max_width":0,"ocean_custom_logo_mobile_max_width":0,"ocean_custom_logo_max_height":0,"ocean_custom_logo_tablet_max_height":0,"ocean_custom_logo_mobile_max_height":0,"ocean_header_custom_menu":"0","ocean_menu_typo_font_family":"0","ocean_menu_typo_font_subset":"","ocean_menu_typo_font_size":0,"ocean_menu_typo_font_size_tablet":0,"ocean_menu_typo_font_size_mobile":0,"ocean_menu_typo_font_size_unit":"px","ocean_menu_typo_font_weight":"","ocean_menu_typo_font_weight_tablet":"","ocean_menu_typo_font_weight_mobile":"","ocean_menu_typo_transform":"","ocean_menu_typo_transform_tablet":"","ocean_menu_typo_transform_mobile":"","ocean_menu_typo_line_height":0,"ocean_menu_typo_line_height_tablet":0,"ocean_menu_typo_line_height_mobile":0,"ocean_menu_typo_line_height_unit":"","ocean_menu_typo_spacing":0,"ocean_menu_typo_spacing_tablet":0,"ocean_menu_typo_spacing_mobile":0,"ocean_menu_typo_spacing_unit":"","ocean_menu_link_color":"","ocean_menu_link_color_hover":"","ocean_menu_link_color_active":"","ocean_menu_link_background":"","ocean_menu_link_hover_background":"","ocean_menu_link_active_background":"","ocean_menu_social_links_bg":"","ocean_menu_social_hover_links_bg":"","ocean_menu_social_links_color":"","ocean_menu_social_hover_links_color":"","ocean_disable_title":"default","ocean_disable_heading":"default","ocean_post_title":"","ocean_post_subheading":"","ocean_post_title_style":"","ocean_post_title_background_color":"","ocean_post_title_background":0,"ocean_post_title_bg_image_position":"","ocean_post_title_bg_image_attachment":"","ocean_post_title_bg_image_repeat":"","ocean_post_title_bg_image_size":"","ocean_post_title_height":0,"ocean_post_title_bg_overlay":0.5,"ocean_post_title_bg_overlay_color":"","ocean_disable_breadcrumbs":"default","ocean_breadcrumbs_color":"","ocean_breadcrumbs_separator_color":"","ocean_breadcrumbs_links_color":"","ocean_breadcrumbs_links_hover_color":"","ocean_display_footer_widgets":"default","ocean_display_footer_bottom":"default","ocean_custom_footer_template":"0","osh_disable_topbar_sticky":"default","osh_disable_header_sticky":"default","osh_sticky_header_style":"default","osh_sticky_header_effect":"","osh_custom_sticky_logo":0,"osh_custom_retina_sticky_logo":0,"osh_custom_sticky_logo_height":0,"osh_background_color":"","osh_links_color":"","osh_links_hover_color":"","osh_links_active_color":"","osh_links_bg_color":"","osh_links_hover_bg_color":"","osh_links_active_bg_color":"","osh_menu_social_links_color":"","osh_menu_social_hover_links_color":""},"product_brand":[],"product_cat":[33],"product_tag":[104,102,103],"class_list":{"0":"post-2547","1":"product","2":"type-product","3":"status-publish","4":"has-post-thumbnail","6":"product_cat-single-point-lubricators","7":"product_tag-gas-single-point-lubricator","8":"product_tag-single-point-lubrication-pump","9":"product_tag-single-point-lubricator","11":"entry","12":"has-media","14":"first","15":"instock","16":"featured","17":"shipping-taxable","18":"product-type-external","19":"col","20":"span_1_of_3","21":"owp-content-center","22":"owp-thumbs-layout-horizontal","23":"owp-btn-very-big","24":"owp-tabs-layout-horizontal"},"_links":{"self":[{"href":"https:\/\/www.jinpinlub.com\/pl\/wp-json\/wp\/v2\/product\/2547","targetHints":{"allow":["GET"]}}],"collection":[{"href":"https:\/\/www.jinpinlub.com\/pl\/wp-json\/wp\/v2\/product"}],"about":[{"href":"https:\/\/www.jinpinlub.com\/pl\/wp-json\/wp\/v2\/types\/product"}],"wp:featuredmedia":[{"embeddable":true,"href":"https:\/\/www.jinpinlub.com\/pl\/wp-json\/wp\/v2\/media\/3182"}],"wp:attachment":[{"href":"https:\/\/www.jinpinlub.com\/pl\/wp-json\/wp\/v2\/media?parent=2547"}],"wp:term":[{"taxonomy":"product_brand","embeddable":true,"href":"https:\/\/www.jinpinlub.com\/pl\/wp-json\/wp\/v2\/product_brand?post=2547"},{"taxonomy":"product_cat","embeddable":true,"href":"https:\/\/www.jinpinlub.com\/pl\/wp-json\/wp\/v2\/product_cat?post=2547"},{"taxonomy":"product_tag","embeddable":true,"href":"https:\/\/www.jinpinlub.com\/pl\/wp-json\/wp\/v2\/product_tag?post=2547"}],"curies":[{"name":"wp","href":"https:\/\/api.w.org\/{rel}","templated":true}]}}