{"id":2963,"date":"2024-07-30T19:28:39","date_gmt":"2024-07-30T19:28:39","guid":{"rendered":"https:\/\/www.jinpinlub.com\/?post_type=product&#038;p=2963"},"modified":"2024-08-02T09:34:23","modified_gmt":"2024-08-02T09:34:23","slug":"czujnik-przelacznika-cisnienia-wylacznik-do-pompy-smarujacej-start-stop","status":"publish","type":"product","link":"https:\/\/www.jinpinlub.com\/pl\/product\/switch-sensor-pressure-switch-for-lubrication-pump-start-stop\/","title":{"rendered":"Czujnik ci\u015bnienia prze\u0142\u0105cznika do pompy smaruj\u0105cej Start Stop"},"content":{"rendered":"<h2>Cechy<\/h2>\n<p>Czujnik ci\u015bnienia wy\u0142\u0105cznika ci\u015bnienia pompy smaruj\u0105cej to urz\u0105dzenie s\u0142u\u017c\u0105ce do monitorowania i kontrolowania ci\u015bnienia w uk\u0142adzie pompy smaruj\u0105cej. Wykrywa zmiany ci\u015bnienia w uk\u0142adzie pompy smaruj\u0105cej i przekszta\u0142ca te zmiany na sygna\u0142y elektryczne, tak aby uk\u0142ad sterowania m\u00f3g\u0142 dokona\u0107 odpowiednich regulacji na podstawie tych sygna\u0142\u00f3w, aby zapewni\u0107 normaln\u0105 prac\u0119 uk\u0142adu.<\/p>\n<h2>Specyfikacja<\/h2>\n<table>\n<tbody>\n<tr>\n<td>Model<\/td>\n<td>Kontakt<\/td>\n<td>Pod presj\u0105<\/td>\n<td>Bez ci\u015bnienia<\/td>\n<td>Nitka<\/td>\n<\/tr>\n<tr>\n<td>PS0120808<\/td>\n<td>NIE<\/td>\n<td>1,2 bara<\/td>\n<td>0,8 bara<\/td>\n<td>M8x1,0<\/td>\n<\/tr>\n<tr>\n<td>PS030808<\/td>\n<td>NIE<\/td>\n<td>3 bar<\/td>\n<td>1 pasek<\/td>\n<td>M8x1,0<\/td>\n<\/tr>\n<tr>\n<td>PS100808<\/td>\n<td>NIE<\/td>\n<td>10 bar<\/td>\n<td>5 bar<\/td>\n<td>M8x1,0<\/td>\n<\/tr>\n<tr>\n<td>PS171208<\/td>\n<td>NIE<\/td>\n<td>17 bar<\/td>\n<td>12 bar<\/td>\n<td>M8x1,0<\/td>\n<\/tr>\n<tr>\n<td>PS302510<\/td>\n<td>NIE<\/td>\n<td>30 bar<\/td>\n<td>25 bar<\/td>\n<td>M10x1,0<\/td>\n<\/tr>\n<tr>\n<td>PS554010<\/td>\n<td>NIE<\/td>\n<td>55 bar<\/td>\n<td>40 bar<\/td>\n<td>M10x1,0<\/td>\n<\/tr>\n<tr>\n<td>PC051008<\/td>\n<td>P\u00f3\u0142nocna Karolina<\/td>\n<td>5 bar<\/td>\n<td>10 bar<\/td>\n<td>M8x1,0<\/td>\n<\/tr>\n<tr>\n<td>PC081208<\/td>\n<td>P\u00f3\u0142nocna Karolina<\/td>\n<td>0,8 bara<\/td>\n<td>1,2 bara<\/td>\n<td>M8x1,0<\/td>\n<\/tr>\n<tr>\n<td>P3040<\/td>\n<td>NIE<\/td>\n<td>40 bar<\/td>\n<td>30 bar<\/td>\n<td>M10x1,0<\/td>\n<\/tr>\n<tr>\n<td>PC121708<\/td>\n<td>P\u00f3\u0142nocna Karolina<\/td>\n<td>17 bar<\/td>\n<td>12 bar<\/td>\n<td>M8x1,0<\/td>\n<\/tr>\n<\/tbody>\n<\/table>\n<h2>Zasada<\/h2>\n<p>Wy\u0142\u0105cznik ci\u015bnieniowy opiera si\u0119 na zasadzie wst\u0119pnie napr\u0119\u017conych spr\u0119\u017cyn i wykorzystuje membran\u0119 lub t\u0142ok jako element mierz\u0105cy ci\u015bnienie. Gdy ci\u015bnienie w uk\u0142adzie jest wy\u017csze lub ni\u017csze od znamionowego ci\u015bnienia bezpiecze\u0144stwa, tarcza w czujniku porusza si\u0119 natychmiast, naciskaj\u0105c z\u0142\u0105cze prze\u0142\u0105cznika na lub na przepust przez \u0142\u0105cz\u0105cy pr\u0119t prowadz\u0105cy.<\/p>\n<h2>Instrukcje<\/h2>\n<div class=\"sdm_download_button_box_default\"><div class=\"sdm_download_link\"><a href=\"https:\/\/www.jinpinlub.com\/pl\/?sdm_process_download=1&download_id=2964\" class=\"sdm_download white\" title=\"Prywatne: Pressure Switch\" target=\"&quot;_blank&quot;\">Zobacz kart\u0119 danych - Wy\u0142\u0105cznik ci\u015bnieniowy<\/a><\/div><\/div>","protected":false},"excerpt":{"rendered":"<p>Wy\u0142\u0105cznik ci\u015bnieniowy jest zainstalowany na ruroci\u0105gu uk\u0142adu smarowania w celu monitorowania ci\u015bnienia uk\u0142adu smarowania. Gdy ci\u015bnienie jest ni\u017csze lub wy\u017csze od ustawionej warto\u015bci, wy\u0142\u0105cznik ci\u015bnieniowy uruchomi odpowiedni\u0105 czynno\u015b\u0107, tak\u0105 jak uruchomienie pompy lub wys\u0142anie sygna\u0142u alarmowego.<\/p>","protected":false},"featured_media":2979,"template":"","meta":{"ocean_post_layout":"","ocean_both_sidebars_style":"","ocean_both_sidebars_content_width":0,"ocean_both_sidebars_sidebars_width":0,"ocean_sidebar":"0","ocean_second_sidebar":"0","ocean_disable_margins":"enable","ocean_add_body_class":"","ocean_shortcode_before_top_bar":"","ocean_shortcode_after_top_bar":"","ocean_shortcode_before_header":"","ocean_shortcode_after_header":"","ocean_has_shortcode":"","ocean_shortcode_after_title":"","ocean_shortcode_before_footer_widgets":"","ocean_shortcode_after_footer_widgets":"","ocean_shortcode_before_footer_bottom":"","ocean_shortcode_after_footer_bottom":"","ocean_display_top_bar":"default","ocean_display_header":"default","ocean_header_style":"","ocean_center_header_left_menu":"0","ocean_custom_header_template":"0","ocean_custom_logo":0,"ocean_custom_retina_logo":0,"ocean_custom_logo_max_width":0,"ocean_custom_logo_tablet_max_width":0,"ocean_custom_logo_mobile_max_width":0,"ocean_custom_logo_max_height":0,"ocean_custom_logo_tablet_max_height":0,"ocean_custom_logo_mobile_max_height":0,"ocean_header_custom_menu":"0","ocean_menu_typo_font_family":"0","ocean_menu_typo_font_subset":"","ocean_menu_typo_font_size":0,"ocean_menu_typo_font_size_tablet":0,"ocean_menu_typo_font_size_mobile":0,"ocean_menu_typo_font_size_unit":"px","ocean_menu_typo_font_weight":"","ocean_menu_typo_font_weight_tablet":"","ocean_menu_typo_font_weight_mobile":"","ocean_menu_typo_transform":"","ocean_menu_typo_transform_tablet":"","ocean_menu_typo_transform_mobile":"","ocean_menu_typo_line_height":0,"ocean_menu_typo_line_height_tablet":0,"ocean_menu_typo_line_height_mobile":0,"ocean_menu_typo_line_height_unit":"","ocean_menu_typo_spacing":0,"ocean_menu_typo_spacing_tablet":0,"ocean_menu_typo_spacing_mobile":0,"ocean_menu_typo_spacing_unit":"","ocean_menu_link_color":"","ocean_menu_link_color_hover":"","ocean_menu_link_color_active":"","ocean_menu_link_background":"","ocean_menu_link_hover_background":"","ocean_menu_link_active_background":"","ocean_menu_social_links_bg":"","ocean_menu_social_hover_links_bg":"","ocean_menu_social_links_color":"","ocean_menu_social_hover_links_color":"","ocean_disable_title":"default","ocean_disable_heading":"default","ocean_post_title":"","ocean_post_subheading":"","ocean_post_title_style":"","ocean_post_title_background_color":"","ocean_post_title_background":0,"ocean_post_title_bg_image_position":"","ocean_post_title_bg_image_attachment":"","ocean_post_title_bg_image_repeat":"","ocean_post_title_bg_image_size":"","ocean_post_title_height":0,"ocean_post_title_bg_overlay":0.5,"ocean_post_title_bg_overlay_color":"","ocean_disable_breadcrumbs":"default","ocean_breadcrumbs_color":"","ocean_breadcrumbs_separator_color":"","ocean_breadcrumbs_links_color":"","ocean_breadcrumbs_links_hover_color":"","ocean_display_footer_widgets":"default","ocean_display_footer_bottom":"default","ocean_custom_footer_template":"0","osh_disable_topbar_sticky":"default","osh_disable_header_sticky":"default","osh_sticky_header_style":"default","osh_sticky_header_effect":"","osh_custom_sticky_logo":0,"osh_custom_retina_sticky_logo":0,"osh_custom_sticky_logo_height":0,"osh_background_color":"","osh_links_color":"","osh_links_hover_color":"","osh_links_active_color":"","osh_links_bg_color":"","osh_links_hover_bg_color":"","osh_links_active_bg_color":"","osh_menu_social_links_color":"","osh_menu_social_hover_links_color":""},"product_brand":[],"product_cat":[31],"product_tag":[107,106,105],"class_list":{"0":"post-2963","1":"product","2":"type-product","3":"status-publish","4":"has-post-thumbnail","6":"product_cat-lube-system-accessories","7":"product_tag-lubrication-pump-pressure-switch","8":"product_tag-pressure-sensors","9":"product_tag-pressure-switch","11":"entry","12":"has-media","14":"first","15":"instock","16":"shipping-taxable","17":"product-type-external","18":"col","19":"span_1_of_3","20":"owp-content-center","21":"owp-thumbs-layout-horizontal","22":"owp-btn-very-big","23":"owp-tabs-layout-horizontal"},"_links":{"self":[{"href":"https:\/\/www.jinpinlub.com\/pl\/wp-json\/wp\/v2\/product\/2963","targetHints":{"allow":["GET"]}}],"collection":[{"href":"https:\/\/www.jinpinlub.com\/pl\/wp-json\/wp\/v2\/product"}],"about":[{"href":"https:\/\/www.jinpinlub.com\/pl\/wp-json\/wp\/v2\/types\/product"}],"wp:featuredmedia":[{"embeddable":true,"href":"https:\/\/www.jinpinlub.com\/pl\/wp-json\/wp\/v2\/media\/2979"}],"wp:attachment":[{"href":"https:\/\/www.jinpinlub.com\/pl\/wp-json\/wp\/v2\/media?parent=2963"}],"wp:term":[{"taxonomy":"product_brand","embeddable":true,"href":"https:\/\/www.jinpinlub.com\/pl\/wp-json\/wp\/v2\/product_brand?post=2963"},{"taxonomy":"product_cat","embeddable":true,"href":"https:\/\/www.jinpinlub.com\/pl\/wp-json\/wp\/v2\/product_cat?post=2963"},{"taxonomy":"product_tag","embeddable":true,"href":"https:\/\/www.jinpinlub.com\/pl\/wp-json\/wp\/v2\/product_tag?post=2963"}],"curies":[{"name":"wp","href":"https:\/\/api.w.org\/{rel}","templated":true}]}}