{"id":2989,"date":"2024-08-05T18:32:14","date_gmt":"2024-08-05T18:32:14","guid":{"rendered":"https:\/\/www.jinpinlub.com\/?post_type=product&#038;p=2989"},"modified":"2024-08-29T05:35:45","modified_gmt":"2024-08-28T21:35:45","slug":"jdl1-elektryczna-pompa-smarujaca-olejem-z-czujnikiem","status":"publish","type":"product","link":"https:\/\/www.jinpinlub.com\/pl\/product\/jdl1-electric-resistance-oil-lubrication-gear-pump-with-sensor\/","title":{"rendered":"JDL1 Elektryczna pompa smaruj\u0105ca olejem oporowym z czujnikiem"},"content":{"rendered":"<h2>Cechy<\/h2>\n<p>1. Dwa tryby dzia\u0142ania:<br \/>\n\u2460 Smarowanie: smarowanie jest wykonywane w pierwszej kolejno\u015bci po uruchomieniu.<br \/>\n\u2461 Pami\u0119\u0107: kontynuuje wykonywanie niedoko\u0144czonego interwa\u0142u czasu podczas uruchamiania.<br \/>\n2. Wy\u0142\u0105cznik ci\u015bnieniowy mo\u017ce wykry\u0107 uszkodzenie uk\u0142adu olejowego.<br \/>\n3. Wy\u0142\u0105cznik p\u0142ywakowy mo\u017ce wykrywa\u0107 poziom oleju i wysy\u0142a\u0107 sygna\u0142.<br \/>\n4. Manometr mo\u017ce mierzy\u0107 ci\u015bnienie w obwodzie olejowym.<br \/>\n5. Mo\u017cliwo\u015b\u0107 ustawienia timera z funkcj\u0105 automatycznej blokady, czas LUB: 1-999 sekund (minut), czas interwa\u0142u: 1-999 minut (sekund\/godzin\/cykli).<br \/>\n6. Wska\u017anik na panelu pokazuje stan smarowania i interwa\u0142\u00f3w pompy.<br \/>\n7. Przycisk \u201eRST\u201d umo\u017cliwia wymuszenie smarowania lub wyeliminowanie nieprawid\u0142owych sygna\u0142\u00f3w.<br \/>\n8. Czas smarowania musi by\u0107 kr\u00f3tszy ni\u017c 2 minuty, odst\u0119p czasu musi by\u0107 d\u0142u\u017cszy ni\u017c 5 razy czas smarowania, aby unikn\u0105\u0107 uruchomienia urz\u0105dzenia zabezpieczaj\u0105cego przed wysok\u0105 temperatur\u0105.<\/p>\n<h2>Specyfikacja<\/h2>\n<table>\n<tbody>\n<tr>\n<td>Model<\/td>\n<td>JDL1<\/td>\n<\/tr>\n<tr>\n<td>Czas smarowania<\/td>\n<td>1-999 minut<\/td>\n<\/tr>\n<tr>\n<td>Czas interwa\u0142u<\/td>\n<td>1-999 minut<\/td>\n<\/tr>\n<tr>\n<td>Temperatura pracy<\/td>\n<td>0~+50\u00b0C<\/td>\n<\/tr>\n<tr>\n<td>Liczba wyj\u015b\u0107<\/td>\n<td>1<\/td>\n<\/tr>\n<tr>\n<td>Pojemno\u015b\u0107 zbiornika<\/td>\n<td>2L, 3L, 4L, 8L<\/td>\n<\/tr>\n<tr>\n<td>Uzupe\u0142nianie<\/td>\n<td>Od g\u00f3ry<\/td>\n<\/tr>\n<tr>\n<td>Smar<\/td>\n<td>32-68cSt@40\u2103<\/td>\n<\/tr>\n<tr>\n<td>Moc silnika<\/td>\n<td>30 W<\/td>\n<\/tr>\n<tr>\n<td>Wypisa\u0107<\/td>\n<td>150 ml\/min<\/td>\n<\/tr>\n<tr>\n<td>Maksymalne ci\u015bnienie robocze<\/td>\n<td>1,5 MPa<\/td>\n<\/tr>\n<tr>\n<td>Gwint przy\u0142\u0105czeniowy<\/td>\n<td>Wylot \u03a66<\/td>\n<\/tr>\n<tr>\n<td>Napi\u0119cie robocze<\/td>\n<td>110 V AC, 220 V AC<\/td>\n<\/tr>\n<tr>\n<td>Orzecznictwo<\/td>\n<td>CE<\/td>\n<\/tr>\n<tr>\n<td>Prze\u0142\u0105cznik niskiego poziomu<\/td>\n<td>Kontakt NC<\/td>\n<\/tr>\n<\/tbody>\n<\/table>\n<h2>Aplikacje<\/h2>\n<p>1. Smarowanie \u0142o\u017cysk: szczeg\u00f3lnie \u0142o\u017cysk wrzecion nap\u0119dzanych elektrycznie o du\u017cej pr\u0119dko\u015bci.<br \/>\n2. Smarowanie przek\u0142adni: odpowiednie do cz\u0119\u015bci przek\u0142adniowych wielu urz\u0105dze\u0144 mechanicznych.<br \/>\n3. Smarowanie prowadnic i listew przesuwnych: zapewnia p\u0142ynn\u0105 prac\u0119 urz\u0105dzenia mechanicznego.<br \/>\n4. Smarowanie na ka\u017cdym etapie monta\u017cu i przetwarzania: zwi\u0119ksza wydajno\u015b\u0107 produkcji i wyd\u0142u\u017ca \u017cywotno\u015b\u0107 urz\u0105dzenia.<br \/>\n5. Przek\u0142adnie, szyny prowadz\u0105ce, \u0142a\u0144cuchy i wiele innych. Obrabiarek CNC, tokarek, maszyn do tkanin, wind i maszyn do obr\u00f3bki drewna.<br \/>\n6. Centralne urz\u0105dzenie smaruj\u0105ce do urz\u0105dze\u0144 zautomatyzowanych, takich jak wtryskarki, maszyny odlewnicze, maszyny gumowe i narz\u0119dzia CNC.<\/p>\n<h2>Instrukcje<\/h2>\n<div class=\"sdm_download_button_box_default\"><div class=\"sdm_download_link\"><a href=\"https:\/\/www.jinpinlub.com\/pl\/?sdm_process_download=1&download_id=3000\" class=\"sdm_download white\" title=\"Prywatne: JDL1 Resistance Pump\" target=\"&quot;_blank&quot;\">Wy\u015bwietl kart\u0119 katalogow\u0105 - Pompa JDL1<\/a><\/div><\/div>","protected":false},"excerpt":{"rendered":"<p>Pompa smarownicza oporowa JDL1 jest nap\u0119dzana silnikiem elektrycznym w celu zasysania i dostarczania oleju. Konstrukcja pompy z\u0119batej umo\u017cliwia jej zapewnienie stabilnego ci\u015bnienia wyj\u015bciowego i przep\u0142ywu, a tak\u017ce nadaje si\u0119 do sytuacji, w kt\u00f3rych wymagane jest smarowanie czasowe i ilo\u015bciowe.<\/p>","protected":false},"featured_media":2994,"template":"","meta":{"ocean_post_layout":"","ocean_both_sidebars_style":"","ocean_both_sidebars_content_width":0,"ocean_both_sidebars_sidebars_width":0,"ocean_sidebar":"0","ocean_second_sidebar":"0","ocean_disable_margins":"enable","ocean_add_body_class":"","ocean_shortcode_before_top_bar":"","ocean_shortcode_after_top_bar":"","ocean_shortcode_before_header":"","ocean_shortcode_after_header":"","ocean_has_shortcode":"","ocean_shortcode_after_title":"","ocean_shortcode_before_footer_widgets":"","ocean_shortcode_after_footer_widgets":"","ocean_shortcode_before_footer_bottom":"","ocean_shortcode_after_footer_bottom":"","ocean_display_top_bar":"default","ocean_display_header":"default","ocean_header_style":"","ocean_center_header_left_menu":"0","ocean_custom_header_template":"0","ocean_custom_logo":0,"ocean_custom_retina_logo":0,"ocean_custom_logo_max_width":0,"ocean_custom_logo_tablet_max_width":0,"ocean_custom_logo_mobile_max_width":0,"ocean_custom_logo_max_height":0,"ocean_custom_logo_tablet_max_height":0,"ocean_custom_logo_mobile_max_height":0,"ocean_header_custom_menu":"0","ocean_menu_typo_font_family":"0","ocean_menu_typo_font_subset":"","ocean_menu_typo_font_size":0,"ocean_menu_typo_font_size_tablet":0,"ocean_menu_typo_font_size_mobile":0,"ocean_menu_typo_font_size_unit":"px","ocean_menu_typo_font_weight":"","ocean_menu_typo_font_weight_tablet":"","ocean_menu_typo_font_weight_mobile":"","ocean_menu_typo_transform":"","ocean_menu_typo_transform_tablet":"","ocean_menu_typo_transform_mobile":"","ocean_menu_typo_line_height":0,"ocean_menu_typo_line_height_tablet":0,"ocean_menu_typo_line_height_mobile":0,"ocean_menu_typo_line_height_unit":"","ocean_menu_typo_spacing":0,"ocean_menu_typo_spacing_tablet":0,"ocean_menu_typo_spacing_mobile":0,"ocean_menu_typo_spacing_unit":"","ocean_menu_link_color":"","ocean_menu_link_color_hover":"","ocean_menu_link_color_active":"","ocean_menu_link_background":"","ocean_menu_link_hover_background":"","ocean_menu_link_active_background":"","ocean_menu_social_links_bg":"","ocean_menu_social_hover_links_bg":"","ocean_menu_social_links_color":"","ocean_menu_social_hover_links_color":"","ocean_disable_title":"default","ocean_disable_heading":"default","ocean_post_title":"","ocean_post_subheading":"","ocean_post_title_style":"","ocean_post_title_background_color":"","ocean_post_title_background":0,"ocean_post_title_bg_image_position":"","ocean_post_title_bg_image_attachment":"","ocean_post_title_bg_image_repeat":"","ocean_post_title_bg_image_size":"","ocean_post_title_height":0,"ocean_post_title_bg_overlay":0.5,"ocean_post_title_bg_overlay_color":"","ocean_disable_breadcrumbs":"default","ocean_breadcrumbs_color":"","ocean_breadcrumbs_separator_color":"","ocean_breadcrumbs_links_color":"","ocean_breadcrumbs_links_hover_color":"","ocean_display_footer_widgets":"default","ocean_display_footer_bottom":"default","ocean_custom_footer_template":"0","osh_disable_topbar_sticky":"default","osh_disable_header_sticky":"default","osh_sticky_header_style":"default","osh_sticky_header_effect":"","osh_custom_sticky_logo":0,"osh_custom_retina_sticky_logo":0,"osh_custom_sticky_logo_height":0,"osh_background_color":"","osh_links_color":"","osh_links_hover_color":"","osh_links_active_color":"","osh_links_bg_color":"","osh_links_hover_bg_color":"","osh_links_active_bg_color":"","osh_menu_social_links_color":"","osh_menu_social_hover_links_color":""},"product_brand":[],"product_cat":[51,50],"product_tag":[109,108,110],"class_list":{"0":"post-2989","1":"product","2":"type-product","3":"status-publish","4":"has-post-thumbnail","6":"product_cat-electric-resistance-pumps","7":"product_cat-resistance-thin-oil-systems","8":"product_tag-electric-gear-pump","9":"product_tag-resistance-lubrication-pump","10":"product_tag-resistance-lubrication-system","12":"entry","13":"has-media","15":"first","16":"instock","17":"featured","18":"shipping-taxable","19":"product-type-external","20":"col","21":"span_1_of_3","22":"owp-content-center","23":"owp-thumbs-layout-horizontal","24":"owp-btn-very-big","25":"owp-tabs-layout-horizontal"},"_links":{"self":[{"href":"https:\/\/www.jinpinlub.com\/pl\/wp-json\/wp\/v2\/product\/2989","targetHints":{"allow":["GET"]}}],"collection":[{"href":"https:\/\/www.jinpinlub.com\/pl\/wp-json\/wp\/v2\/product"}],"about":[{"href":"https:\/\/www.jinpinlub.com\/pl\/wp-json\/wp\/v2\/types\/product"}],"wp:featuredmedia":[{"embeddable":true,"href":"https:\/\/www.jinpinlub.com\/pl\/wp-json\/wp\/v2\/media\/2994"}],"wp:attachment":[{"href":"https:\/\/www.jinpinlub.com\/pl\/wp-json\/wp\/v2\/media?parent=2989"}],"wp:term":[{"taxonomy":"product_brand","embeddable":true,"href":"https:\/\/www.jinpinlub.com\/pl\/wp-json\/wp\/v2\/product_brand?post=2989"},{"taxonomy":"product_cat","embeddable":true,"href":"https:\/\/www.jinpinlub.com\/pl\/wp-json\/wp\/v2\/product_cat?post=2989"},{"taxonomy":"product_tag","embeddable":true,"href":"https:\/\/www.jinpinlub.com\/pl\/wp-json\/wp\/v2\/product_tag?post=2989"}],"curies":[{"name":"wp","href":"https:\/\/api.w.org\/{rel}","templated":true}]}}