{"id":3028,"date":"2024-08-06T15:50:15","date_gmt":"2024-08-06T15:50:15","guid":{"rendered":"https:\/\/www.jinpinlub.com\/?post_type=product&#038;p=3028"},"modified":"2024-08-06T16:32:32","modified_gmt":"2024-08-06T16:32:32","slug":"hgh-84-mpa-trojwarstwowy-waz-wysokocisnieniowy-ze-smarem-z-zywicy-wloknistej","status":"publish","type":"product","link":"https:\/\/www.jinpinlub.com\/pl\/product\/hgh-84-mpa-three-layer-fiber-resin-lubricant-high-pressure-hose\/","title":{"rendered":"W\u0105\u017c wysokoci\u015bnieniowy smaruj\u0105cy z \u017cywicy w\u0142\u00f3knistej HGH 84MPa tr\u00f3jwarstwowy"},"content":{"rendered":"<h2>Cechy<\/h2>\n<p>W\u0105\u017c smarowy wysokoci\u015bnieniowy HGH 84MPa to w\u0105\u017c specjalnie zaprojektowany do zastosowa\u0144 wysokoci\u015bnieniowych, zwykle stosowany w uk\u0142adach hydraulicznych, uk\u0142adach smarowania i innych sytuacjach wymagaj\u0105cych przesy\u0142u wysokiego ci\u015bnienia.<br \/>\n1. Wytrzyma\u0142o\u015b\u0107 na wysokie ci\u015bnienia: wytrzymuje ci\u015bnienie robocze do 84 MPa.<br \/>\n2. Odporno\u015b\u0107 na korozj\u0119: zazwyczaj wykonane z materia\u0142\u00f3w odpornych na korozj\u0119, odpowiednie do pracy w r\u00f3\u017cnych trudnych warunkach.<br \/>\n3. Elastyczno\u015b\u0107: ma dobr\u0105 elastyczno\u015b\u0107, jest \u0142atwy w instalacji i u\u017cytkowaniu.<br \/>\n4. D\u0142uga \u017cywotno\u015b\u0107: zaprojektowana z my\u015bl\u0105 o d\u0142ugiej \u017cywotno\u015bci, mo\u017ce by\u0107 u\u017cywana przez d\u0142ugi czas w \u015brodowiskach o wysokim ci\u015bnieniu.<\/p>\n<h2>Specyfikacja<\/h2>\n<table>\n<tbody>\n<tr>\n<td>Model<\/td>\n<td>HGH40, HGH63<\/td>\n<\/tr>\n<tr>\n<td>Grubo\u015b\u0107 w\u0119\u017ca<\/td>\n<td>HGH40-2,3 mm, HGH63-2,45 mm<\/td>\n<\/tr>\n<tr>\n<td>\u015arednica wewn\u0119trzna w\u0119\u017ca<\/td>\n<td>HGH40-4,0 mm, HGH63-6,3 mm<\/td>\n<\/tr>\n<tr>\n<td>\u015arednica zewn\u0119trzna w\u0119\u017ca<\/td>\n<td>HGH40-8,6 mm, HGH63-11,3 mm<\/td>\n<\/tr>\n<tr>\n<td>Waga na metr<\/td>\n<td>HGH40-53g, HGH63-79g<\/td>\n<\/tr>\n<tr>\n<td>D\u0142ugo\u015b\u0107 rolki<\/td>\n<td>200m\/rolka<\/td>\n<\/tr>\n<tr>\n<td>Temperatura pracy<\/td>\n<td>(-40\u2103 +80\u2103)<\/td>\n<\/tr>\n<tr>\n<td>Minimalne ci\u015bnienie rozrywaj\u0105ce<\/td>\n<td>84MPa<\/td>\n<\/tr>\n<\/tbody>\n<\/table>\n<h2>Aplikacja<\/h2>\n<p>1. Uk\u0142ad hydrauliczny: Uk\u0142ad przesy\u0142u oleju hydraulicznego pod wysokim ci\u015bnieniem znajduje zastosowanie w maszynach in\u017cynieryjnych, sprz\u0119cie budowlanym i systemach automatyki przemys\u0142owej na najszersz\u0105 skal\u0119.<br \/>\n2. Uk\u0142ad smarowania: S\u0142u\u017cy do smarowania pod wysokim ci\u015bnieniem, g\u0142\u00f3wnie w przypadku urz\u0105dze\u0144 wysokiej klasy, takich jak du\u017ce maszyny i sprz\u0119t przemys\u0142owy.<br \/>\n3. Wiercenie i g\u00f3rnictwo: uk\u0142ad smarowania p\u0142ynem pod wysokim ci\u015bnieniem zapewnia prawid\u0142ow\u0105 prac\u0119 sprz\u0119tu w trudnych warunkach.<br \/>\n4. Przemys\u0142 naftowy i gazowy: wykorzystywany do przesy\u0142u olej\u00f3w, gaz\u00f3w i innych chemikali\u00f3w pod wysokim ci\u015bnieniem w celu dostosowania si\u0119 do trudnych warunk\u00f3w pracy.<br \/>\n5. Przemys\u0142 chemiczny: wykorzystywany do przesy\u0142u \u017cr\u0105cych cieczy i gaz\u00f3w pod wysokim ci\u015bnieniem w celu zapewnienia bezpiecze\u0144stwa i wydajno\u015bci.<\/p>\n<h2>Instrukcje<\/h2>\n<div class=\"sdm_download_button_box_default\"><div class=\"sdm_download_link\"><a href=\"https:\/\/www.jinpinlub.com\/pl\/?sdm_process_download=1&download_id=3029\" class=\"sdm_download white\" title=\"Prywatne: HGH high-pressure hose\" target=\"&quot;_blank&quot;\">Zobacz kart\u0119 danych - W\u0105\u017c HGH<\/a><\/div><\/div>","protected":false},"excerpt":{"rendered":"<p>W\u0105\u017c sk\u0142ada si\u0119 z rurki wewn\u0119trznej (nylon PA11), warstwy \u015brodkowej (w\u0142\u00f3kno syntetyczne) i warstwy zewn\u0119trznej (elastyczny poliuretan). W\u0105\u017c jest lekki i mi\u0119kki, z g\u0142adk\u0105 rurk\u0105 wewn\u0119trzn\u0105, niskim \u015brednim oporem przep\u0142ywu oraz dobr\u0105 odporno\u015bci\u0105 chemiczn\u0105 i odporno\u015bci\u0105 na uderzenia.<\/p>","protected":false},"featured_media":3031,"template":"","meta":{"ocean_post_layout":"","ocean_both_sidebars_style":"","ocean_both_sidebars_content_width":0,"ocean_both_sidebars_sidebars_width":0,"ocean_sidebar":"0","ocean_second_sidebar":"0","ocean_disable_margins":"enable","ocean_add_body_class":"","ocean_shortcode_before_top_bar":"","ocean_shortcode_after_top_bar":"","ocean_shortcode_before_header":"","ocean_shortcode_after_header":"","ocean_has_shortcode":"","ocean_shortcode_after_title":"","ocean_shortcode_before_footer_widgets":"","ocean_shortcode_after_footer_widgets":"","ocean_shortcode_before_footer_bottom":"","ocean_shortcode_after_footer_bottom":"","ocean_display_top_bar":"default","ocean_display_header":"default","ocean_header_style":"","ocean_center_header_left_menu":"0","ocean_custom_header_template":"0","ocean_custom_logo":0,"ocean_custom_retina_logo":0,"ocean_custom_logo_max_width":0,"ocean_custom_logo_tablet_max_width":0,"ocean_custom_logo_mobile_max_width":0,"ocean_custom_logo_max_height":0,"ocean_custom_logo_tablet_max_height":0,"ocean_custom_logo_mobile_max_height":0,"ocean_header_custom_menu":"0","ocean_menu_typo_font_family":"0","ocean_menu_typo_font_subset":"","ocean_menu_typo_font_size":0,"ocean_menu_typo_font_size_tablet":0,"ocean_menu_typo_font_size_mobile":0,"ocean_menu_typo_font_size_unit":"px","ocean_menu_typo_font_weight":"","ocean_menu_typo_font_weight_tablet":"","ocean_menu_typo_font_weight_mobile":"","ocean_menu_typo_transform":"","ocean_menu_typo_transform_tablet":"","ocean_menu_typo_transform_mobile":"","ocean_menu_typo_line_height":0,"ocean_menu_typo_line_height_tablet":0,"ocean_menu_typo_line_height_mobile":0,"ocean_menu_typo_line_height_unit":"","ocean_menu_typo_spacing":0,"ocean_menu_typo_spacing_tablet":0,"ocean_menu_typo_spacing_mobile":0,"ocean_menu_typo_spacing_unit":"","ocean_menu_link_color":"","ocean_menu_link_color_hover":"","ocean_menu_link_color_active":"","ocean_menu_link_background":"","ocean_menu_link_hover_background":"","ocean_menu_link_active_background":"","ocean_menu_social_links_bg":"","ocean_menu_social_hover_links_bg":"","ocean_menu_social_links_color":"","ocean_menu_social_hover_links_color":"","ocean_disable_title":"default","ocean_disable_heading":"default","ocean_post_title":"","ocean_post_subheading":"","ocean_post_title_style":"","ocean_post_title_background_color":"","ocean_post_title_background":0,"ocean_post_title_bg_image_position":"","ocean_post_title_bg_image_attachment":"","ocean_post_title_bg_image_repeat":"","ocean_post_title_bg_image_size":"","ocean_post_title_height":0,"ocean_post_title_bg_overlay":0.5,"ocean_post_title_bg_overlay_color":"","ocean_disable_breadcrumbs":"default","ocean_breadcrumbs_color":"","ocean_breadcrumbs_separator_color":"","ocean_breadcrumbs_links_color":"","ocean_breadcrumbs_links_hover_color":"","ocean_display_footer_widgets":"default","ocean_display_footer_bottom":"default","ocean_custom_footer_template":"0","osh_disable_topbar_sticky":"default","osh_disable_header_sticky":"default","osh_sticky_header_style":"default","osh_sticky_header_effect":"","osh_custom_sticky_logo":0,"osh_custom_retina_sticky_logo":0,"osh_custom_sticky_logo_height":0,"osh_background_color":"","osh_links_color":"","osh_links_hover_color":"","osh_links_active_color":"","osh_links_bg_color":"","osh_links_hover_bg_color":"","osh_links_active_bg_color":"","osh_menu_social_links_color":"","osh_menu_social_hover_links_color":""},"product_brand":[],"product_cat":[31],"product_tag":[117,119,118],"class_list":{"0":"post-3028","1":"product","2":"type-product","3":"status-publish","4":"has-post-thumbnail","6":"product_cat-lube-system-accessories","7":"product_tag-grease-hose","8":"product_tag-high-pressure-hose","9":"product_tag-lubrication-system-hose","11":"entry","12":"has-media","14":"first","15":"instock","16":"shipping-taxable","17":"product-type-external","18":"col","19":"span_1_of_3","20":"owp-content-center","21":"owp-thumbs-layout-horizontal","22":"owp-btn-very-big","23":"owp-tabs-layout-horizontal"},"_links":{"self":[{"href":"https:\/\/www.jinpinlub.com\/pl\/wp-json\/wp\/v2\/product\/3028","targetHints":{"allow":["GET"]}}],"collection":[{"href":"https:\/\/www.jinpinlub.com\/pl\/wp-json\/wp\/v2\/product"}],"about":[{"href":"https:\/\/www.jinpinlub.com\/pl\/wp-json\/wp\/v2\/types\/product"}],"wp:featuredmedia":[{"embeddable":true,"href":"https:\/\/www.jinpinlub.com\/pl\/wp-json\/wp\/v2\/media\/3031"}],"wp:attachment":[{"href":"https:\/\/www.jinpinlub.com\/pl\/wp-json\/wp\/v2\/media?parent=3028"}],"wp:term":[{"taxonomy":"product_brand","embeddable":true,"href":"https:\/\/www.jinpinlub.com\/pl\/wp-json\/wp\/v2\/product_brand?post=3028"},{"taxonomy":"product_cat","embeddable":true,"href":"https:\/\/www.jinpinlub.com\/pl\/wp-json\/wp\/v2\/product_cat?post=3028"},{"taxonomy":"product_tag","embeddable":true,"href":"https:\/\/www.jinpinlub.com\/pl\/wp-json\/wp\/v2\/product_tag?post=3028"}],"curies":[{"name":"wp","href":"https:\/\/api.w.org\/{rel}","templated":true}]}}