{"id":3036,"date":"2024-08-06T18:01:46","date_gmt":"2024-08-06T18:01:46","guid":{"rendered":"https:\/\/www.jinpinlub.com\/?post_type=product&#038;p=3036"},"modified":"2025-04-15T20:29:57","modified_gmt":"2025-04-15T12:29:57","slug":"jgh1-podwojna-wylotowa-progresywna-reczna-pompa-smarujaca","status":"publish","type":"product","link":"https:\/\/www.jinpinlub.com\/pl\/product\/jgh1-double-outlet-progressive-manual-grease-lubrication-pump\/","title":{"rendered":"Pompa smarownicza EGH1 z podw\u00f3jnym wyj\u015bciem i progresywn\u0105 r\u0119czn\u0105 smarownic\u0105"},"content":{"rendered":"<h2>Cechy<\/h2>\n<p>1. Poci\u0105gnij za uchwyt, aby dostarczy\u0107 olej do smarowania, \u0142atwa obs\u0142uga.<br \/>\n2. Blok do t\u0142oczenia oleju jest dobrze szczelny, a \u015brodek smarny nie pozostaje w misce olejowej.<br \/>\n3. Wylot oleju mo\u017cna umie\u015bci\u0107 po lewej lub prawej stronie uchwytu, zale\u017cnie od potrzeb, a olej mo\u017cna te\u017c wylewa\u0107 z obu stron.<br \/>\n4. Przy uzupe\u0142nianiu smaru nale\u017cy pami\u0119ta\u0107 o wstrzykiwaniu go przez otw\u00f3r wlewowy, aby unikn\u0105\u0107 zmieszania si\u0119 ze zanieczyszczeniami.<br \/>\n5. Nadaje si\u0119 do urz\u0105dze\u0144 mechanicznych, kt\u00f3re nie wymagaj\u0105 regularnego smarowania, takich jak dziurkarki, maszyny do obr\u00f3bki drewna itp.<\/p>\n<h2>Specyfikacja<\/h2>\n<table>\n<tbody>\n<tr>\n<td>Temperatura pracy<\/td>\n<td>(-20~+55\u00b0C)<\/td>\n<\/tr>\n<tr>\n<td>Liczba wyj\u015b\u0107<\/td>\n<td>1, 2<\/td>\n<\/tr>\n<tr>\n<td>Pojemno\u015b\u0107 zbiornika<\/td>\n<td>300ml, 800ml<\/td>\n<\/tr>\n<tr>\n<td>Zasada dzia\u0142ania<\/td>\n<td>Pompa obs\u0142ugiwana r\u0119cznie<\/td>\n<\/tr>\n<tr>\n<td>Smar<\/td>\n<td>Smar NLGI 000~0#<\/td>\n<\/tr>\n<tr>\n<td>Wypisa\u0107<\/td>\n<td>2 ml\/cykl<\/td>\n<\/tr>\n<tr>\n<td>Maksymalne ci\u015bnienie robocze<\/td>\n<td>10MPa<\/td>\n<\/tr>\n<tr>\n<td>Gwint przy\u0142\u0105czeniowy<\/td>\n<td>Wylot \u03a64, \u03a66, \u03a68, PT1\/8<\/td>\n<\/tr>\n<tr>\n<td>Orzecznictwo<\/td>\n<td>CE<\/td>\n<\/tr>\n<tr>\n<td>Pozycja monta\u017cowa<\/td>\n<td>Pionowo lub poziomo<\/td>\n<\/tr>\n<\/tbody>\n<\/table>\n<h2>Aplikacje<\/h2>\n<p><span id=\"input-sentence~0\">Motoryzacja, \u015brodek smarny stosowany do \u0142o\u017cysk k\u00f3\u0142, uk\u0142ad\u00f3w zawieszenia i uk\u0142adu kierowniczego.<br \/>\nMaszyny rolnicze, takie jak traktory i kombajny, s\u0142u\u017c\u0105 do zapewnienia p\u0142ynnej pracy.<br \/>\nMaszyny przemys\u0142owe, obejmuj\u0105ce \u0142o\u017cyska, przek\u0142adnie i inne elementy wyposa\u017cenia produkcyjnego oraz system\u00f3w transportu materia\u0142\u00f3w w fabrykach i zak\u0142adach przetw\u00f3rczych, kt\u00f3re wymagaj\u0105 smarowania.<\/span><span id=\"input-sentence~1\"><br \/>\nSprz\u0119t budowlany taki jak ci\u0119\u017ckie maszyny, koparki i \u0142adowarki wymaga regularnego smarowania, aby utrzyma\u0107 go w doskona\u0142ym stanie technicznym.<br \/>\nSprz\u0119t ogrodniczy, smarowanie pi\u0142 \u0142a\u0144cuchowych i kosiarek do trawy \u2014 ka\u017cdej ruchomej cz\u0119\u015bci.<\/span><\/p>\n<h2>Instrukcje<\/h2>\n<div class=\"sdm_download_button_box_default\"><div class=\"sdm_download_link\"><a href=\"https:\/\/www.jinpinlub.com\/pl\/?sdm_process_download=1&download_id=3037\" class=\"sdm_download white\" title=\"Prywatne: EGH1 Progressive hand pump\" target=\"&quot;_blank&quot;\">View Datasheet - EGH1 Manual Pump<\/a><\/div><\/div>","protected":false},"excerpt":{"rendered":"<p>Posiada cechy \u0142atwej obs\u0142ugi, niskiej ceny i szerokiego zastosowania. R\u0119czne smarownice mog\u0105 wstrzykiwa\u0107 odpowiedni\u0105 ilo\u015b\u0107 smaru do miejsc, do kt\u00f3rych jest stosunkowo trudno dotrze\u0107, gwarantuj\u0105c normaln\u0105 prac\u0119 sprz\u0119tu i przed\u0142u\u017caj\u0105c jego \u017cywotno\u015b\u0107.<\/p>","protected":false},"featured_media":3054,"template":"","meta":{"ocean_post_layout":"","ocean_both_sidebars_style":"","ocean_both_sidebars_content_width":0,"ocean_both_sidebars_sidebars_width":0,"ocean_sidebar":"0","ocean_second_sidebar":"0","ocean_disable_margins":"enable","ocean_add_body_class":"","ocean_shortcode_before_top_bar":"","ocean_shortcode_after_top_bar":"","ocean_shortcode_before_header":"","ocean_shortcode_after_header":"","ocean_has_shortcode":"","ocean_shortcode_after_title":"","ocean_shortcode_before_footer_widgets":"","ocean_shortcode_after_footer_widgets":"","ocean_shortcode_before_footer_bottom":"","ocean_shortcode_after_footer_bottom":"","ocean_display_top_bar":"default","ocean_display_header":"default","ocean_header_style":"","ocean_center_header_left_menu":"0","ocean_custom_header_template":"0","ocean_custom_logo":0,"ocean_custom_retina_logo":0,"ocean_custom_logo_max_width":0,"ocean_custom_logo_tablet_max_width":0,"ocean_custom_logo_mobile_max_width":0,"ocean_custom_logo_max_height":0,"ocean_custom_logo_tablet_max_height":0,"ocean_custom_logo_mobile_max_height":0,"ocean_header_custom_menu":"0","ocean_menu_typo_font_family":"0","ocean_menu_typo_font_subset":"","ocean_menu_typo_font_size":0,"ocean_menu_typo_font_size_tablet":0,"ocean_menu_typo_font_size_mobile":0,"ocean_menu_typo_font_size_unit":"px","ocean_menu_typo_font_weight":"","ocean_menu_typo_font_weight_tablet":"","ocean_menu_typo_font_weight_mobile":"","ocean_menu_typo_transform":"","ocean_menu_typo_transform_tablet":"","ocean_menu_typo_transform_mobile":"","ocean_menu_typo_line_height":0,"ocean_menu_typo_line_height_tablet":0,"ocean_menu_typo_line_height_mobile":0,"ocean_menu_typo_line_height_unit":"","ocean_menu_typo_spacing":0,"ocean_menu_typo_spacing_tablet":0,"ocean_menu_typo_spacing_mobile":0,"ocean_menu_typo_spacing_unit":"","ocean_menu_link_color":"","ocean_menu_link_color_hover":"","ocean_menu_link_color_active":"","ocean_menu_link_background":"","ocean_menu_link_hover_background":"","ocean_menu_link_active_background":"","ocean_menu_social_links_bg":"","ocean_menu_social_hover_links_bg":"","ocean_menu_social_links_color":"","ocean_menu_social_hover_links_color":"","ocean_disable_title":"default","ocean_disable_heading":"default","ocean_post_title":"","ocean_post_subheading":"","ocean_post_title_style":"","ocean_post_title_background_color":"","ocean_post_title_background":0,"ocean_post_title_bg_image_position":"","ocean_post_title_bg_image_attachment":"","ocean_post_title_bg_image_repeat":"","ocean_post_title_bg_image_size":"","ocean_post_title_height":0,"ocean_post_title_bg_overlay":0.5,"ocean_post_title_bg_overlay_color":"","ocean_disable_breadcrumbs":"default","ocean_breadcrumbs_color":"","ocean_breadcrumbs_separator_color":"","ocean_breadcrumbs_links_color":"","ocean_breadcrumbs_links_hover_color":"","ocean_display_footer_widgets":"default","ocean_display_footer_bottom":"default","ocean_custom_footer_template":"0","osh_disable_topbar_sticky":"default","osh_disable_header_sticky":"default","osh_sticky_header_style":"default","osh_sticky_header_effect":"","osh_custom_sticky_logo":0,"osh_custom_retina_sticky_logo":0,"osh_custom_sticky_logo_height":0,"osh_background_color":"","osh_links_color":"","osh_links_hover_color":"","osh_links_active_color":"","osh_links_bg_color":"","osh_links_hover_bg_color":"","osh_links_active_bg_color":"","osh_menu_social_links_color":"","osh_menu_social_hover_links_color":""},"product_brand":[],"product_cat":[43,41],"product_tag":[71,121,120],"class_list":{"0":"post-3036","1":"product","2":"type-product","3":"status-publish","4":"has-post-thumbnail","6":"product_cat-manual-progressive-pumps","7":"product_cat-progressive-grease-systems","8":"product_tag-lubrication-pump","9":"product_tag-manual-grease-pump","10":"product_tag-manual-lubrication-pump","12":"entry","13":"has-media","15":"first","16":"instock","17":"shipping-taxable","18":"product-type-external","19":"col","20":"span_1_of_3","21":"owp-content-center","22":"owp-thumbs-layout-horizontal","23":"owp-btn-very-big","24":"owp-tabs-layout-horizontal"},"_links":{"self":[{"href":"https:\/\/www.jinpinlub.com\/pl\/wp-json\/wp\/v2\/product\/3036","targetHints":{"allow":["GET"]}}],"collection":[{"href":"https:\/\/www.jinpinlub.com\/pl\/wp-json\/wp\/v2\/product"}],"about":[{"href":"https:\/\/www.jinpinlub.com\/pl\/wp-json\/wp\/v2\/types\/product"}],"wp:featuredmedia":[{"embeddable":true,"href":"https:\/\/www.jinpinlub.com\/pl\/wp-json\/wp\/v2\/media\/3054"}],"wp:attachment":[{"href":"https:\/\/www.jinpinlub.com\/pl\/wp-json\/wp\/v2\/media?parent=3036"}],"wp:term":[{"taxonomy":"product_brand","embeddable":true,"href":"https:\/\/www.jinpinlub.com\/pl\/wp-json\/wp\/v2\/product_brand?post=3036"},{"taxonomy":"product_cat","embeddable":true,"href":"https:\/\/www.jinpinlub.com\/pl\/wp-json\/wp\/v2\/product_cat?post=3036"},{"taxonomy":"product_tag","embeddable":true,"href":"https:\/\/www.jinpinlub.com\/pl\/wp-json\/wp\/v2\/product_tag?post=3036"}],"curies":[{"name":"wp","href":"https:\/\/api.w.org\/{rel}","templated":true}]}}