{"id":3045,"date":"2024-08-06T18:35:44","date_gmt":"2024-08-06T18:35:44","guid":{"rendered":"https:\/\/www.jinpinlub.com\/?post_type=product&#038;p=3045"},"modified":"2025-04-15T20:35:48","modified_gmt":"2025-04-15T12:35:48","slug":"jgh3-reczna-pompa-do-smarowania-smarem","status":"publish","type":"product","link":"https:\/\/www.jinpinlub.com\/pl\/product\/jgh3-pressure-relief-manually-operate-grease-lubrication-pump\/","title":{"rendered":"Pompa smaruj\u0105ca EGH3 z funkcj\u0105 r\u0119cznego odci\u0105\u017cenia ci\u015bnienia"},"content":{"rendered":"<h2>Cechy<\/h2>\n<p>1. Poci\u0105gnij za uchwyt, aby dostarczy\u0107 olej do smarowania, \u0142atwa obs\u0142uga.<br \/>\n2. Blok do t\u0142oczenia oleju jest dobrze szczelny, a mas\u0142o nie pozostanie w pojemniku na olej.<br \/>\n3. Wylot oleju mo\u017cna umie\u015bci\u0107 po lewej lub prawej stronie uchwytu, zale\u017cnie od potrzeb, olej mo\u017cna te\u017c wylewa\u0107 z obu stron.<br \/>\n4. EGH3 to r\u0119czna pompa do redukcji ci\u015bnienia. Po osi\u0105gni\u0119ciu warto\u015bci znamionowej ci\u015bnienia nale\u017cy pami\u0119ta\u0107 o ponownym ustawieniu joysticka w pozycji zablokowanej, aby uwolni\u0107 ci\u015bnienie w uk\u0142adzie.<br \/>\n5. Nadaje si\u0119 do urz\u0105dze\u0144 mechanicznych wymagaj\u0105cych smarowania w dowolnym momencie, takich jak dziurkarki, maszyny do obr\u00f3bki drewna itp.<\/p>\n<h2>Specyfikacja<\/h2>\n<table>\n<tbody>\n<tr>\n<td>Temperatura pracy<\/td>\n<td>(-20~+55\u00b0C)<\/td>\n<\/tr>\n<tr>\n<td>Liczba wyj\u015b\u0107<\/td>\n<td>1, 2<\/td>\n<\/tr>\n<tr>\n<td>Pojemno\u015b\u0107 zbiornika<\/td>\n<td>300ml, 800ml<\/td>\n<\/tr>\n<tr>\n<td>Zasada dzia\u0142ania<\/td>\n<td>Pompa obs\u0142ugiwana r\u0119cznie<\/td>\n<\/tr>\n<tr>\n<td>Smar<\/td>\n<td>Smar NLGI 000~0#<\/td>\n<\/tr>\n<tr>\n<td>Wypisa\u0107<\/td>\n<td>2 ml\/cykl<\/td>\n<\/tr>\n<tr>\n<td>Maksymalne ci\u015bnienie robocze<\/td>\n<td>10MPa<\/td>\n<\/tr>\n<tr>\n<td>Gwint przy\u0142\u0105czeniowy<\/td>\n<td>Wylot \u03a64, \u03a66, \u03a68, PT1\/8<\/td>\n<\/tr>\n<tr>\n<td>Orzecznictwo<\/td>\n<td>CE<\/td>\n<\/tr>\n<tr>\n<td>Pozycja monta\u017cowa<\/td>\n<td>Pionowo lub poziomo<\/td>\n<\/tr>\n<\/tbody>\n<\/table>\n<h2>Aplikacje<\/h2>\n<p>1. Maszyny przemys\u0142owe: mog\u0105 to by\u0107 urz\u0105dzenia takie jak tokarki, frezarki i inny ci\u0119\u017cki sprz\u0119t mechaniczny wymagaj\u0105cy okresowego smarowania.<br \/>\n2. Maszyny rolnicze: traktory, siewniki, inne maszyny rolnicze pracuj\u0105ce normalnie w trudnych warunkach.<br \/>\n3. Maszyny budowlane: takie jak koparki, spychacze itp., aby zapewni\u0107 pe\u0142ne smarowanie tego sprz\u0119tu podczas pracy pod du\u017cym obci\u0105\u017ceniem.<br \/>\n4. Konserwacja pojazd\u00f3w: Obejmuje ona smarowanie \u0142o\u017cysk i innych ruchomych cz\u0119\u015bci du\u017cych pojazd\u00f3w, w tym ci\u0119\u017car\u00f3wek i autobus\u00f3w.<\/p>\n<h2>Instrukcje<\/h2>\n<div class=\"sdm_download_button_box_default\"><div class=\"sdm_download_link\"><a href=\"https:\/\/www.jinpinlub.com\/pl\/?sdm_process_download=1&download_id=3040\" class=\"sdm_download white\" title=\"Prywatne: EGH3 Pressure relief hand pump\" target=\"&quot;_blank&quot;\">Zobacz kart\u0119 danych - Pompa r\u0119czna EGH3<\/a><\/div><\/div>","protected":false},"excerpt":{"rendered":"<p>Pompa smarownicza r\u0119czna EGH3 to urz\u0105dzenie s\u0142u\u017c\u0105ce do smarowania urz\u0105dze\u0144 mechanicznych, z obs\u0142ug\u0105 r\u0119czn\u0105 i funkcjami odci\u0105\u017cenia ci\u015bnienia. Zazwyczaj jest stosowana w sytuacjach, w kt\u00f3rych wymagane jest regularne smarowanie, ale nie nadaje si\u0119 do automatycznych system\u00f3w smarowania.<\/p>","protected":false},"featured_media":3050,"template":"","meta":{"ocean_post_layout":"","ocean_both_sidebars_style":"","ocean_both_sidebars_content_width":0,"ocean_both_sidebars_sidebars_width":0,"ocean_sidebar":"0","ocean_second_sidebar":"0","ocean_disable_margins":"enable","ocean_add_body_class":"","ocean_shortcode_before_top_bar":"","ocean_shortcode_after_top_bar":"","ocean_shortcode_before_header":"","ocean_shortcode_after_header":"","ocean_has_shortcode":"","ocean_shortcode_after_title":"","ocean_shortcode_before_footer_widgets":"","ocean_shortcode_after_footer_widgets":"","ocean_shortcode_before_footer_bottom":"","ocean_shortcode_after_footer_bottom":"","ocean_display_top_bar":"default","ocean_display_header":"default","ocean_header_style":"","ocean_center_header_left_menu":"0","ocean_custom_header_template":"0","ocean_custom_logo":0,"ocean_custom_retina_logo":0,"ocean_custom_logo_max_width":0,"ocean_custom_logo_tablet_max_width":0,"ocean_custom_logo_mobile_max_width":0,"ocean_custom_logo_max_height":0,"ocean_custom_logo_tablet_max_height":0,"ocean_custom_logo_mobile_max_height":0,"ocean_header_custom_menu":"0","ocean_menu_typo_font_family":"0","ocean_menu_typo_font_subset":"","ocean_menu_typo_font_size":0,"ocean_menu_typo_font_size_tablet":0,"ocean_menu_typo_font_size_mobile":0,"ocean_menu_typo_font_size_unit":"px","ocean_menu_typo_font_weight":"","ocean_menu_typo_font_weight_tablet":"","ocean_menu_typo_font_weight_mobile":"","ocean_menu_typo_transform":"","ocean_menu_typo_transform_tablet":"","ocean_menu_typo_transform_mobile":"","ocean_menu_typo_line_height":0,"ocean_menu_typo_line_height_tablet":0,"ocean_menu_typo_line_height_mobile":0,"ocean_menu_typo_line_height_unit":"","ocean_menu_typo_spacing":0,"ocean_menu_typo_spacing_tablet":0,"ocean_menu_typo_spacing_mobile":0,"ocean_menu_typo_spacing_unit":"","ocean_menu_link_color":"","ocean_menu_link_color_hover":"","ocean_menu_link_color_active":"","ocean_menu_link_background":"","ocean_menu_link_hover_background":"","ocean_menu_link_active_background":"","ocean_menu_social_links_bg":"","ocean_menu_social_hover_links_bg":"","ocean_menu_social_links_color":"","ocean_menu_social_hover_links_color":"","ocean_disable_title":"default","ocean_disable_heading":"default","ocean_post_title":"","ocean_post_subheading":"","ocean_post_title_style":"","ocean_post_title_background_color":"","ocean_post_title_background":0,"ocean_post_title_bg_image_position":"","ocean_post_title_bg_image_attachment":"","ocean_post_title_bg_image_repeat":"","ocean_post_title_bg_image_size":"","ocean_post_title_height":0,"ocean_post_title_bg_overlay":0.5,"ocean_post_title_bg_overlay_color":"","ocean_disable_breadcrumbs":"default","ocean_breadcrumbs_color":"","ocean_breadcrumbs_separator_color":"","ocean_breadcrumbs_links_color":"","ocean_breadcrumbs_links_hover_color":"","ocean_display_footer_widgets":"default","ocean_display_footer_bottom":"default","ocean_custom_footer_template":"0","osh_disable_topbar_sticky":"default","osh_disable_header_sticky":"default","osh_sticky_header_style":"default","osh_sticky_header_effect":"","osh_custom_sticky_logo":0,"osh_custom_retina_sticky_logo":0,"osh_custom_sticky_logo_height":0,"osh_background_color":"","osh_links_color":"","osh_links_hover_color":"","osh_links_active_color":"","osh_links_bg_color":"","osh_links_hover_bg_color":"","osh_links_active_bg_color":"","osh_menu_social_links_color":"","osh_menu_social_hover_links_color":""},"product_brand":[],"product_cat":[39,37],"product_tag":[77,120,92],"class_list":{"0":"post-3045","1":"product","2":"type-product","3":"status-publish","4":"has-post-thumbnail","6":"product_cat-manual-pressure-relief-pumps","7":"product_cat-single-line-grease-systems","8":"product_tag-grease-lubrication-pump","9":"product_tag-manual-lubrication-pump","10":"product_tag-single-line-lubrication-pump","12":"entry","13":"has-media","15":"first","16":"instock","17":"shipping-taxable","18":"product-type-external","19":"col","20":"span_1_of_3","21":"owp-content-center","22":"owp-thumbs-layout-horizontal","23":"owp-btn-very-big","24":"owp-tabs-layout-horizontal"},"_links":{"self":[{"href":"https:\/\/www.jinpinlub.com\/pl\/wp-json\/wp\/v2\/product\/3045","targetHints":{"allow":["GET"]}}],"collection":[{"href":"https:\/\/www.jinpinlub.com\/pl\/wp-json\/wp\/v2\/product"}],"about":[{"href":"https:\/\/www.jinpinlub.com\/pl\/wp-json\/wp\/v2\/types\/product"}],"wp:featuredmedia":[{"embeddable":true,"href":"https:\/\/www.jinpinlub.com\/pl\/wp-json\/wp\/v2\/media\/3050"}],"wp:attachment":[{"href":"https:\/\/www.jinpinlub.com\/pl\/wp-json\/wp\/v2\/media?parent=3045"}],"wp:term":[{"taxonomy":"product_brand","embeddable":true,"href":"https:\/\/www.jinpinlub.com\/pl\/wp-json\/wp\/v2\/product_brand?post=3045"},{"taxonomy":"product_cat","embeddable":true,"href":"https:\/\/www.jinpinlub.com\/pl\/wp-json\/wp\/v2\/product_cat?post=3045"},{"taxonomy":"product_tag","embeddable":true,"href":"https:\/\/www.jinpinlub.com\/pl\/wp-json\/wp\/v2\/product_tag?post=3045"}],"curies":[{"name":"wp","href":"https:\/\/api.w.org\/{rel}","templated":true}]}}