{"id":3056,"date":"2024-08-07T08:19:42","date_gmt":"2024-08-07T08:19:42","guid":{"rendered":"https:\/\/www.jinpinlub.com\/?post_type=product&#038;p=3056"},"modified":"2024-08-07T09:29:22","modified_gmt":"2024-08-07T09:29:22","slug":"jvb12s-progresywny-blok-rozdzielacza-dla-progresywnego-systemu","status":"publish","type":"product","link":"https:\/\/www.jinpinlub.com\/pl\/product\/jvb12s-progressive-block-distributor-for-progressive-system\/","title":{"rendered":"Dystrybutor blok\u00f3w progresywnych JVB12S do system\u00f3w progresywnych"},"content":{"rendered":"<h2>Cechy<\/h2>\n<p>1. Szybko\u015b\u0107 przep\u0142ywu jest sta\u0142a, a obj\u0119to\u015b\u0107 wyj\u015bciowa ka\u017cdego otworu w ka\u017cdym cyklu wynosi 0,17 ml.<br \/>\n2. Wyj\u015bcia 1 i 2 nie mog\u0105 by\u0107 blokowane, a pozosta\u0142e wyj\u015bcia mo\u017cna zablokowa\u0107 specjalnymi \u0142\u0105cznikami, a nat\u0119\u017cenie przep\u0142ywu s\u0105siednich wyj\u015b\u0107 zostanie podwojone.<br \/>\n3. Wylot oleju wyposa\u017cony jest w zaw\u00f3r jednokierunkowy, zapobiegaj\u0105cy cofaniu si\u0119 oleju.<br \/>\n4. Mo\u017cna wybra\u0107 dystrybutor\u00f3w posiadaj\u0105cych od 6 do 20 punkt\u00f3w sprzeda\u017cy.<br \/>\n5. \u0141atwe do monitorowania i wymiany bez wp\u0142ywu na inne obiegi olejowe.<br \/>\n6. Mo\u017cliwy jest monitoring wizualny lub elektroniczny.<br \/>\n7. Kompatybilne \u015brodki smarne: smar 000#-2#, olej silnikowy 32-220cSt@40\u2103.<br \/>\n8. Temperatura pracy -20\u2103~+80\u2103.<\/p>\n<h2>Specyfikacja<\/h2>\n<table>\n<tbody>\n<tr>\n<td>Zasada dzia\u0142ania<\/td>\n<td>Urz\u0105dzenia pomiarowe<\/td>\n<\/tr>\n<tr>\n<td>Liczba punkt\u00f3w sprzeda\u017cy<\/td>\n<td>6-20<\/td>\n<\/tr>\n<tr>\n<td>Ilo\u015b\u0107 dozowania<\/td>\n<td>0,17 ml\/cykl<\/td>\n<\/tr>\n<tr>\n<td>Smar<\/td>\n<td>Smar do NLGI 2, olej 32-220cSt@40\u2103<\/td>\n<\/tr>\n<tr>\n<td>Temperatura pracy<\/td>\n<td>\u201320 do +80 \u00b0C<\/td>\n<\/tr>\n<tr>\n<td>Ci\u015bnienie robocze<\/td>\n<td>Maks. 350 bar\u00f3w<\/td>\n<\/tr>\n<tr>\n<td>Tworzywo<\/td>\n<td>Ocynkowany na czarno<\/td>\n<\/tr>\n<tr>\n<td>Wlot przy\u0142\u0105czeniowy<\/td>\n<td>\u03a66(M10x1,0), \u03a68(M10x1,0)<\/td>\n<\/tr>\n<tr>\n<td>Gniazdo przy\u0142\u0105czeniowe<\/td>\n<td>\u03a66(M10x1,0), \u03a68(M10x1,0)<\/td>\n<\/tr>\n<tr>\n<td>Pozycja monta\u017cowa<\/td>\n<td>Ka\u017cdy<\/td>\n<\/tr>\n<\/tbody>\n<\/table>\n<h2>Aplikacja<\/h2>\n<p>Sprz\u0119t do obr\u00f3bki mechanicznej: taki jak obrabiarki i maszyny przetw\u00f3rcze.<br \/>\nOg\u00f3lna in\u017cynieria mechaniczna: szeroko stosowana w r\u00f3\u017cnorodnych urz\u0105dzeniach mechanicznych.<br \/>\nPrasa: odpowiednia do r\u00f3\u017cnych typ\u00f3w pras.<br \/>\nMaszyny do przetwarzania tworzyw sztucznych i papieru: zapewniaj\u0105 niezawodne smarowanie w tych ga\u0142\u0119ziach przemys\u0142u.<br \/>\nMaszyny w\u0142\u00f3kiennicze: zapewniaj\u0105 prawid\u0142ow\u0105 prac\u0119 urz\u0105dze\u0144 w\u0142\u00f3kienniczych.<br \/>\nMaszyny drukarskie i pakuj\u0105ce: zapewniaj\u0105 ci\u0105g\u0142e smarowanie w tych szybkich urz\u0105dzeniach.<\/p>\n<h2>Instrukcje<\/h2>\n<div class=\"sdm_download_button_box_default\"><div class=\"sdm_download_link\"><a href=\"https:\/\/www.jinpinlub.com\/pl\/?sdm_process_download=1&download_id=3055\" class=\"sdm_download white\" title=\"Prywatne: JVB Progressive Divider\" target=\"&quot;_blank&quot;\">Zobacz arkusz danych - Dystrybutor JVB<\/a><\/div><\/div>","protected":false},"excerpt":{"rendered":"<p>Rozdzielacz progresywny PVB g\u0142\u00f3wnie dostarcza \u015brodek smarny w standardowych, odmierzonych ilo\u015bciach i stopniowo rozprowadza \u015brodek smarny do pod\u0142\u0105czonych punkt\u00f3w smarowania za po\u015brednictwem uszczelnionego metalem t\u0142oka, co gwarantuje r\u00f3wnomierne smarowanie ka\u017cdego punktu smarowania.<\/p>","protected":false},"featured_media":3057,"template":"","meta":{"ocean_post_layout":"","ocean_both_sidebars_style":"","ocean_both_sidebars_content_width":0,"ocean_both_sidebars_sidebars_width":0,"ocean_sidebar":"0","ocean_second_sidebar":"0","ocean_disable_margins":"enable","ocean_add_body_class":"","ocean_shortcode_before_top_bar":"","ocean_shortcode_after_top_bar":"","ocean_shortcode_before_header":"","ocean_shortcode_after_header":"","ocean_has_shortcode":"","ocean_shortcode_after_title":"","ocean_shortcode_before_footer_widgets":"","ocean_shortcode_after_footer_widgets":"","ocean_shortcode_before_footer_bottom":"","ocean_shortcode_after_footer_bottom":"","ocean_display_top_bar":"default","ocean_display_header":"default","ocean_header_style":"","ocean_center_header_left_menu":"0","ocean_custom_header_template":"0","ocean_custom_logo":0,"ocean_custom_retina_logo":0,"ocean_custom_logo_max_width":0,"ocean_custom_logo_tablet_max_width":0,"ocean_custom_logo_mobile_max_width":0,"ocean_custom_logo_max_height":0,"ocean_custom_logo_tablet_max_height":0,"ocean_custom_logo_mobile_max_height":0,"ocean_header_custom_menu":"0","ocean_menu_typo_font_family":"0","ocean_menu_typo_font_subset":"","ocean_menu_typo_font_size":0,"ocean_menu_typo_font_size_tablet":0,"ocean_menu_typo_font_size_mobile":0,"ocean_menu_typo_font_size_unit":"px","ocean_menu_typo_font_weight":"","ocean_menu_typo_font_weight_tablet":"","ocean_menu_typo_font_weight_mobile":"","ocean_menu_typo_transform":"","ocean_menu_typo_transform_tablet":"","ocean_menu_typo_transform_mobile":"","ocean_menu_typo_line_height":0,"ocean_menu_typo_line_height_tablet":0,"ocean_menu_typo_line_height_mobile":0,"ocean_menu_typo_line_height_unit":"","ocean_menu_typo_spacing":0,"ocean_menu_typo_spacing_tablet":0,"ocean_menu_typo_spacing_mobile":0,"ocean_menu_typo_spacing_unit":"","ocean_menu_link_color":"","ocean_menu_link_color_hover":"","ocean_menu_link_color_active":"","ocean_menu_link_background":"","ocean_menu_link_hover_background":"","ocean_menu_link_active_background":"","ocean_menu_social_links_bg":"","ocean_menu_social_hover_links_bg":"","ocean_menu_social_links_color":"","ocean_menu_social_hover_links_color":"","ocean_disable_title":"default","ocean_disable_heading":"default","ocean_post_title":"","ocean_post_subheading":"","ocean_post_title_style":"","ocean_post_title_background_color":"","ocean_post_title_background":0,"ocean_post_title_bg_image_position":"","ocean_post_title_bg_image_attachment":"","ocean_post_title_bg_image_repeat":"","ocean_post_title_bg_image_size":"","ocean_post_title_height":0,"ocean_post_title_bg_overlay":0.5,"ocean_post_title_bg_overlay_color":"","ocean_disable_breadcrumbs":"default","ocean_breadcrumbs_color":"","ocean_breadcrumbs_separator_color":"","ocean_breadcrumbs_links_color":"","ocean_breadcrumbs_links_hover_color":"","ocean_display_footer_widgets":"default","ocean_display_footer_bottom":"default","ocean_custom_footer_template":"0","osh_disable_topbar_sticky":"default","osh_disable_header_sticky":"default","osh_sticky_header_style":"default","osh_sticky_header_effect":"","osh_custom_sticky_logo":0,"osh_custom_retina_sticky_logo":0,"osh_custom_sticky_logo_height":0,"osh_background_color":"","osh_links_color":"","osh_links_hover_color":"","osh_links_active_color":"","osh_links_bg_color":"","osh_links_hover_bg_color":"","osh_links_active_bg_color":"","osh_menu_social_links_color":"","osh_menu_social_hover_links_color":""},"product_brand":[],"product_cat":[44,41],"product_tag":[87,99,122],"class_list":{"0":"post-3056","1":"product","2":"type-product","3":"status-publish","4":"has-post-thumbnail","6":"product_cat-progressive-grease-dividers","7":"product_cat-progressive-grease-systems","8":"product_tag-grease-distributor","9":"product_tag-progressive-distributor","10":"product_tag-progressive-divider","12":"entry","13":"has-media","15":"first","16":"instock","17":"shipping-taxable","18":"product-type-external","19":"col","20":"span_1_of_3","21":"owp-content-center","22":"owp-thumbs-layout-horizontal","23":"owp-btn-very-big","24":"owp-tabs-layout-horizontal"},"_links":{"self":[{"href":"https:\/\/www.jinpinlub.com\/pl\/wp-json\/wp\/v2\/product\/3056","targetHints":{"allow":["GET"]}}],"collection":[{"href":"https:\/\/www.jinpinlub.com\/pl\/wp-json\/wp\/v2\/product"}],"about":[{"href":"https:\/\/www.jinpinlub.com\/pl\/wp-json\/wp\/v2\/types\/product"}],"wp:featuredmedia":[{"embeddable":true,"href":"https:\/\/www.jinpinlub.com\/pl\/wp-json\/wp\/v2\/media\/3057"}],"wp:attachment":[{"href":"https:\/\/www.jinpinlub.com\/pl\/wp-json\/wp\/v2\/media?parent=3056"}],"wp:term":[{"taxonomy":"product_brand","embeddable":true,"href":"https:\/\/www.jinpinlub.com\/pl\/wp-json\/wp\/v2\/product_brand?post=3056"},{"taxonomy":"product_cat","embeddable":true,"href":"https:\/\/www.jinpinlub.com\/pl\/wp-json\/wp\/v2\/product_cat?post=3056"},{"taxonomy":"product_tag","embeddable":true,"href":"https:\/\/www.jinpinlub.com\/pl\/wp-json\/wp\/v2\/product_tag?post=3056"}],"curies":[{"name":"wp","href":"https:\/\/api.w.org\/{rel}","templated":true}]}}