{"id":3064,"date":"2024-08-08T15:40:21","date_gmt":"2024-08-08T15:40:21","guid":{"rendered":"https:\/\/www.jinpinlub.com\/?post_type=product&#038;p=3064"},"modified":"2024-11-28T17:59:45","modified_gmt":"2024-11-28T09:59:45","slug":"ao-5-rozdzielacz-dozujacy-mieszalnik-oleju-i-powietrza-do-ukladu-smarowania","status":"publish","type":"product","link":"https:\/\/www.jinpinlub.com\/pl\/produkt\/ao-5-rozdzielacz-dozujacy-mieszalnik-oleju-i-powietrza-do-ukladu-smarowania\/","title":{"rendered":"AO-5 Mieszalnik olejowo-powietrzny dozuj\u0105cy do uk\u0142adu smarowania"},"content":{"rendered":"<h2>Cechy<\/h2>\n<p>AO to ilo\u015bciowy mieszalnik oleju i powietrza opracowany w oparciu o zaawansowan\u0105 technologi\u0119 mieszalnika oleju i powietrza.<br \/>\nObj\u0119to\u015b\u0107 wy\u0142adowania jest dost\u0119pna w czterech specyfikacjach: 0,03, 0,06, 0,1 i 0,16 ml\/cykl.<br \/>\nDo ka\u017cdego wylotu mo\u017cna dobra\u0107 inny rodzaj odp\u0142ywu i zintegrowa\u0107 go w jeden zestaw, z 1 do 5 wylotami \u0142\u0105czonymi.<br \/>\nMieszalnik ilo\u015bciowy oleju i powietrza jest wyposa\u017cony w \u015brub\u0119 reguluj\u0105c\u0105 przep\u0142yw powietrza.<br \/>\nMikroilo\u015bciowe nat\u0142uszczanie, wysoki stopie\u0144 wykorzystania oleju.<br \/>\nZgodna lepko\u015b\u0107 oleju 10-90cSt@40\u2103.<\/p>\n<h2>Specyfikacja<\/h2>\n<table>\n<tbody>\n<tr>\n<td>Zasada dzia\u0142ania<\/td>\n<td>Urz\u0105dzenia pomiarowe<\/td>\n<\/tr>\n<tr>\n<td>Liczba punkt\u00f3w sprzeda\u017cy<\/td>\n<td>1-5<\/td>\n<\/tr>\n<tr>\n<td>Ilo\u015b\u0107 dozowania<\/td>\n<td>0,03, 0,06, 0,10, 0,16 ml\/cykl<\/td>\n<\/tr>\n<tr>\n<td>Smar<\/td>\n<td>Olej 10-90cSt@40\u2103<\/td>\n<\/tr>\n<tr>\n<td>Temperatura pracy<\/td>\n<td>0 do +40 \u00b0C<\/td>\n<\/tr>\n<tr>\n<td>Ci\u015bnienie oleju<\/td>\n<td>15-30bar<\/td>\n<\/tr>\n<tr>\n<td>Tworzywo<\/td>\n<td>Stop<\/td>\n<\/tr>\n<tr>\n<td>Wlot powietrza<\/td>\n<td>\u03a66(PT1\/8)<\/td>\n<\/tr>\n<tr>\n<td>Wlot oleju<\/td>\n<td>\u03a66(M10x1)<\/td>\n<\/tr>\n<tr>\n<td>Wylot oleju i powietrza<\/td>\n<td>\u03a64(M8x1)<\/td>\n<\/tr>\n<\/tbody>\n<\/table>\n<h2>Aplikacja<\/h2>\n<p>Urz\u0105dzenia mechaniczne: takie jak obrabiarki CNC, centra obr\u00f3bcze, szlifierki itp. s\u0142u\u017c\u0105ce do smarowania cz\u0119\u015bci takich, jak \u0142o\u017cyska, prowadnice i ko\u0142a z\u0119bate.<br \/>\nW sektorze motoryzacyjnym wykorzystuje si\u0119 go do smarowania r\u00f3\u017cnego rodzaju urz\u0105dze\u0144 mechanicznych na liniach produkcyjnych samochod\u00f3w, aby zapewni\u0107 ich bezproblemow\u0105 prac\u0119.<br \/>\nW przemy\u015ble stalowym znajduje zastosowanie w walcowniach, maszynach do ci\u0105g\u0142ego odlewania i innych urz\u0105dzeniach jako \u015brodek redukuj\u0105cy \u015bcieranie urz\u0105dze\u0144, a tym samym zwi\u0119kszaj\u0105cy wydajno\u015b\u0107 produkcji.<br \/>\nW przemy\u015ble papierniczym stosuje si\u0119 go na wszelkiego rodzaju ruchome cz\u0119\u015bci maszyn papierniczych w celu wyd\u0142u\u017cenia \u017cywotno\u015bci sprz\u0119tu.<\/p>\n<h2>Instrukcje<\/h2>\n<div class=\"sdm_download_button_box_default\"><div class=\"sdm_download_link\"><a href=\"https:\/\/www.jinpinlub.com\/pl\/?sdm_process_download=1&download_id=3069\" class=\"sdm_download white\" title=\"Prywatne: AO Oil-air Distributor\" target=\"&quot;_blank&quot;\">Zobacz arkusz danych - Dystrybutor AO<\/a><\/div><\/div>","protected":false},"excerpt":{"rendered":"<p>Rozdzielacz olejowo-powietrzny AO to zaw\u00f3r dozuj\u0105cy stosowany w uk\u0142adzie smarowania olejowo-powietrznego, z funkcj\u0105 mieszania oleju i powietrza w celu r\u00f3wnomiernego dostarczania go do r\u00f3\u017cnych punkt\u00f3w smarowania. Dost\u0119pne s\u0105 wyj\u015bcia mieszanego oleju i powietrza do wyboru w zale\u017cno\u015bci od r\u00f3\u017cnych wymaga\u0144 aplikacji.<\/p>","protected":false},"featured_media":3065,"template":"","meta":{"ocean_post_layout":"","ocean_both_sidebars_style":"","ocean_both_sidebars_content_width":0,"ocean_both_sidebars_sidebars_width":0,"ocean_sidebar":"0","ocean_second_sidebar":"0","ocean_disable_margins":"enable","ocean_add_body_class":"","ocean_shortcode_before_top_bar":"","ocean_shortcode_after_top_bar":"","ocean_shortcode_before_header":"","ocean_shortcode_after_header":"","ocean_has_shortcode":"","ocean_shortcode_after_title":"","ocean_shortcode_before_footer_widgets":"","ocean_shortcode_after_footer_widgets":"","ocean_shortcode_before_footer_bottom":"","ocean_shortcode_after_footer_bottom":"","ocean_display_top_bar":"default","ocean_display_header":"default","ocean_header_style":"","ocean_center_header_left_menu":"0","ocean_custom_header_template":"0","ocean_custom_logo":0,"ocean_custom_retina_logo":0,"ocean_custom_logo_max_width":0,"ocean_custom_logo_tablet_max_width":0,"ocean_custom_logo_mobile_max_width":0,"ocean_custom_logo_max_height":0,"ocean_custom_logo_tablet_max_height":0,"ocean_custom_logo_mobile_max_height":0,"ocean_header_custom_menu":"0","ocean_menu_typo_font_family":"0","ocean_menu_typo_font_subset":"","ocean_menu_typo_font_size":0,"ocean_menu_typo_font_size_tablet":0,"ocean_menu_typo_font_size_mobile":0,"ocean_menu_typo_font_size_unit":"px","ocean_menu_typo_font_weight":"","ocean_menu_typo_font_weight_tablet":"","ocean_menu_typo_font_weight_mobile":"","ocean_menu_typo_transform":"","ocean_menu_typo_transform_tablet":"","ocean_menu_typo_transform_mobile":"","ocean_menu_typo_line_height":0,"ocean_menu_typo_line_height_tablet":0,"ocean_menu_typo_line_height_mobile":0,"ocean_menu_typo_line_height_unit":"","ocean_menu_typo_spacing":0,"ocean_menu_typo_spacing_tablet":0,"ocean_menu_typo_spacing_mobile":0,"ocean_menu_typo_spacing_unit":"","ocean_menu_link_color":"","ocean_menu_link_color_hover":"","ocean_menu_link_color_active":"","ocean_menu_link_background":"","ocean_menu_link_hover_background":"","ocean_menu_link_active_background":"","ocean_menu_social_links_bg":"","ocean_menu_social_hover_links_bg":"","ocean_menu_social_links_color":"","ocean_menu_social_hover_links_color":"","ocean_disable_title":"default","ocean_disable_heading":"default","ocean_post_title":"","ocean_post_subheading":"","ocean_post_title_style":"","ocean_post_title_background_color":"","ocean_post_title_background":0,"ocean_post_title_bg_image_position":"","ocean_post_title_bg_image_attachment":"","ocean_post_title_bg_image_repeat":"","ocean_post_title_bg_image_size":"","ocean_post_title_height":0,"ocean_post_title_bg_overlay":0.5,"ocean_post_title_bg_overlay_color":"","ocean_disable_breadcrumbs":"default","ocean_breadcrumbs_color":"","ocean_breadcrumbs_separator_color":"","ocean_breadcrumbs_links_color":"","ocean_breadcrumbs_links_hover_color":"","ocean_display_footer_widgets":"default","ocean_display_footer_bottom":"default","ocean_custom_footer_template":"0","osh_disable_topbar_sticky":"default","osh_disable_header_sticky":"default","osh_sticky_header_style":"default","osh_sticky_header_effect":"","osh_custom_sticky_logo":0,"osh_custom_retina_sticky_logo":0,"osh_custom_sticky_logo_height":0,"osh_background_color":"","osh_links_color":"","osh_links_hover_color":"","osh_links_active_color":"","osh_links_bg_color":"","osh_links_hover_bg_color":"","osh_links_active_bg_color":"","osh_menu_social_links_color":"","osh_menu_social_hover_links_color":""},"product_brand":[],"product_cat":[45],"product_tag":[133,134,135],"class_list":{"0":"post-3064","1":"product","2":"type-product","3":"status-publish","4":"has-post-thumbnail","6":"product_cat-oil-air-lubrication-systems","7":"product_tag-oil-air-distributor","8":"product_tag-oil-air-lubrication-system","9":"product_tag-oil-air-metering-valve","11":"entry","12":"has-media","14":"first","15":"instock","16":"shipping-taxable","17":"product-type-external","18":"col","19":"span_1_of_3","20":"owp-content-center","21":"owp-thumbs-layout-horizontal","22":"owp-btn-very-big","23":"owp-tabs-layout-horizontal"},"_links":{"self":[{"href":"https:\/\/www.jinpinlub.com\/pl\/wp-json\/wp\/v2\/product\/3064","targetHints":{"allow":["GET"]}}],"collection":[{"href":"https:\/\/www.jinpinlub.com\/pl\/wp-json\/wp\/v2\/product"}],"about":[{"href":"https:\/\/www.jinpinlub.com\/pl\/wp-json\/wp\/v2\/types\/product"}],"wp:featuredmedia":[{"embeddable":true,"href":"https:\/\/www.jinpinlub.com\/pl\/wp-json\/wp\/v2\/media\/3065"}],"wp:attachment":[{"href":"https:\/\/www.jinpinlub.com\/pl\/wp-json\/wp\/v2\/media?parent=3064"}],"wp:term":[{"taxonomy":"product_brand","embeddable":true,"href":"https:\/\/www.jinpinlub.com\/pl\/wp-json\/wp\/v2\/product_brand?post=3064"},{"taxonomy":"product_cat","embeddable":true,"href":"https:\/\/www.jinpinlub.com\/pl\/wp-json\/wp\/v2\/product_cat?post=3064"},{"taxonomy":"product_tag","embeddable":true,"href":"https:\/\/www.jinpinlub.com\/pl\/wp-json\/wp\/v2\/product_tag?post=3064"}],"curies":[{"name":"wp","href":"https:\/\/api.w.org\/{rel}","templated":true}]}}