{"id":3071,"date":"2024-08-08T16:22:50","date_gmt":"2024-08-08T16:22:50","guid":{"rendered":"https:\/\/www.jinpinlub.com\/?post_type=product&#038;p=3071"},"modified":"2024-08-08T16:51:35","modified_gmt":"2024-08-08T16:51:35","slug":"zawor-dozujacy-smar-muk-do-jednoliniowego-ukladu-smarowania","status":"publish","type":"product","link":"https:\/\/www.jinpinlub.com\/pl\/product\/muk-grease-metering-valve-for-single-line-lubrication-system\/","title":{"rendered":"Zaw\u00f3r dozuj\u0105cy smar MUK do jednoliniowego uk\u0142adu smarowania"},"content":{"rendered":"<h2>Cechy<\/h2>\n<p>1. MU jest zaworem dozuj\u0105cym o bezpo\u015brednim dzia\u0142aniu ci\u015bnieniowym.<br \/>\nSmar ci\u015bnieniowy dostarczany przez pomp\u0119 naciska t\u0142ok w zaworze dozuj\u0105cym, aby wymusi\u0107 uwolnienie smaru. Gdy pompa przestaje pracowa\u0107, t\u0142ok odzyskuje swoj\u0105 pozycj\u0119 pod wp\u0142ywem si\u0142y spr\u0119\u017cyny, a smar jest magazynowany.<br \/>\n2. Roz\u0142adowanie jest dok\u0142adne, a jeden cykl dozowania jest roz\u0142adowywany tylko raz. Niezale\u017cnie od tego, czy dystrybutor jest daleko, blisko, wysoko czy nisko w uk\u0142adzie smarowania, czy pozioma lub pionowa instalacja nie ma wp\u0142ywu na roz\u0142adowanie zaworu dozuj\u0105cego.<br \/>\n3. Wymuszone roz\u0142adowanie, delikatne dzia\u0142anie, dwa uszczelnienia zapobiegaj\u0105ce cofaniu si\u0119 p\u0142ynu roz\u0142adowczego.<br \/>\n4. Zaw\u00f3r dozuj\u0105cy i blok przy\u0142\u0105czeniowy s\u0105 niezale\u017cne. W zale\u017cno\u015bci od ilo\u015bci smarowania punkt\u00f3w smarowania, zaw\u00f3r dozuj\u0105cy mo\u017cna swobodnie \u0142\u0105czy\u0107 z blokami przy\u0142\u0105czeniowymi MU i MUJ i mo\u017cna go stosowa\u0107 szeregowo lub r\u00f3wnolegle.<br \/>\n5. Przy\u0142\u0105cza wylotowe zaworu dozuj\u0105cego maj\u0105 \u03a64 i wyst\u0119puj\u0105 w dw\u00f3ch typach.<br \/>\nTyp wkr\u0119cany: wykonany z PA4 i PB4.<br \/>\nTyp wciskany: w\u0142\u00f3\u017c rurk\u0119 \u03a64 bezpo\u015brednio.<br \/>\n6. Zgodny ze \u015brodkami smarnymi NLGI 000 #, 00 #, 0 #<\/p>\n<h2>Specyfikacja<\/h2>\n<table>\n<tbody>\n<tr>\n<td>Zasada dzia\u0142ania<\/td>\n<td>Urz\u0105dzenia pomiarowe<\/td>\n<\/tr>\n<tr>\n<td>Liczba punkt\u00f3w sprzeda\u017cy<\/td>\n<td>1-12<\/td>\n<\/tr>\n<tr>\n<td>Ilo\u015b\u0107 dozowania<\/td>\n<td>0,05, 0,10, 0,20, 0,30, 0,50 ml\/cykl<\/td>\n<\/tr>\n<tr>\n<td>Smar<\/td>\n<td>NLGI 000 #, 00 #, 0 #<\/td>\n<\/tr>\n<tr>\n<td>Temperatura pracy<\/td>\n<td>0 do +80 \u00b0C<\/td>\n<\/tr>\n<tr>\n<td>Ci\u015bnienie robocze<\/td>\n<td>\u22651,5 MPa<\/td>\n<\/tr>\n<tr>\n<td>Zresetuj ci\u015bnienie<\/td>\n<td>\u22640,5 MPa<\/td>\n<\/tr>\n<tr>\n<td>Z\u0142\u0105czki przy\u0142\u0105czeniowe<\/td>\n<td>Typ wkr\u0119cany, typ wciskany<\/td>\n<\/tr>\n<tr>\n<td>Materia\u0142owy<\/td>\n<td>Stop aluminium + mied\u017a<\/td>\n<\/tr>\n<tr>\n<td>Pozycja monta\u017cowa<\/td>\n<td>Ka\u017cdy<\/td>\n<\/tr>\n<\/tbody>\n<\/table>\n<h2>Aplikacja<\/h2>\n<p>Uk\u0142ad smarowania: Stosowany jest zw\u0142aszcza w systemach obrabiarek, w celu dok\u0142adnego kontrolowania przep\u0142ywu oleju smaruj\u0105cego lub smaru.<br \/>\nPrzemys\u0142 automatyki niestandardowej: Mo\u017ce by\u0107 stosowany do r\u00f3\u017cnych niestandardowych maszyn automatyki, kt\u00f3re wymagaj\u0105 precyzyjnego smarowania olejem.<br \/>\nPrzemys\u0142 chemiczny i farmaceutyczny: S\u0142u\u017cy do dok\u0142adnego odmierzania i dozowania chemikali\u00f3w i lek\u00f3w.<br \/>\nLaboratoria i plac\u00f3wki badawcze: Stosowane w sytuacjach, w kt\u00f3rych podczas eksperyment\u00f3w wymagana jest precyzyjna kontrola przep\u0142ywu p\u0142ynu.<\/p>\n<h2>Instrukcje<\/h2>\n<div class=\"sdm_download_button_box_default\"><div class=\"sdm_download_link\"><a href=\"https:\/\/www.jinpinlub.com\/pl\/?sdm_process_download=1&download_id=3070\" class=\"sdm_download white\" title=\"Prywatne: MUK Pressure-relief Distributor\" target=\"&quot;_blank&quot;\">Zobacz arkusz danych - Dystrybutor MUK<\/a><\/div><\/div>","protected":false},"excerpt":{"rendered":"<p>Urz\u0105dzenia pomiarowe MUK s\u0105 g\u0142\u00f3wnie u\u017cywane do odci\u0105\u017cania ci\u015bnienia w jednoliniowych systemach smarowania smarem. S\u0105 u\u017cywane g\u0142\u00f3wnie w urz\u0105dzeniach mechanicznych o precyzyjnych wymaganiach smarowania. Zalet\u0105 jest to, \u017ce nat\u0119\u017cenie przep\u0142ywu ka\u017cdego punktu smarowania mo\u017cna regulowa\u0107 w razie potrzeby.<\/p>","protected":false},"featured_media":3073,"template":"","meta":{"ocean_post_layout":"","ocean_both_sidebars_style":"","ocean_both_sidebars_content_width":0,"ocean_both_sidebars_sidebars_width":0,"ocean_sidebar":"0","ocean_second_sidebar":"0","ocean_disable_margins":"enable","ocean_add_body_class":"","ocean_shortcode_before_top_bar":"","ocean_shortcode_after_top_bar":"","ocean_shortcode_before_header":"","ocean_shortcode_after_header":"","ocean_has_shortcode":"","ocean_shortcode_after_title":"","ocean_shortcode_before_footer_widgets":"","ocean_shortcode_after_footer_widgets":"","ocean_shortcode_before_footer_bottom":"","ocean_shortcode_after_footer_bottom":"","ocean_display_top_bar":"default","ocean_display_header":"default","ocean_header_style":"","ocean_center_header_left_menu":"0","ocean_custom_header_template":"0","ocean_custom_logo":0,"ocean_custom_retina_logo":0,"ocean_custom_logo_max_width":0,"ocean_custom_logo_tablet_max_width":0,"ocean_custom_logo_mobile_max_width":0,"ocean_custom_logo_max_height":0,"ocean_custom_logo_tablet_max_height":0,"ocean_custom_logo_mobile_max_height":0,"ocean_header_custom_menu":"0","ocean_menu_typo_font_family":"0","ocean_menu_typo_font_subset":"","ocean_menu_typo_font_size":0,"ocean_menu_typo_font_size_tablet":0,"ocean_menu_typo_font_size_mobile":0,"ocean_menu_typo_font_size_unit":"px","ocean_menu_typo_font_weight":"","ocean_menu_typo_font_weight_tablet":"","ocean_menu_typo_font_weight_mobile":"","ocean_menu_typo_transform":"","ocean_menu_typo_transform_tablet":"","ocean_menu_typo_transform_mobile":"","ocean_menu_typo_line_height":0,"ocean_menu_typo_line_height_tablet":0,"ocean_menu_typo_line_height_mobile":0,"ocean_menu_typo_line_height_unit":"","ocean_menu_typo_spacing":0,"ocean_menu_typo_spacing_tablet":0,"ocean_menu_typo_spacing_mobile":0,"ocean_menu_typo_spacing_unit":"","ocean_menu_link_color":"","ocean_menu_link_color_hover":"","ocean_menu_link_color_active":"","ocean_menu_link_background":"","ocean_menu_link_hover_background":"","ocean_menu_link_active_background":"","ocean_menu_social_links_bg":"","ocean_menu_social_hover_links_bg":"","ocean_menu_social_links_color":"","ocean_menu_social_hover_links_color":"","ocean_disable_title":"default","ocean_disable_heading":"default","ocean_post_title":"","ocean_post_subheading":"","ocean_post_title_style":"","ocean_post_title_background_color":"","ocean_post_title_background":0,"ocean_post_title_bg_image_position":"","ocean_post_title_bg_image_attachment":"","ocean_post_title_bg_image_repeat":"","ocean_post_title_bg_image_size":"","ocean_post_title_height":0,"ocean_post_title_bg_overlay":0.5,"ocean_post_title_bg_overlay_color":"","ocean_disable_breadcrumbs":"default","ocean_breadcrumbs_color":"","ocean_breadcrumbs_separator_color":"","ocean_breadcrumbs_links_color":"","ocean_breadcrumbs_links_hover_color":"","ocean_display_footer_widgets":"default","ocean_display_footer_bottom":"default","ocean_custom_footer_template":"0","osh_disable_topbar_sticky":"default","osh_disable_header_sticky":"default","osh_sticky_header_style":"default","osh_sticky_header_effect":"","osh_custom_sticky_logo":0,"osh_custom_retina_sticky_logo":0,"osh_custom_sticky_logo_height":0,"osh_background_color":"","osh_links_color":"","osh_links_hover_color":"","osh_links_active_color":"","osh_links_bg_color":"","osh_links_hover_bg_color":"","osh_links_active_bg_color":"","osh_menu_social_links_color":"","osh_menu_social_hover_links_color":""},"product_brand":[],"product_cat":[40,37],"product_tag":[87,83,136],"class_list":{"0":"post-3071","1":"product","2":"type-product","3":"status-publish","4":"has-post-thumbnail","6":"product_cat-pressure-relief-metering-valves","7":"product_cat-single-line-grease-systems","8":"product_tag-grease-distributor","9":"product_tag-pressure-relief-distributor","10":"product_tag-single-line-system-distributor","12":"entry","13":"has-media","15":"first","16":"instock","17":"shipping-taxable","18":"product-type-external","19":"col","20":"span_1_of_3","21":"owp-content-center","22":"owp-thumbs-layout-horizontal","23":"owp-btn-very-big","24":"owp-tabs-layout-horizontal"},"_links":{"self":[{"href":"https:\/\/www.jinpinlub.com\/pl\/wp-json\/wp\/v2\/product\/3071","targetHints":{"allow":["GET"]}}],"collection":[{"href":"https:\/\/www.jinpinlub.com\/pl\/wp-json\/wp\/v2\/product"}],"about":[{"href":"https:\/\/www.jinpinlub.com\/pl\/wp-json\/wp\/v2\/types\/product"}],"wp:featuredmedia":[{"embeddable":true,"href":"https:\/\/www.jinpinlub.com\/pl\/wp-json\/wp\/v2\/media\/3073"}],"wp:attachment":[{"href":"https:\/\/www.jinpinlub.com\/pl\/wp-json\/wp\/v2\/media?parent=3071"}],"wp:term":[{"taxonomy":"product_brand","embeddable":true,"href":"https:\/\/www.jinpinlub.com\/pl\/wp-json\/wp\/v2\/product_brand?post=3071"},{"taxonomy":"product_cat","embeddable":true,"href":"https:\/\/www.jinpinlub.com\/pl\/wp-json\/wp\/v2\/product_cat?post=3071"},{"taxonomy":"product_tag","embeddable":true,"href":"https:\/\/www.jinpinlub.com\/pl\/wp-json\/wp\/v2\/product_tag?post=3071"}],"curies":[{"name":"wp","href":"https:\/\/api.w.org\/{rel}","templated":true}]}}