{"id":3177,"date":"2024-08-10T03:16:23","date_gmt":"2024-08-10T03:16:23","guid":{"rendered":"https:\/\/www.jinpinlub.com\/?post_type=product&#038;p=3177"},"modified":"2024-08-10T03:27:35","modified_gmt":"2024-08-10T03:27:35","slug":"stop-cynku-odporny-na-olej-typu-a-rozdzielacz-do-smarowania","status":"publish","type":"product","link":"https:\/\/www.jinpinlub.com\/pl\/product\/zinc-alloy-resistance-a-type-oil-distributor-for-lubrication\/","title":{"rendered":"Dystrybutor oleju A-Type ze stopu cynku do smarowania"},"content":{"rendered":"<h2>Cechy<\/h2>\n<p>1. Doskona\u0142y materia\u0142: Wykonany z wysokiej jako\u015bci stopu cynku, charakteryzuje si\u0119 dobr\u0105 wytrzyma\u0142o\u015bci\u0105 mechaniczn\u0105 i odporno\u015bci\u0105 na zu\u017cycie.<br \/>\n2. Wysoka odporno\u015b\u0107 na korozj\u0119: sam stop cynku ma dobr\u0105 odporno\u015b\u0107 na korozj\u0119 i mo\u017ce stabilnie pracowa\u0107 przez d\u0142ugi czas w trudnych warunkach.<br \/>\n3. Kompaktowa konstrukcja: rozdzielacz typu A ma kompaktow\u0105 konstrukcj\u0119, zajmuje ma\u0142o miejsca, jest \u0142atwy w instalacji i konserwacji.<br \/>\n4. Wysoka precyzja: R\u00f3\u017cne komponenty dystrybutora s\u0105 precyzyjnie obrabiane, aby zagwarantowa\u0107 dok\u0142adno\u015b\u0107 i stabilno\u015b\u0107 dystrybucji p\u0142ynu.<\/p>\n<h2>Specyfikacja<\/h2>\n<table>\n<tbody>\n<tr>\n<td>Zasada dzia\u0142ania<\/td>\n<td>Z\u0142\u0105cze ze stopu cynku<\/td>\n<\/tr>\n<tr>\n<td>Liczba punkt\u00f3w sprzeda\u017cy<\/td>\n<td>2, 3, 4, 5, 6,7, 8, 10<\/td>\n<\/tr>\n<tr>\n<td>Smar<\/td>\n<td>Smar lub olej<\/td>\n<\/tr>\n<tr>\n<td>Temperatura pracy<\/td>\n<td>(-20\u2103 do +60 \u00b0C)<\/td>\n<\/tr>\n<tr>\n<td>Ci\u015bnienie robocze<\/td>\n<td>Maksymalnie 420 bar\u00f3w<\/td>\n<\/tr>\n<tr>\n<td>Tworzywo<\/td>\n<td>Materia\u0142 stopu cynku<\/td>\n<\/tr>\n<tr>\n<td>G\u0142\u00f3wna linia przy\u0142\u0105czeniowa<\/td>\n<td>\u03a64(M8x1), \u03a66(M10x1)<\/td>\n<\/tr>\n<tr>\n<td>Gniazdo przy\u0142\u0105czeniowe<\/td>\n<td>\u03a64(M8x1), \u03a66(M10x1)<\/td>\n<\/tr>\n<tr>\n<td>Pozycja monta\u017cowa<\/td>\n<td>Ka\u017cdy<\/td>\n<\/tr>\n<\/tbody>\n<\/table>\n<h2>Aplikacja<\/h2>\n<p>Instalacja: Zgodnie ze szczeg\u00f3\u0142owymi wymaganiami sprz\u0119tu i rozmiarem dozownika nale\u017cy wybra\u0107 odpowiednie miejsce i metod\u0119 instalacji, aby mie\u0107 pewno\u015b\u0107, \u017ce dozownik zostanie zainstalowany solidnie i stabilnie.<br \/>\nKonserwacja: Regularnie sprawdzaj, czy elementy dozownika typu A s\u0105 nienaruszone i czy nie ma \u015blad\u00f3w zu\u017cycia lub uszkodze\u0144. Je\u015bli wyst\u0105pi jaki\u015b problem, wymie\u0144 go lub napraw na czas. Utrzymuj powierzchni\u0119 dozownika w czysto\u015bci, aby unikn\u0105\u0107 przywierania kurzu i zanieczyszcze\u0144.<\/p>\n<h2>Instrukcje<\/h2>\n<div class=\"sdm_download_button_box_default\"><div class=\"sdm_download_link\"><a href=\"https:\/\/www.jinpinlub.com\/pl\/?sdm_process_download=1&download_id=3176\" class=\"sdm_download white\" title=\"Prywatne: Type-A Distributor\" target=\"&quot;_blank&quot;\">Wy\u015bwietl arkusz danych - Dystrybutor typu A<\/a><\/div><\/div>","protected":false},"excerpt":{"rendered":"<p>Dystrybutor typu A ze stopu cynku to rodzaj precyzyjnego akcesorium wykonanego z wysokiej jako\u015bci stopu cynku. Jest stosowany w uk\u0142adach smarowania wielu rodzaj\u00f3w urz\u0105dze\u0144 mechanicznych ze wzgl\u0119du na doskona\u0142e w\u0142a\u015bciwo\u015bci mechaniczne, odporno\u015b\u0107 na korozj\u0119 i elegancki wygl\u0105d.<\/p>","protected":false},"featured_media":3083,"template":"","meta":{"ocean_post_layout":"","ocean_both_sidebars_style":"","ocean_both_sidebars_content_width":0,"ocean_both_sidebars_sidebars_width":0,"ocean_sidebar":"0","ocean_second_sidebar":"0","ocean_disable_margins":"enable","ocean_add_body_class":"","ocean_shortcode_before_top_bar":"","ocean_shortcode_after_top_bar":"","ocean_shortcode_before_header":"","ocean_shortcode_after_header":"","ocean_has_shortcode":"","ocean_shortcode_after_title":"","ocean_shortcode_before_footer_widgets":"","ocean_shortcode_after_footer_widgets":"","ocean_shortcode_before_footer_bottom":"","ocean_shortcode_after_footer_bottom":"","ocean_display_top_bar":"default","ocean_display_header":"default","ocean_header_style":"","ocean_center_header_left_menu":"0","ocean_custom_header_template":"0","ocean_custom_logo":0,"ocean_custom_retina_logo":0,"ocean_custom_logo_max_width":0,"ocean_custom_logo_tablet_max_width":0,"ocean_custom_logo_mobile_max_width":0,"ocean_custom_logo_max_height":0,"ocean_custom_logo_tablet_max_height":0,"ocean_custom_logo_mobile_max_height":0,"ocean_header_custom_menu":"0","ocean_menu_typo_font_family":"0","ocean_menu_typo_font_subset":"","ocean_menu_typo_font_size":0,"ocean_menu_typo_font_size_tablet":0,"ocean_menu_typo_font_size_mobile":0,"ocean_menu_typo_font_size_unit":"px","ocean_menu_typo_font_weight":"","ocean_menu_typo_font_weight_tablet":"","ocean_menu_typo_font_weight_mobile":"","ocean_menu_typo_transform":"","ocean_menu_typo_transform_tablet":"","ocean_menu_typo_transform_mobile":"","ocean_menu_typo_line_height":0,"ocean_menu_typo_line_height_tablet":0,"ocean_menu_typo_line_height_mobile":0,"ocean_menu_typo_line_height_unit":"","ocean_menu_typo_spacing":0,"ocean_menu_typo_spacing_tablet":0,"ocean_menu_typo_spacing_mobile":0,"ocean_menu_typo_spacing_unit":"","ocean_menu_link_color":"","ocean_menu_link_color_hover":"","ocean_menu_link_color_active":"","ocean_menu_link_background":"","ocean_menu_link_hover_background":"","ocean_menu_link_active_background":"","ocean_menu_social_links_bg":"","ocean_menu_social_hover_links_bg":"","ocean_menu_social_links_color":"","ocean_menu_social_hover_links_color":"","ocean_disable_title":"default","ocean_disable_heading":"default","ocean_post_title":"","ocean_post_subheading":"","ocean_post_title_style":"","ocean_post_title_background_color":"","ocean_post_title_background":0,"ocean_post_title_bg_image_position":"","ocean_post_title_bg_image_attachment":"","ocean_post_title_bg_image_repeat":"","ocean_post_title_bg_image_size":"","ocean_post_title_height":0,"ocean_post_title_bg_overlay":0.5,"ocean_post_title_bg_overlay_color":"","ocean_disable_breadcrumbs":"default","ocean_breadcrumbs_color":"","ocean_breadcrumbs_separator_color":"","ocean_breadcrumbs_links_color":"","ocean_breadcrumbs_links_hover_color":"","ocean_display_footer_widgets":"default","ocean_display_footer_bottom":"default","ocean_custom_footer_template":"0","osh_disable_topbar_sticky":"default","osh_disable_header_sticky":"default","osh_sticky_header_style":"default","osh_sticky_header_effect":"","osh_custom_sticky_logo":0,"osh_custom_retina_sticky_logo":0,"osh_custom_sticky_logo_height":0,"osh_background_color":"","osh_links_color":"","osh_links_hover_color":"","osh_links_active_color":"","osh_links_bg_color":"","osh_links_hover_bg_color":"","osh_links_active_bg_color":"","osh_menu_social_links_color":"","osh_menu_social_hover_links_color":""},"product_brand":[],"product_cat":[53,50],"product_tag":[139,138,137],"class_list":{"0":"post-3177","1":"product","2":"type-product","3":"status-publish","4":"has-post-thumbnail","6":"product_cat-resistance-oil-distributors","7":"product_cat-resistance-thin-oil-systems","8":"product_tag-oil-distributor","9":"product_tag-pipeline-connector","10":"product_tag-resistance-distributor","12":"entry","13":"has-media","15":"first","16":"instock","17":"shipping-taxable","18":"product-type-external","19":"col","20":"span_1_of_3","21":"owp-content-center","22":"owp-thumbs-layout-horizontal","23":"owp-btn-very-big","24":"owp-tabs-layout-horizontal"},"_links":{"self":[{"href":"https:\/\/www.jinpinlub.com\/pl\/wp-json\/wp\/v2\/product\/3177","targetHints":{"allow":["GET"]}}],"collection":[{"href":"https:\/\/www.jinpinlub.com\/pl\/wp-json\/wp\/v2\/product"}],"about":[{"href":"https:\/\/www.jinpinlub.com\/pl\/wp-json\/wp\/v2\/types\/product"}],"wp:featuredmedia":[{"embeddable":true,"href":"https:\/\/www.jinpinlub.com\/pl\/wp-json\/wp\/v2\/media\/3083"}],"wp:attachment":[{"href":"https:\/\/www.jinpinlub.com\/pl\/wp-json\/wp\/v2\/media?parent=3177"}],"wp:term":[{"taxonomy":"product_brand","embeddable":true,"href":"https:\/\/www.jinpinlub.com\/pl\/wp-json\/wp\/v2\/product_brand?post=3177"},{"taxonomy":"product_cat","embeddable":true,"href":"https:\/\/www.jinpinlub.com\/pl\/wp-json\/wp\/v2\/product_cat?post=3177"},{"taxonomy":"product_tag","embeddable":true,"href":"https:\/\/www.jinpinlub.com\/pl\/wp-json\/wp\/v2\/product_tag?post=3177"}],"curies":[{"name":"wp","href":"https:\/\/api.w.org\/{rel}","templated":true}]}}