{"id":3178,"date":"2024-08-10T03:32:45","date_gmt":"2024-08-10T03:32:45","guid":{"rendered":"https:\/\/www.jinpinlub.com\/?post_type=product&#038;p=3178"},"modified":"2024-08-10T03:39:30","modified_gmt":"2024-08-10T03:39:30","slug":"separator-smaru-ze-stopu-cynku-typu-a-do-rurociagow-smarowniczych","status":"publish","type":"product","link":"https:\/\/www.jinpinlub.com\/pl\/product\/zinc-alloy-a-type-lubricant-separator-for-lubrication-pipeline\/","title":{"rendered":"Separator smaru ze stopu cynku typu A do ruroci\u0105g\u00f3w smarowych"},"content":{"rendered":"<h2>Cechy<\/h2>\n<p><span id=\"input-sentence~0\">1. Materia\u0142: Rozdzielacz typu A wykonany jest ze stopu cynku, kt\u00f3ry charakteryzuje si\u0119 dobr\u0105 odporno\u015bci\u0105 na korozj\u0119 i zu\u017cycie.<\/span><span id=\"input-sentence~1\"><br \/>\n2. Specyfikacje: Typowe specyfikacje to 4-, 5-, 6-, 7-, 8-, 10- i 12-dro\u017cne, a specyfikacja gwintu interfejsu to M8x1 lub M10x1.<br \/>\n3. Spos\u00f3b instalacji: Zwykle jest to rodzaj rury przelotowej, \u0142atwej w instalacji i konserwacji.<br \/>\n4. Zastosowanie: Do stosowania w uk\u0142adach olejowych wszystkich urz\u0105dze\u0144 mechanicznych w celu zapewnienia normalnej pracy urz\u0105dze\u0144 i przed\u0142u\u017cenia ich \u017cywotno\u015bci.<\/span><\/p>\n<h2>Specyfikacja<\/h2>\n<table>\n<tbody>\n<tr>\n<td>Zasada dzia\u0142ania<\/td>\n<td>Z\u0142\u0105cze ze stopu cynku<\/td>\n<\/tr>\n<tr>\n<td>Liczba punkt\u00f3w sprzeda\u017cy<\/td>\n<td>2, 3, 4, 5, 6,7, 8, 10<\/td>\n<\/tr>\n<tr>\n<td>Smar<\/td>\n<td>Smar lub olej<\/td>\n<\/tr>\n<tr>\n<td>Temperatura pracy<\/td>\n<td>(-20\u2103 do +60 \u00b0C)<\/td>\n<\/tr>\n<tr>\n<td>Ci\u015bnienie robocze<\/td>\n<td>Maksymalnie 420 bar\u00f3w<\/td>\n<\/tr>\n<tr>\n<td>Tworzywo<\/td>\n<td>Materia\u0142 stopu cynku<\/td>\n<\/tr>\n<tr>\n<td>G\u0142\u00f3wna linia przy\u0142\u0105czeniowa<\/td>\n<td>\u03a64(M8x1), \u03a66(M10x1)<\/td>\n<\/tr>\n<tr>\n<td>Gniazdo przy\u0142\u0105czeniowe<\/td>\n<td>\u03a64(M8x1), \u03a66(M10x1)<\/td>\n<\/tr>\n<tr>\n<td>Pozycja monta\u017cowa<\/td>\n<td>Ka\u017cdy<\/td>\n<\/tr>\n<\/tbody>\n<\/table>\n<h2>Aplikacja<\/h2>\n<p><span id=\"input-sentence~2\">1. Uk\u0142ad hydrauliczny: Rozdzielacz typu A jest stosowany jako g\u0142\u00f3wny element sk\u0142adowy do rozprowadzania i kontrolowania oleju hydraulicznego, kt\u00f3ry stanowi g\u0142\u00f3wny komponent uk\u0142adu hydraulicznego.<br \/>\n2. Uk\u0142ad smarowania: S\u0142u\u017cy do transportu oleju smaruj\u0105cego w obr\u0119bie uk\u0142adu smarowania r\u00f3\u017cnego rodzaju urz\u0105dze\u0144 mechanicznych.<\/span><span id=\"input-sentence~3\"><br \/>\n3. Uk\u0142ad pneumatyczny: S\u0142u\u017cy do rozprowadzania i sterowania spr\u0119\u017conym powietrzem w uk\u0142adzie pneumatycznym.<br \/>\n4. Przemys\u0142 chemiczny: Stanowi podstaw\u0119 r\u00f3\u017cnych form chemikali\u00f3w ciek\u0142ych i gazowych, kt\u00f3re s\u0105 dystrybuowane w przemy\u015ble chemicznym.<\/span><\/p>\n<h2>Instrukcje<\/h2>\n<div class=\"sdm_download_button_box_default\"><div class=\"sdm_download_link\"><a href=\"https:\/\/www.jinpinlub.com\/pl\/?sdm_process_download=1&download_id=3176\" class=\"sdm_download white\" title=\"Prywatne: Type-A Distributor\" target=\"&quot;_blank&quot;\">Wy\u015bwietl arkusz danych - Dystrybutor typu A<\/a><\/div><\/div>","protected":false},"excerpt":{"rendered":"<p>Dystrybutor typu A ze stopu cynku to z\u0142\u0105cze uk\u0142adu smarowania, wykonane z wysokiej jako\u015bci stopu cynku. Doskona\u0142e w\u0142a\u015bciwo\u015bci mechaniczne, odporno\u015b\u0107 na korozj\u0119, lekko\u015b\u0107 sprawiaj\u0105, \u017ce jest dobrze odbierany w r\u00f3\u017cnych nowoczesnych dziedzinach przemys\u0142u.<\/p>","protected":false},"featured_media":3087,"template":"","meta":{"ocean_post_layout":"","ocean_both_sidebars_style":"","ocean_both_sidebars_content_width":0,"ocean_both_sidebars_sidebars_width":0,"ocean_sidebar":"0","ocean_second_sidebar":"0","ocean_disable_margins":"enable","ocean_add_body_class":"","ocean_shortcode_before_top_bar":"","ocean_shortcode_after_top_bar":"","ocean_shortcode_before_header":"","ocean_shortcode_after_header":"","ocean_has_shortcode":"","ocean_shortcode_after_title":"","ocean_shortcode_before_footer_widgets":"","ocean_shortcode_after_footer_widgets":"","ocean_shortcode_before_footer_bottom":"","ocean_shortcode_after_footer_bottom":"","ocean_display_top_bar":"default","ocean_display_header":"default","ocean_header_style":"","ocean_center_header_left_menu":"0","ocean_custom_header_template":"0","ocean_custom_logo":0,"ocean_custom_retina_logo":0,"ocean_custom_logo_max_width":0,"ocean_custom_logo_tablet_max_width":0,"ocean_custom_logo_mobile_max_width":0,"ocean_custom_logo_max_height":0,"ocean_custom_logo_tablet_max_height":0,"ocean_custom_logo_mobile_max_height":0,"ocean_header_custom_menu":"0","ocean_menu_typo_font_family":"0","ocean_menu_typo_font_subset":"","ocean_menu_typo_font_size":0,"ocean_menu_typo_font_size_tablet":0,"ocean_menu_typo_font_size_mobile":0,"ocean_menu_typo_font_size_unit":"px","ocean_menu_typo_font_weight":"","ocean_menu_typo_font_weight_tablet":"","ocean_menu_typo_font_weight_mobile":"","ocean_menu_typo_transform":"","ocean_menu_typo_transform_tablet":"","ocean_menu_typo_transform_mobile":"","ocean_menu_typo_line_height":0,"ocean_menu_typo_line_height_tablet":0,"ocean_menu_typo_line_height_mobile":0,"ocean_menu_typo_line_height_unit":"","ocean_menu_typo_spacing":0,"ocean_menu_typo_spacing_tablet":0,"ocean_menu_typo_spacing_mobile":0,"ocean_menu_typo_spacing_unit":"","ocean_menu_link_color":"","ocean_menu_link_color_hover":"","ocean_menu_link_color_active":"","ocean_menu_link_background":"","ocean_menu_link_hover_background":"","ocean_menu_link_active_background":"","ocean_menu_social_links_bg":"","ocean_menu_social_hover_links_bg":"","ocean_menu_social_links_color":"","ocean_menu_social_hover_links_color":"","ocean_disable_title":"default","ocean_disable_heading":"default","ocean_post_title":"","ocean_post_subheading":"","ocean_post_title_style":"","ocean_post_title_background_color":"","ocean_post_title_background":0,"ocean_post_title_bg_image_position":"","ocean_post_title_bg_image_attachment":"","ocean_post_title_bg_image_repeat":"","ocean_post_title_bg_image_size":"","ocean_post_title_height":0,"ocean_post_title_bg_overlay":0.5,"ocean_post_title_bg_overlay_color":"","ocean_disable_breadcrumbs":"default","ocean_breadcrumbs_color":"","ocean_breadcrumbs_separator_color":"","ocean_breadcrumbs_links_color":"","ocean_breadcrumbs_links_hover_color":"","ocean_display_footer_widgets":"default","ocean_display_footer_bottom":"default","ocean_custom_footer_template":"0","osh_disable_topbar_sticky":"default","osh_disable_header_sticky":"default","osh_sticky_header_style":"default","osh_sticky_header_effect":"","osh_custom_sticky_logo":0,"osh_custom_retina_sticky_logo":0,"osh_custom_sticky_logo_height":0,"osh_background_color":"","osh_links_color":"","osh_links_hover_color":"","osh_links_active_color":"","osh_links_bg_color":"","osh_links_hover_bg_color":"","osh_links_active_bg_color":"","osh_menu_social_links_color":"","osh_menu_social_hover_links_color":""},"product_brand":[],"product_cat":[53,50],"product_tag":[141,140,142],"class_list":{"0":"post-3178","1":"product","2":"type-product","3":"status-publish","4":"has-post-thumbnail","6":"product_cat-resistance-oil-distributors","7":"product_cat-resistance-thin-oil-systems","8":"product_tag-lubrication-distributor","9":"product_tag-oil-divider","10":"product_tag-resistance-divider","12":"entry","13":"has-media","15":"first","16":"instock","17":"shipping-taxable","18":"product-type-external","19":"col","20":"span_1_of_3","21":"owp-content-center","22":"owp-thumbs-layout-horizontal","23":"owp-btn-very-big","24":"owp-tabs-layout-horizontal"},"_links":{"self":[{"href":"https:\/\/www.jinpinlub.com\/pl\/wp-json\/wp\/v2\/product\/3178","targetHints":{"allow":["GET"]}}],"collection":[{"href":"https:\/\/www.jinpinlub.com\/pl\/wp-json\/wp\/v2\/product"}],"about":[{"href":"https:\/\/www.jinpinlub.com\/pl\/wp-json\/wp\/v2\/types\/product"}],"wp:featuredmedia":[{"embeddable":true,"href":"https:\/\/www.jinpinlub.com\/pl\/wp-json\/wp\/v2\/media\/3087"}],"wp:attachment":[{"href":"https:\/\/www.jinpinlub.com\/pl\/wp-json\/wp\/v2\/media?parent=3178"}],"wp:term":[{"taxonomy":"product_brand","embeddable":true,"href":"https:\/\/www.jinpinlub.com\/pl\/wp-json\/wp\/v2\/product_brand?post=3178"},{"taxonomy":"product_cat","embeddable":true,"href":"https:\/\/www.jinpinlub.com\/pl\/wp-json\/wp\/v2\/product_cat?post=3178"},{"taxonomy":"product_tag","embeddable":true,"href":"https:\/\/www.jinpinlub.com\/pl\/wp-json\/wp\/v2\/product_tag?post=3178"}],"curies":[{"name":"wp","href":"https:\/\/api.w.org\/{rel}","templated":true}]}}