{"id":3180,"date":"2024-08-10T09:33:30","date_gmt":"2024-08-10T09:33:30","guid":{"rendered":"https:\/\/www.jinpinlub.com\/?post_type=product&#038;p=3180"},"modified":"2024-08-10T09:43:43","modified_gmt":"2024-08-10T09:43:43","slug":"stop-cynku-typu-rozdzielacz-typu-a-do-zaworu-ilosciowego","status":"publish","type":"product","link":"https:\/\/www.jinpinlub.com\/pl\/product\/zinc-alloy-a-type-distributor-junction-for-quantitative-valve\/","title":{"rendered":"Z\u0142\u0105cze rozdzielacza typu A ze stopu cynku do zaworu ilo\u015bciowego"},"content":{"rendered":"<h2>Cechy<\/h2>\n<p><span id=\"input-sentence~1\">1. Mo\u017ce wytrzyma\u0107 okre\u015blone ci\u015bnienie robocze, aby zapewni\u0107 stabiln\u0105 prac\u0119 uk\u0142adu ruroci\u0105g\u00f3w smarowniczych.<br \/>\n2. Rozdzielacz typu A stosuje si\u0119 w po\u0142\u0105czeniu z tulej\u0105 zaciskow\u0105 i tulej\u0105 zaciskow\u0105 w celu zamocowania przewodu olejowego.<\/span><span id=\"input-sentence~2\"><br \/>\n3. Rozdzielacz typu A mo\u017cna pod\u0142\u0105czy\u0107 do zaworu dozuj\u0105cego jednokierunkowego lub do z\u0142\u0105cza roz\u0142adowczego proporcjonalnego, tworz\u0105c rozdzielacz oporowy.<br \/>\n4. Dystrybutor typu A ze z\u0142\u0105czem tulejowym nie ma wymaga\u0144 co do materia\u0142u rury. Mo\u017cna stosowa\u0107 rury nylonowe, miedziane i aluminiowe.<\/span><\/p>\n<h2>Specyfikacja<\/h2>\n<table>\n<tbody>\n<tr>\n<td>Zasada dzia\u0142ania<\/td>\n<td>Z\u0142\u0105cze ze stopu cynku<\/td>\n<\/tr>\n<tr>\n<td>Liczba punkt\u00f3w sprzeda\u017cy<\/td>\n<td>2, 3, 4, 5, 6,7, 8, 10<\/td>\n<\/tr>\n<tr>\n<td>Smar<\/td>\n<td>Smar lub olej<\/td>\n<\/tr>\n<tr>\n<td>Temperatura pracy<\/td>\n<td>(-20\u2103 do +60 \u00b0C)<\/td>\n<\/tr>\n<tr>\n<td>Ci\u015bnienie robocze<\/td>\n<td>Maksymalnie 420 bar\u00f3w<\/td>\n<\/tr>\n<tr>\n<td>Tworzywo<\/td>\n<td>Materia\u0142 stopu cynku<\/td>\n<\/tr>\n<tr>\n<td>G\u0142\u00f3wna linia przy\u0142\u0105czeniowa<\/td>\n<td>\u03a64(M8x1), \u03a66(M10x1)<\/td>\n<\/tr>\n<tr>\n<td>Gniazdo przy\u0142\u0105czeniowe<\/td>\n<td>\u03a64(M8x1), \u03a66(M10x1)<\/td>\n<\/tr>\n<tr>\n<td>Pozycja monta\u017cowa<\/td>\n<td>Ka\u017cdy<\/td>\n<\/tr>\n<\/tbody>\n<\/table>\n<h2>Aplikacja<\/h2>\n<p>Ten sprz\u0119t mechaniczny ma zastosowanie jako typowy, szeroko stosowany rozdzielacz oleju w centralnym systemie smarowania tokarek, frezarek, wtryskarek i dziurkarek.<br \/>\ns\u0142u\u017cy do \u0142\u0105czenia r\u00f3\u017cnych ruroci\u0105g\u00f3w naftowych, a nast\u0119pnie rozprowadzania oleju smarowego. Zapewnia p\u0142ynne dostarczanie oleju do ka\u017cdego punktu smarowania, zwi\u0119kszaj\u0105c tym samym \u017cywotno\u015b\u0107 sprz\u0119tu.<\/p>\n<h2>Instrukcje<\/h2>\n<div class=\"sdm_download_button_box_default\"><div class=\"sdm_download_link\"><a href=\"https:\/\/www.jinpinlub.com\/pl\/?sdm_process_download=1&download_id=3176\" class=\"sdm_download white\" title=\"Prywatne: Type-A Distributor\" target=\"&quot;_blank&quot;\">Wy\u015bwietl arkusz danych - Dystrybutor typu A<\/a><\/div><\/div>","protected":false},"excerpt":{"rendered":"<p>Rozdzielacz typu A to rozdzielacz stosowany w ruroci\u0105gach smarowych. Jest stosowany w uk\u0142adach smarowania maszyn do formowania wtryskowego, drukowania, pakowania, toczenia i frezowania oraz innych urz\u0105dze\u0144, ma zalety odporno\u015bci na korozj\u0119 i rdz\u0119.<\/p>","protected":false},"featured_media":3098,"template":"","meta":{"ocean_post_layout":"","ocean_both_sidebars_style":"","ocean_both_sidebars_content_width":0,"ocean_both_sidebars_sidebars_width":0,"ocean_sidebar":"0","ocean_second_sidebar":"0","ocean_disable_margins":"enable","ocean_add_body_class":"","ocean_shortcode_before_top_bar":"","ocean_shortcode_after_top_bar":"","ocean_shortcode_before_header":"","ocean_shortcode_after_header":"","ocean_has_shortcode":"","ocean_shortcode_after_title":"","ocean_shortcode_before_footer_widgets":"","ocean_shortcode_after_footer_widgets":"","ocean_shortcode_before_footer_bottom":"","ocean_shortcode_after_footer_bottom":"","ocean_display_top_bar":"default","ocean_display_header":"default","ocean_header_style":"","ocean_center_header_left_menu":"0","ocean_custom_header_template":"0","ocean_custom_logo":0,"ocean_custom_retina_logo":0,"ocean_custom_logo_max_width":0,"ocean_custom_logo_tablet_max_width":0,"ocean_custom_logo_mobile_max_width":0,"ocean_custom_logo_max_height":0,"ocean_custom_logo_tablet_max_height":0,"ocean_custom_logo_mobile_max_height":0,"ocean_header_custom_menu":"0","ocean_menu_typo_font_family":"0","ocean_menu_typo_font_subset":"","ocean_menu_typo_font_size":0,"ocean_menu_typo_font_size_tablet":0,"ocean_menu_typo_font_size_mobile":0,"ocean_menu_typo_font_size_unit":"px","ocean_menu_typo_font_weight":"","ocean_menu_typo_font_weight_tablet":"","ocean_menu_typo_font_weight_mobile":"","ocean_menu_typo_transform":"","ocean_menu_typo_transform_tablet":"","ocean_menu_typo_transform_mobile":"","ocean_menu_typo_line_height":0,"ocean_menu_typo_line_height_tablet":0,"ocean_menu_typo_line_height_mobile":0,"ocean_menu_typo_line_height_unit":"","ocean_menu_typo_spacing":0,"ocean_menu_typo_spacing_tablet":0,"ocean_menu_typo_spacing_mobile":0,"ocean_menu_typo_spacing_unit":"","ocean_menu_link_color":"","ocean_menu_link_color_hover":"","ocean_menu_link_color_active":"","ocean_menu_link_background":"","ocean_menu_link_hover_background":"","ocean_menu_link_active_background":"","ocean_menu_social_links_bg":"","ocean_menu_social_hover_links_bg":"","ocean_menu_social_links_color":"","ocean_menu_social_hover_links_color":"","ocean_disable_title":"default","ocean_disable_heading":"default","ocean_post_title":"","ocean_post_subheading":"","ocean_post_title_style":"","ocean_post_title_background_color":"","ocean_post_title_background":0,"ocean_post_title_bg_image_position":"","ocean_post_title_bg_image_attachment":"","ocean_post_title_bg_image_repeat":"","ocean_post_title_bg_image_size":"","ocean_post_title_height":0,"ocean_post_title_bg_overlay":0.5,"ocean_post_title_bg_overlay_color":"","ocean_disable_breadcrumbs":"default","ocean_breadcrumbs_color":"","ocean_breadcrumbs_separator_color":"","ocean_breadcrumbs_links_color":"","ocean_breadcrumbs_links_hover_color":"","ocean_display_footer_widgets":"default","ocean_display_footer_bottom":"default","ocean_custom_footer_template":"0","osh_disable_topbar_sticky":"default","osh_disable_header_sticky":"default","osh_sticky_header_style":"default","osh_sticky_header_effect":"","osh_custom_sticky_logo":0,"osh_custom_retina_sticky_logo":0,"osh_custom_sticky_logo_height":0,"osh_background_color":"","osh_links_color":"","osh_links_hover_color":"","osh_links_active_color":"","osh_links_bg_color":"","osh_links_hover_bg_color":"","osh_links_active_bg_color":"","osh_menu_social_links_color":"","osh_menu_social_hover_links_color":""},"product_brand":[],"product_cat":[53,50],"product_tag":[145,146,137],"class_list":{"0":"post-3180","1":"product","2":"type-product","3":"status-publish","4":"has-post-thumbnail","6":"product_cat-resistance-oil-distributors","7":"product_cat-resistance-thin-oil-systems","8":"product_tag-lubricating-oil-block","9":"product_tag-oil-circuit-accessories","10":"product_tag-resistance-distributor","12":"entry","13":"has-media","15":"first","16":"instock","17":"shipping-taxable","18":"product-type-external","19":"col","20":"span_1_of_3","21":"owp-content-center","22":"owp-thumbs-layout-horizontal","23":"owp-btn-very-big","24":"owp-tabs-layout-horizontal"},"_links":{"self":[{"href":"https:\/\/www.jinpinlub.com\/pl\/wp-json\/wp\/v2\/product\/3180","targetHints":{"allow":["GET"]}}],"collection":[{"href":"https:\/\/www.jinpinlub.com\/pl\/wp-json\/wp\/v2\/product"}],"about":[{"href":"https:\/\/www.jinpinlub.com\/pl\/wp-json\/wp\/v2\/types\/product"}],"wp:featuredmedia":[{"embeddable":true,"href":"https:\/\/www.jinpinlub.com\/pl\/wp-json\/wp\/v2\/media\/3098"}],"wp:attachment":[{"href":"https:\/\/www.jinpinlub.com\/pl\/wp-json\/wp\/v2\/media?parent=3180"}],"wp:term":[{"taxonomy":"product_brand","embeddable":true,"href":"https:\/\/www.jinpinlub.com\/pl\/wp-json\/wp\/v2\/product_brand?post=3180"},{"taxonomy":"product_cat","embeddable":true,"href":"https:\/\/www.jinpinlub.com\/pl\/wp-json\/wp\/v2\/product_cat?post=3180"},{"taxonomy":"product_tag","embeddable":true,"href":"https:\/\/www.jinpinlub.com\/pl\/wp-json\/wp\/v2\/product_tag?post=3180"}],"curies":[{"name":"wp","href":"https:\/\/api.w.org\/{rel}","templated":true}]}}