{"id":3189,"date":"2024-08-11T17:36:24","date_gmt":"2024-08-11T17:36:24","guid":{"rendered":"https:\/\/www.jinpinlub.com\/?post_type=product&#038;p=3189"},"modified":"2024-08-14T19:37:57","modified_gmt":"2024-08-14T19:37:57","slug":"mb40-mosiezny-gwint-dolne-polaczenie-czarny-manometr","status":"publish","type":"product","link":"https:\/\/www.jinpinlub.com\/pl\/product\/mb40-brass-thread-bottom-connection-black-pressure-gauge\/","title":{"rendered":"MB40 Mosi\u0119\u017cny gwint dolny do pod\u0142\u0105czenia manometru w kolorze czarnym"},"content":{"rendered":"<h2>Cechy<\/h2>\n<p>Instalacja i regulacja:<br \/>\nStopie\u0144 dok\u0142adno\u015bci: Wybierz manometr o wymaganym stopniu dok\u0142adno\u015bci, bior\u0105c pod uwag\u0119 specyfik\u0119 zastosowania konkretnego systemu pompy smarowniczej.<br \/>\nMiejsce instalacji: Manometr nale\u017cy zainstalowa\u0107 na pompie smaruj\u0105cej w odpowiednim miejscu, aby wskazanie dok\u0142adnie odzwierciedla\u0142o ci\u015bnienie robocze uk\u0142adu.<br \/>\nProcedura regulacji: Zmie\u0144 ci\u015bnienie w uk\u0142adzie, reguluj\u0105c zaw\u00f3r reguluj\u0105cy ci\u015bnienie pompy smaruj\u0105cej. Obr\u00f3t w kierunku zgodnym z ruchem wskaz\u00f3wek zegara zwi\u0119kszy ci\u015bnienie; obr\u00f3t w kierunku przeciwnym do ruchu wskaz\u00f3wek zegara zmniejszy ci\u015bnienie. Reguluj powoli, aby zapobiec skokom ci\u015bnienia w uk\u0142adzie.<\/p>\n<h2>Specyfikacja<\/h2>\n<table>\n<tbody>\n<tr>\n<td>Model<\/td>\n<td>Bar<\/td>\n<td>Szeroko\u015b\u0107<\/td>\n<td>D\u0142ugo\u015b\u0107<\/td>\n<td>Typ<\/td>\n<\/tr>\n<tr>\n<td>M-15<\/td>\n<td>15<\/td>\n<td>40mm<\/td>\n<td>38mm<\/td>\n<td>Suchy<\/td>\n<\/tr>\n<tr>\n<td>M-40<\/td>\n<td>40<\/td>\n<td>40mm<\/td>\n<td>38mm<\/td>\n<td>Suchy<\/td>\n<\/tr>\n<tr>\n<td>MB-40<\/td>\n<td>40<\/td>\n<td>47mm<\/td>\n<td>60mm<\/td>\n<td>Olej<\/td>\n<\/tr>\n<tr>\n<td>MB-60<\/td>\n<td>60<\/td>\n<td>47mm<\/td>\n<td>60mm<\/td>\n<td>Olej<\/td>\n<\/tr>\n<tr>\n<td>MB-100<\/td>\n<td>100<\/td>\n<td>47mm<\/td>\n<td>60mm<\/td>\n<td>Olej<\/td>\n<\/tr>\n<tr>\n<td>MB-250<\/td>\n<td>250<\/td>\n<td>58mm<\/td>\n<td>75mm<\/td>\n<td>Olej<\/td>\n<\/tr>\n<tr>\n<td>MB-400<\/td>\n<td>400<\/td>\n<td>58mm<\/td>\n<td>75mm<\/td>\n<td>Olej<\/td>\n<\/tr>\n<tr>\n<td>MB-600<\/td>\n<td>600<\/td>\n<td>58mm<\/td>\n<td>75mm<\/td>\n<td>Olej<\/td>\n<\/tr>\n<tr>\n<td>MB-700<\/td>\n<td>700<\/td>\n<td>58mm<\/td>\n<td>75mm<\/td>\n<td>Olej<\/td>\n<\/tr>\n<\/tbody>\n<\/table>\n<h2>Zasada<\/h2>\n<p>1. Ci\u015bnienie z pompy smaruj\u0105cej, przy\u0142o\u017cone do jej elastycznego elementu w manometrze, odkszta\u0142ci si\u0119 elastycznie w spos\u00f3b proporcjonalny do tego ci\u015bnienia.<br \/>\n2. W miar\u0119 przesuwania si\u0119 mechanizmu przek\u0142adniowego, wskaz\u00f3wka b\u0119dzie przesuwa\u0107 si\u0119 wzd\u0142u\u017c tarczy manometru i ostatecznie zatrzyma si\u0119 na warto\u015bci skali reprezentuj\u0105cej ci\u015bnienie pompy.<br \/>\n3. \u201eZanurzony w oleju\u201d oznacza, \u017ce wn\u0119trze manometru jest wype\u0142nione olejem. Jest to pomocna konstrukcja, kt\u00f3ra zmniejsza utlenianie i korozj\u0119 elementu elastycznego, poprawiaj\u0105c tym samym stabilno\u015b\u0107 i \u017cywotno\u015b\u0107 manometru. Z drugiej strony olej mo\u017ce amortyzowa\u0107 wstrz\u0105sy i zmniejsza\u0107 wstrz\u0105sy, a tak\u017ce zwi\u0119ksza\u0107 dok\u0142adno\u015b\u0107 odczytu manometru.<\/p>\n<h2>Instrukcje<\/h2>\n<div class=\"sdm_download_button_box_default\"><div class=\"sdm_download_link\"><a href=\"https:\/\/www.jinpinlub.com\/pl\/?sdm_process_download=1&download_id=3175\" class=\"sdm_download white\" title=\"Prywatne: PS\/F\/MF\/MFB\/M\/MB\" target=\"&quot;_blank&quot;\">Wy\u015bwietl arkusz danych - PS\/F\/MF\/MFB\/M\/MB<\/a><\/div><\/div>","protected":false},"excerpt":{"rendered":"<p>Manometr 4 MPa s\u0142u\u017cy do monitorowania ci\u015bnienia roboczego pompy smaruj\u0105cej, aby upewni\u0107 si\u0119, \u017ce ci\u015bnienie w uk\u0142adzie mie\u015bci si\u0119 w bezpiecznym zakresie, zapewniaj\u0105c tym samym skuteczno\u015b\u0107 smarowania i bezpieczn\u0105 prac\u0119 sprz\u0119tu.<\/p>","protected":false},"featured_media":3112,"template":"","meta":{"ocean_post_layout":"","ocean_both_sidebars_style":"","ocean_both_sidebars_content_width":0,"ocean_both_sidebars_sidebars_width":0,"ocean_sidebar":"0","ocean_second_sidebar":"0","ocean_disable_margins":"enable","ocean_add_body_class":"","ocean_shortcode_before_top_bar":"","ocean_shortcode_after_top_bar":"","ocean_shortcode_before_header":"","ocean_shortcode_after_header":"","ocean_has_shortcode":"","ocean_shortcode_after_title":"","ocean_shortcode_before_footer_widgets":"","ocean_shortcode_after_footer_widgets":"","ocean_shortcode_before_footer_bottom":"","ocean_shortcode_after_footer_bottom":"","ocean_display_top_bar":"default","ocean_display_header":"default","ocean_header_style":"","ocean_center_header_left_menu":"0","ocean_custom_header_template":"0","ocean_custom_logo":0,"ocean_custom_retina_logo":0,"ocean_custom_logo_max_width":0,"ocean_custom_logo_tablet_max_width":0,"ocean_custom_logo_mobile_max_width":0,"ocean_custom_logo_max_height":0,"ocean_custom_logo_tablet_max_height":0,"ocean_custom_logo_mobile_max_height":0,"ocean_header_custom_menu":"0","ocean_menu_typo_font_family":"0","ocean_menu_typo_font_subset":"","ocean_menu_typo_font_size":0,"ocean_menu_typo_font_size_tablet":0,"ocean_menu_typo_font_size_mobile":0,"ocean_menu_typo_font_size_unit":"px","ocean_menu_typo_font_weight":"","ocean_menu_typo_font_weight_tablet":"","ocean_menu_typo_font_weight_mobile":"","ocean_menu_typo_transform":"","ocean_menu_typo_transform_tablet":"","ocean_menu_typo_transform_mobile":"","ocean_menu_typo_line_height":0,"ocean_menu_typo_line_height_tablet":0,"ocean_menu_typo_line_height_mobile":0,"ocean_menu_typo_line_height_unit":"","ocean_menu_typo_spacing":0,"ocean_menu_typo_spacing_tablet":0,"ocean_menu_typo_spacing_mobile":0,"ocean_menu_typo_spacing_unit":"","ocean_menu_link_color":"","ocean_menu_link_color_hover":"","ocean_menu_link_color_active":"","ocean_menu_link_background":"","ocean_menu_link_hover_background":"","ocean_menu_link_active_background":"","ocean_menu_social_links_bg":"","ocean_menu_social_hover_links_bg":"","ocean_menu_social_links_color":"","ocean_menu_social_hover_links_color":"","ocean_disable_title":"default","ocean_disable_heading":"default","ocean_post_title":"","ocean_post_subheading":"","ocean_post_title_style":"","ocean_post_title_background_color":"","ocean_post_title_background":0,"ocean_post_title_bg_image_position":"","ocean_post_title_bg_image_attachment":"","ocean_post_title_bg_image_repeat":"","ocean_post_title_bg_image_size":"","ocean_post_title_height":0,"ocean_post_title_bg_overlay":0.5,"ocean_post_title_bg_overlay_color":"","ocean_disable_breadcrumbs":"default","ocean_breadcrumbs_color":"","ocean_breadcrumbs_separator_color":"","ocean_breadcrumbs_links_color":"","ocean_breadcrumbs_links_hover_color":"","ocean_display_footer_widgets":"default","ocean_display_footer_bottom":"default","ocean_custom_footer_template":"0","osh_disable_topbar_sticky":"default","osh_disable_header_sticky":"default","osh_sticky_header_style":"default","osh_sticky_header_effect":"","osh_custom_sticky_logo":0,"osh_custom_retina_sticky_logo":0,"osh_custom_sticky_logo_height":0,"osh_background_color":"","osh_links_color":"","osh_links_hover_color":"","osh_links_active_color":"","osh_links_bg_color":"","osh_links_hover_bg_color":"","osh_links_active_bg_color":"","osh_menu_social_links_color":"","osh_menu_social_hover_links_color":""},"product_brand":[],"product_cat":[31],"product_tag":[155,154,151],"class_list":{"0":"post-3189","1":"product","2":"type-product","3":"status-publish","4":"has-post-thumbnail","6":"product_cat-lube-system-accessories","7":"product_tag-lubrication-pump-pressure-gauge","8":"product_tag-lubrication-system-pressure-gauge","9":"product_tag-pressure-gauge","11":"entry","12":"has-media","14":"first","15":"instock","16":"shipping-taxable","17":"product-type-external","18":"col","19":"span_1_of_3","20":"owp-content-center","21":"owp-thumbs-layout-horizontal","22":"owp-btn-very-big","23":"owp-tabs-layout-horizontal"},"_links":{"self":[{"href":"https:\/\/www.jinpinlub.com\/pl\/wp-json\/wp\/v2\/product\/3189","targetHints":{"allow":["GET"]}}],"collection":[{"href":"https:\/\/www.jinpinlub.com\/pl\/wp-json\/wp\/v2\/product"}],"about":[{"href":"https:\/\/www.jinpinlub.com\/pl\/wp-json\/wp\/v2\/types\/product"}],"wp:featuredmedia":[{"embeddable":true,"href":"https:\/\/www.jinpinlub.com\/pl\/wp-json\/wp\/v2\/media\/3112"}],"wp:attachment":[{"href":"https:\/\/www.jinpinlub.com\/pl\/wp-json\/wp\/v2\/media?parent=3189"}],"wp:term":[{"taxonomy":"product_brand","embeddable":true,"href":"https:\/\/www.jinpinlub.com\/pl\/wp-json\/wp\/v2\/product_brand?post=3189"},{"taxonomy":"product_cat","embeddable":true,"href":"https:\/\/www.jinpinlub.com\/pl\/wp-json\/wp\/v2\/product_cat?post=3189"},{"taxonomy":"product_tag","embeddable":true,"href":"https:\/\/www.jinpinlub.com\/pl\/wp-json\/wp\/v2\/product_tag?post=3189"}],"curies":[{"name":"wp","href":"https:\/\/api.w.org\/{rel}","templated":true}]}}