{"id":3190,"date":"2024-08-11T17:46:04","date_gmt":"2024-08-11T17:46:04","guid":{"rendered":"https:\/\/www.jinpinlub.com\/?post_type=product&#038;p=3190"},"modified":"2024-08-14T19:37:48","modified_gmt":"2024-08-14T19:37:48","slug":"10mpa-zanurzeniowy-pionowy-manometr-cisnienia-do-pompy-smarujacej","status":"publish","type":"product","link":"https:\/\/www.jinpinlub.com\/pl\/product\/10mpa-immersion-vertical-pressure-gauge-for-lubrication-pump\/","title":{"rendered":"10MPa Manometr zanurzeniowy pionowy do pompy smaruj\u0105cej"},"content":{"rendered":"<h2>Cechy<\/h2>\n<p><span id=\"input-sentence~0\">1. Manometr jest stabilny i niezawodny w u\u017cytkowaniu: ma ma\u0142\u0105 \u015brednic\u0119 i kompaktow\u0105 budow\u0119, co sprawia, \u017ce doskonale nadaje si\u0119 do stosowania w pompach smarowniczych.<\/span><span id=\"input-sentence~1\"><br \/>\n2. Manometr M100 jest wyposa\u017cony w przezroczyst\u0105, bardzo wytrzyma\u0142\u0105 os\u0142on\u0119 akrylow\u0105.<br \/>\n3. Z\u0142\u0105cze manometru wykonane jest z czystej miedzi klasy A.<br \/>\n4. Manometr M100 ma pow\u0142ok\u0119 elektrolityczn\u0105 z \u017celaza, kt\u00f3ra pomaga chroni\u0107 przyrz\u0105d przed niemal wszystkimi rodzajami korozji.<br \/>\n5. Manometry ci\u015bnienia s\u0105 typu pionowego zanurzeniowego, odpornego na wibracje, ze skal\u0105 wskazuj\u0105c\u0105 dok\u0142adn\u0105 warto\u015b\u0107.<\/span><\/p>\n<h2>Specyfikacja<\/h2>\n<table>\n<tbody>\n<tr>\n<td>Model<\/td>\n<td>Bar<\/td>\n<td>Szeroko\u015b\u0107<\/td>\n<td>D\u0142ugo\u015b\u0107<\/td>\n<td>Typ<\/td>\n<\/tr>\n<tr>\n<td>M-15<\/td>\n<td>15<\/td>\n<td>40mm<\/td>\n<td>38mm<\/td>\n<td>Suchy<\/td>\n<\/tr>\n<tr>\n<td>M-40<\/td>\n<td>40<\/td>\n<td>40mm<\/td>\n<td>38mm<\/td>\n<td>Suchy<\/td>\n<\/tr>\n<tr>\n<td>MB-40<\/td>\n<td>40<\/td>\n<td>47mm<\/td>\n<td>60mm<\/td>\n<td>Olej<\/td>\n<\/tr>\n<tr>\n<td>MB-60<\/td>\n<td>60<\/td>\n<td>47mm<\/td>\n<td>60mm<\/td>\n<td>Olej<\/td>\n<\/tr>\n<tr>\n<td>MB-100<\/td>\n<td>100<\/td>\n<td>47mm<\/td>\n<td>60mm<\/td>\n<td>Olej<\/td>\n<\/tr>\n<tr>\n<td>MB-250<\/td>\n<td>250<\/td>\n<td>58mm<\/td>\n<td>75mm<\/td>\n<td>Olej<\/td>\n<\/tr>\n<tr>\n<td>MB-400<\/td>\n<td>400<\/td>\n<td>58mm<\/td>\n<td>75mm<\/td>\n<td>Olej<\/td>\n<\/tr>\n<tr>\n<td>MB-600<\/td>\n<td>600<\/td>\n<td>58mm<\/td>\n<td>75mm<\/td>\n<td>Olej<\/td>\n<\/tr>\n<tr>\n<td>MB-700<\/td>\n<td>700<\/td>\n<td>58mm<\/td>\n<td>75mm<\/td>\n<td>Olej<\/td>\n<\/tr>\n<\/tbody>\n<\/table>\n<h2>Zasada<\/h2>\n<p>Opr\u00f3cz wa\u017cnego zastosowania w pompach smarowniczych, MB100 jest r\u00f3wnie\u017c szeroko stosowany w materia\u0142ach budowlanych, warsztatach, warsztatach napraw mechanicznych, zak\u0142adach produkcyjnych, energetyce i g\u00f3rnictwie, projektach budowlanych, w produkcji cz\u0119\u015bci samochodowych, przy produkcji akcesori\u00f3w do obrabiarek itp.<\/p>\n<h2>Instrukcje<\/h2>\n<div class=\"sdm_download_button_box_default\"><div class=\"sdm_download_link\"><a href=\"https:\/\/www.jinpinlub.com\/pl\/?sdm_process_download=1&download_id=3175\" class=\"sdm_download white\" title=\"Prywatne: PS\/F\/MF\/MFB\/M\/MB\" target=\"&quot;_blank&quot;\">Wy\u015bwietl arkusz danych - PS\/F\/MF\/MFB\/M\/MB<\/a><\/div><\/div>","protected":false},"excerpt":{"rendered":"<p>Manometr 10 Mpa jest stosowany g\u0142\u00f3wnie w elektrycznych pompach smarowych i r\u0119cznych pompach smarowych jako akcesorium uk\u0142adu ci\u015bnieniowego wymagaj\u0105cego wy\u017cszego ci\u015bnienia. S\u0105 one wype\u0142nione olejem i mog\u0105 by\u0107 stosowane w maszynach wibracyjnych.<\/p>","protected":false},"featured_media":3115,"template":"","meta":{"ocean_post_layout":"","ocean_both_sidebars_style":"","ocean_both_sidebars_content_width":0,"ocean_both_sidebars_sidebars_width":0,"ocean_sidebar":"0","ocean_second_sidebar":"0","ocean_disable_margins":"enable","ocean_add_body_class":"","ocean_shortcode_before_top_bar":"","ocean_shortcode_after_top_bar":"","ocean_shortcode_before_header":"","ocean_shortcode_after_header":"","ocean_has_shortcode":"","ocean_shortcode_after_title":"","ocean_shortcode_before_footer_widgets":"","ocean_shortcode_after_footer_widgets":"","ocean_shortcode_before_footer_bottom":"","ocean_shortcode_after_footer_bottom":"","ocean_display_top_bar":"default","ocean_display_header":"default","ocean_header_style":"","ocean_center_header_left_menu":"0","ocean_custom_header_template":"0","ocean_custom_logo":0,"ocean_custom_retina_logo":0,"ocean_custom_logo_max_width":0,"ocean_custom_logo_tablet_max_width":0,"ocean_custom_logo_mobile_max_width":0,"ocean_custom_logo_max_height":0,"ocean_custom_logo_tablet_max_height":0,"ocean_custom_logo_mobile_max_height":0,"ocean_header_custom_menu":"0","ocean_menu_typo_font_family":"0","ocean_menu_typo_font_subset":"","ocean_menu_typo_font_size":0,"ocean_menu_typo_font_size_tablet":0,"ocean_menu_typo_font_size_mobile":0,"ocean_menu_typo_font_size_unit":"px","ocean_menu_typo_font_weight":"","ocean_menu_typo_font_weight_tablet":"","ocean_menu_typo_font_weight_mobile":"","ocean_menu_typo_transform":"","ocean_menu_typo_transform_tablet":"","ocean_menu_typo_transform_mobile":"","ocean_menu_typo_line_height":0,"ocean_menu_typo_line_height_tablet":0,"ocean_menu_typo_line_height_mobile":0,"ocean_menu_typo_line_height_unit":"","ocean_menu_typo_spacing":0,"ocean_menu_typo_spacing_tablet":0,"ocean_menu_typo_spacing_mobile":0,"ocean_menu_typo_spacing_unit":"","ocean_menu_link_color":"","ocean_menu_link_color_hover":"","ocean_menu_link_color_active":"","ocean_menu_link_background":"","ocean_menu_link_hover_background":"","ocean_menu_link_active_background":"","ocean_menu_social_links_bg":"","ocean_menu_social_hover_links_bg":"","ocean_menu_social_links_color":"","ocean_menu_social_hover_links_color":"","ocean_disable_title":"default","ocean_disable_heading":"default","ocean_post_title":"","ocean_post_subheading":"","ocean_post_title_style":"","ocean_post_title_background_color":"","ocean_post_title_background":0,"ocean_post_title_bg_image_position":"","ocean_post_title_bg_image_attachment":"","ocean_post_title_bg_image_repeat":"","ocean_post_title_bg_image_size":"","ocean_post_title_height":0,"ocean_post_title_bg_overlay":0.5,"ocean_post_title_bg_overlay_color":"","ocean_disable_breadcrumbs":"default","ocean_breadcrumbs_color":"","ocean_breadcrumbs_separator_color":"","ocean_breadcrumbs_links_color":"","ocean_breadcrumbs_links_hover_color":"","ocean_display_footer_widgets":"default","ocean_display_footer_bottom":"default","ocean_custom_footer_template":"0","osh_disable_topbar_sticky":"default","osh_disable_header_sticky":"default","osh_sticky_header_style":"default","osh_sticky_header_effect":"","osh_custom_sticky_logo":0,"osh_custom_retina_sticky_logo":0,"osh_custom_sticky_logo_height":0,"osh_background_color":"","osh_links_color":"","osh_links_hover_color":"","osh_links_active_color":"","osh_links_bg_color":"","osh_links_hover_bg_color":"","osh_links_active_bg_color":"","osh_menu_social_links_color":"","osh_menu_social_hover_links_color":""},"product_brand":[],"product_cat":[31],"product_tag":[158,156,157],"class_list":{"0":"post-3190","1":"product","2":"type-product","3":"status-publish","4":"has-post-thumbnail","6":"product_cat-lube-system-accessories","7":"product_tag-grease-pressure-gauge","8":"product_tag-oil-immersed-pressure-gauge","9":"product_tag-oil-pressure-gauge","11":"entry","12":"has-media","14":"first","15":"instock","16":"shipping-taxable","17":"product-type-external","18":"col","19":"span_1_of_3","20":"owp-content-center","21":"owp-thumbs-layout-horizontal","22":"owp-btn-very-big","23":"owp-tabs-layout-horizontal"},"_links":{"self":[{"href":"https:\/\/www.jinpinlub.com\/pl\/wp-json\/wp\/v2\/product\/3190","targetHints":{"allow":["GET"]}}],"collection":[{"href":"https:\/\/www.jinpinlub.com\/pl\/wp-json\/wp\/v2\/product"}],"about":[{"href":"https:\/\/www.jinpinlub.com\/pl\/wp-json\/wp\/v2\/types\/product"}],"wp:featuredmedia":[{"embeddable":true,"href":"https:\/\/www.jinpinlub.com\/pl\/wp-json\/wp\/v2\/media\/3115"}],"wp:attachment":[{"href":"https:\/\/www.jinpinlub.com\/pl\/wp-json\/wp\/v2\/media?parent=3190"}],"wp:term":[{"taxonomy":"product_brand","embeddable":true,"href":"https:\/\/www.jinpinlub.com\/pl\/wp-json\/wp\/v2\/product_brand?post=3190"},{"taxonomy":"product_cat","embeddable":true,"href":"https:\/\/www.jinpinlub.com\/pl\/wp-json\/wp\/v2\/product_cat?post=3190"},{"taxonomy":"product_tag","embeddable":true,"href":"https:\/\/www.jinpinlub.com\/pl\/wp-json\/wp\/v2\/product_tag?post=3190"}],"curies":[{"name":"wp","href":"https:\/\/api.w.org\/{rel}","templated":true}]}}