{"id":3193,"date":"2024-08-12T08:20:38","date_gmt":"2024-08-12T08:20:38","guid":{"rendered":"https:\/\/www.jinpinlub.com\/?post_type=product&#038;p=3193"},"modified":"2024-08-14T19:37:28","modified_gmt":"2024-08-14T19:37:28","slug":"manometr-odporny-na-wstrzasy-700bar-do-ukladu-smarowania","status":"publish","type":"product","link":"https:\/\/www.jinpinlub.com\/pl\/product\/700bar-shock-resistant-pressure-gauge-for-lubrication-system\/","title":{"rendered":"Manometr odporny na wstrz\u0105sy 700bar do uk\u0142adu smarowania"},"content":{"rendered":"<h2>Cechy<\/h2>\n<p>1. Miedziany materia\u0142 z\u0142\u0105cza manometru MB700 jest odporny na utlenianie, zu\u017cycie i korozj\u0119. Mocne uszczelnienie, bezpieczne i niezawodne.<br \/>\n2. Manometr jest dok\u0142adny, podaje kompletne informacje i posiada dwie skale: jednostk\u0119 pier\u015bcienia wewn\u0119trznego (bar) i jednostk\u0119 pier\u015bcienia zewn\u0119trznego (psi).<br \/>\n3. Materia\u0142 obudowy manometru jest doskona\u0142y, a materia\u0142 ze stali nierdzewnej ma wysok\u0105 odporno\u015b\u0107 na korozj\u0119, zapobiegaj\u0105c korozji.<br \/>\n4. Manometr MB700 to przyrz\u0105d wype\u0142niony ciecz\u0105, odporny na drgania, stabilny i dok\u0142adny.<\/p>\n<h2>Specyfikacja<\/h2>\n<table>\n<tbody>\n<tr>\n<td>Model<\/td>\n<td>Bar<\/td>\n<td>Szeroko\u015b\u0107<\/td>\n<td>D\u0142ugo\u015b\u0107<\/td>\n<td>Typ<\/td>\n<\/tr>\n<tr>\n<td>M-15<\/td>\n<td>15<\/td>\n<td>40mm<\/td>\n<td>38mm<\/td>\n<td>Suchy<\/td>\n<\/tr>\n<tr>\n<td>M-40<\/td>\n<td>40<\/td>\n<td>40mm<\/td>\n<td>38mm<\/td>\n<td>Suchy<\/td>\n<\/tr>\n<tr>\n<td>MB-40<\/td>\n<td>40<\/td>\n<td>47mm<\/td>\n<td>60mm<\/td>\n<td>Olej<\/td>\n<\/tr>\n<tr>\n<td>MB-60<\/td>\n<td>60<\/td>\n<td>47mm<\/td>\n<td>60mm<\/td>\n<td>Olej<\/td>\n<\/tr>\n<tr>\n<td>MB-100<\/td>\n<td>100<\/td>\n<td>47mm<\/td>\n<td>60mm<\/td>\n<td>Olej<\/td>\n<\/tr>\n<tr>\n<td>MB-250<\/td>\n<td>250<\/td>\n<td>58mm<\/td>\n<td>75mm<\/td>\n<td>Olej<\/td>\n<\/tr>\n<tr>\n<td>MB-400<\/td>\n<td>400<\/td>\n<td>58mm<\/td>\n<td>75mm<\/td>\n<td>Olej<\/td>\n<\/tr>\n<tr>\n<td>MB-600<\/td>\n<td>600<\/td>\n<td>58mm<\/td>\n<td>75mm<\/td>\n<td>Olej<\/td>\n<\/tr>\n<tr>\n<td>MB-700<\/td>\n<td>700<\/td>\n<td>58mm<\/td>\n<td>75mm<\/td>\n<td>Olej<\/td>\n<\/tr>\n<\/tbody>\n<\/table>\n<h2>Instrukcje<\/h2>\n<p>Przy stosowaniu przyrz\u0105d\u00f3w g\u00f3rna granica nie powinna przekracza\u0107 3\/4, a przy pomiarze ci\u015bnienia zmiennego g\u00f3rna granica nie powinna przekracza\u0107 2\/3. Minimalne ci\u015bnienie nie powinno by\u0107 ni\u017csze ni\u017c 1\/3 g\u00f3rnej granicy w obu przypadkach.<br \/>\nUrz\u0105dzenie nale\u017cy zainstalowa\u0107 na tej samej linii poziomej co punkt pomiarowy, w temperaturze otoczenia -20 \u2103 -70 \u2103 i wilgotno\u015bci wzgl\u0119dnej nieprzekraczaj\u0105cej 80\u00b0TP3T.<\/p>\n<h2>Instrukcje<\/h2>\n<div class=\"sdm_download_button_box_default\"><div class=\"sdm_download_link\"><a href=\"https:\/\/www.jinpinlub.com\/pl\/?sdm_process_download=1&download_id=3175\" class=\"sdm_download white\" title=\"Prywatne: PS\/F\/MF\/MFB\/M\/MB\" target=\"&quot;_blank&quot;\">Wy\u015bwietl arkusz danych - PS\/F\/MF\/MFB\/M\/MB<\/a><\/div><\/div>","protected":false},"excerpt":{"rendered":"<p>MB700 umo\u017cliwia dok\u0142adny pomiar i intuicyjne wy\u015bwietlanie ci\u015bnienia w uk\u0142adzie smarowania poprzez odkszta\u0142canie element\u00f3w spr\u0119\u017cystych w manometrze, przekszta\u0142canie mechanizmu przek\u0142adniowego i wskazywanie wskaz\u00f3wek.<\/p>","protected":false},"featured_media":3120,"template":"","meta":{"ocean_post_layout":"","ocean_both_sidebars_style":"","ocean_both_sidebars_content_width":0,"ocean_both_sidebars_sidebars_width":0,"ocean_sidebar":"0","ocean_second_sidebar":"0","ocean_disable_margins":"enable","ocean_add_body_class":"","ocean_shortcode_before_top_bar":"","ocean_shortcode_after_top_bar":"","ocean_shortcode_before_header":"","ocean_shortcode_after_header":"","ocean_has_shortcode":"","ocean_shortcode_after_title":"","ocean_shortcode_before_footer_widgets":"","ocean_shortcode_after_footer_widgets":"","ocean_shortcode_before_footer_bottom":"","ocean_shortcode_after_footer_bottom":"","ocean_display_top_bar":"default","ocean_display_header":"default","ocean_header_style":"","ocean_center_header_left_menu":"0","ocean_custom_header_template":"0","ocean_custom_logo":0,"ocean_custom_retina_logo":0,"ocean_custom_logo_max_width":0,"ocean_custom_logo_tablet_max_width":0,"ocean_custom_logo_mobile_max_width":0,"ocean_custom_logo_max_height":0,"ocean_custom_logo_tablet_max_height":0,"ocean_custom_logo_mobile_max_height":0,"ocean_header_custom_menu":"0","ocean_menu_typo_font_family":"0","ocean_menu_typo_font_subset":"","ocean_menu_typo_font_size":0,"ocean_menu_typo_font_size_tablet":0,"ocean_menu_typo_font_size_mobile":0,"ocean_menu_typo_font_size_unit":"px","ocean_menu_typo_font_weight":"","ocean_menu_typo_font_weight_tablet":"","ocean_menu_typo_font_weight_mobile":"","ocean_menu_typo_transform":"","ocean_menu_typo_transform_tablet":"","ocean_menu_typo_transform_mobile":"","ocean_menu_typo_line_height":0,"ocean_menu_typo_line_height_tablet":0,"ocean_menu_typo_line_height_mobile":0,"ocean_menu_typo_line_height_unit":"","ocean_menu_typo_spacing":0,"ocean_menu_typo_spacing_tablet":0,"ocean_menu_typo_spacing_mobile":0,"ocean_menu_typo_spacing_unit":"","ocean_menu_link_color":"","ocean_menu_link_color_hover":"","ocean_menu_link_color_active":"","ocean_menu_link_background":"","ocean_menu_link_hover_background":"","ocean_menu_link_active_background":"","ocean_menu_social_links_bg":"","ocean_menu_social_hover_links_bg":"","ocean_menu_social_links_color":"","ocean_menu_social_hover_links_color":"","ocean_disable_title":"default","ocean_disable_heading":"default","ocean_post_title":"","ocean_post_subheading":"","ocean_post_title_style":"","ocean_post_title_background_color":"","ocean_post_title_background":0,"ocean_post_title_bg_image_position":"","ocean_post_title_bg_image_attachment":"","ocean_post_title_bg_image_repeat":"","ocean_post_title_bg_image_size":"","ocean_post_title_height":0,"ocean_post_title_bg_overlay":0.5,"ocean_post_title_bg_overlay_color":"","ocean_disable_breadcrumbs":"default","ocean_breadcrumbs_color":"","ocean_breadcrumbs_separator_color":"","ocean_breadcrumbs_links_color":"","ocean_breadcrumbs_links_hover_color":"","ocean_display_footer_widgets":"default","ocean_display_footer_bottom":"default","ocean_custom_footer_template":"0","osh_disable_topbar_sticky":"default","osh_disable_header_sticky":"default","osh_sticky_header_style":"default","osh_sticky_header_effect":"","osh_custom_sticky_logo":0,"osh_custom_retina_sticky_logo":0,"osh_custom_sticky_logo_height":0,"osh_background_color":"","osh_links_color":"","osh_links_hover_color":"","osh_links_active_color":"","osh_links_bg_color":"","osh_links_hover_bg_color":"","osh_links_active_bg_color":"","osh_menu_social_links_color":"","osh_menu_social_hover_links_color":""},"product_brand":[],"product_cat":[31],"product_tag":[158,160,156],"class_list":{"0":"post-3193","1":"product","2":"type-product","3":"status-publish","4":"has-post-thumbnail","6":"product_cat-lube-system-accessories","7":"product_tag-grease-pressure-gauge","8":"product_tag-high-pressure-gauge","9":"product_tag-oil-immersed-pressure-gauge","11":"entry","12":"has-media","14":"first","15":"instock","16":"shipping-taxable","17":"product-type-external","18":"col","19":"span_1_of_3","20":"owp-content-center","21":"owp-thumbs-layout-horizontal","22":"owp-btn-very-big","23":"owp-tabs-layout-horizontal"},"_links":{"self":[{"href":"https:\/\/www.jinpinlub.com\/pl\/wp-json\/wp\/v2\/product\/3193","targetHints":{"allow":["GET"]}}],"collection":[{"href":"https:\/\/www.jinpinlub.com\/pl\/wp-json\/wp\/v2\/product"}],"about":[{"href":"https:\/\/www.jinpinlub.com\/pl\/wp-json\/wp\/v2\/types\/product"}],"wp:featuredmedia":[{"embeddable":true,"href":"https:\/\/www.jinpinlub.com\/pl\/wp-json\/wp\/v2\/media\/3120"}],"wp:attachment":[{"href":"https:\/\/www.jinpinlub.com\/pl\/wp-json\/wp\/v2\/media?parent=3193"}],"wp:term":[{"taxonomy":"product_brand","embeddable":true,"href":"https:\/\/www.jinpinlub.com\/pl\/wp-json\/wp\/v2\/product_brand?post=3193"},{"taxonomy":"product_cat","embeddable":true,"href":"https:\/\/www.jinpinlub.com\/pl\/wp-json\/wp\/v2\/product_cat?post=3193"},{"taxonomy":"product_tag","embeddable":true,"href":"https:\/\/www.jinpinlub.com\/pl\/wp-json\/wp\/v2\/product_tag?post=3193"}],"curies":[{"name":"wp","href":"https:\/\/api.w.org\/{rel}","templated":true}]}}