{"id":3198,"date":"2024-08-12T09:11:35","date_gmt":"2024-08-12T09:11:35","guid":{"rendered":"https:\/\/www.jinpinlub.com\/?post_type=product&#038;p=3198"},"modified":"2024-08-12T09:19:38","modified_gmt":"2024-08-12T09:19:38","slug":"mgj-5-zlacze-rozdzielcze-przeplywu-dla-rozdzielacza-jednoliniowego","status":"publish","type":"product","link":"https:\/\/www.jinpinlub.com\/pl\/product\/mgj-5-flow-distribution-junction-for-single-line-distributor\/","title":{"rendered":"Z\u0142\u0105cze rozdzia\u0142u przep\u0142ywu MGJ-5 do rozdzielacza jednoliniowego"},"content":{"rendered":"<h2>Cechy<\/h2>\n<p>1. Z\u0142\u0105cze jest bocznikiem jednokierunkowym.<br \/>\n2. MGJ-M jest pod\u0142\u0105czony do g\u0142\u00f3wnego ruroci\u0105gu \u03a66. Jego gwinty wylotowe s\u0105 wszystkie M10x1, u\u017cywane w po\u0142\u0105czeniu ze z\u0142\u0105czem PA-6 i podw\u00f3jn\u0105 tulej\u0105 sto\u017ckow\u0105 PB-6. Ko\u0144cowy wylot systemu jest zamkni\u0119ty korkiem zamykaj\u0105cym PG06.<br \/>\nMGJ-R jest pod\u0142\u0105czony do g\u0142\u00f3wnego ruroci\u0105gu \u03a66. Wszystkie gwinty wylotowe oleju s\u0105 Rc1\/8, kt\u00f3re mo\u017cna bezpo\u015brednio pod\u0142\u0105czy\u0107 za pomoc\u0105 prostego z\u0142\u0105cza PD601. Wylot na ko\u0144cu systemu jest zamkni\u0119ty korkiem zamykaj\u0105cym Rc1\/8.<br \/>\n3. Wykonany ze stopu aluminium, powierzchnia anodowana, a wygl\u0105d pi\u0119kny.<br \/>\n4. Otwory monta\u017cowe mo\u017cna r\u00f3wnie\u017c dostosowa\u0107 do miejsc, w kt\u00f3rych wymagane jest specjalne przetwarzanie.<br \/>\n5. W zale\u017cno\u015bci od aktualnego systemu smarowania, wybierz bloki przy\u0142\u0105czeniowe, kt\u00f3re b\u0119d\u0105 u\u017cywane r\u00f3wnolegle lub szeregowo.<\/p>\n<h2>Specyfikacja<\/h2>\n<figure id=\"attachment_3197\" aria-describedby=\"caption-attachment-3197\" style=\"width: 900px\" class=\"wp-caption alignnone\"><img loading=\"lazy\" decoding=\"async\" class=\"size-full wp-image-3197\" src=\"https:\/\/www.jinpinlub.com\/wp-content\/uploads\/2024\/08\/MGJ-junction.jpg\" alt=\"W\u0119ze\u0142 MGJ\" width=\"900\" height=\"584\" srcset=\"https:\/\/www.jinpinlub.com\/wp-content\/uploads\/2024\/08\/MGJ-junction.jpg 900w, https:\/\/www.jinpinlub.com\/wp-content\/uploads\/2024\/08\/MGJ-junction-300x195.jpg 300w, https:\/\/www.jinpinlub.com\/wp-content\/uploads\/2024\/08\/MGJ-junction-768x498.jpg 768w, https:\/\/www.jinpinlub.com\/wp-content\/uploads\/2024\/08\/MGJ-junction-18x12.jpg 18w, https:\/\/www.jinpinlub.com\/wp-content\/uploads\/2024\/08\/MGJ-junction-800x519.jpg 800w\" sizes=\"auto, (max-width: 900px) 100vw, 900px\" \/><figcaption id=\"caption-attachment-3197\" class=\"wp-caption-text\">W\u0119ze\u0142 MGJ<\/figcaption><\/figure>\n<table>\n<tbody>\n<tr>\n<td>Model<\/td>\n<td>Wyj\u015bcia<\/td>\n<td>L1<\/td>\n<td>L2<\/td>\n<td>P\u00f3\u0142nocny zach\u00f3d(g)<\/td>\n<\/tr>\n<tr>\n<td>MGJ-1R<\/td>\n<td>1<\/td>\n<td>33<\/td>\n<td>22<\/td>\n<td>22<\/td>\n<\/tr>\n<tr>\n<td>MGJ-2R<\/td>\n<td>2<\/td>\n<td>49<\/td>\n<td>38<\/td>\n<td>34<\/td>\n<\/tr>\n<tr>\n<td>MGJ-3R<\/td>\n<td>3<\/td>\n<td>65<\/td>\n<td>54<\/td>\n<td>46<\/td>\n<\/tr>\n<tr>\n<td>MGJ-4R<\/td>\n<td>4<\/td>\n<td>81<\/td>\n<td>70<\/td>\n<td>58<\/td>\n<\/tr>\n<tr>\n<td>MGJ-5R<\/td>\n<td>5<\/td>\n<td>97<\/td>\n<td>86<\/td>\n<td>70<\/td>\n<\/tr>\n<tr>\n<td>MGJ-6R<\/td>\n<td>6<\/td>\n<td>113<\/td>\n<td>102<\/td>\n<td>81<\/td>\n<\/tr>\n<tr>\n<td>MGJ-7R<\/td>\n<td>7<\/td>\n<td>127<\/td>\n<td>116<\/td>\n<td>94<\/td>\n<\/tr>\n<tr>\n<td>MGJ-8R<\/td>\n<td>8<\/td>\n<td>143<\/td>\n<td>132<\/td>\n<td>106<\/td>\n<\/tr>\n<tr>\n<td>MGJ-9R<\/td>\n<td>9<\/td>\n<td>159<\/td>\n<td>148<\/td>\n<td>118<\/td>\n<\/tr>\n<tr>\n<td>MGJ-10R<\/td>\n<td>10<\/td>\n<td>175<\/td>\n<td>164<\/td>\n<td>130<\/td>\n<\/tr>\n<tr>\n<td>MGJ-12R<\/td>\n<td>12<\/td>\n<td>207<\/td>\n<td>196<\/td>\n<td>142<\/td>\n<\/tr>\n<\/tbody>\n<\/table>\n<h2>Aplikacja<\/h2>\n<p>Jednoprzewodowe rozdzielacze smaru stosowane s\u0105 w szerokiej gamie maszyn przemys\u0142owych:<br \/>\nObrabiarki: na przyk\u0142ad tokarki, frezarki, szlifierki, itp.<br \/>\nSprz\u0119t budowlany: koparki, \u0142adowarki, spycharki, itp.<br \/>\nSprz\u0119t g\u00f3rniczy: wozy kopalniane, kruszarki, przesiewacze, itp.<br \/>\nInny sprz\u0119t mechaniczny: przeno\u015bnik, wentylator, spr\u0119\u017carka itp.<\/p>\n<h2>Instrukcje<\/h2>\n<div class=\"sdm_download_button_box_default\"><div class=\"sdm_download_link\"><a href=\"https:\/\/www.jinpinlub.com\/pl\/?sdm_process_download=1&download_id=2470\" class=\"sdm_download white\" title=\"Prywatne: MGK Metering Valve\" target=\"&quot;_blank&quot;\">Zobacz arkusz danych - Zaw\u00f3r dozuj\u0105cy MGK<\/a><\/div><\/div>","protected":false},"excerpt":{"rendered":"<p>MGJ jest z\u0142\u0105czem rozdzielacza MGK jednoliniowego uk\u0142adu smarowania. Odbiera smar dostarczany przez pomp\u0119 smaruj\u0105c\u0105, a nast\u0119pnie rozprowadza smar do r\u00f3\u017cnych punkt\u00f3w smarowania poprzez sekwencyjne dzia\u0142anie zawor\u00f3w dozuj\u0105cych MGK.<\/p>","protected":false},"featured_media":3131,"template":"","meta":{"ocean_post_layout":"","ocean_both_sidebars_style":"","ocean_both_sidebars_content_width":0,"ocean_both_sidebars_sidebars_width":0,"ocean_sidebar":"0","ocean_second_sidebar":"0","ocean_disable_margins":"enable","ocean_add_body_class":"","ocean_shortcode_before_top_bar":"","ocean_shortcode_after_top_bar":"","ocean_shortcode_before_header":"","ocean_shortcode_after_header":"","ocean_has_shortcode":"","ocean_shortcode_after_title":"","ocean_shortcode_before_footer_widgets":"","ocean_shortcode_after_footer_widgets":"","ocean_shortcode_before_footer_bottom":"","ocean_shortcode_after_footer_bottom":"","ocean_display_top_bar":"default","ocean_display_header":"default","ocean_header_style":"","ocean_center_header_left_menu":"0","ocean_custom_header_template":"0","ocean_custom_logo":0,"ocean_custom_retina_logo":0,"ocean_custom_logo_max_width":0,"ocean_custom_logo_tablet_max_width":0,"ocean_custom_logo_mobile_max_width":0,"ocean_custom_logo_max_height":0,"ocean_custom_logo_tablet_max_height":0,"ocean_custom_logo_mobile_max_height":0,"ocean_header_custom_menu":"0","ocean_menu_typo_font_family":"0","ocean_menu_typo_font_subset":"","ocean_menu_typo_font_size":0,"ocean_menu_typo_font_size_tablet":0,"ocean_menu_typo_font_size_mobile":0,"ocean_menu_typo_font_size_unit":"px","ocean_menu_typo_font_weight":"","ocean_menu_typo_font_weight_tablet":"","ocean_menu_typo_font_weight_mobile":"","ocean_menu_typo_transform":"","ocean_menu_typo_transform_tablet":"","ocean_menu_typo_transform_mobile":"","ocean_menu_typo_line_height":0,"ocean_menu_typo_line_height_tablet":0,"ocean_menu_typo_line_height_mobile":0,"ocean_menu_typo_line_height_unit":"","ocean_menu_typo_spacing":0,"ocean_menu_typo_spacing_tablet":0,"ocean_menu_typo_spacing_mobile":0,"ocean_menu_typo_spacing_unit":"","ocean_menu_link_color":"","ocean_menu_link_color_hover":"","ocean_menu_link_color_active":"","ocean_menu_link_background":"","ocean_menu_link_hover_background":"","ocean_menu_link_active_background":"","ocean_menu_social_links_bg":"","ocean_menu_social_hover_links_bg":"","ocean_menu_social_links_color":"","ocean_menu_social_hover_links_color":"","ocean_disable_title":"default","ocean_disable_heading":"default","ocean_post_title":"","ocean_post_subheading":"","ocean_post_title_style":"","ocean_post_title_background_color":"","ocean_post_title_background":0,"ocean_post_title_bg_image_position":"","ocean_post_title_bg_image_attachment":"","ocean_post_title_bg_image_repeat":"","ocean_post_title_bg_image_size":"","ocean_post_title_height":0,"ocean_post_title_bg_overlay":0.5,"ocean_post_title_bg_overlay_color":"","ocean_disable_breadcrumbs":"default","ocean_breadcrumbs_color":"","ocean_breadcrumbs_separator_color":"","ocean_breadcrumbs_links_color":"","ocean_breadcrumbs_links_hover_color":"","ocean_display_footer_widgets":"default","ocean_display_footer_bottom":"default","ocean_custom_footer_template":"0","osh_disable_topbar_sticky":"default","osh_disable_header_sticky":"default","osh_sticky_header_style":"default","osh_sticky_header_effect":"","osh_custom_sticky_logo":0,"osh_custom_retina_sticky_logo":0,"osh_custom_sticky_logo_height":0,"osh_background_color":"","osh_links_color":"","osh_links_hover_color":"","osh_links_active_color":"","osh_links_bg_color":"","osh_links_hover_bg_color":"","osh_links_active_bg_color":"","osh_menu_social_links_color":"","osh_menu_social_hover_links_color":""},"product_brand":[],"product_cat":[40,37],"product_tag":[87,165,86],"class_list":{"0":"post-3198","1":"product","2":"type-product","3":"status-publish","4":"has-post-thumbnail","6":"product_cat-pressure-relief-metering-valves","7":"product_cat-single-line-grease-systems","8":"product_tag-grease-distributor","9":"product_tag-grease-diverter","10":"product_tag-single-line-distributor","12":"entry","13":"has-media","15":"first","16":"instock","17":"shipping-taxable","18":"product-type-external","19":"col","20":"span_1_of_3","21":"owp-content-center","22":"owp-thumbs-layout-horizontal","23":"owp-btn-very-big","24":"owp-tabs-layout-horizontal"},"_links":{"self":[{"href":"https:\/\/www.jinpinlub.com\/pl\/wp-json\/wp\/v2\/product\/3198","targetHints":{"allow":["GET"]}}],"collection":[{"href":"https:\/\/www.jinpinlub.com\/pl\/wp-json\/wp\/v2\/product"}],"about":[{"href":"https:\/\/www.jinpinlub.com\/pl\/wp-json\/wp\/v2\/types\/product"}],"wp:featuredmedia":[{"embeddable":true,"href":"https:\/\/www.jinpinlub.com\/pl\/wp-json\/wp\/v2\/media\/3131"}],"wp:attachment":[{"href":"https:\/\/www.jinpinlub.com\/pl\/wp-json\/wp\/v2\/media?parent=3198"}],"wp:term":[{"taxonomy":"product_brand","embeddable":true,"href":"https:\/\/www.jinpinlub.com\/pl\/wp-json\/wp\/v2\/product_brand?post=3198"},{"taxonomy":"product_cat","embeddable":true,"href":"https:\/\/www.jinpinlub.com\/pl\/wp-json\/wp\/v2\/product_cat?post=3198"},{"taxonomy":"product_tag","embeddable":true,"href":"https:\/\/www.jinpinlub.com\/pl\/wp-json\/wp\/v2\/product_tag?post=3198"}],"curies":[{"name":"wp","href":"https:\/\/api.w.org\/{rel}","templated":true}]}}