{"id":3201,"date":"2024-08-12T09:44:12","date_gmt":"2024-08-12T09:44:12","guid":{"rendered":"https:\/\/www.jinpinlub.com\/?post_type=product&#038;p=3201"},"modified":"2024-08-12T09:49:50","modified_gmt":"2024-08-12T09:49:50","slug":"muj-7-zlacze-bocznikowe-ze-stopu-aluminium-do-zaworu-dozujacego-smar","status":"publish","type":"product","link":"https:\/\/www.jinpinlub.com\/pl\/product\/muj-7-aluminum-alloy-shunt-junction-for-grease-metering-valve\/","title":{"rendered":"Z\u0142\u0105cze bocznikowe MUJ-7 ze stopu aluminium do zaworu dozuj\u0105cego smar"},"content":{"rendered":"<h2>Cechy<\/h2>\n<p>1. Blok \u0142\u0105cz\u0105cy kieruje \u015brodek smarny w jednym kierunku.<br \/>\n2. Stosowany w jednoliniowych uk\u0142adach smarowania rzadkim olejem.<br \/>\nZaw\u00f3r dozuj\u0105cy MO jest bezpo\u015brednio do niego pod\u0142\u0105czony i dostarcza \u015brodek smarny do punktu smarowania. Je\u015bli wyst\u0119puj\u0105 redundantne wyj\u015bcia, mo\u017cna u\u017cy\u0107 kork\u00f3w zamykaj\u0105cych M10x1, aby je zamkn\u0105\u0107.<br \/>\nLinia g\u0142\u00f3wna \u03a66 jest pod\u0142\u0105czona do MOJ-M, a jej gwint wyj\u015bciowy to M10x1, kt\u00f3ry jest u\u017cywany w po\u0142\u0105czeniu ze z\u0142\u0105czem PA-6 i podw\u00f3jn\u0105 tulej\u0105 sto\u017ckow\u0105 PB-6. Jej otw\u00f3r ko\u0144cowy mo\u017cna zamkn\u0105\u0107 korkiem zamykaj\u0105cym PG06.<br \/>\nLinia g\u0142\u00f3wna \u03a66 jest pod\u0142\u0105czona do MOJ-R. Jej wyloty maj\u0105 gwint Rc1\/8, kt\u00f3ry mo\u017cna stosowa\u0107 z prostym z\u0142\u0105czem. Jej port ko\u0144cowy mo\u017cna zamkn\u0105\u0107 korkiem zamykaj\u0105cym Rc1\/8.<br \/>\n3. Wykonany ze stopu aluminium, powierzchnia anodowana, a wygl\u0105d pi\u0119kny.<br \/>\n4. Mo\u017cna dostosowa\u0107 specjalne wymagania<br \/>\n5. W zale\u017cno\u015bci od aktualnych potrzeb uk\u0142adu smarowania, bloki przy\u0142\u0105czeniowe mo\u017cna stosowa\u0107 r\u00f3wnolegle lub szeregowo.<\/p>\n<h2>Specyfikacja<\/h2>\n<p><img loading=\"lazy\" decoding=\"async\" class=\"size-full wp-image-3197\" src=\"https:\/\/www.jinpinlub.com\/wp-content\/uploads\/2024\/08\/MGJ-junction.jpg\" alt=\"W\u0119ze\u0142 MGJ\" width=\"900\" height=\"584\" srcset=\"https:\/\/www.jinpinlub.com\/wp-content\/uploads\/2024\/08\/MGJ-junction.jpg 900w, https:\/\/www.jinpinlub.com\/wp-content\/uploads\/2024\/08\/MGJ-junction-300x195.jpg 300w, https:\/\/www.jinpinlub.com\/wp-content\/uploads\/2024\/08\/MGJ-junction-768x498.jpg 768w, https:\/\/www.jinpinlub.com\/wp-content\/uploads\/2024\/08\/MGJ-junction-18x12.jpg 18w, https:\/\/www.jinpinlub.com\/wp-content\/uploads\/2024\/08\/MGJ-junction-800x519.jpg 800w\" sizes=\"auto, (max-width: 900px) 100vw, 900px\" \/><\/p>\n<table>\n<tbody>\n<tr>\n<td>Model<\/td>\n<td>Wyj\u015bcia<\/td>\n<td>L1<\/td>\n<td>L2<\/td>\n<td>P\u00f3\u0142nocny zach\u00f3d(g)<\/td>\n<\/tr>\n<tr>\n<td>MUJ-1R<\/td>\n<td>1<\/td>\n<td>31<\/td>\n<td>20<\/td>\n<td>22<\/td>\n<\/tr>\n<tr>\n<td>MUJ-2R<\/td>\n<td>2<\/td>\n<td>47<\/td>\n<td>36<\/td>\n<td>34<\/td>\n<\/tr>\n<tr>\n<td>MUJ-3R<\/td>\n<td>3<\/td>\n<td>63<\/td>\n<td>52<\/td>\n<td>46<\/td>\n<\/tr>\n<tr>\n<td>MUJ-4R<\/td>\n<td>4<\/td>\n<td>79<\/td>\n<td>68<\/td>\n<td>58<\/td>\n<\/tr>\n<tr>\n<td>MUJ-5R<\/td>\n<td>5<\/td>\n<td>95<\/td>\n<td>84<\/td>\n<td>70<\/td>\n<\/tr>\n<tr>\n<td>MUJ-6R<\/td>\n<td>6<\/td>\n<td>111<\/td>\n<td>100<\/td>\n<td>81<\/td>\n<\/tr>\n<tr>\n<td>MUJ-7R<\/td>\n<td>7<\/td>\n<td>127<\/td>\n<td>116<\/td>\n<td>94<\/td>\n<\/tr>\n<tr>\n<td>MUJ-8R<\/td>\n<td>8<\/td>\n<td>143<\/td>\n<td>132<\/td>\n<td>106<\/td>\n<\/tr>\n<tr>\n<td>MUJ-9R<\/td>\n<td>9<\/td>\n<td>159<\/td>\n<td>148<\/td>\n<td>118<\/td>\n<\/tr>\n<tr>\n<td>MUJ-10R<\/td>\n<td>10<\/td>\n<td>175<\/td>\n<td>164<\/td>\n<td>130<\/td>\n<\/tr>\n<tr>\n<td>MUJ-12R<\/td>\n<td>12<\/td>\n<td>207<\/td>\n<td>196<\/td>\n<td>142<\/td>\n<\/tr>\n<\/tbody>\n<\/table>\n<h2>Aplikacja<\/h2>\n<p>Generowanie energii wiatrowej: W szczeg\u00f3lno\u015bci w smarowaniu \u0142o\u017cysk morskich turbin wiatrowych powszechnie stosuje si\u0119 jednoliniowy uk\u0142ad smarowania, poniewa\u017c jest on wolny od wad uk\u0142adu progresywnego.<br \/>\nCementownia: Rozdzielacz jednoliniowy zapewnia kr\u00f3tki czas narastania ci\u015bnienia w systemie i normaln\u0105 prac\u0119 w zimie, co poprawia efektywno\u015b\u0107 smarowania i niezawodno\u015b\u0107 urz\u0105dze\u0144.<br \/>\nEkstruder aluminiowy: rozdzielacz jednoliniowy MUK \u2014 zwi\u0119kszona \u017cywotno\u015b\u0107 i niezawodno\u015b\u0107, lepsze utrzymanie precyzji, zmniejszone zu\u017cycie energii, ni\u017csze koszty konserwacji sprz\u0119tu.<\/p>\n<h2>Instrukcje<\/h2>\n<div class=\"sdm_download_button_box_default\"><div class=\"sdm_download_link\"><a href=\"https:\/\/www.jinpinlub.com\/pl\/?sdm_process_download=1&download_id=3070\" class=\"sdm_download white\" title=\"Prywatne: MUK Pressure-relief Distributor\" target=\"&quot;_blank&quot;\">Zobacz arkusz danych - Dystrybutor MUK<\/a><\/div><\/div>","protected":false},"excerpt":{"rendered":"<p>Z\u0142\u0105cze MUJ jest cz\u0119\u015bci\u0105 rozdzielacza jednoprzewodowego MUK, kt\u00f3ry sk\u0142ada si\u0119 z wlotu pod\u0142\u0105czonego do g\u0142\u00f3wnego ruroci\u0105gu doprowadzaj\u0105cego olej, wylot\u00f3w pod\u0142\u0105czonych do r\u00f3\u017cnych punkt\u00f3w smarowania oraz zaworu dozuj\u0105cego, kt\u00f3ry zapewnia dok\u0142adn\u0105 ilo\u015b\u0107 rozprowadzanego \u015brodka smarnego.<\/p>","protected":false},"featured_media":3143,"template":"","meta":{"ocean_post_layout":"","ocean_both_sidebars_style":"","ocean_both_sidebars_content_width":0,"ocean_both_sidebars_sidebars_width":0,"ocean_sidebar":"0","ocean_second_sidebar":"0","ocean_disable_margins":"enable","ocean_add_body_class":"","ocean_shortcode_before_top_bar":"","ocean_shortcode_after_top_bar":"","ocean_shortcode_before_header":"","ocean_shortcode_after_header":"","ocean_has_shortcode":"","ocean_shortcode_after_title":"","ocean_shortcode_before_footer_widgets":"","ocean_shortcode_after_footer_widgets":"","ocean_shortcode_before_footer_bottom":"","ocean_shortcode_after_footer_bottom":"","ocean_display_top_bar":"default","ocean_display_header":"default","ocean_header_style":"","ocean_center_header_left_menu":"0","ocean_custom_header_template":"0","ocean_custom_logo":0,"ocean_custom_retina_logo":0,"ocean_custom_logo_max_width":0,"ocean_custom_logo_tablet_max_width":0,"ocean_custom_logo_mobile_max_width":0,"ocean_custom_logo_max_height":0,"ocean_custom_logo_tablet_max_height":0,"ocean_custom_logo_mobile_max_height":0,"ocean_header_custom_menu":"0","ocean_menu_typo_font_family":"0","ocean_menu_typo_font_subset":"","ocean_menu_typo_font_size":0,"ocean_menu_typo_font_size_tablet":0,"ocean_menu_typo_font_size_mobile":0,"ocean_menu_typo_font_size_unit":"px","ocean_menu_typo_font_weight":"","ocean_menu_typo_font_weight_tablet":"","ocean_menu_typo_font_weight_mobile":"","ocean_menu_typo_transform":"","ocean_menu_typo_transform_tablet":"","ocean_menu_typo_transform_mobile":"","ocean_menu_typo_line_height":0,"ocean_menu_typo_line_height_tablet":0,"ocean_menu_typo_line_height_mobile":0,"ocean_menu_typo_line_height_unit":"","ocean_menu_typo_spacing":0,"ocean_menu_typo_spacing_tablet":0,"ocean_menu_typo_spacing_mobile":0,"ocean_menu_typo_spacing_unit":"","ocean_menu_link_color":"","ocean_menu_link_color_hover":"","ocean_menu_link_color_active":"","ocean_menu_link_background":"","ocean_menu_link_hover_background":"","ocean_menu_link_active_background":"","ocean_menu_social_links_bg":"","ocean_menu_social_hover_links_bg":"","ocean_menu_social_links_color":"","ocean_menu_social_hover_links_color":"","ocean_disable_title":"default","ocean_disable_heading":"default","ocean_post_title":"","ocean_post_subheading":"","ocean_post_title_style":"","ocean_post_title_background_color":"","ocean_post_title_background":0,"ocean_post_title_bg_image_position":"","ocean_post_title_bg_image_attachment":"","ocean_post_title_bg_image_repeat":"","ocean_post_title_bg_image_size":"","ocean_post_title_height":0,"ocean_post_title_bg_overlay":0.5,"ocean_post_title_bg_overlay_color":"","ocean_disable_breadcrumbs":"default","ocean_breadcrumbs_color":"","ocean_breadcrumbs_separator_color":"","ocean_breadcrumbs_links_color":"","ocean_breadcrumbs_links_hover_color":"","ocean_display_footer_widgets":"default","ocean_display_footer_bottom":"default","ocean_custom_footer_template":"0","osh_disable_topbar_sticky":"default","osh_disable_header_sticky":"default","osh_sticky_header_style":"default","osh_sticky_header_effect":"","osh_custom_sticky_logo":0,"osh_custom_retina_sticky_logo":0,"osh_custom_sticky_logo_height":0,"osh_background_color":"","osh_links_color":"","osh_links_hover_color":"","osh_links_active_color":"","osh_links_bg_color":"","osh_links_hover_bg_color":"","osh_links_active_bg_color":"","osh_menu_social_links_color":"","osh_menu_social_hover_links_color":""},"product_brand":[],"product_cat":[40,37],"product_tag":[100,167,86],"class_list":{"0":"post-3201","1":"product","2":"type-product","3":"status-publish","4":"has-post-thumbnail","6":"product_cat-pressure-relief-metering-valves","7":"product_cat-single-line-grease-systems","8":"product_tag-grease-metering-valve","9":"product_tag-mu-metering-valve","10":"product_tag-single-line-distributor","12":"entry","13":"has-media","15":"first","16":"instock","17":"shipping-taxable","18":"product-type-external","19":"col","20":"span_1_of_3","21":"owp-content-center","22":"owp-thumbs-layout-horizontal","23":"owp-btn-very-big","24":"owp-tabs-layout-horizontal"},"_links":{"self":[{"href":"https:\/\/www.jinpinlub.com\/pl\/wp-json\/wp\/v2\/product\/3201","targetHints":{"allow":["GET"]}}],"collection":[{"href":"https:\/\/www.jinpinlub.com\/pl\/wp-json\/wp\/v2\/product"}],"about":[{"href":"https:\/\/www.jinpinlub.com\/pl\/wp-json\/wp\/v2\/types\/product"}],"wp:featuredmedia":[{"embeddable":true,"href":"https:\/\/www.jinpinlub.com\/pl\/wp-json\/wp\/v2\/media\/3143"}],"wp:attachment":[{"href":"https:\/\/www.jinpinlub.com\/pl\/wp-json\/wp\/v2\/media?parent=3201"}],"wp:term":[{"taxonomy":"product_brand","embeddable":true,"href":"https:\/\/www.jinpinlub.com\/pl\/wp-json\/wp\/v2\/product_brand?post=3201"},{"taxonomy":"product_cat","embeddable":true,"href":"https:\/\/www.jinpinlub.com\/pl\/wp-json\/wp\/v2\/product_cat?post=3201"},{"taxonomy":"product_tag","embeddable":true,"href":"https:\/\/www.jinpinlub.com\/pl\/wp-json\/wp\/v2\/product_tag?post=3201"}],"curies":[{"name":"wp","href":"https:\/\/api.w.org\/{rel}","templated":true}]}}