{"id":3208,"date":"2024-08-12T15:06:13","date_gmt":"2024-08-12T15:06:13","guid":{"rendered":"https:\/\/www.jinpinlub.com\/?post_type=product&#038;p=3208"},"modified":"2024-08-12T15:25:51","modified_gmt":"2024-08-12T15:25:51","slug":"lacznik-katowy-miedziany-ph-do-rur-ukladu-smarowania","status":"publish","type":"product","link":"https:\/\/www.jinpinlub.com\/pl\/product\/ph-copper-right-angle-connector-for-lubrication-system-pipe\/","title":{"rendered":"Z\u0142\u0105cze k\u0105towe miedziane PH do rur uk\u0142adu smarowania"},"content":{"rendered":"<h2>Cechy<\/h2>\n<p>Materia\u0142 obr\u00f3bkowy kolanek miedzianych jest pogrubiony, a gotowy produkt jest wytrzyma\u0142y, odporny na zu\u017cycie i ma d\u0142u\u017csz\u0105 \u017cywotno\u015b\u0107.<br \/>\nObr\u00f3bka z\u0142\u0105cza odbywa si\u0119 \u015bci\u015ble wed\u0142ug norm mi\u0119dzynarodowych, z ma\u0142ym zakresem tolerancji.<br \/>\nZ\u0142\u0105cze PH wykonane jest z wysokiej jako\u015bci mosi\u0105dzu, z dba\u0142o\u015bci\u0105 o szczeg\u00f3\u0142y i kunsztem wykonania.<br \/>\nSpecyfikacje s\u0105 kompletne i obejmuj\u0105 r\u00f3\u017cne rozmiary ruroci\u0105g\u00f3w uk\u0142adu smarowania, a konkretne rozmiary mog\u0105 by\u0107 r\u00f3wnie\u017c dostosowane do indywidualnych potrzeb.<\/p>\n<h2>Specyfikacja<\/h2>\n<figure id=\"attachment_3207\" aria-describedby=\"caption-attachment-3207\" style=\"width: 800px\" class=\"wp-caption alignnone\"><img loading=\"lazy\" decoding=\"async\" class=\"size-full wp-image-3207\" src=\"https:\/\/www.jinpinlub.com\/wp-content\/uploads\/2024\/08\/PH-specification.jpg\" alt=\"Specyfikacja pH\" width=\"800\" height=\"890\" srcset=\"https:\/\/www.jinpinlub.com\/wp-content\/uploads\/2024\/08\/PH-specification.jpg 800w, https:\/\/www.jinpinlub.com\/wp-content\/uploads\/2024\/08\/PH-specification-270x300.jpg 270w, https:\/\/www.jinpinlub.com\/wp-content\/uploads\/2024\/08\/PH-specification-768x854.jpg 768w, https:\/\/www.jinpinlub.com\/wp-content\/uploads\/2024\/08\/PH-specification-11x12.jpg 11w\" sizes=\"auto, (max-width: 800px) 100vw, 800px\" \/><figcaption id=\"caption-attachment-3207\" class=\"wp-caption-text\">Specyfikacja pH<\/figcaption><\/figure>\n<h2>Aplikacja<\/h2>\n<p>Nale\u017cy zadba\u0107 o prawid\u0142ow\u0105 instalacj\u0119: urz\u0105dzenie musi by\u0107 prawid\u0142owo pod\u0142\u0105czone do uk\u0142adu smarowania, bez \u017cadnych nieszczelno\u015bci i wadliwych po\u0142\u0105cze\u0144.<br \/>\nRegularna kontrola: Nale\u017cy regularnie sprawdza\u0107 stan z\u0142\u0105cza, w tym oznaki zu\u017cycia, korozji i innych uszkodze\u0144.<br \/>\nUnika\u0107 pracy pod wysokim ci\u015bnieniem: Nie przekracza\u0107 maksymalnego ci\u015bnienia roboczego z\u0142\u0105cza lub uk\u0142adu smarowania.<br \/>\nNale\u017cy zwr\u00f3ci\u0107 uwag\u0119 na czynniki \u015brodowiskowe: Nale\u017cy unika\u0107 u\u017cywania z\u0142\u0105cza w ekstremalnych temperaturach lub \u015brodowiskach korozyjnych.<\/p>\n<h2>Instrukcje<\/h2>\n<div class=\"sdm_download_button_box_default\"><div class=\"sdm_download_link\"><a href=\"https:\/\/www.jinpinlub.com\/pl\/?sdm_process_download=1&download_id=3174\" class=\"sdm_download white\" title=\"Prywatne: PH\/PD\/PG\" target=\"&quot;_blank&quot;\">Zobacz arkusz danych - PH\/PD\/PG<\/a><\/div><\/div>","protected":false},"excerpt":{"rendered":"<p>Z\u0142\u0105czki rurowe miedziane k\u0105towe odgrywaj\u0105 kluczow\u0105 rol\u0119 w uk\u0142adzie smarowania. S\u0105 one g\u0142\u00f3wnie u\u017cywane w celu zapewnienia p\u0142ynnej transmisji smaru mi\u0119dzy r\u00f3\u017cnymi komponentami i utrzymania normalnej pracy ca\u0142ego uk\u0142adu.<\/p>","protected":false},"featured_media":3159,"template":"","meta":{"ocean_post_layout":"","ocean_both_sidebars_style":"","ocean_both_sidebars_content_width":0,"ocean_both_sidebars_sidebars_width":0,"ocean_sidebar":"0","ocean_second_sidebar":"0","ocean_disable_margins":"enable","ocean_add_body_class":"","ocean_shortcode_before_top_bar":"","ocean_shortcode_after_top_bar":"","ocean_shortcode_before_header":"","ocean_shortcode_after_header":"","ocean_has_shortcode":"","ocean_shortcode_after_title":"","ocean_shortcode_before_footer_widgets":"","ocean_shortcode_after_footer_widgets":"","ocean_shortcode_before_footer_bottom":"","ocean_shortcode_after_footer_bottom":"","ocean_display_top_bar":"default","ocean_display_header":"default","ocean_header_style":"","ocean_center_header_left_menu":"0","ocean_custom_header_template":"0","ocean_custom_logo":0,"ocean_custom_retina_logo":0,"ocean_custom_logo_max_width":0,"ocean_custom_logo_tablet_max_width":0,"ocean_custom_logo_mobile_max_width":0,"ocean_custom_logo_max_height":0,"ocean_custom_logo_tablet_max_height":0,"ocean_custom_logo_mobile_max_height":0,"ocean_header_custom_menu":"0","ocean_menu_typo_font_family":"0","ocean_menu_typo_font_subset":"","ocean_menu_typo_font_size":0,"ocean_menu_typo_font_size_tablet":0,"ocean_menu_typo_font_size_mobile":0,"ocean_menu_typo_font_size_unit":"px","ocean_menu_typo_font_weight":"","ocean_menu_typo_font_weight_tablet":"","ocean_menu_typo_font_weight_mobile":"","ocean_menu_typo_transform":"","ocean_menu_typo_transform_tablet":"","ocean_menu_typo_transform_mobile":"","ocean_menu_typo_line_height":0,"ocean_menu_typo_line_height_tablet":0,"ocean_menu_typo_line_height_mobile":0,"ocean_menu_typo_line_height_unit":"","ocean_menu_typo_spacing":0,"ocean_menu_typo_spacing_tablet":0,"ocean_menu_typo_spacing_mobile":0,"ocean_menu_typo_spacing_unit":"","ocean_menu_link_color":"","ocean_menu_link_color_hover":"","ocean_menu_link_color_active":"","ocean_menu_link_background":"","ocean_menu_link_hover_background":"","ocean_menu_link_active_background":"","ocean_menu_social_links_bg":"","ocean_menu_social_hover_links_bg":"","ocean_menu_social_links_color":"","ocean_menu_social_hover_links_color":"","ocean_disable_title":"default","ocean_disable_heading":"default","ocean_post_title":"","ocean_post_subheading":"","ocean_post_title_style":"","ocean_post_title_background_color":"","ocean_post_title_background":0,"ocean_post_title_bg_image_position":"","ocean_post_title_bg_image_attachment":"","ocean_post_title_bg_image_repeat":"","ocean_post_title_bg_image_size":"","ocean_post_title_height":0,"ocean_post_title_bg_overlay":0.5,"ocean_post_title_bg_overlay_color":"","ocean_disable_breadcrumbs":"default","ocean_breadcrumbs_color":"","ocean_breadcrumbs_separator_color":"","ocean_breadcrumbs_links_color":"","ocean_breadcrumbs_links_hover_color":"","ocean_display_footer_widgets":"default","ocean_display_footer_bottom":"default","ocean_custom_footer_template":"0","osh_disable_topbar_sticky":"default","osh_disable_header_sticky":"default","osh_sticky_header_style":"default","osh_sticky_header_effect":"","osh_custom_sticky_logo":0,"osh_custom_retina_sticky_logo":0,"osh_custom_sticky_logo_height":0,"osh_background_color":"","osh_links_color":"","osh_links_hover_color":"","osh_links_active_color":"","osh_links_bg_color":"","osh_links_hover_bg_color":"","osh_links_active_bg_color":"","osh_menu_social_links_color":"","osh_menu_social_hover_links_color":""},"product_brand":[],"product_cat":[31],"product_tag":[177,178,179],"class_list":{"0":"post-3208","1":"product","2":"type-product","3":"status-publish","4":"has-post-thumbnail","6":"product_cat-lube-system-accessories","7":"product_tag-right-angle-connector","8":"product_tag-right-angle-elbow","9":"product_tag-screw-in-connector","11":"entry","12":"has-media","14":"first","15":"instock","16":"shipping-taxable","17":"product-type-external","18":"col","19":"span_1_of_3","20":"owp-content-center","21":"owp-thumbs-layout-horizontal","22":"owp-btn-very-big","23":"owp-tabs-layout-horizontal"},"_links":{"self":[{"href":"https:\/\/www.jinpinlub.com\/pl\/wp-json\/wp\/v2\/product\/3208","targetHints":{"allow":["GET"]}}],"collection":[{"href":"https:\/\/www.jinpinlub.com\/pl\/wp-json\/wp\/v2\/product"}],"about":[{"href":"https:\/\/www.jinpinlub.com\/pl\/wp-json\/wp\/v2\/types\/product"}],"wp:featuredmedia":[{"embeddable":true,"href":"https:\/\/www.jinpinlub.com\/pl\/wp-json\/wp\/v2\/media\/3159"}],"wp:attachment":[{"href":"https:\/\/www.jinpinlub.com\/pl\/wp-json\/wp\/v2\/media?parent=3208"}],"wp:term":[{"taxonomy":"product_brand","embeddable":true,"href":"https:\/\/www.jinpinlub.com\/pl\/wp-json\/wp\/v2\/product_brand?post=3208"},{"taxonomy":"product_cat","embeddable":true,"href":"https:\/\/www.jinpinlub.com\/pl\/wp-json\/wp\/v2\/product_cat?post=3208"},{"taxonomy":"product_tag","embeddable":true,"href":"https:\/\/www.jinpinlub.com\/pl\/wp-json\/wp\/v2\/product_tag?post=3208"}],"curies":[{"name":"wp","href":"https:\/\/api.w.org\/{rel}","templated":true}]}}