{"id":3225,"date":"2024-08-15T19:58:29","date_gmt":"2024-08-15T19:58:29","guid":{"rendered":"https:\/\/www.jinpinlub.com\/?post_type=product&#038;p=3225"},"modified":"2024-08-15T21:11:52","modified_gmt":"2024-08-15T21:11:52","slug":"j100-mala-elektryczna-pompa-smarujaca-do-lozysk-prowadnic-liniowych","status":"publish","type":"product","link":"https:\/\/www.jinpinlub.com\/pl\/product\/j100-small-electric-lubrication-pump-for-bearing-linear-guide\/","title":{"rendered":"J100 Ma\u0142a elektryczna pompa smaruj\u0105ca do prowadnic liniowych \u0142o\u017cysk"},"content":{"rendered":"<h2>Cechy<\/h2>\n<p>Ekonomiczno\u015b\u0107 i niezawodno\u015b\u0107: Elektryczna pompa smarowa J100 to ekonomiczne i niezwykle niezawodne rozwi\u0105zanie centralnego smarowania \u0142o\u017cysk i prowadnic liniowych w urz\u0105dzeniach mechanicznych.<br \/>\n\u0141atwa obs\u0142uga: \u0141atwa instalacja i obs\u0142uga. Cykl pracy pompy smarowniczej J100 mo\u017cna kontrolowa\u0107 za pomoc\u0105 sterownika PLC lub wbudowanego kontrolera.<br \/>\nKompatybilno\u015b\u0107 z wieloma zbiornikami oleju: Smarownic\u0119 smarow\u0105 J100 mo\u017cna stosowa\u0107 z wst\u0119pnie nape\u0142nionymi wk\u0142adami smarowymi lub z r\u00f3\u017cnymi plastikowymi zbiornikami oleju o r\u00f3\u017cnych rozmiarach.<br \/>\nMo\u017cliwo\u015b\u0107 rozbudowy: W zale\u017cno\u015bci od konkretnej sytuacji uk\u0142adu smarowania, pomp\u0119 smaruj\u0105c\u0105 mo\u017cna rozbudowa\u0107 o wi\u0119ksz\u0105 liczb\u0119 punkt\u00f3w smarowania, a nawet przekszta\u0142ci\u0107 j\u0105 w pomp\u0119 jednoliniow\u0105 lub progresywn\u0105.<br \/>\nFunkcja wczesnego ostrzegania: Pompa smaruj\u0105ca jest wyposa\u017cona w system monitorowania poziomu nape\u0142nienia z funkcj\u0105 wczesnego ostrzegania, aby zapewni\u0107 odpowiedni\u0105 ilo\u015b\u0107 \u015brodka smarnego.<\/p>\n<h2>Specyfikacja<\/h2>\n<table>\n<tbody>\n<tr>\n<td>Temperatura pracy<\/td>\n<td>0~+50\u00b0C<\/td>\n<\/tr>\n<tr>\n<td>Liczba wyj\u015b\u0107<\/td>\n<td>1, 2<\/td>\n<\/tr>\n<tr>\n<td>Pojemno\u015b\u0107 zbiornika<\/td>\n<td>0,3 l, 1,5 l (zbiornik), 0,3 l, 0,7 l (wk\u0142ad)<\/td>\n<\/tr>\n<tr>\n<td>Uzupe\u0142nianie<\/td>\n<td>Z\u0142\u0105cze smarowania hydraulicznego<\/td>\n<\/tr>\n<tr>\n<td>Smar<\/td>\n<td>Smary klasy NLGI 000~2#<\/td>\n<\/tr>\n<tr>\n<td>Klasa ochrony<\/td>\n<td>IP54<\/td>\n<\/tr>\n<tr>\n<td>Wypisa\u0107<\/td>\n<td>15 ml\/min<\/td>\n<\/tr>\n<tr>\n<td>Maksymalne ci\u015bnienie robocze<\/td>\n<td>8MPa<\/td>\n<\/tr>\n<tr>\n<td>Gwint przy\u0142\u0105czeniowy<\/td>\n<td>\u03a66 lub \u03a68<\/td>\n<\/tr>\n<tr>\n<td>Napi\u0119cie robocze<\/td>\n<td>24 V pr\u0105du sta\u0142ego<\/td>\n<\/tr>\n<tr>\n<td>Orzecznictwo<\/td>\n<td>CE<\/td>\n<\/tr>\n<tr>\n<td>Pozycja monta\u017cowa<\/td>\n<td>Pionowo<\/td>\n<\/tr>\n<\/tbody>\n<\/table>\n<h2>Aplikacje<\/h2>\n<p>\u0141o\u017cyska i prowadnice: Pompy smarownicze J100 s\u0105 przeznaczone do ma\u0142ych urz\u0105dze\u0144 mechanicznych wymagaj\u0105cych smarowania w celu zapewnienia prawid\u0142owej pracy \u0142o\u017cysk i prowadnic, wyd\u0142u\u017caj\u0105c tym samym \u017cywotno\u015b\u0107 sprz\u0119tu.<br \/>\nPrzemys\u0142 obrabiarkowy: Pompy smarownicze J100 mo\u017cna stosowa\u0107 do smarowania kluczowych podzespo\u0142\u00f3w obrabiarek, takich jak wrzeciona i prowadnice, w celu zwi\u0119kszenia dok\u0142adno\u015bci i stabilno\u015bci obrabiarki.<br \/>\nW maszynach pakuj\u0105cych pompa smarownicza J100 zapewni odpowiednie smarowanie ka\u017cdego punktu smarnego na linii produkcyjnej, w odpowiednim czasie i dok\u0142adnie, zwi\u0119kszaj\u0105c tym samym wydajno\u015b\u0107 produkcji.<br \/>\nMaszyny w\u0142\u00f3kiennicze: Pompy smarowe J100 s\u0142u\u017c\u0105 do smarowania kluczowych podzespo\u0142\u00f3w maszyn w\u0142\u00f3kienniczych, takich jak b\u0119bny prz\u0119dzalnicze i krosna, zapewniaj\u0105c sprawny przebieg procesu produkcji wyrob\u00f3w w\u0142\u00f3kienniczych.<\/p>\n<h2>Instrukcje<\/h2>\n<div class=\"sdm_download_button_box_default\"><div class=\"sdm_download_link\"><a href=\"https:\/\/www.jinpinlub.com\/pl\/?sdm_process_download=1&download_id=2462\" class=\"sdm_download white\" title=\"Prywatne: J100 Grease Pump\" target=\"&quot;_blank&quot;\">Wy\u015bwietl kart\u0119 danych - Pompa smaru J100<\/a><\/div><\/div>","protected":false},"excerpt":{"rendered":"<p>J100 mo\u017cna stosowa\u0107 do smarowania \u0142o\u017cysk i prowadnic liniowych. Mo\u017ce zapewni\u0107 ekonomiczne i wysoce niezawodne rozwi\u0105zanie smarowania i nadaje si\u0119 do scentralizowanych system\u00f3w smarowania z maksymalnie 20 punktami smarowania i 15-metrow\u0105 g\u0142\u00f3wn\u0105 lini\u0105 smarowania.<\/p>","protected":false},"featured_media":3226,"template":"","meta":{"ocean_post_layout":"","ocean_both_sidebars_style":"","ocean_both_sidebars_content_width":0,"ocean_both_sidebars_sidebars_width":0,"ocean_sidebar":"0","ocean_second_sidebar":"0","ocean_disable_margins":"enable","ocean_add_body_class":"","ocean_shortcode_before_top_bar":"","ocean_shortcode_after_top_bar":"","ocean_shortcode_before_header":"","ocean_shortcode_after_header":"","ocean_has_shortcode":"","ocean_shortcode_after_title":"","ocean_shortcode_before_footer_widgets":"","ocean_shortcode_after_footer_widgets":"","ocean_shortcode_before_footer_bottom":"","ocean_shortcode_after_footer_bottom":"","ocean_display_top_bar":"default","ocean_display_header":"default","ocean_header_style":"","ocean_center_header_left_menu":"0","ocean_custom_header_template":"0","ocean_custom_logo":0,"ocean_custom_retina_logo":0,"ocean_custom_logo_max_width":0,"ocean_custom_logo_tablet_max_width":0,"ocean_custom_logo_mobile_max_width":0,"ocean_custom_logo_max_height":0,"ocean_custom_logo_tablet_max_height":0,"ocean_custom_logo_mobile_max_height":0,"ocean_header_custom_menu":"0","ocean_menu_typo_font_family":"0","ocean_menu_typo_font_subset":"","ocean_menu_typo_font_size":0,"ocean_menu_typo_font_size_tablet":0,"ocean_menu_typo_font_size_mobile":0,"ocean_menu_typo_font_size_unit":"px","ocean_menu_typo_font_weight":"","ocean_menu_typo_font_weight_tablet":"","ocean_menu_typo_font_weight_mobile":"","ocean_menu_typo_transform":"","ocean_menu_typo_transform_tablet":"","ocean_menu_typo_transform_mobile":"","ocean_menu_typo_line_height":0,"ocean_menu_typo_line_height_tablet":0,"ocean_menu_typo_line_height_mobile":0,"ocean_menu_typo_line_height_unit":"","ocean_menu_typo_spacing":0,"ocean_menu_typo_spacing_tablet":0,"ocean_menu_typo_spacing_mobile":0,"ocean_menu_typo_spacing_unit":"","ocean_menu_link_color":"","ocean_menu_link_color_hover":"","ocean_menu_link_color_active":"","ocean_menu_link_background":"","ocean_menu_link_hover_background":"","ocean_menu_link_active_background":"","ocean_menu_social_links_bg":"","ocean_menu_social_hover_links_bg":"","ocean_menu_social_links_color":"","ocean_menu_social_hover_links_color":"","ocean_disable_title":"default","ocean_disable_heading":"default","ocean_post_title":"","ocean_post_subheading":"","ocean_post_title_style":"","ocean_post_title_background_color":"","ocean_post_title_background":0,"ocean_post_title_bg_image_position":"","ocean_post_title_bg_image_attachment":"","ocean_post_title_bg_image_repeat":"","ocean_post_title_bg_image_size":"","ocean_post_title_height":0,"ocean_post_title_bg_overlay":0.5,"ocean_post_title_bg_overlay_color":"","ocean_disable_breadcrumbs":"default","ocean_breadcrumbs_color":"","ocean_breadcrumbs_separator_color":"","ocean_breadcrumbs_links_color":"","ocean_breadcrumbs_links_hover_color":"","ocean_display_footer_widgets":"default","ocean_display_footer_bottom":"default","ocean_custom_footer_template":"0","osh_disable_topbar_sticky":"default","osh_disable_header_sticky":"default","osh_sticky_header_style":"default","osh_sticky_header_effect":"","osh_custom_sticky_logo":0,"osh_custom_retina_sticky_logo":0,"osh_custom_sticky_logo_height":0,"osh_background_color":"","osh_links_color":"","osh_links_hover_color":"","osh_links_active_color":"","osh_links_bg_color":"","osh_links_hover_bg_color":"","osh_links_active_bg_color":"","osh_menu_social_links_color":"","osh_menu_social_hover_links_color":""},"product_brand":[],"product_cat":[42,41],"product_tag":[185,184,183],"class_list":{"0":"post-3225","1":"product","2":"type-product","3":"status-publish","4":"has-post-thumbnail","6":"product_cat-electric-progressive-pumps","7":"product_cat-progressive-grease-systems","8":"product_tag-electric-grease-pump","9":"product_tag-electric-lube-pump","10":"product_tag-lincoln-electric-grease-pump","12":"entry","13":"has-media","15":"first","16":"instock","17":"shipping-taxable","18":"product-type-external","19":"col","20":"span_1_of_3","21":"owp-content-center","22":"owp-thumbs-layout-horizontal","23":"owp-btn-very-big","24":"owp-tabs-layout-horizontal"},"_links":{"self":[{"href":"https:\/\/www.jinpinlub.com\/pl\/wp-json\/wp\/v2\/product\/3225","targetHints":{"allow":["GET"]}}],"collection":[{"href":"https:\/\/www.jinpinlub.com\/pl\/wp-json\/wp\/v2\/product"}],"about":[{"href":"https:\/\/www.jinpinlub.com\/pl\/wp-json\/wp\/v2\/types\/product"}],"wp:featuredmedia":[{"embeddable":true,"href":"https:\/\/www.jinpinlub.com\/pl\/wp-json\/wp\/v2\/media\/3226"}],"wp:attachment":[{"href":"https:\/\/www.jinpinlub.com\/pl\/wp-json\/wp\/v2\/media?parent=3225"}],"wp:term":[{"taxonomy":"product_brand","embeddable":true,"href":"https:\/\/www.jinpinlub.com\/pl\/wp-json\/wp\/v2\/product_brand?post=3225"},{"taxonomy":"product_cat","embeddable":true,"href":"https:\/\/www.jinpinlub.com\/pl\/wp-json\/wp\/v2\/product_cat?post=3225"},{"taxonomy":"product_tag","embeddable":true,"href":"https:\/\/www.jinpinlub.com\/pl\/wp-json\/wp\/v2\/product_tag?post=3225"}],"curies":[{"name":"wp","href":"https:\/\/api.w.org\/{rel}","templated":true}]}}