{"id":3316,"date":"2024-08-15T21:01:37","date_gmt":"2024-08-15T21:01:37","guid":{"rendered":"https:\/\/www.jinpinlub.com\/?post_type=product&#038;p=3316"},"modified":"2024-08-16T15:05:04","modified_gmt":"2024-08-16T15:05:04","slug":"centralny-system-smarowania-dla-malych-i-srednich-maszyn","status":"publish","type":"product","link":"https:\/\/www.jinpinlub.com\/pl\/product\/centralized-lubrication-system-for-small-medium-sized-machine\/","title":{"rendered":"Centralny system smarowania dla ma\u0142ych i \u015brednich maszyn"},"content":{"rendered":"<h2>Cechy<\/h2>\n<p>Pompa elektryczna jest sterowana przez sterownik PLC lub sterownik zewn\u0119trzny w celu kontrolowania czasu pracy i czasu przerwy w cyklu pracy pompy smaruj\u0105cej.<br \/>\nDost\u0119pny jest czujnik niskiego poziomu smaru, kt\u00f3ry umo\u017cliwia monitorowanie ilo\u015bci smaru pozosta\u0142ego w pompie smarowej w czasie rzeczywistym.<br \/>\nPompa J100 zosta\u0142a wyposa\u017cona w zaw\u00f3r reguluj\u0105cy ci\u015bnienie, kt\u00f3ry kontroluje ci\u015bnienie robocze pompy smaruj\u0105cej i zapewnia jej bezpiecze\u0144stwo pracy.<br \/>\nJ100 jest wyposa\u017cony w zaw\u00f3r odpowietrzaj\u0105cy. Podczas rozpoczynania u\u017cytkowania nale\u017cy najpierw usun\u0105\u0107 powietrze z komory pompy smaruj\u0105cej, aby zapewni\u0107 p\u0142ynne odprowadzanie oleju z pompy smaruj\u0105cej.<br \/>\nPompa smaruj\u0105ca dost\u0119pna jest w r\u00f3\u017cnych pojemno\u015bciach i mo\u017ce by\u0107 wyposa\u017cona w zbiornik lub wk\u0142ad.<br \/>\nPompa t\u0142okowa J100 to bardzo uniwersalna pompa smaruj\u0105ca. Posiada 2 wyj\u015bcia i mo\u017ce obs\u0142ugiwa\u0107 dwie linie smaruj\u0105ce jednocze\u015bnie.<\/p>\n<h2>Specyfikacja<\/h2>\n<table>\n<tbody>\n<tr>\n<td>Temperatura pracy<\/td>\n<td>+0\u2103~+50\u2103<\/td>\n<\/tr>\n<tr>\n<td>Liczba wyj\u015b\u0107<\/td>\n<td>1, 2<\/td>\n<\/tr>\n<tr>\n<td>Pojemno\u015b\u0107 zbiornika<\/td>\n<td>0,3 l, 1,5 l (zbiornik), 0,3 l, 0,7 l (wk\u0142ad)<\/td>\n<\/tr>\n<tr>\n<td>Uzupe\u0142nianie<\/td>\n<td>Z\u0142\u0105cze smarowania hydraulicznego<\/td>\n<\/tr>\n<tr>\n<td>Smar<\/td>\n<td>Smary klasy NLGI 000~2#<\/td>\n<\/tr>\n<tr>\n<td>Klasa ochrony<\/td>\n<td>IP54<\/td>\n<\/tr>\n<tr>\n<td>Wypisa\u0107<\/td>\n<td>15 ml\/min<\/td>\n<\/tr>\n<tr>\n<td>Maksymalne ci\u015bnienie robocze<\/td>\n<td>8MPa<\/td>\n<\/tr>\n<tr>\n<td>Gwint przy\u0142\u0105czeniowy<\/td>\n<td>\u03a66 lub \u03a68<\/td>\n<\/tr>\n<tr>\n<td>Napi\u0119cie robocze<\/td>\n<td>24 V pr\u0105du sta\u0142ego<\/td>\n<\/tr>\n<tr>\n<td>Orzecznictwo<\/td>\n<td>CE<\/td>\n<\/tr>\n<tr>\n<td>Pozycja monta\u017cowa<\/td>\n<td>Pionowo<\/td>\n<\/tr>\n<\/tbody>\n<\/table>\n<h2>Aplikacje<\/h2>\n<p>Pomp\u0119 smarownicz\u0105 J100 nale\u017cy zawsze mocowa\u0107 na pionowej i p\u0142askiej powierzchni.<br \/>\nZa pomoc\u0105 6 \u015brub M8 przechodz\u0105cych przez otwory \u03a69 zamontuj i zamocuj pomp\u0119 smaruj\u0105c\u0105.<br \/>\nJe\u017celi pompa smaruj\u0105ca jest nara\u017cona na wibracje, zaleca si\u0119 zastosowanie kleju antywibracyjnego.<br \/>\nPomp\u0119 smaruj\u0105c\u0105 nale\u017cy zamontowa\u0107 z dala od wody, oleju, zanieczyszcze\u0144 i py\u0142u.<br \/>\nPrzy pod\u0142\u0105czaniu elektrycznym zespo\u0142u pompowego nale\u017cy podj\u0105\u0107 odpowiednie \u015brodki, takie jak kable przeciwzak\u0142\u00f3ceniowe, aby zapobiec zak\u0142\u00f3ceniom pomi\u0119dzy sygna\u0142ami wynikaj\u0105cym ze sprz\u0119\u017ce\u0144 indukcyjnych, pojemno\u015bciowych lub elektromagnetycznych.<\/p>\n<h2>Instrukcje<\/h2>\n<div class=\"sdm_download_button_box_default\"><div class=\"sdm_download_link\"><a href=\"https:\/\/www.jinpinlub.com\/pl\/?sdm_process_download=1&download_id=2462\" class=\"sdm_download white\" title=\"Prywatne: J100 Grease Pump\" target=\"&quot;_blank&quot;\">Wy\u015bwietl kart\u0119 danych - Pompa smaru J100<\/a><\/div><\/div>","protected":false},"excerpt":{"rendered":"<p>J100 to kompaktowa, niezawodna i elastyczna centralna pompa smarowa. Posiada r\u00f3\u017cne pojemno\u015bci i wiele tryb\u00f3w pracy, takich jak typ progresywny i typ jednoliniowy z funkcj\u0105 redukcji ci\u015bnienia ze zintegrowan\u0105 funkcj\u0105 redukcji ci\u015bnienia.<\/p>","protected":false},"featured_media":3322,"template":"","meta":{"ocean_post_layout":"","ocean_both_sidebars_style":"","ocean_both_sidebars_content_width":0,"ocean_both_sidebars_sidebars_width":0,"ocean_sidebar":"0","ocean_second_sidebar":"0","ocean_disable_margins":"enable","ocean_add_body_class":"","ocean_shortcode_before_top_bar":"","ocean_shortcode_after_top_bar":"","ocean_shortcode_before_header":"","ocean_shortcode_after_header":"","ocean_has_shortcode":"","ocean_shortcode_after_title":"","ocean_shortcode_before_footer_widgets":"","ocean_shortcode_after_footer_widgets":"","ocean_shortcode_before_footer_bottom":"","ocean_shortcode_after_footer_bottom":"","ocean_display_top_bar":"default","ocean_display_header":"default","ocean_header_style":"","ocean_center_header_left_menu":"0","ocean_custom_header_template":"0","ocean_custom_logo":0,"ocean_custom_retina_logo":0,"ocean_custom_logo_max_width":0,"ocean_custom_logo_tablet_max_width":0,"ocean_custom_logo_mobile_max_width":0,"ocean_custom_logo_max_height":0,"ocean_custom_logo_tablet_max_height":0,"ocean_custom_logo_mobile_max_height":0,"ocean_header_custom_menu":"0","ocean_menu_typo_font_family":"0","ocean_menu_typo_font_subset":"","ocean_menu_typo_font_size":0,"ocean_menu_typo_font_size_tablet":0,"ocean_menu_typo_font_size_mobile":0,"ocean_menu_typo_font_size_unit":"px","ocean_menu_typo_font_weight":"","ocean_menu_typo_font_weight_tablet":"","ocean_menu_typo_font_weight_mobile":"","ocean_menu_typo_transform":"","ocean_menu_typo_transform_tablet":"","ocean_menu_typo_transform_mobile":"","ocean_menu_typo_line_height":0,"ocean_menu_typo_line_height_tablet":0,"ocean_menu_typo_line_height_mobile":0,"ocean_menu_typo_line_height_unit":"","ocean_menu_typo_spacing":0,"ocean_menu_typo_spacing_tablet":0,"ocean_menu_typo_spacing_mobile":0,"ocean_menu_typo_spacing_unit":"","ocean_menu_link_color":"","ocean_menu_link_color_hover":"","ocean_menu_link_color_active":"","ocean_menu_link_background":"","ocean_menu_link_hover_background":"","ocean_menu_link_active_background":"","ocean_menu_social_links_bg":"","ocean_menu_social_hover_links_bg":"","ocean_menu_social_links_color":"","ocean_menu_social_hover_links_color":"","ocean_disable_title":"default","ocean_disable_heading":"default","ocean_post_title":"","ocean_post_subheading":"","ocean_post_title_style":"","ocean_post_title_background_color":"","ocean_post_title_background":0,"ocean_post_title_bg_image_position":"","ocean_post_title_bg_image_attachment":"","ocean_post_title_bg_image_repeat":"","ocean_post_title_bg_image_size":"","ocean_post_title_height":0,"ocean_post_title_bg_overlay":0.5,"ocean_post_title_bg_overlay_color":"","ocean_disable_breadcrumbs":"default","ocean_breadcrumbs_color":"","ocean_breadcrumbs_separator_color":"","ocean_breadcrumbs_links_color":"","ocean_breadcrumbs_links_hover_color":"","ocean_display_footer_widgets":"default","ocean_display_footer_bottom":"default","ocean_custom_footer_template":"0","osh_disable_topbar_sticky":"default","osh_disable_header_sticky":"default","osh_sticky_header_style":"default","osh_sticky_header_effect":"","osh_custom_sticky_logo":0,"osh_custom_retina_sticky_logo":0,"osh_custom_sticky_logo_height":0,"osh_background_color":"","osh_links_color":"","osh_links_hover_color":"","osh_links_active_color":"","osh_links_bg_color":"","osh_links_hover_bg_color":"","osh_links_active_bg_color":"","osh_menu_social_links_color":"","osh_menu_social_hover_links_color":""},"product_brand":[],"product_cat":[42,41],"product_tag":[190,192,191],"class_list":{"0":"post-3316","1":"product","2":"type-product","3":"status-publish","4":"has-post-thumbnail","6":"product_cat-electric-progressive-pumps","7":"product_cat-progressive-grease-systems","8":"product_tag-bearing-lubrication-pump","9":"product_tag-central-lubrication-pump","10":"product_tag-cnc-lubrication-pump","12":"entry","13":"has-media","15":"first","16":"instock","17":"shipping-taxable","18":"product-type-external","19":"col","20":"span_1_of_3","21":"owp-content-center","22":"owp-thumbs-layout-horizontal","23":"owp-btn-very-big","24":"owp-tabs-layout-horizontal"},"_links":{"self":[{"href":"https:\/\/www.jinpinlub.com\/pl\/wp-json\/wp\/v2\/product\/3316","targetHints":{"allow":["GET"]}}],"collection":[{"href":"https:\/\/www.jinpinlub.com\/pl\/wp-json\/wp\/v2\/product"}],"about":[{"href":"https:\/\/www.jinpinlub.com\/pl\/wp-json\/wp\/v2\/types\/product"}],"wp:featuredmedia":[{"embeddable":true,"href":"https:\/\/www.jinpinlub.com\/pl\/wp-json\/wp\/v2\/media\/3322"}],"wp:attachment":[{"href":"https:\/\/www.jinpinlub.com\/pl\/wp-json\/wp\/v2\/media?parent=3316"}],"wp:term":[{"taxonomy":"product_brand","embeddable":true,"href":"https:\/\/www.jinpinlub.com\/pl\/wp-json\/wp\/v2\/product_brand?post=3316"},{"taxonomy":"product_cat","embeddable":true,"href":"https:\/\/www.jinpinlub.com\/pl\/wp-json\/wp\/v2\/product_cat?post=3316"},{"taxonomy":"product_tag","embeddable":true,"href":"https:\/\/www.jinpinlub.com\/pl\/wp-json\/wp\/v2\/product_tag?post=3316"}],"curies":[{"name":"wp","href":"https:\/\/api.w.org\/{rel}","templated":true}]}}