{"id":3318,"date":"2024-08-16T14:40:19","date_gmt":"2024-08-16T14:40:19","guid":{"rendered":"https:\/\/www.jinpinlub.com\/?post_type=product&#038;p=3318"},"modified":"2024-08-16T15:03:43","modified_gmt":"2024-08-16T15:03:43","slug":"pompa-smarownicza-automatyczna-j100-z-monitorowaniem-poziomu-napelnienia","status":"publish","type":"product","link":"https:\/\/www.jinpinlub.com\/pl\/product\/j100-automatic-lubrication-pump-with-fill-level-monitoring\/","title":{"rendered":"Automatyczna pompa smaruj\u0105ca J100 z monitorowaniem poziomu nape\u0142nienia"},"content":{"rendered":"<h2>Cechy<\/h2>\n<p>Wydajne smarowanie: pompa smarownicza J200 zapewnia stabilny efekt smarowania, gwarantuj\u0105cy normaln\u0105 prac\u0119 sprz\u0119tu przy du\u017cym obci\u0105\u017ceniu.<br \/>\nWysoka trwa\u0142o\u015b\u0107: jednoliniowa pompa smarowa J200 jest wykonana z wysokiej jako\u015bci materia\u0142\u00f3w i charakteryzuje si\u0119 dobr\u0105 odporno\u015bci\u0105 na zu\u017cycie i korozj\u0119.<br \/>\n\u0141atwa obs\u0142uga: Pompa smarownicza do odci\u0105\u017cenia ci\u015bnienia ma prost\u0105 konstrukcj\u0119, jest \u0142atwa w monta\u017cu i konserwacji, a u\u017cytkownicy mog\u0105 bez problemu wymieni\u0107 \u015brodek smarny.<br \/>\nKonstrukcja przyjazna dla \u015brodowiska: lekki system smarowania J200 charakteryzuje si\u0119 dok\u0142adnym opr\u00f3\u017cnianiem, a tak\u017ce zaworem dozuj\u0105cym pe\u0142ni\u0105cym funkcj\u0119 dystrybutora, co pozwala ograniczy\u0107 marnotrawstwo \u015brodka smarnego i zanieczyszczenie, a tak\u017ce spe\u0142ni\u0107 wymogi ochrony \u015brodowiska.<br \/>\nBezpieczna i niezawodna: Elektryczna pompa smaruj\u0105ca posiada zabezpieczenie przed nadci\u015bnieniem i funkcj\u0119 alarmu niskiego poziomu oleju, co gwarantuje bezpieczn\u0105 prac\u0119 sprz\u0119tu.<\/p>\n<h2>Specyfikacja<\/h2>\n<table>\n<tbody>\n<tr>\n<td>Temperatura pracy<\/td>\n<td>0~+50\u00b0C<\/td>\n<\/tr>\n<tr>\n<td>Liczba wyj\u015b\u0107<\/td>\n<td>1, 2<\/td>\n<\/tr>\n<tr>\n<td>Pojemno\u015b\u0107 zbiornika<\/td>\n<td>0,3 l, 1,5 l (zbiornik), 0,3 l, 0,7 l (wk\u0142ad)<\/td>\n<\/tr>\n<tr>\n<td>Uzupe\u0142nianie<\/td>\n<td>Z\u0142\u0105cze smarowania hydraulicznego<\/td>\n<\/tr>\n<tr>\n<td>Smar<\/td>\n<td>Smary klasy NLGI 000~2#<\/td>\n<\/tr>\n<tr>\n<td>Klasa ochrony<\/td>\n<td>IP54<\/td>\n<\/tr>\n<tr>\n<td>Wypisa\u0107<\/td>\n<td>15 ml\/min<\/td>\n<\/tr>\n<tr>\n<td>Maksymalne ci\u015bnienie robocze<\/td>\n<td>8MPa<\/td>\n<\/tr>\n<tr>\n<td>Gwint przy\u0142\u0105czeniowy<\/td>\n<td>\u03a66 lub \u03a68<\/td>\n<\/tr>\n<tr>\n<td>Napi\u0119cie robocze<\/td>\n<td>24 V pr\u0105du sta\u0142ego<\/td>\n<\/tr>\n<tr>\n<td>Orzecznictwo<\/td>\n<td>CE<\/td>\n<\/tr>\n<tr>\n<td>Pozycja monta\u017cowa<\/td>\n<td>Pionowo<\/td>\n<\/tr>\n<\/tbody>\n<\/table>\n<h2>Montowanie<\/h2>\n<p>Unikaj upuszczania produktu, poniewa\u017c mo\u017ce to spowodowa\u0107 obra\u017cenia cia\u0142a lub uszkodzenie mienia.<br \/>\nPodczas monta\u017cu rur i ruchomych cz\u0119\u015bci nale\u017cy zachowa\u0107 bezpieczn\u0105 odleg\u0142o\u015b\u0107 i post\u0119powa\u0107 zgodnie z lokalnymi przepisami, aby zapobiec wypadkom.<br \/>\nNale\u017cy upewni\u0107 si\u0119, \u017ce pompa jest zamontowana na pionowej i p\u0142askiej powierzchni, tak aby mog\u0142a w pe\u0142ni unie\u015b\u0107 sw\u00f3j ci\u0119\u017car.<br \/>\nZamontuj i zamocuj pomp\u0119 za pomoc\u0105 trzech \u015brub M6 przechodz\u0105cych przez otw\u00f3r o \u015brednicy 7 mm.<br \/>\nZaleca si\u0119 stosowanie kleju antywibracyjnego, gdy pompa jest poddawana wibracjom.<br \/>\nPomp\u0119 nale\u017cy zamontowa\u0107 w miejscu zabezpieczonym przed dost\u0119pem wody, oleju, wi\u00f3r\u00f3w i py\u0142u.<br \/>\nWibracje: 9 G (88 m\/s2) lub mniej.<\/p>\n<h2>Instrukcje<\/h2>\n<div class=\"sdm_download_button_box_default\"><div class=\"sdm_download_link\"><a href=\"https:\/\/www.jinpinlub.com\/pl\/?sdm_process_download=1&download_id=2464\" class=\"sdm_download white\" title=\"Prywatne: J200 Grease Pump\" target=\"&quot;_blank&quot;\">Wy\u015bwietl kart\u0119 danych - Pompa smaru J200<\/a><\/div><\/div>","protected":false},"excerpt":{"rendered":"<p>P200 to pompa smaruj\u0105ca z odci\u0105\u017ceniem ci\u015bnieniowym, wyposa\u017cona w urz\u0105dzenie dozuj\u0105ce smarowanie z odci\u0105\u017ceniem ci\u015bnieniowym, tworz\u0105ce jednoliniowy system smarowania, kt\u00f3ry mo\u017ce dok\u0142adnie smarowa\u0107 sprz\u0119t. Ta pompa jest niewielkich rozmiar\u00f3w, lekka i ma szeroki zakres zastosowa\u0144.<\/p>","protected":false},"featured_media":3323,"template":"","meta":{"ocean_post_layout":"","ocean_both_sidebars_style":"","ocean_both_sidebars_content_width":0,"ocean_both_sidebars_sidebars_width":0,"ocean_sidebar":"0","ocean_second_sidebar":"0","ocean_disable_margins":"enable","ocean_add_body_class":"","ocean_shortcode_before_top_bar":"","ocean_shortcode_after_top_bar":"","ocean_shortcode_before_header":"","ocean_shortcode_after_header":"","ocean_has_shortcode":"","ocean_shortcode_after_title":"","ocean_shortcode_before_footer_widgets":"","ocean_shortcode_after_footer_widgets":"","ocean_shortcode_before_footer_bottom":"","ocean_shortcode_after_footer_bottom":"","ocean_display_top_bar":"default","ocean_display_header":"default","ocean_header_style":"","ocean_center_header_left_menu":"0","ocean_custom_header_template":"0","ocean_custom_logo":0,"ocean_custom_retina_logo":0,"ocean_custom_logo_max_width":0,"ocean_custom_logo_tablet_max_width":0,"ocean_custom_logo_mobile_max_width":0,"ocean_custom_logo_max_height":0,"ocean_custom_logo_tablet_max_height":0,"ocean_custom_logo_mobile_max_height":0,"ocean_header_custom_menu":"0","ocean_menu_typo_font_family":"0","ocean_menu_typo_font_subset":"","ocean_menu_typo_font_size":0,"ocean_menu_typo_font_size_tablet":0,"ocean_menu_typo_font_size_mobile":0,"ocean_menu_typo_font_size_unit":"px","ocean_menu_typo_font_weight":"","ocean_menu_typo_font_weight_tablet":"","ocean_menu_typo_font_weight_mobile":"","ocean_menu_typo_transform":"","ocean_menu_typo_transform_tablet":"","ocean_menu_typo_transform_mobile":"","ocean_menu_typo_line_height":0,"ocean_menu_typo_line_height_tablet":0,"ocean_menu_typo_line_height_mobile":0,"ocean_menu_typo_line_height_unit":"","ocean_menu_typo_spacing":0,"ocean_menu_typo_spacing_tablet":0,"ocean_menu_typo_spacing_mobile":0,"ocean_menu_typo_spacing_unit":"","ocean_menu_link_color":"","ocean_menu_link_color_hover":"","ocean_menu_link_color_active":"","ocean_menu_link_background":"","ocean_menu_link_hover_background":"","ocean_menu_link_active_background":"","ocean_menu_social_links_bg":"","ocean_menu_social_hover_links_bg":"","ocean_menu_social_links_color":"","ocean_menu_social_hover_links_color":"","ocean_disable_title":"default","ocean_disable_heading":"default","ocean_post_title":"","ocean_post_subheading":"","ocean_post_title_style":"","ocean_post_title_background_color":"","ocean_post_title_background":0,"ocean_post_title_bg_image_position":"","ocean_post_title_bg_image_attachment":"","ocean_post_title_bg_image_repeat":"","ocean_post_title_bg_image_size":"","ocean_post_title_height":0,"ocean_post_title_bg_overlay":0.5,"ocean_post_title_bg_overlay_color":"","ocean_disable_breadcrumbs":"default","ocean_breadcrumbs_color":"","ocean_breadcrumbs_separator_color":"","ocean_breadcrumbs_links_color":"","ocean_breadcrumbs_links_hover_color":"","ocean_display_footer_widgets":"default","ocean_display_footer_bottom":"default","ocean_custom_footer_template":"0","osh_disable_topbar_sticky":"default","osh_disable_header_sticky":"default","osh_sticky_header_style":"default","osh_sticky_header_effect":"","osh_custom_sticky_logo":0,"osh_custom_retina_sticky_logo":0,"osh_custom_sticky_logo_height":0,"osh_background_color":"","osh_links_color":"","osh_links_hover_color":"","osh_links_active_color":"","osh_links_bg_color":"","osh_links_hover_bg_color":"","osh_links_active_bg_color":"","osh_menu_social_links_color":"","osh_menu_social_hover_links_color":""},"product_brand":[],"product_cat":[38,37],"product_tag":[74,196,197],"class_list":{"0":"post-3318","1":"product","2":"type-product","3":"status-publish","4":"has-post-thumbnail","6":"product_cat-electric-pressure-relief-pumps","7":"product_cat-single-line-grease-systems","8":"product_tag-automatic-lubrication-pump","9":"product_tag-grease-lubrication-system","10":"product_tag-pressure-relief-pump","12":"entry","13":"has-media","15":"first","16":"instock","17":"shipping-taxable","18":"product-type-external","19":"col","20":"span_1_of_3","21":"owp-content-center","22":"owp-thumbs-layout-horizontal","23":"owp-btn-very-big","24":"owp-tabs-layout-horizontal"},"_links":{"self":[{"href":"https:\/\/www.jinpinlub.com\/pl\/wp-json\/wp\/v2\/product\/3318","targetHints":{"allow":["GET"]}}],"collection":[{"href":"https:\/\/www.jinpinlub.com\/pl\/wp-json\/wp\/v2\/product"}],"about":[{"href":"https:\/\/www.jinpinlub.com\/pl\/wp-json\/wp\/v2\/types\/product"}],"wp:featuredmedia":[{"embeddable":true,"href":"https:\/\/www.jinpinlub.com\/pl\/wp-json\/wp\/v2\/media\/3323"}],"wp:attachment":[{"href":"https:\/\/www.jinpinlub.com\/pl\/wp-json\/wp\/v2\/media?parent=3318"}],"wp:term":[{"taxonomy":"product_brand","embeddable":true,"href":"https:\/\/www.jinpinlub.com\/pl\/wp-json\/wp\/v2\/product_brand?post=3318"},{"taxonomy":"product_cat","embeddable":true,"href":"https:\/\/www.jinpinlub.com\/pl\/wp-json\/wp\/v2\/product_cat?post=3318"},{"taxonomy":"product_tag","embeddable":true,"href":"https:\/\/www.jinpinlub.com\/pl\/wp-json\/wp\/v2\/product_tag?post=3318"}],"curies":[{"name":"wp","href":"https:\/\/api.w.org\/{rel}","templated":true}]}}