{"id":3319,"date":"2024-08-16T14:46:28","date_gmt":"2024-08-16T14:46:28","guid":{"rendered":"https:\/\/www.jinpinlub.com\/?post_type=product&#038;p=3319"},"modified":"2024-08-16T14:50:03","modified_gmt":"2024-08-16T14:50:03","slug":"j200-automatyczny-system-smarowania-do-smarowania-mechanicznego","status":"publish","type":"product","link":"https:\/\/www.jinpinlub.com\/pl\/product\/j200-automatic-lubrication-system-for-mechanical-lubrication\/","title":{"rendered":"J200 Automatyczny System Smarowania Do Smarowania Mechanicznego"},"content":{"rendered":"<h2>Cechy<\/h2>\n<p>Ochrona \u015brodowiska: Precyzyjna ilo\u015b\u0107 \u015brodka smarnego w jednoliniowym systemie odci\u0105\u017cenia ci\u015bnienia zapobiega marnowaniu \u015brodka smarnego, nie zanieczyszcza \u015brodowiska ani obrabianych przedmiot\u00f3w i nadaje si\u0119 do \u015brodowisk przetw\u00f3rczych o wysokich wymaganiach czysto\u015bci.<br \/>\nTrwa\u0142o\u015b\u0107: Pompa smarownicza mo\u017ce utrzymywa\u0107 doskona\u0142\u0105 wydajno\u015b\u0107 smarowania w stosunkowo ekstremalnych warunkach, takich jak r\u00f3\u017cne warunki pracy, w tym wysoka temperatura, niska temperatura, du\u017ce obci\u0105\u017cenie, obci\u0105\u017cenie wibracjami, du\u017ce obci\u0105\u017cenie itp.<br \/>\nStabilno\u015b\u0107: Elektryczna pompa smaruj\u0105ca pracuje stabilnie w r\u00f3\u017cnych warunkach, co gwarantuje, \u017ce efekt smarowania uzyskiwany przez maszyn\u0119 jest stabilny i trwa\u0142y.<br \/>\nEkstruzja: Pompa smarowa J200 nadaje si\u0119 do smarowania cz\u0119\u015bci o du\u017cej, \u015bredniej i ma\u0142ej pr\u0119dko\u015bci, a tak\u017ce o cz\u0119stym ruchu przerywanym lub posuwisto-zwrotnym. Zapewnia skuteczne dotarcie smaru do cz\u0119\u015bci wymagaj\u0105cych smarowania.<\/p>\n<h2>Specyfikacja<\/h2>\n<table>\n<tbody>\n<tr>\n<td>Temperatura pracy<\/td>\n<td>0~+50\u00b0C<\/td>\n<\/tr>\n<tr>\n<td>Liczba wyj\u015b\u0107<\/td>\n<td>1, 2<\/td>\n<\/tr>\n<tr>\n<td>Pojemno\u015b\u0107 zbiornika<\/td>\n<td>0,3 l, 1,5 l (zbiornik), 0,3 l, 0,7 l (wk\u0142ad)<\/td>\n<\/tr>\n<tr>\n<td>Uzupe\u0142nianie<\/td>\n<td>Z\u0142\u0105cze smarowania hydraulicznego<\/td>\n<\/tr>\n<tr>\n<td>Smar<\/td>\n<td>Smary klasy NLGI 000~2#<\/td>\n<\/tr>\n<tr>\n<td>Klasa ochrony<\/td>\n<td>IP54<\/td>\n<\/tr>\n<tr>\n<td>Wypisa\u0107<\/td>\n<td>15 ml\/min<\/td>\n<\/tr>\n<tr>\n<td>Maksymalne ci\u015bnienie robocze<\/td>\n<td>8MPa<\/td>\n<\/tr>\n<tr>\n<td>Gwint przy\u0142\u0105czeniowy<\/td>\n<td>\u03a66 lub \u03a68<\/td>\n<\/tr>\n<tr>\n<td>Napi\u0119cie robocze<\/td>\n<td>24 V pr\u0105du sta\u0142ego<\/td>\n<\/tr>\n<tr>\n<td>Orzecznictwo<\/td>\n<td>CE<\/td>\n<\/tr>\n<tr>\n<td>Pozycja monta\u017cowa<\/td>\n<td>Pionowo<\/td>\n<\/tr>\n<\/tbody>\n<\/table>\n<h2>Ruroci\u0105gi<\/h2>\n<p>Pod\u0142\u0105cz rurk\u0119 do wylotu pompy smaru (Rc1\/8), u\u017cyj rurki o ci\u015bnieniu 5 MPa lub wy\u017cszym, zamocuj z\u0142\u0105cze, a nast\u0119pnie dokr\u0119\u0107 je kluczem o 2,5 do 3 obrot\u00f3w.<br \/>\nMoment dokr\u0119cania 10 Nm. Po pod\u0142\u0105czeniu upewnij si\u0119, \u017ce nie ma wycieku na z\u0142\u0105czu wk\u0142adu. W przypadku pompy smaruj\u0105cej J200 upewnij si\u0119, \u017ce po pod\u0142\u0105czeniu odpowietrzy\u0142e\u015b rurk\u0119 i pomp\u0119.<br \/>\nJe\u017celi g\u0142\u00f3wny przew\u00f3d jest kr\u00f3tki, ci\u015bnienie mo\u017ce osi\u0105gn\u0105\u0107 8 MPa lub wi\u0119cej, ale nie stanowi to \u017cadnego problemu podczas u\u017cytkowania.<\/p>\n<h2>Instrukcje<\/h2>\n<div class=\"sdm_download_button_box_default\"><div class=\"sdm_download_link\"><a href=\"https:\/\/www.jinpinlub.com\/pl\/?sdm_process_download=1&download_id=2464\" class=\"sdm_download white\" title=\"Prywatne: J200 Grease Pump\" target=\"&quot;_blank&quot;\">Wy\u015bwietl kart\u0119 danych - Pompa smaru J200<\/a><\/div><\/div>","protected":false},"excerpt":{"rendered":"<p>Pompa smarownicza J200 to wysokiej jako\u015bci, wysokowydajna pompa jednoliniowa do redukcji ci\u015bnienia. Jest popularna w\u015br\u00f3d u\u017cytkownik\u00f3w ze wzgl\u0119du na doskona\u0142e w\u0142a\u015bciwo\u015bci smarne, wydajno\u015b\u0107 \u015brodowiskow\u0105, wysok\u0105 przyczepno\u015b\u0107, stabilno\u015b\u0107 mechaniczn\u0105 i wysok\u0105 wydajno\u015b\u0107 kosztow\u0105.<\/p>","protected":false},"featured_media":3248,"template":"","meta":{"ocean_post_layout":"","ocean_both_sidebars_style":"","ocean_both_sidebars_content_width":0,"ocean_both_sidebars_sidebars_width":0,"ocean_sidebar":"0","ocean_second_sidebar":"0","ocean_disable_margins":"enable","ocean_add_body_class":"","ocean_shortcode_before_top_bar":"","ocean_shortcode_after_top_bar":"","ocean_shortcode_before_header":"","ocean_shortcode_after_header":"","ocean_has_shortcode":"","ocean_shortcode_after_title":"","ocean_shortcode_before_footer_widgets":"","ocean_shortcode_after_footer_widgets":"","ocean_shortcode_before_footer_bottom":"","ocean_shortcode_after_footer_bottom":"","ocean_display_top_bar":"default","ocean_display_header":"default","ocean_header_style":"","ocean_center_header_left_menu":"0","ocean_custom_header_template":"0","ocean_custom_logo":0,"ocean_custom_retina_logo":0,"ocean_custom_logo_max_width":0,"ocean_custom_logo_tablet_max_width":0,"ocean_custom_logo_mobile_max_width":0,"ocean_custom_logo_max_height":0,"ocean_custom_logo_tablet_max_height":0,"ocean_custom_logo_mobile_max_height":0,"ocean_header_custom_menu":"0","ocean_menu_typo_font_family":"0","ocean_menu_typo_font_subset":"","ocean_menu_typo_font_size":0,"ocean_menu_typo_font_size_tablet":0,"ocean_menu_typo_font_size_mobile":0,"ocean_menu_typo_font_size_unit":"px","ocean_menu_typo_font_weight":"","ocean_menu_typo_font_weight_tablet":"","ocean_menu_typo_font_weight_mobile":"","ocean_menu_typo_transform":"","ocean_menu_typo_transform_tablet":"","ocean_menu_typo_transform_mobile":"","ocean_menu_typo_line_height":0,"ocean_menu_typo_line_height_tablet":0,"ocean_menu_typo_line_height_mobile":0,"ocean_menu_typo_line_height_unit":"","ocean_menu_typo_spacing":0,"ocean_menu_typo_spacing_tablet":0,"ocean_menu_typo_spacing_mobile":0,"ocean_menu_typo_spacing_unit":"","ocean_menu_link_color":"","ocean_menu_link_color_hover":"","ocean_menu_link_color_active":"","ocean_menu_link_background":"","ocean_menu_link_hover_background":"","ocean_menu_link_active_background":"","ocean_menu_social_links_bg":"","ocean_menu_social_hover_links_bg":"","ocean_menu_social_links_color":"","ocean_menu_social_hover_links_color":"","ocean_disable_title":"default","ocean_disable_heading":"default","ocean_post_title":"","ocean_post_subheading":"","ocean_post_title_style":"","ocean_post_title_background_color":"","ocean_post_title_background":0,"ocean_post_title_bg_image_position":"","ocean_post_title_bg_image_attachment":"","ocean_post_title_bg_image_repeat":"","ocean_post_title_bg_image_size":"","ocean_post_title_height":0,"ocean_post_title_bg_overlay":0.5,"ocean_post_title_bg_overlay_color":"","ocean_disable_breadcrumbs":"default","ocean_breadcrumbs_color":"","ocean_breadcrumbs_separator_color":"","ocean_breadcrumbs_links_color":"","ocean_breadcrumbs_links_hover_color":"","ocean_display_footer_widgets":"default","ocean_display_footer_bottom":"default","ocean_custom_footer_template":"0","osh_disable_topbar_sticky":"default","osh_disable_header_sticky":"default","osh_sticky_header_style":"default","osh_sticky_header_effect":"","osh_custom_sticky_logo":0,"osh_custom_retina_sticky_logo":0,"osh_custom_sticky_logo_height":0,"osh_background_color":"","osh_links_color":"","osh_links_hover_color":"","osh_links_active_color":"","osh_links_bg_color":"","osh_links_hover_bg_color":"","osh_links_active_bg_color":"","osh_menu_social_links_color":"","osh_menu_social_hover_links_color":""},"product_brand":[],"product_cat":[38,37],"product_tag":[200,198,199],"class_list":{"0":"post-3319","1":"product","2":"type-product","3":"status-publish","4":"has-post-thumbnail","6":"product_cat-electric-pressure-relief-pumps","7":"product_cat-single-line-grease-systems","8":"product_tag-grease-lubrication-equipment","9":"product_tag-machine-tool-lubrication","10":"product_tag-slideway-grease-lubrication","12":"entry","13":"has-media","15":"first","16":"instock","17":"shipping-taxable","18":"product-type-external","19":"col","20":"span_1_of_3","21":"owp-content-center","22":"owp-thumbs-layout-horizontal","23":"owp-btn-very-big","24":"owp-tabs-layout-horizontal"},"_links":{"self":[{"href":"https:\/\/www.jinpinlub.com\/pl\/wp-json\/wp\/v2\/product\/3319","targetHints":{"allow":["GET"]}}],"collection":[{"href":"https:\/\/www.jinpinlub.com\/pl\/wp-json\/wp\/v2\/product"}],"about":[{"href":"https:\/\/www.jinpinlub.com\/pl\/wp-json\/wp\/v2\/types\/product"}],"wp:featuredmedia":[{"embeddable":true,"href":"https:\/\/www.jinpinlub.com\/pl\/wp-json\/wp\/v2\/media\/3248"}],"wp:attachment":[{"href":"https:\/\/www.jinpinlub.com\/pl\/wp-json\/wp\/v2\/media?parent=3319"}],"wp:term":[{"taxonomy":"product_brand","embeddable":true,"href":"https:\/\/www.jinpinlub.com\/pl\/wp-json\/wp\/v2\/product_brand?post=3319"},{"taxonomy":"product_cat","embeddable":true,"href":"https:\/\/www.jinpinlub.com\/pl\/wp-json\/wp\/v2\/product_cat?post=3319"},{"taxonomy":"product_tag","embeddable":true,"href":"https:\/\/www.jinpinlub.com\/pl\/wp-json\/wp\/v2\/product_tag?post=3319"}],"curies":[{"name":"wp","href":"https:\/\/api.w.org\/{rel}","templated":true}]}}