{"id":3338,"date":"2024-08-22T11:22:19","date_gmt":"2024-08-22T03:22:19","guid":{"rendered":"https:\/\/www.jinpinlub.com\/?post_type=product&#038;p=3338"},"modified":"2024-08-22T13:21:46","modified_gmt":"2024-08-22T05:21:46","slug":"smarownica-wielopunktowa-j203-do-maszyn-budowlanych","status":"publish","type":"product","link":"https:\/\/www.jinpinlub.com\/pl\/product\/j203-multiport-grease-lubricator-for-construction-machinery\/","title":{"rendered":"Smarownica wielopunktowa J203 do maszyn budowlanych"},"content":{"rendered":"<h2>Cechy<\/h2>\n<p><span id=\"input-sentence~0\">Elektryczna pompa smaruj\u0105ca J203 jest uniwersalna, kompaktowa i bardzo ekonomiczna. Mo\u017ce by\u0107 wyposa\u017cona w alarm niskiego poziomu i p\u0142ytk\u0119 PCB, kt\u00f3ra steruje jej prac\u0105. Ponadto jest oferowana w tym zakresie napi\u0119\u0107: 12 V i 24 V DC lub 110 V~220 V.<\/span><span id=\"input-sentence~1\"> Pompa smaruj\u0105ca mo\u017ce by\u0107 r\u00f3wnie\u017c wyposa\u017cona w 1, 2 lub 3 elementy pompy. Istniej\u0105 cztery typy element\u00f3w pompy: K5, K6, K7 i KR, z regulowan\u0105 pojemno\u015bci\u0105. Pojemno\u015b\u0107 zbiornika pompy jest r\u00f3wnie\u017c dost\u0119pna w 2, 4, 8 litrach, mi\u0119dzy innymi.<\/span><\/p>\n<h2>Specyfikacja<\/h2>\n<table>\n<tbody>\n<tr>\n<td>Temperatura pracy<\/td>\n<td>(-40\u00b0C do +70\u00b0C)<\/td>\n<\/tr>\n<tr>\n<td>Liczba wyj\u015b\u0107<\/td>\n<td>1, 2 lub 3<\/td>\n<\/tr>\n<tr>\n<td>Pojemno\u015b\u0107 zbiornika<\/td>\n<td>2L, 4L, 8L<\/td>\n<\/tr>\n<tr>\n<td>Uzupe\u0142nianie<\/td>\n<td>Przy\u0142\u0105cze smarowania hydraulicznego lub od g\u00f3ry<\/td>\n<\/tr>\n<tr>\n<td>Smar<\/td>\n<td>Smary o klasie NLGI co najmniej 2, Oleje do 40 mm\u00b2\/s (cSt) w temp. 40\u00b0 C<\/td>\n<\/tr>\n<tr>\n<td>Klasa ochrony<\/td>\n<td>IP6K 9K<\/td>\n<\/tr>\n<tr>\n<td>\u015arednica t\u0142oka, K5<\/td>\n<td>5 mm, ok. 2 cm\u00b3\/min<\/td>\n<\/tr>\n<tr>\n<td>\u015arednica t\u0142oka (standardowa) K6<\/td>\n<td>6 mm, ok. 2,8 cm\u00b3\/min<\/td>\n<\/tr>\n<tr>\n<td>\u015arednica t\u0142oka, K7<\/td>\n<td>7 mm, ok. 4 cm\u00b3\/min<\/td>\n<\/tr>\n<tr>\n<td>Maksymalne ci\u015bnienie robocze<\/td>\n<td>350 bar<\/td>\n<\/tr>\n<tr>\n<td>Gwint przy\u0142\u0105czeniowy<\/td>\n<td>G 1\/4<\/td>\n<\/tr>\n<tr>\n<td>Napi\u0119cie robocze<\/td>\n<td>12 V pr\u0105du sta\u0142ego, 24 V pr\u0105du sta\u0142ego, 110\u2013240 V pr\u0105du przemiennego<\/td>\n<\/tr>\n<\/tbody>\n<\/table>\n<h2><span id=\"input-sentence~2\">Elementy<\/span><\/h2>\n<p><span id=\"input-sentence~2\">Elementy pompy s\u0105 niezb\u0119dnymi komponentami pomp smarowniczych, takich jak J203. To one pompuj\u0105 \u015brodek smarny ze zbiornika do punkt\u00f3w smarowania.<br \/>\nTypy: Dost\u0119pnych jest wiele odmian element\u00f3w pomp smarowniczych, dostosowanych do r\u00f3\u017cnych wymaga\u0144 dotycz\u0105cych lepko\u015bci i wydajno\u015bci.<\/span><span id=\"input-sentence~3\"> Umo\u017cliwia to dokonanie wyboru w oparciu o wymagania smarownicze maszyny.<br \/>\nTrwa\u0142o\u015b\u0107: Materia\u0142y u\u017cyte do produkcji element\u00f3w pompy s\u0105 zazwyczaj wysokiej jako\u015bci, zwykle wykonane ze stali nierdzewnej, dzi\u0119ki czemu s\u0105 trwa\u0142e i odporne na zu\u017cycie.<br \/>\nZgodno\u015b\u0107: Elementy pompy smarowniczej zosta\u0142y zaprojektowane do pracy z szerok\u0105 gam\u0105 \u015brodk\u00f3w smarnych, w tym olejami i smarami.<br \/>\nKonserwacja: Elementy pompy powinny by\u0107 regularnie konserwowane, aby zapewni\u0107 ich efektywn\u0105 prac\u0119 i \u017cywotno\u015b\u0107. Oznacza to sprawdzanie ich zu\u017cycia i wymian\u0119.<\/span><\/p>\n<h2>Instrukcje<\/h2>\n<div class=\"sdm_download_button_box_default\"><div class=\"sdm_download_link\"><a href=\"https:\/\/www.jinpinlub.com\/pl\/?sdm_process_download=1&download_id=2429\" class=\"sdm_download white\" title=\"Prywatne: J203 Grease Pump\" target=\"&quot;_blank&quot;\">Wy\u015bwietl arkusz danych - Pompa smaru J203<\/a><\/div><\/div>","protected":false},"excerpt":{"rendered":"<p>J203 to pompa elektryczna stosowana w progresywnych systemach smarowania. Nadaje si\u0119 do maszyn budowlanych, takich jak \u0142adowarki ko\u0142owe i koparki; ma\u0142ych i \u015brednich maszyn oraz og\u00f3lnego sprz\u0119tu przemys\u0142owego, takiego jak kombajny, prasy i sieczkarnie.<\/p>","protected":false},"featured_media":3278,"template":"","meta":{"ocean_post_layout":"","ocean_both_sidebars_style":"","ocean_both_sidebars_content_width":0,"ocean_both_sidebars_sidebars_width":0,"ocean_sidebar":"0","ocean_second_sidebar":"0","ocean_disable_margins":"enable","ocean_add_body_class":"","ocean_shortcode_before_top_bar":"","ocean_shortcode_after_top_bar":"","ocean_shortcode_before_header":"","ocean_shortcode_after_header":"","ocean_has_shortcode":"","ocean_shortcode_after_title":"","ocean_shortcode_before_footer_widgets":"","ocean_shortcode_after_footer_widgets":"","ocean_shortcode_before_footer_bottom":"","ocean_shortcode_after_footer_bottom":"","ocean_display_top_bar":"default","ocean_display_header":"default","ocean_header_style":"","ocean_center_header_left_menu":"0","ocean_custom_header_template":"0","ocean_custom_logo":0,"ocean_custom_retina_logo":0,"ocean_custom_logo_max_width":0,"ocean_custom_logo_tablet_max_width":0,"ocean_custom_logo_mobile_max_width":0,"ocean_custom_logo_max_height":0,"ocean_custom_logo_tablet_max_height":0,"ocean_custom_logo_mobile_max_height":0,"ocean_header_custom_menu":"0","ocean_menu_typo_font_family":"0","ocean_menu_typo_font_subset":"","ocean_menu_typo_font_size":0,"ocean_menu_typo_font_size_tablet":0,"ocean_menu_typo_font_size_mobile":0,"ocean_menu_typo_font_size_unit":"px","ocean_menu_typo_font_weight":"","ocean_menu_typo_font_weight_tablet":"","ocean_menu_typo_font_weight_mobile":"","ocean_menu_typo_transform":"","ocean_menu_typo_transform_tablet":"","ocean_menu_typo_transform_mobile":"","ocean_menu_typo_line_height":0,"ocean_menu_typo_line_height_tablet":0,"ocean_menu_typo_line_height_mobile":0,"ocean_menu_typo_line_height_unit":"","ocean_menu_typo_spacing":0,"ocean_menu_typo_spacing_tablet":0,"ocean_menu_typo_spacing_mobile":0,"ocean_menu_typo_spacing_unit":"","ocean_menu_link_color":"","ocean_menu_link_color_hover":"","ocean_menu_link_color_active":"","ocean_menu_link_background":"","ocean_menu_link_hover_background":"","ocean_menu_link_active_background":"","ocean_menu_social_links_bg":"","ocean_menu_social_hover_links_bg":"","ocean_menu_social_links_color":"","ocean_menu_social_hover_links_color":"","ocean_disable_title":"default","ocean_disable_heading":"default","ocean_post_title":"","ocean_post_subheading":"","ocean_post_title_style":"","ocean_post_title_background_color":"","ocean_post_title_background":0,"ocean_post_title_bg_image_position":"","ocean_post_title_bg_image_attachment":"","ocean_post_title_bg_image_repeat":"","ocean_post_title_bg_image_size":"","ocean_post_title_height":0,"ocean_post_title_bg_overlay":0.5,"ocean_post_title_bg_overlay_color":"","ocean_disable_breadcrumbs":"default","ocean_breadcrumbs_color":"","ocean_breadcrumbs_separator_color":"","ocean_breadcrumbs_links_color":"","ocean_breadcrumbs_links_hover_color":"","ocean_display_footer_widgets":"default","ocean_display_footer_bottom":"default","ocean_custom_footer_template":"0","osh_disable_topbar_sticky":"default","osh_disable_header_sticky":"default","osh_sticky_header_style":"default","osh_sticky_header_effect":"","osh_custom_sticky_logo":0,"osh_custom_retina_sticky_logo":0,"osh_custom_sticky_logo_height":0,"osh_background_color":"","osh_links_color":"","osh_links_hover_color":"","osh_links_active_color":"","osh_links_bg_color":"","osh_links_hover_bg_color":"","osh_links_active_bg_color":"","osh_menu_social_links_color":"","osh_menu_social_hover_links_color":""},"product_brand":[],"product_cat":[42,41],"product_tag":[74,215,214],"class_list":{"0":"post-3338","1":"product","2":"type-product","3":"status-publish","4":"has-post-thumbnail","6":"product_cat-electric-progressive-pumps","7":"product_cat-progressive-grease-systems","8":"product_tag-automatic-lubrication-pump","9":"product_tag-motor-driven-pump","10":"product_tag-multiport-grease-lubricator","12":"entry","13":"has-media","15":"first","16":"instock","17":"shipping-taxable","18":"product-type-external","19":"col","20":"span_1_of_3","21":"owp-content-center","22":"owp-thumbs-layout-horizontal","23":"owp-btn-very-big","24":"owp-tabs-layout-horizontal"},"_links":{"self":[{"href":"https:\/\/www.jinpinlub.com\/pl\/wp-json\/wp\/v2\/product\/3338","targetHints":{"allow":["GET"]}}],"collection":[{"href":"https:\/\/www.jinpinlub.com\/pl\/wp-json\/wp\/v2\/product"}],"about":[{"href":"https:\/\/www.jinpinlub.com\/pl\/wp-json\/wp\/v2\/types\/product"}],"wp:featuredmedia":[{"embeddable":true,"href":"https:\/\/www.jinpinlub.com\/pl\/wp-json\/wp\/v2\/media\/3278"}],"wp:attachment":[{"href":"https:\/\/www.jinpinlub.com\/pl\/wp-json\/wp\/v2\/media?parent=3338"}],"wp:term":[{"taxonomy":"product_brand","embeddable":true,"href":"https:\/\/www.jinpinlub.com\/pl\/wp-json\/wp\/v2\/product_brand?post=3338"},{"taxonomy":"product_cat","embeddable":true,"href":"https:\/\/www.jinpinlub.com\/pl\/wp-json\/wp\/v2\/product_cat?post=3338"},{"taxonomy":"product_tag","embeddable":true,"href":"https:\/\/www.jinpinlub.com\/pl\/wp-json\/wp\/v2\/product_tag?post=3338"}],"curies":[{"name":"wp","href":"https:\/\/api.w.org\/{rel}","templated":true}]}}