{"id":3339,"date":"2024-08-22T11:28:29","date_gmt":"2024-08-22T03:28:29","guid":{"rendered":"https:\/\/www.jinpinlub.com\/?post_type=product&#038;p=3339"},"modified":"2024-08-22T11:30:29","modified_gmt":"2024-08-22T03:30:29","slug":"j203-automatyczna-smarownica-z-kontrolerem-do-smarowania-wieloliniowego","status":"publish","type":"product","link":"https:\/\/www.jinpinlub.com\/pl\/produkt\/j203-automatyczna-smarownica-z-kontrolerem-do-smarowania-wieloliniowego\/","title":{"rendered":"Automatyczna smarownica J203 ze sterownikiem do smarowania wieloliniowego"},"content":{"rendered":"<h2>Uzupe\u0142nianie<\/h2>\n<p>1. Nape\u0142nianie poprzez pokryw\u0119 zbiornika<br \/>\nOdkr\u0119\u0107 nakr\u0119tk\u0119 pojemnika pompy smaruj\u0105cej od zbiornika w kierunku przeciwnym do ruchu wskaz\u00f3wek zegara. Umie\u015b\u0107 pokryw\u0119 zbiornika w czystym miejscu, kt\u00f3re nie mo\u017ce by\u0107 brudne.<br \/>\nNape\u0142nij zbiornik \u015brodka smarnego od g\u00f3ry do oznaczenia MAX na pompie smaruj\u0105cej, a nast\u0119pnie dodaj \u015brodka smarnego w takiej ilo\u015bci, aby nie by\u0142o p\u0119cherzyk\u00f3w powietrza.<br \/>\nZa\u0142\u00f3\u017c ponownie pokryw\u0119 zbiornika pompy smaruj\u0105cej, obracaj\u0105c j\u0105 zgodnie z ruchem wskaz\u00f3wek zegara.<br \/>\n2. Nape\u0142nianie poprzez kr\u00f3ciec wlewowy<br \/>\nPod\u0142\u0105cz ko\u0144c\u00f3wk\u0119 wlewow\u0105 pompy smaruj\u0105cej do pompy nape\u0142niaj\u0105cej.<br \/>\nW\u0142\u0105cz pomp\u0119 nape\u0142niaj\u0105c\u0105 i nape\u0142nij \u015brodkiem smarnym do oznaczenia MAX.<br \/>\nWy\u0142\u0105cz pomp\u0119 nape\u0142niaj\u0105c\u0105 i od\u0142\u0105cz ko\u0144c\u00f3wk\u0119 nape\u0142niaj\u0105c\u0105 pompy smaruj\u0105cej.<\/p>\n<h2>Specyfikacja<\/h2>\n<table>\n<tbody>\n<tr>\n<td>Temperatura pracy<\/td>\n<td>(-40\u00b0C do +70\u00b0C)<\/td>\n<\/tr>\n<tr>\n<td>Liczba wyj\u015b\u0107<\/td>\n<td>1, 2 lub 3<\/td>\n<\/tr>\n<tr>\n<td>Pojemno\u015b\u0107 zbiornika<\/td>\n<td>2L, 4L, 8L<\/td>\n<\/tr>\n<tr>\n<td>Uzupe\u0142nianie<\/td>\n<td>Przy\u0142\u0105cze smarowania hydraulicznego lub od g\u00f3ry<\/td>\n<\/tr>\n<tr>\n<td>Smar<\/td>\n<td>Smary o klasie NLGI co najmniej 2, Oleje do 40 mm\u00b2\/s (cSt) w temp. 40\u00b0 C<\/td>\n<\/tr>\n<tr>\n<td>Klasa ochrony<\/td>\n<td>IP6K 9K<\/td>\n<\/tr>\n<tr>\n<td>\u015arednica t\u0142oka, K5<\/td>\n<td>5 mm, ok. 2 cm\u00b3\/min<\/td>\n<\/tr>\n<tr>\n<td>\u015arednica t\u0142oka (standardowa) K6<\/td>\n<td>6 mm, ok. 2,8 cm\u00b3\/min<\/td>\n<\/tr>\n<tr>\n<td>\u015arednica t\u0142oka, K7<\/td>\n<td>7 mm, ok. 4 cm\u00b3\/min<\/td>\n<\/tr>\n<tr>\n<td>Maksymalne ci\u015bnienie robocze<\/td>\n<td>350 bar<\/td>\n<\/tr>\n<tr>\n<td>Gwint przy\u0142\u0105czeniowy<\/td>\n<td>G 1\/4<\/td>\n<\/tr>\n<tr>\n<td>Napi\u0119cie robocze<\/td>\n<td>12 V pr\u0105du sta\u0142ego, 24 V pr\u0105du sta\u0142ego, 110\u2013240 V pr\u0105du przemiennego<\/td>\n<\/tr>\n<\/tbody>\n<\/table>\n<h2>Aplikacja<\/h2>\n<p>W uk\u0142adzie smarowania nale\u017cy stosowa\u0107 czyste komponenty i przewody smarownicze wype\u0142nione smarem.<br \/>\nZasadniczo uk\u0142ad przewod\u00f3w smarowniczych nale\u017cy u\u0142o\u017cy\u0107 w taki spos\u00f3b, aby nie tworzy\u0142y si\u0119 p\u0119cherzyki.<br \/>\nPodczas monta\u017cu rozdzielacza na ko\u0144cu g\u0142\u00f3wnego przewodu smarowniczego nale\u017cy upewni\u0107 si\u0119, \u017ce wylot rozdzielacza \u015brodka smarnego skierowany jest ku g\u00f3rze.<br \/>\n\u0141uki, kolanka, wystaj\u0105ce do wewn\u0105trz uszczelki i nieuniknione przej\u015bcia w przekroju poprzecznym ruroci\u0105g\u00f3w powinny by\u0107 wykonane jak najdelikatniej, aby zapewni\u0107 niezak\u0142\u00f3cony przep\u0142yw \u015brodka smaruj\u0105cego.<\/p>\n<h2>Instrukcje<\/h2>\n<div class=\"sdm_download_button_box_default\"><div class=\"sdm_download_link\"><a href=\"https:\/\/www.jinpinlub.com\/pl\/?sdm_process_download=1&download_id=2429\" class=\"sdm_download white\" title=\"Prywatne: J203 Grease Pump\" target=\"&quot;_blank&quot;\">Wy\u015bwietl arkusz danych - Pompa smaru J203<\/a><\/div><\/div>","protected":false},"excerpt":{"rendered":"<p>Pompa smaruj\u0105ca J203 jest u\u017cywana z progresywnym urz\u0105dzeniem dozuj\u0105cym SSV, aby niezawodnie dozowa\u0107 \u015brodek smarny w ustalonych ilo\u015bciach. SSV mo\u017ce obs\u0142ugiwa\u0107 wysokie ci\u015bnienia wsteczne, nadaje si\u0119 do szerokiego zakresu temperatur i ma maksymalne ci\u015bnienie robocze 350 bar\u00f3w.<\/p>","protected":false},"featured_media":3283,"template":"","meta":{"ocean_post_layout":"","ocean_both_sidebars_style":"","ocean_both_sidebars_content_width":0,"ocean_both_sidebars_sidebars_width":0,"ocean_sidebar":"0","ocean_second_sidebar":"0","ocean_disable_margins":"enable","ocean_add_body_class":"","ocean_shortcode_before_top_bar":"","ocean_shortcode_after_top_bar":"","ocean_shortcode_before_header":"","ocean_shortcode_after_header":"","ocean_has_shortcode":"","ocean_shortcode_after_title":"","ocean_shortcode_before_footer_widgets":"","ocean_shortcode_after_footer_widgets":"","ocean_shortcode_before_footer_bottom":"","ocean_shortcode_after_footer_bottom":"","ocean_display_top_bar":"default","ocean_display_header":"default","ocean_header_style":"","ocean_center_header_left_menu":"0","ocean_custom_header_template":"0","ocean_custom_logo":0,"ocean_custom_retina_logo":0,"ocean_custom_logo_max_width":0,"ocean_custom_logo_tablet_max_width":0,"ocean_custom_logo_mobile_max_width":0,"ocean_custom_logo_max_height":0,"ocean_custom_logo_tablet_max_height":0,"ocean_custom_logo_mobile_max_height":0,"ocean_header_custom_menu":"0","ocean_menu_typo_font_family":"0","ocean_menu_typo_font_subset":"","ocean_menu_typo_font_size":0,"ocean_menu_typo_font_size_tablet":0,"ocean_menu_typo_font_size_mobile":0,"ocean_menu_typo_font_size_unit":"px","ocean_menu_typo_font_weight":"","ocean_menu_typo_font_weight_tablet":"","ocean_menu_typo_font_weight_mobile":"","ocean_menu_typo_transform":"","ocean_menu_typo_transform_tablet":"","ocean_menu_typo_transform_mobile":"","ocean_menu_typo_line_height":0,"ocean_menu_typo_line_height_tablet":0,"ocean_menu_typo_line_height_mobile":0,"ocean_menu_typo_line_height_unit":"","ocean_menu_typo_spacing":0,"ocean_menu_typo_spacing_tablet":0,"ocean_menu_typo_spacing_mobile":0,"ocean_menu_typo_spacing_unit":"","ocean_menu_link_color":"","ocean_menu_link_color_hover":"","ocean_menu_link_color_active":"","ocean_menu_link_background":"","ocean_menu_link_hover_background":"","ocean_menu_link_active_background":"","ocean_menu_social_links_bg":"","ocean_menu_social_hover_links_bg":"","ocean_menu_social_links_color":"","ocean_menu_social_hover_links_color":"","ocean_disable_title":"default","ocean_disable_heading":"default","ocean_post_title":"","ocean_post_subheading":"","ocean_post_title_style":"","ocean_post_title_background_color":"","ocean_post_title_background":0,"ocean_post_title_bg_image_position":"","ocean_post_title_bg_image_attachment":"","ocean_post_title_bg_image_repeat":"","ocean_post_title_bg_image_size":"","ocean_post_title_height":0,"ocean_post_title_bg_overlay":0.5,"ocean_post_title_bg_overlay_color":"","ocean_disable_breadcrumbs":"default","ocean_breadcrumbs_color":"","ocean_breadcrumbs_separator_color":"","ocean_breadcrumbs_links_color":"","ocean_breadcrumbs_links_hover_color":"","ocean_display_footer_widgets":"default","ocean_display_footer_bottom":"default","ocean_custom_footer_template":"0","osh_disable_topbar_sticky":"default","osh_disable_header_sticky":"default","osh_sticky_header_style":"default","osh_sticky_header_effect":"","osh_custom_sticky_logo":0,"osh_custom_retina_sticky_logo":0,"osh_custom_sticky_logo_height":0,"osh_background_color":"","osh_links_color":"","osh_links_hover_color":"","osh_links_active_color":"","osh_links_bg_color":"","osh_links_hover_bg_color":"","osh_links_active_bg_color":"","osh_menu_social_links_color":"","osh_menu_social_hover_links_color":""},"product_brand":[],"product_cat":[41,42],"product_tag":[72,217,216],"class_list":{"0":"post-3339","1":"product","2":"type-product","3":"status-publish","4":"has-post-thumbnail","6":"product_cat-progressive-grease-systems","7":"product_cat-electric-progressive-pumps","8":"product_tag-lubrication-system","9":"product_tag-lubricator-with-controller","10":"product_tag-multiport-lubrication-pump","12":"entry","13":"has-media","15":"first","16":"instock","17":"shipping-taxable","18":"product-type-external","19":"col","20":"span_1_of_3","21":"owp-content-center","22":"owp-thumbs-layout-horizontal","23":"owp-btn-very-big","24":"owp-tabs-layout-horizontal"},"_links":{"self":[{"href":"https:\/\/www.jinpinlub.com\/pl\/wp-json\/wp\/v2\/product\/3339","targetHints":{"allow":["GET"]}}],"collection":[{"href":"https:\/\/www.jinpinlub.com\/pl\/wp-json\/wp\/v2\/product"}],"about":[{"href":"https:\/\/www.jinpinlub.com\/pl\/wp-json\/wp\/v2\/types\/product"}],"wp:featuredmedia":[{"embeddable":true,"href":"https:\/\/www.jinpinlub.com\/pl\/wp-json\/wp\/v2\/media\/3283"}],"wp:attachment":[{"href":"https:\/\/www.jinpinlub.com\/pl\/wp-json\/wp\/v2\/media?parent=3339"}],"wp:term":[{"taxonomy":"product_brand","embeddable":true,"href":"https:\/\/www.jinpinlub.com\/pl\/wp-json\/wp\/v2\/product_brand?post=3339"},{"taxonomy":"product_cat","embeddable":true,"href":"https:\/\/www.jinpinlub.com\/pl\/wp-json\/wp\/v2\/product_cat?post=3339"},{"taxonomy":"product_tag","embeddable":true,"href":"https:\/\/www.jinpinlub.com\/pl\/wp-json\/wp\/v2\/product_tag?post=3339"}],"curies":[{"name":"wp","href":"https:\/\/api.w.org\/{rel}","templated":true}]}}