{"id":3340,"date":"2024-08-22T11:30:44","date_gmt":"2024-08-22T03:30:44","guid":{"rendered":"https:\/\/www.jinpinlub.com\/?post_type=product&#038;p=3340"},"modified":"2024-08-22T11:33:40","modified_gmt":"2024-08-22T03:33:40","slug":"j203-elektryczne-centralne-smarowanie-do-betoniarki","status":"publish","type":"product","link":"https:\/\/www.jinpinlub.com\/pl\/product\/j203-electric-central-lubrication-for-concrete-mixer-truck\/","title":{"rendered":"J203 Elektryczne centralne smarowanie do betoniarki"},"content":{"rendered":"<h2>Cechy<\/h2>\n<p>Opcjonalna p\u0142ytka steruj\u0105ca pompy smarowniczej J203 umo\u017cliwia r\u00f3\u017cne ustawienia pracy.<br \/>\nOpcjonalnie dost\u0119pne s\u0105 zbiorniki o r\u00f3\u017cnych typach: 2L, 4L, 8L, kt\u00f3re mo\u017cna dostosowa\u0107 do r\u00f3\u017cnych wymaga\u0144 zastosowa\u0144.<br \/>\nPompa smaruj\u0105ca dost\u0119pna jest w wersjach o r\u00f3\u017cnym napi\u0119ciu do zastosowa\u0144 DC i AC.<br \/>\nOpcjonalne rdzenie pomp smaruj\u0105cych zapewniaj\u0105 r\u00f3\u017cn\u0105 wydajno\u015b\u0107, spe\u0142niaj\u0105c zr\u00f3\u017cnicowane potrzeby w zakresie smarowania.<\/p>\n<h2>Specyfikacja<\/h2>\n<table>\n<tbody>\n<tr>\n<td>Temperatura pracy<\/td>\n<td>(-40\u00b0C do +70\u00b0C)<\/td>\n<\/tr>\n<tr>\n<td>Liczba wyj\u015b\u0107<\/td>\n<td>1, 2 lub 3<\/td>\n<\/tr>\n<tr>\n<td>Pojemno\u015b\u0107 zbiornika<\/td>\n<td>2L, 4L, 8L<\/td>\n<\/tr>\n<tr>\n<td>Uzupe\u0142nianie<\/td>\n<td>Przy\u0142\u0105cze smarowania hydraulicznego lub od g\u00f3ry<\/td>\n<\/tr>\n<tr>\n<td>Smar<\/td>\n<td>Smary o klasie NLGI co najmniej 2, Oleje do 40 mm\u00b2\/s (cSt) w temp. 40\u00b0 C<\/td>\n<\/tr>\n<tr>\n<td>Klasa ochrony<\/td>\n<td>IP6K 9K<\/td>\n<\/tr>\n<tr>\n<td>\u015arednica t\u0142oka, K5<\/td>\n<td>5 mm, ok. 2 cm\u00b3\/min<\/td>\n<\/tr>\n<tr>\n<td>\u015arednica t\u0142oka (standardowa) K6<\/td>\n<td>6 mm, ok. 2,8 cm\u00b3\/min<\/td>\n<\/tr>\n<tr>\n<td>\u015arednica t\u0142oka, K7<\/td>\n<td>7 mm, ok. 4 cm\u00b3\/min<\/td>\n<\/tr>\n<tr>\n<td>Maksymalne ci\u015bnienie robocze<\/td>\n<td>350 bar<\/td>\n<\/tr>\n<tr>\n<td>Gwint przy\u0142\u0105czeniowy<\/td>\n<td>G 1\/4<\/td>\n<\/tr>\n<tr>\n<td>Napi\u0119cie robocze<\/td>\n<td>12 V pr\u0105du sta\u0142ego, 24 V pr\u0105du sta\u0142ego, 110\u2013240 V pr\u0105du przemiennego<\/td>\n<\/tr>\n<\/tbody>\n<\/table>\n<h2>Instalacja<\/h2>\n<p>Miejsce instalacji: Nale\u017cy unika\u0107 instalowania pompy w \u015brodowisku o wysokiej temperaturze lub w obecno\u015bci substancji \u017cr\u0105cych.<br \/>\nMetoda sta\u0142a: Do monta\u017cu nale\u017cy u\u017cy\u0107 odpowiednich \u015brub i wspornik\u00f3w, a tak\u017ce upewni\u0107 si\u0119, \u017ce powierzchnia monta\u017cowa pompy smaruj\u0105cej jest p\u0142aska, aby unikn\u0105\u0107 wibracji i ha\u0142asu.<br \/>\nPod\u0142\u0105cz zasilanie: Pod\u0142\u0105cz prawid\u0142owo przew\u00f3d zasilaj\u0105cy zgodnie z napi\u0119ciem pompy, upewniaj\u0105c si\u0119, \u017ce po\u0142\u0105czenie zasilaj\u0105ce jest solidne i zgodne z lokalnymi przepisami elektrycznymi.<br \/>\nPod\u0142\u0105cz przew\u00f3d smarowniczy: Prawid\u0142owo pod\u0142\u0105cz przew\u00f3d do wylotu pompy smarowniczej, aby mie\u0107 pewno\u015b\u0107, \u017ce po\u0142\u0105czenie jest szczelne i nie ma wyciek\u00f3w.<br \/>\nUzupe\u0142nij \u015brodek smarny: wlej odpowiedni\u0105 ilo\u015b\u0107 \u015brodka smarnego i upewnij si\u0119, \u017ce stosowany \u015brodek smarny spe\u0142nia specyfikacje pompy.<br \/>\nSprawd\u017a uk\u0142ad: Po uruchomieniu pompy sprawd\u017a, czy nie ma wyciek\u00f3w i upewnij si\u0119, \u017ce \u015brodek smarny dociera do ka\u017cdego punktu smarowania.<\/p>\n<h2>Instrukcje<\/h2>\n<div class=\"sdm_download_button_box_default\"><div class=\"sdm_download_link\"><a href=\"https:\/\/www.jinpinlub.com\/pl\/?sdm_process_download=1&download_id=2429\" class=\"sdm_download white\" title=\"Prywatne: J203 Grease Pump\" target=\"&quot;_blank&quot;\">Wy\u015bwietl arkusz danych - Pompa smaru J203<\/a><\/div><\/div>","protected":false},"excerpt":{"rendered":"<p>Konstrukcja pompy smarowniczej J203 obejmuje podstaw\u0119 ze zintegrowanym silnikiem, zbiornik z mieszad\u0142em, opcjonalny zaw\u00f3r bezpiecze\u0144stwa i po\u0142\u0105czenia elektryczne. Mo\u017ce nap\u0119dza\u0107 do 3 element\u00f3w pompy i czujnik niskiego poziomu, aby zapewni\u0107 niezawodn\u0105 prac\u0119 uk\u0142adu smarowania.<\/p>","protected":false},"featured_media":3288,"template":"","meta":{"ocean_post_layout":"","ocean_both_sidebars_style":"","ocean_both_sidebars_content_width":0,"ocean_both_sidebars_sidebars_width":0,"ocean_sidebar":"0","ocean_second_sidebar":"0","ocean_disable_margins":"enable","ocean_add_body_class":"","ocean_shortcode_before_top_bar":"","ocean_shortcode_after_top_bar":"","ocean_shortcode_before_header":"","ocean_shortcode_after_header":"","ocean_has_shortcode":"","ocean_shortcode_after_title":"","ocean_shortcode_before_footer_widgets":"","ocean_shortcode_after_footer_widgets":"","ocean_shortcode_before_footer_bottom":"","ocean_shortcode_after_footer_bottom":"","ocean_display_top_bar":"default","ocean_display_header":"default","ocean_header_style":"","ocean_center_header_left_menu":"0","ocean_custom_header_template":"0","ocean_custom_logo":0,"ocean_custom_retina_logo":0,"ocean_custom_logo_max_width":0,"ocean_custom_logo_tablet_max_width":0,"ocean_custom_logo_mobile_max_width":0,"ocean_custom_logo_max_height":0,"ocean_custom_logo_tablet_max_height":0,"ocean_custom_logo_mobile_max_height":0,"ocean_header_custom_menu":"0","ocean_menu_typo_font_family":"0","ocean_menu_typo_font_subset":"","ocean_menu_typo_font_size":0,"ocean_menu_typo_font_size_tablet":0,"ocean_menu_typo_font_size_mobile":0,"ocean_menu_typo_font_size_unit":"px","ocean_menu_typo_font_weight":"","ocean_menu_typo_font_weight_tablet":"","ocean_menu_typo_font_weight_mobile":"","ocean_menu_typo_transform":"","ocean_menu_typo_transform_tablet":"","ocean_menu_typo_transform_mobile":"","ocean_menu_typo_line_height":0,"ocean_menu_typo_line_height_tablet":0,"ocean_menu_typo_line_height_mobile":0,"ocean_menu_typo_line_height_unit":"","ocean_menu_typo_spacing":0,"ocean_menu_typo_spacing_tablet":0,"ocean_menu_typo_spacing_mobile":0,"ocean_menu_typo_spacing_unit":"","ocean_menu_link_color":"","ocean_menu_link_color_hover":"","ocean_menu_link_color_active":"","ocean_menu_link_background":"","ocean_menu_link_hover_background":"","ocean_menu_link_active_background":"","ocean_menu_social_links_bg":"","ocean_menu_social_hover_links_bg":"","ocean_menu_social_links_color":"","ocean_menu_social_hover_links_color":"","ocean_disable_title":"default","ocean_disable_heading":"default","ocean_post_title":"","ocean_post_subheading":"","ocean_post_title_style":"","ocean_post_title_background_color":"","ocean_post_title_background":0,"ocean_post_title_bg_image_position":"","ocean_post_title_bg_image_attachment":"","ocean_post_title_bg_image_repeat":"","ocean_post_title_bg_image_size":"","ocean_post_title_height":0,"ocean_post_title_bg_overlay":0.5,"ocean_post_title_bg_overlay_color":"","ocean_disable_breadcrumbs":"default","ocean_breadcrumbs_color":"","ocean_breadcrumbs_separator_color":"","ocean_breadcrumbs_links_color":"","ocean_breadcrumbs_links_hover_color":"","ocean_display_footer_widgets":"default","ocean_display_footer_bottom":"default","ocean_custom_footer_template":"0","osh_disable_topbar_sticky":"default","osh_disable_header_sticky":"default","osh_sticky_header_style":"default","osh_sticky_header_effect":"","osh_custom_sticky_logo":0,"osh_custom_retina_sticky_logo":0,"osh_custom_sticky_logo_height":0,"osh_background_color":"","osh_links_color":"","osh_links_hover_color":"","osh_links_active_color":"","osh_links_bg_color":"","osh_links_hover_bg_color":"","osh_links_active_bg_color":"","osh_menu_social_links_color":"","osh_menu_social_hover_links_color":""},"product_brand":[],"product_cat":[42,41],"product_tag":[218,219,220],"class_list":{"0":"post-3340","1":"product","2":"type-product","3":"status-publish","4":"has-post-thumbnail","6":"product_cat-electric-progressive-pumps","7":"product_cat-progressive-grease-systems","8":"product_tag-centralized-grease-pump","9":"product_tag-delimon-grease-pump","10":"product_tag-lubrication-solution","12":"entry","13":"has-media","15":"first","16":"instock","17":"shipping-taxable","18":"product-type-external","19":"col","20":"span_1_of_3","21":"owp-content-center","22":"owp-thumbs-layout-horizontal","23":"owp-btn-very-big","24":"owp-tabs-layout-horizontal"},"_links":{"self":[{"href":"https:\/\/www.jinpinlub.com\/pl\/wp-json\/wp\/v2\/product\/3340","targetHints":{"allow":["GET"]}}],"collection":[{"href":"https:\/\/www.jinpinlub.com\/pl\/wp-json\/wp\/v2\/product"}],"about":[{"href":"https:\/\/www.jinpinlub.com\/pl\/wp-json\/wp\/v2\/types\/product"}],"wp:featuredmedia":[{"embeddable":true,"href":"https:\/\/www.jinpinlub.com\/pl\/wp-json\/wp\/v2\/media\/3288"}],"wp:attachment":[{"href":"https:\/\/www.jinpinlub.com\/pl\/wp-json\/wp\/v2\/media?parent=3340"}],"wp:term":[{"taxonomy":"product_brand","embeddable":true,"href":"https:\/\/www.jinpinlub.com\/pl\/wp-json\/wp\/v2\/product_brand?post=3340"},{"taxonomy":"product_cat","embeddable":true,"href":"https:\/\/www.jinpinlub.com\/pl\/wp-json\/wp\/v2\/product_cat?post=3340"},{"taxonomy":"product_tag","embeddable":true,"href":"https:\/\/www.jinpinlub.com\/pl\/wp-json\/wp\/v2\/product_tag?post=3340"}],"curies":[{"name":"wp","href":"https:\/\/api.w.org\/{rel}","templated":true}]}}