{"id":3341,"date":"2024-08-22T11:33:45","date_gmt":"2024-08-22T03:33:45","guid":{"rendered":"https:\/\/www.jinpinlub.com\/?post_type=product&#038;p=3341"},"modified":"2024-08-22T11:39:00","modified_gmt":"2024-08-22T03:39:00","slug":"j203-elektryczna-pompa-smarujaca-progresywna-z-kontrola","status":"publish","type":"product","link":"https:\/\/www.jinpinlub.com\/pl\/product\/j203-electric-progressive-lubrication-pump-for-with-control\/","title":{"rendered":"J203 Elektryczna pompa smaruj\u0105ca progresywna z kontrol\u0105"},"content":{"rendered":"<h2>Cechy<\/h2>\n<p><span id=\"input-sentence~0\">Wysoka wydajno\u015b\u0107: Pompa smarownicza J203 charakteryzuje si\u0119 zaawansowan\u0105 technologi\u0105 pompowania, zapewniaj\u0105c\u0105 ci\u0105g\u0142e i stabilne smarowanie, a tym samym normaln\u0105 prac\u0119 urz\u0105dze\u0144 pod du\u017cym obci\u0105\u017ceniem.<br \/>\nTrwa\u0142o\u015b\u0107: Produkt wykonany jest z materia\u0142u o wysokiej wytrzyma\u0142o\u015bci i charakteryzuje si\u0119 doskona\u0142\u0105 odporno\u015bci\u0105 na zu\u017cycie i korozj\u0119, dzi\u0119ki czemu nadaje si\u0119 do d\u0142ugotrwa\u0142ej pracy w trudnych warunkach.<\/span><span id=\"input-sentence~1\"><br \/>\n\u0141atwa konserwacja: Dzi\u0119ki modu\u0142owej konstrukcji pompy smaruj\u0105cej, konserwacja i wymiana cz\u0119\u015bci s\u0105 znacznie \u0142atwiejsze.<br \/>\nWszechstronno\u015b\u0107: Pompa smarownicza mo\u017ce u\u017cywa\u0107 r\u00f3\u017cnych rodzaj\u00f3w olej\u00f3w i smar\u00f3w, aby sprosta\u0107 wymaganiom r\u00f3\u017cnych maszyn roboczych i scenariuszy.<\/span><\/p>\n<h2>Specyfikacja<\/h2>\n<table>\n<tbody>\n<tr>\n<td>Temperatura pracy<\/td>\n<td>(-40\u00b0C do +70\u00b0C)<\/td>\n<\/tr>\n<tr>\n<td>Liczba wyj\u015b\u0107<\/td>\n<td>1, 2 lub 3<\/td>\n<\/tr>\n<tr>\n<td>Pojemno\u015b\u0107 zbiornika<\/td>\n<td>2L, 4L, 8L<\/td>\n<\/tr>\n<tr>\n<td>Uzupe\u0142nianie<\/td>\n<td>Przy\u0142\u0105cze smarowania hydraulicznego lub od g\u00f3ry<\/td>\n<\/tr>\n<tr>\n<td>Smar<\/td>\n<td>Smary o klasie NLGI co najmniej 2, Oleje do 40 mm\u00b2\/s (cSt) w temp. 40\u00b0 C<\/td>\n<\/tr>\n<tr>\n<td>Klasa ochrony<\/td>\n<td>IP6K 9K<\/td>\n<\/tr>\n<tr>\n<td>\u015arednica t\u0142oka, K5<\/td>\n<td>5 mm, ok. 2 cm\u00b3\/min<\/td>\n<\/tr>\n<tr>\n<td>\u015arednica t\u0142oka (standardowa) K6<\/td>\n<td>6 mm, ok. 2,8 cm\u00b3\/min<\/td>\n<\/tr>\n<tr>\n<td>\u015arednica t\u0142oka, K7<\/td>\n<td>7 mm, ok. 4 cm\u00b3\/min<\/td>\n<\/tr>\n<tr>\n<td>Maksymalne ci\u015bnienie robocze<\/td>\n<td>350 bar<\/td>\n<\/tr>\n<tr>\n<td>Gwint przy\u0142\u0105czeniowy<\/td>\n<td>G 1\/4<\/td>\n<\/tr>\n<tr>\n<td>Napi\u0119cie robocze<\/td>\n<td>12 V pr\u0105du sta\u0142ego, 24 V pr\u0105du sta\u0142ego, 110\u2013240 V pr\u0105du przemiennego<\/td>\n<\/tr>\n<\/tbody>\n<\/table>\n<h2>Konserwacja<\/h2>\n<p><span id=\"input-sentence~2\">Regularna kontrola: Regularnie sprawdzaj stan dzia\u0142ania pompy smaruj\u0105cej, aby upewni\u0107 si\u0119, \u017ce nie ma \u017cadnych nietypowych ha\u0142as\u00f3w lub wibracji. Nast\u0119pnie sprawd\u017a, czy po\u0142\u0105czenie elektryczne jest solidne, bez luz\u00f3w lub korozji.<br \/>\nUzupe\u0142nianie \u015brodka smaruj\u0105cego: Poziom \u015brodka smaruj\u0105cego w zbiorniku nale\u017cy regularnie sprawdza\u0107 i uzupe\u0142nia\u0107 w odpowiednim czasie.<\/span><span id=\"input-sentence~3\"> Upewnij si\u0119, \u017ce \u015brodek smarny, kt\u00f3ry ma zosta\u0107 u\u017cyty, jest zgodny z wymaganiami pompy.<br \/>\nCzyszczenie: Zewn\u0119trzna cz\u0119\u015b\u0107 pompy powinna by\u0107 regularnie utrzymywana w czysto\u015bci. Nale\u017cy u\u017cywa\u0107 w\u0142a\u015bciwych \u015brodk\u00f3w czyszcz\u0105cych i unika\u0107 stosowania \u017cr\u0105cych \u015brodk\u00f3w chemicznych.<br \/>\nWymiana cz\u0119\u015bci: Elementy pompy smaruj\u0105cej i filtry s\u0105 wymienne. Wymieniaj je regularnie zgodnie z instrukcj\u0105 obs\u0142ugi.<br \/>\nTest uk\u0142adu: Ci\u015bnienie w uk\u0142adzie pompy smarowania powinno mie\u015bci\u0107 si\u0119 w normie.<\/span><\/p>\n<h2>Instrukcje<\/h2>\n<div class=\"sdm_download_button_box_default\"><div class=\"sdm_download_link\"><a href=\"https:\/\/www.jinpinlub.com\/pl\/?sdm_process_download=1&download_id=2429\" class=\"sdm_download white\" title=\"Prywatne: J203 Grease Pump\" target=\"&quot;_blank&quot;\">Wy\u015bwietl arkusz danych - Pompa smaru J203<\/a><\/div><\/div>","protected":false},"excerpt":{"rendered":"<p>JINPINLUB J203 to urz\u0105dzenie smaruj\u0105ce przeznaczone do zastosowa\u0144 przemys\u0142owych, kt\u00f3re mo\u017ce zapewni\u0107 niezawodne us\u0142ugi smarowania w r\u00f3\u017cnych trudnych warunkach pracy. Zosta\u0142o zaprojektowane w celu zmniejszenia tarcia i zu\u017cycia sprz\u0119tu, wyd\u0142u\u017caj\u0105c jego \u017cywotno\u015b\u0107.<\/p>","protected":false},"featured_media":3290,"template":"","meta":{"ocean_post_layout":"","ocean_both_sidebars_style":"","ocean_both_sidebars_content_width":0,"ocean_both_sidebars_sidebars_width":0,"ocean_sidebar":"0","ocean_second_sidebar":"0","ocean_disable_margins":"enable","ocean_add_body_class":"","ocean_shortcode_before_top_bar":"","ocean_shortcode_after_top_bar":"","ocean_shortcode_before_header":"","ocean_shortcode_after_header":"","ocean_has_shortcode":"","ocean_shortcode_after_title":"","ocean_shortcode_before_footer_widgets":"","ocean_shortcode_after_footer_widgets":"","ocean_shortcode_before_footer_bottom":"","ocean_shortcode_after_footer_bottom":"","ocean_display_top_bar":"default","ocean_display_header":"default","ocean_header_style":"","ocean_center_header_left_menu":"0","ocean_custom_header_template":"0","ocean_custom_logo":0,"ocean_custom_retina_logo":0,"ocean_custom_logo_max_width":0,"ocean_custom_logo_tablet_max_width":0,"ocean_custom_logo_mobile_max_width":0,"ocean_custom_logo_max_height":0,"ocean_custom_logo_tablet_max_height":0,"ocean_custom_logo_mobile_max_height":0,"ocean_header_custom_menu":"0","ocean_menu_typo_font_family":"0","ocean_menu_typo_font_subset":"","ocean_menu_typo_font_size":0,"ocean_menu_typo_font_size_tablet":0,"ocean_menu_typo_font_size_mobile":0,"ocean_menu_typo_font_size_unit":"px","ocean_menu_typo_font_weight":"","ocean_menu_typo_font_weight_tablet":"","ocean_menu_typo_font_weight_mobile":"","ocean_menu_typo_transform":"","ocean_menu_typo_transform_tablet":"","ocean_menu_typo_transform_mobile":"","ocean_menu_typo_line_height":0,"ocean_menu_typo_line_height_tablet":0,"ocean_menu_typo_line_height_mobile":0,"ocean_menu_typo_line_height_unit":"","ocean_menu_typo_spacing":0,"ocean_menu_typo_spacing_tablet":0,"ocean_menu_typo_spacing_mobile":0,"ocean_menu_typo_spacing_unit":"","ocean_menu_link_color":"","ocean_menu_link_color_hover":"","ocean_menu_link_color_active":"","ocean_menu_link_background":"","ocean_menu_link_hover_background":"","ocean_menu_link_active_background":"","ocean_menu_social_links_bg":"","ocean_menu_social_hover_links_bg":"","ocean_menu_social_links_color":"","ocean_menu_social_hover_links_color":"","ocean_disable_title":"default","ocean_disable_heading":"default","ocean_post_title":"","ocean_post_subheading":"","ocean_post_title_style":"","ocean_post_title_background_color":"","ocean_post_title_background":0,"ocean_post_title_bg_image_position":"","ocean_post_title_bg_image_attachment":"","ocean_post_title_bg_image_repeat":"","ocean_post_title_bg_image_size":"","ocean_post_title_height":0,"ocean_post_title_bg_overlay":0.5,"ocean_post_title_bg_overlay_color":"","ocean_disable_breadcrumbs":"default","ocean_breadcrumbs_color":"","ocean_breadcrumbs_separator_color":"","ocean_breadcrumbs_links_color":"","ocean_breadcrumbs_links_hover_color":"","ocean_display_footer_widgets":"default","ocean_display_footer_bottom":"default","ocean_custom_footer_template":"0","osh_disable_topbar_sticky":"default","osh_disable_header_sticky":"default","osh_sticky_header_style":"default","osh_sticky_header_effect":"","osh_custom_sticky_logo":0,"osh_custom_retina_sticky_logo":0,"osh_custom_sticky_logo_height":0,"osh_background_color":"","osh_links_color":"","osh_links_hover_color":"","osh_links_active_color":"","osh_links_bg_color":"","osh_links_hover_bg_color":"","osh_links_active_bg_color":"","osh_menu_social_links_color":"","osh_menu_social_hover_links_color":""},"product_brand":[],"product_cat":[42,41],"product_tag":[185,220,221],"class_list":{"0":"post-3341","1":"product","2":"type-product","3":"status-publish","4":"has-post-thumbnail","6":"product_cat-electric-progressive-pumps","7":"product_cat-progressive-grease-systems","8":"product_tag-electric-grease-pump","9":"product_tag-lubrication-solution","10":"product_tag-progressive-lubrication-system","12":"entry","13":"has-media","15":"first","16":"instock","17":"shipping-taxable","18":"product-type-external","19":"col","20":"span_1_of_3","21":"owp-content-center","22":"owp-thumbs-layout-horizontal","23":"owp-btn-very-big","24":"owp-tabs-layout-horizontal"},"_links":{"self":[{"href":"https:\/\/www.jinpinlub.com\/pl\/wp-json\/wp\/v2\/product\/3341","targetHints":{"allow":["GET"]}}],"collection":[{"href":"https:\/\/www.jinpinlub.com\/pl\/wp-json\/wp\/v2\/product"}],"about":[{"href":"https:\/\/www.jinpinlub.com\/pl\/wp-json\/wp\/v2\/types\/product"}],"wp:featuredmedia":[{"embeddable":true,"href":"https:\/\/www.jinpinlub.com\/pl\/wp-json\/wp\/v2\/media\/3290"}],"wp:attachment":[{"href":"https:\/\/www.jinpinlub.com\/pl\/wp-json\/wp\/v2\/media?parent=3341"}],"wp:term":[{"taxonomy":"product_brand","embeddable":true,"href":"https:\/\/www.jinpinlub.com\/pl\/wp-json\/wp\/v2\/product_brand?post=3341"},{"taxonomy":"product_cat","embeddable":true,"href":"https:\/\/www.jinpinlub.com\/pl\/wp-json\/wp\/v2\/product_cat?post=3341"},{"taxonomy":"product_tag","embeddable":true,"href":"https:\/\/www.jinpinlub.com\/pl\/wp-json\/wp\/v2\/product_tag?post=3341"}],"curies":[{"name":"wp","href":"https:\/\/api.w.org\/{rel}","templated":true}]}}