{"id":3343,"date":"2024-08-22T13:01:03","date_gmt":"2024-08-22T05:01:03","guid":{"rendered":"https:\/\/www.jinpinlub.com\/?post_type=product&#038;p=3343"},"modified":"2024-08-22T13:05:21","modified_gmt":"2024-08-22T05:05:21","slug":"j203-24vdc-systemy-smarowania-smarem-z-czujnikiem-niskiego-poziomu","status":"publish","type":"product","link":"https:\/\/www.jinpinlub.com\/pl\/produkt\/j203-24vdc-systemy-smarowania-smarem-z-czujnikiem-niskiego-poziomu\/","title":{"rendered":"J203 24VDC Systemy smarowania smarem z czujnikiem niskiego poziomu"},"content":{"rendered":"<h2>Cechy<\/h2>\n<p><span id=\"input-sentence~0\">Automatyczna maszyna smarownicza: Elektryczna pompa smarownicza J203 i progresywne urz\u0105dzenie dozuj\u0105ce tworz\u0105 maszyn\u0119 smarownicz\u0105, kt\u00f3ra mo\u017ce smarowa\u0107 mechanicznie.<br \/>\nTimer i czujnik niskiego poziomu: Pompa smaruj\u0105ca mo\u017ce by\u0107 gotowa z timerem i prze\u0142\u0105cznikiem niskiego poziomu. Gdy poziom smaru jest zbyt niski, maszyna automatycznie wy\u0142\u0105cza pomp\u0119, aby unikn\u0105\u0107 uszkodzenia pompy na biegu ja\u0142owym.<\/span><span id=\"input-sentence~1\"><br \/>\nWszechstronno\u015b\u0107: J203 jest fantastycznie wszechstronny. Jest wyposa\u017cony w mieszad\u0142o i rami\u0119 wycieraczki, aby zapobiec oddzielaniu si\u0119 \u015brodka smarnego i nadaje si\u0119 do r\u00f3\u017cnych zastosowa\u0144 przemys\u0142owych.<br \/>\nKonstrukcja zapewniaj\u0105ca d\u0142ug\u0105 \u017cywotno\u015b\u0107: Pompa wykorzystuje starannie zaprojektowan\u0105 konstrukcj\u0119 ci\u015bnienia cz\u0119\u015bciowego obci\u0105\u017cenia, aby ograniczy\u0107 ci\u0119\u017car i napr\u0119\u017cenia w silniku i elementach pompy, co wyd\u0142u\u017ca \u017cywotno\u015b\u0107 pompy i poprawia jej niezawodno\u015b\u0107.<\/span><\/p>\n<h2>Specyfikacja<\/h2>\n<table>\n<tbody>\n<tr>\n<td>Temperatura pracy<\/td>\n<td>(-40\u00b0C do +70\u00b0C)<\/td>\n<\/tr>\n<tr>\n<td>Liczba wyj\u015b\u0107<\/td>\n<td>1, 2 lub 3<\/td>\n<\/tr>\n<tr>\n<td>Pojemno\u015b\u0107 zbiornika<\/td>\n<td>2L, 4L, 8L<\/td>\n<\/tr>\n<tr>\n<td>Uzupe\u0142nianie<\/td>\n<td>Przy\u0142\u0105cze smarowania hydraulicznego lub od g\u00f3ry<\/td>\n<\/tr>\n<tr>\n<td>Smar<\/td>\n<td>Smary o klasie NLGI co najmniej 2, Oleje do 40 mm\u00b2\/s (cSt) w temp. 40\u00b0 C<\/td>\n<\/tr>\n<tr>\n<td>Klasa ochrony<\/td>\n<td>IP6K 9K<\/td>\n<\/tr>\n<tr>\n<td>\u015arednica t\u0142oka, K5<\/td>\n<td>5 mm, ok. 2 cm\u00b3\/min<\/td>\n<\/tr>\n<tr>\n<td>\u015arednica t\u0142oka (standardowa) K6<\/td>\n<td>6 mm, ok. 2,8 cm\u00b3\/min<\/td>\n<\/tr>\n<tr>\n<td>\u015arednica t\u0142oka, K7<\/td>\n<td>7 mm, ok. 4 cm\u00b3\/min<\/td>\n<\/tr>\n<tr>\n<td>Maksymalne ci\u015bnienie robocze<\/td>\n<td>350 bar<\/td>\n<\/tr>\n<tr>\n<td>Gwint przy\u0142\u0105czeniowy<\/td>\n<td>G 1\/4<\/td>\n<\/tr>\n<tr>\n<td>Napi\u0119cie robocze<\/td>\n<td>12 V pr\u0105du sta\u0142ego, 24 V pr\u0105du sta\u0142ego, 110\u2013240 V pr\u0105du przemiennego<\/td>\n<\/tr>\n<\/tbody>\n<\/table>\n<h2>Aplikacje<\/h2>\n<p>Produkcja: stosowany do smarowania wielu urz\u0105dze\u0144 mechanicznych, w tym przek\u0142adni systemowych, ta\u015bmoci\u0105g\u00f3w i robot\u00f3w komercyjnych.<br \/>\nPrzedsi\u0119biorstwo motoryzacyjne: zajmuje si\u0119 systemami smarowania zespo\u0142\u00f3w monta\u017cowych pojazd\u00f3w oraz urz\u0105dzeniami do produkcji komponent\u00f3w.<br \/>\nPrzedsi\u0119biorstwo energetyczne: \u015bwiadczy us\u0142ugi smarowania du\u017cych urz\u0105dze\u0144, w tym wiatrak\u00f3w i urz\u0105dze\u0144 wiertniczych.<br \/>\nPrzetw\u00f3rstwo \u017cywno\u015bci: t\u0119 pomp\u0119 smarownicz\u0105 mo\u017cna stosowa\u0107 do smarowania pomp urz\u0105dze\u0144 do przetw\u00f3rstwa \u017cywno\u015bci, aby zapewni\u0107 bezpiecze\u0144stwo i higien\u0119.<\/p>\n<h2>Instrukcje<\/h2>\n<div class=\"sdm_download_button_box_default\"><div class=\"sdm_download_link\"><a href=\"https:\/\/www.jinpinlub.com\/pl\/?sdm_process_download=1&download_id=2429\" class=\"sdm_download white\" title=\"Prywatne: J203 Grease Pump\" target=\"&quot;_blank&quot;\">Wy\u015bwietl arkusz danych - Pompa smaru J203<\/a><\/div><\/div>","protected":false},"excerpt":{"rendered":"<p>Elektryczna pompa smaruj\u0105ca J203 zosta\u0142a zaprojektowana, aby zapewni\u0107 niezawodny i prosty spos\u00f3b na zast\u0105pienie r\u0119cznego smarowania. Mo\u017ce by\u0107 wyposa\u017cona w kontroler do monitorowania procesu smarowania, interfejs obs\u0142ugi jest prosty, wi\u0119c u\u017cytkownicy mog\u0105 \u0142atwo ustawi\u0107 parametry smarowania.<\/p>","protected":false},"featured_media":3344,"template":"","meta":{"ocean_post_layout":"","ocean_both_sidebars_style":"","ocean_both_sidebars_content_width":0,"ocean_both_sidebars_sidebars_width":0,"ocean_sidebar":"0","ocean_second_sidebar":"0","ocean_disable_margins":"enable","ocean_add_body_class":"","ocean_shortcode_before_top_bar":"","ocean_shortcode_after_top_bar":"","ocean_shortcode_before_header":"","ocean_shortcode_after_header":"","ocean_has_shortcode":"","ocean_shortcode_after_title":"","ocean_shortcode_before_footer_widgets":"","ocean_shortcode_after_footer_widgets":"","ocean_shortcode_before_footer_bottom":"","ocean_shortcode_after_footer_bottom":"","ocean_display_top_bar":"default","ocean_display_header":"default","ocean_header_style":"","ocean_center_header_left_menu":"0","ocean_custom_header_template":"0","ocean_custom_logo":0,"ocean_custom_retina_logo":0,"ocean_custom_logo_max_width":0,"ocean_custom_logo_tablet_max_width":0,"ocean_custom_logo_mobile_max_width":0,"ocean_custom_logo_max_height":0,"ocean_custom_logo_tablet_max_height":0,"ocean_custom_logo_mobile_max_height":0,"ocean_header_custom_menu":"0","ocean_menu_typo_font_family":"0","ocean_menu_typo_font_subset":"","ocean_menu_typo_font_size":0,"ocean_menu_typo_font_size_tablet":0,"ocean_menu_typo_font_size_mobile":0,"ocean_menu_typo_font_size_unit":"px","ocean_menu_typo_font_weight":"","ocean_menu_typo_font_weight_tablet":"","ocean_menu_typo_font_weight_mobile":"","ocean_menu_typo_transform":"","ocean_menu_typo_transform_tablet":"","ocean_menu_typo_transform_mobile":"","ocean_menu_typo_line_height":0,"ocean_menu_typo_line_height_tablet":0,"ocean_menu_typo_line_height_mobile":0,"ocean_menu_typo_line_height_unit":"","ocean_menu_typo_spacing":0,"ocean_menu_typo_spacing_tablet":0,"ocean_menu_typo_spacing_mobile":0,"ocean_menu_typo_spacing_unit":"","ocean_menu_link_color":"","ocean_menu_link_color_hover":"","ocean_menu_link_color_active":"","ocean_menu_link_background":"","ocean_menu_link_hover_background":"","ocean_menu_link_active_background":"","ocean_menu_social_links_bg":"","ocean_menu_social_hover_links_bg":"","ocean_menu_social_links_color":"","ocean_menu_social_hover_links_color":"","ocean_disable_title":"default","ocean_disable_heading":"default","ocean_post_title":"","ocean_post_subheading":"","ocean_post_title_style":"","ocean_post_title_background_color":"","ocean_post_title_background":0,"ocean_post_title_bg_image_position":"","ocean_post_title_bg_image_attachment":"","ocean_post_title_bg_image_repeat":"","ocean_post_title_bg_image_size":"","ocean_post_title_height":0,"ocean_post_title_bg_overlay":0.5,"ocean_post_title_bg_overlay_color":"","ocean_disable_breadcrumbs":"default","ocean_breadcrumbs_color":"","ocean_breadcrumbs_separator_color":"","ocean_breadcrumbs_links_color":"","ocean_breadcrumbs_links_hover_color":"","ocean_display_footer_widgets":"default","ocean_display_footer_bottom":"default","ocean_custom_footer_template":"0","osh_disable_topbar_sticky":"default","osh_disable_header_sticky":"default","osh_sticky_header_style":"default","osh_sticky_header_effect":"","osh_custom_sticky_logo":0,"osh_custom_retina_sticky_logo":0,"osh_custom_sticky_logo_height":0,"osh_background_color":"","osh_links_color":"","osh_links_hover_color":"","osh_links_active_color":"","osh_links_bg_color":"","osh_links_hover_bg_color":"","osh_links_active_bg_color":"","osh_menu_social_links_color":"","osh_menu_social_hover_links_color":""},"product_brand":[],"product_cat":[41,42],"product_tag":[76,223,224],"class_list":{"0":"post-3343","1":"product","2":"type-product","3":"status-publish","4":"has-post-thumbnail","6":"product_cat-progressive-grease-systems","7":"product_cat-electric-progressive-pumps","8":"product_tag-electric-lubrication-system","9":"product_tag-grease-oil-pumps","10":"product_tag-multiport-lubrication","12":"entry","13":"has-media","15":"first","16":"instock","17":"shipping-taxable","18":"product-type-external","19":"col","20":"span_1_of_3","21":"owp-content-center","22":"owp-thumbs-layout-horizontal","23":"owp-btn-very-big","24":"owp-tabs-layout-horizontal"},"_links":{"self":[{"href":"https:\/\/www.jinpinlub.com\/pl\/wp-json\/wp\/v2\/product\/3343","targetHints":{"allow":["GET"]}}],"collection":[{"href":"https:\/\/www.jinpinlub.com\/pl\/wp-json\/wp\/v2\/product"}],"about":[{"href":"https:\/\/www.jinpinlub.com\/pl\/wp-json\/wp\/v2\/types\/product"}],"wp:featuredmedia":[{"embeddable":true,"href":"https:\/\/www.jinpinlub.com\/pl\/wp-json\/wp\/v2\/media\/3344"}],"wp:attachment":[{"href":"https:\/\/www.jinpinlub.com\/pl\/wp-json\/wp\/v2\/media?parent=3343"}],"wp:term":[{"taxonomy":"product_brand","embeddable":true,"href":"https:\/\/www.jinpinlub.com\/pl\/wp-json\/wp\/v2\/product_brand?post=3343"},{"taxonomy":"product_cat","embeddable":true,"href":"https:\/\/www.jinpinlub.com\/pl\/wp-json\/wp\/v2\/product_cat?post=3343"},{"taxonomy":"product_tag","embeddable":true,"href":"https:\/\/www.jinpinlub.com\/pl\/wp-json\/wp\/v2\/product_tag?post=3343"}],"curies":[{"name":"wp","href":"https:\/\/api.w.org\/{rel}","templated":true}]}}