{"id":3345,"date":"2024-08-22T13:05:45","date_gmt":"2024-08-22T05:05:45","guid":{"rendered":"https:\/\/www.jinpinlub.com\/?post_type=product&#038;p=3345"},"modified":"2025-01-24T02:09:19","modified_gmt":"2025-01-23T18:09:19","slug":"wtryskiwacz-smaru-jl-1-do-odciazenia-cisnienia-w-ukladzie-jednoliniowym","status":"publish","type":"product","link":"https:\/\/www.jinpinlub.com\/pl\/produkt\/wtryskiwacz-smaru-jl-1-do-odciazenia-cisnienia-w-ukladzie-jednoliniowym\/","title":{"rendered":"Wtryskiwacz smaru JL-1 do systemu odci\u0105\u017cenia ci\u015bnienia z pojedyncz\u0105 lini\u0105"},"content":{"rendered":"<h2>Cechy<\/h2>\n<p><span id=\"input-sentence~1\">Praca pod wysokim ci\u015bnieniem: Dozownik smaru JL-1 mo\u017ce pracowa\u0107 przy wysokim ci\u015bnieniu w zakresie od 127 do 240 bar\u00f3w, co zapewnia skuteczne dostarczanie smaru do ka\u017cdego punktu smarnego.<br \/>\nRegulowana wydajno\u015b\u0107: wydajno\u015b\u0107 ka\u017cdego dozownika jest regulowana zewn\u0119trznie w zakresie od 0,016 do 1,31 cm\u00b3, co pozwala u\u017cytkownikowi na precyzyjn\u0105 kontrol\u0119 ilo\u015bci dozowanego lubrykantu w zale\u017cno\u015bci od konkretnych potrzeb.<br \/>\nKontrola wizualna: Konstrukcja ig\u0142y wska\u017anikowej pozwala u\u017cytkownikowi potwierdzi\u0107 stan roboczy dozownika smaru poprzez kontrol\u0119 wizualn\u0105, aby upewni\u0107 si\u0119, \u017ce urz\u0105dzenie dzia\u0142a prawid\u0142owo.<br \/>\n\u0141atwa konserwacja: Poszczeg\u00f3lne zawory dozuj\u0105ce mo\u017cna \u0142atwo zdemontowa\u0107 w celu kontroli i wymiany, co skraca czas i obni\u017ca koszty konserwacji.<\/span><\/p>\n<h2>Specyfikacja<\/h2>\n<table>\n<tbody>\n<tr>\n<td>Zasada dzia\u0142ania<\/td>\n<td>Zaw\u00f3r dozuj\u0105cy nadmiar ci\u015bnienia<\/td>\n<\/tr>\n<tr>\n<td>Liczba punkt\u00f3w sprzeda\u017cy<\/td>\n<td>1, 2, 3, 4, 5, 6<\/td>\n<\/tr>\n<tr>\n<td>Ilo\u015b\u0107 dozowania<\/td>\n<td>0,016-1,31 ml\/cykl<\/td>\n<\/tr>\n<tr>\n<td>Smar<\/td>\n<td>Smar NLGI 0, 1, 2<\/td>\n<\/tr>\n<tr>\n<td>Temperatura pracy<\/td>\n<td>\u00a0(-26 do +176 \u00b0C)<\/td>\n<\/tr>\n<tr>\n<td>Ci\u015bnienie robocze<\/td>\n<td>127-240 bar<\/td>\n<\/tr>\n<tr>\n<td>Tworzywo<\/td>\n<td>Stal w\u0119glowa, stal nierdzewna<\/td>\n<\/tr>\n<tr>\n<td>G\u0142\u00f3wna linia przy\u0142\u0105czeniowa<\/td>\n<td>M22*1,5<\/td>\n<\/tr>\n<tr>\n<td>Gniazdo przy\u0142\u0105czeniowe<\/td>\n<td>Rc 1\/8<\/td>\n<\/tr>\n<tr>\n<td>Pozycja monta\u017cowa<\/td>\n<td>Ka\u017cdy<\/td>\n<\/tr>\n<\/tbody>\n<\/table>\n<h2>Aplikacja<\/h2>\n<p>Rozdzielacz smaru JL-1 jest stosowany g\u0142\u00f3wnie w wielopunktowych, wysokoci\u015bnieniowych, niezale\u017cnych od siebie systemach smarowania smarem ci\u015bnieniowym. Dlatego te\u017c rozdzielacz jest powszechnie wykorzystywany w bran\u017cach, w kt\u00f3rych wymagana jest ekologiczna kontrola smarowania.<br \/>\nG\u00f3rnictwo i przetw\u00f3rstwo minera\u0142\u00f3w: W tych \u015brodowiskach urz\u0105dzenia wymagaj\u0105 ci\u0105g\u0142ego smarowania, aby zapewni\u0107 ekologiczn\u0105 prac\u0119 i zmniejszy\u0107 zu\u017cycie.<br \/>\nSprz\u0119t budowlany: Sprz\u0119t budowlany cz\u0119sto pracuje w trudnych warunkach, a rozdzielacz JL-1 mo\u017ce zapewni\u0107 niezawodne smarowanie.<br \/>\nPrzemys\u0142 stalowy i ci\u0119\u017cki: Sprz\u0119t w tych ga\u0142\u0119ziach przemys\u0142u cz\u0119sto wymaga stosowania konstrukcji smaruj\u0105cych pod wysokim ci\u015bnieniem w celu utrzymania sprawno\u015bci.<\/p>\n<h2>Instrukcje<\/h2>\n<div class=\"sdm_download_button_box_default\"><div class=\"sdm_download_link\"><a href=\"https:\/\/www.jinpinlub.com\/pl\/?sdm_process_download=1&download_id=2472\" class=\"sdm_download white\" title=\"Prywatne: JL-1 Grease Injector\" target=\"&quot;_blank&quot;\">Wy\u015bwietl kart\u0119 danych - Wtryskiwacz smaru JL-1<\/a><\/div><\/div>","protected":false},"excerpt":{"rendered":"<p>Dystrybutor JL-1 to wysokoci\u015bnieniowy, jednoliniowy element uk\u0142adu smarowania, przeznaczony do dozowania smaru o wysokiej lepko\u015bci (do NLGI 2). Nadaje si\u0119 do r\u00f3\u017cnych zastosowa\u0144 przemys\u0142owych, w tym g\u00f3rnictwa i przetw\u00f3rstwa minera\u0142\u00f3w, maszyn budowlanych.<\/p>","protected":false},"featured_media":3303,"template":"","meta":{"ocean_post_layout":"","ocean_both_sidebars_style":"","ocean_both_sidebars_content_width":0,"ocean_both_sidebars_sidebars_width":0,"ocean_sidebar":"0","ocean_second_sidebar":"0","ocean_disable_margins":"enable","ocean_add_body_class":"","ocean_shortcode_before_top_bar":"","ocean_shortcode_after_top_bar":"","ocean_shortcode_before_header":"","ocean_shortcode_after_header":"","ocean_has_shortcode":"","ocean_shortcode_after_title":"","ocean_shortcode_before_footer_widgets":"","ocean_shortcode_after_footer_widgets":"","ocean_shortcode_before_footer_bottom":"","ocean_shortcode_after_footer_bottom":"","ocean_display_top_bar":"default","ocean_display_header":"default","ocean_header_style":"","ocean_center_header_left_menu":"0","ocean_custom_header_template":"0","ocean_custom_logo":0,"ocean_custom_retina_logo":0,"ocean_custom_logo_max_width":0,"ocean_custom_logo_tablet_max_width":0,"ocean_custom_logo_mobile_max_width":0,"ocean_custom_logo_max_height":0,"ocean_custom_logo_tablet_max_height":0,"ocean_custom_logo_mobile_max_height":0,"ocean_header_custom_menu":"0","ocean_menu_typo_font_family":"0","ocean_menu_typo_font_subset":"","ocean_menu_typo_font_size":0,"ocean_menu_typo_font_size_tablet":0,"ocean_menu_typo_font_size_mobile":0,"ocean_menu_typo_font_size_unit":"px","ocean_menu_typo_font_weight":"","ocean_menu_typo_font_weight_tablet":"","ocean_menu_typo_font_weight_mobile":"","ocean_menu_typo_transform":"","ocean_menu_typo_transform_tablet":"","ocean_menu_typo_transform_mobile":"","ocean_menu_typo_line_height":0,"ocean_menu_typo_line_height_tablet":0,"ocean_menu_typo_line_height_mobile":0,"ocean_menu_typo_line_height_unit":"","ocean_menu_typo_spacing":0,"ocean_menu_typo_spacing_tablet":0,"ocean_menu_typo_spacing_mobile":0,"ocean_menu_typo_spacing_unit":"","ocean_menu_link_color":"","ocean_menu_link_color_hover":"","ocean_menu_link_color_active":"","ocean_menu_link_background":"","ocean_menu_link_hover_background":"","ocean_menu_link_active_background":"","ocean_menu_social_links_bg":"","ocean_menu_social_hover_links_bg":"","ocean_menu_social_links_color":"","ocean_menu_social_hover_links_color":"","ocean_disable_title":"default","ocean_disable_heading":"default","ocean_post_title":"","ocean_post_subheading":"","ocean_post_title_style":"","ocean_post_title_background_color":"","ocean_post_title_background":0,"ocean_post_title_bg_image_position":"","ocean_post_title_bg_image_attachment":"","ocean_post_title_bg_image_repeat":"","ocean_post_title_bg_image_size":"","ocean_post_title_height":0,"ocean_post_title_bg_overlay":0.5,"ocean_post_title_bg_overlay_color":"","ocean_disable_breadcrumbs":"default","ocean_breadcrumbs_color":"","ocean_breadcrumbs_separator_color":"","ocean_breadcrumbs_links_color":"","ocean_breadcrumbs_links_hover_color":"","ocean_display_footer_widgets":"default","ocean_display_footer_bottom":"default","ocean_custom_footer_template":"0","osh_disable_topbar_sticky":"default","osh_disable_header_sticky":"default","osh_sticky_header_style":"default","osh_sticky_header_effect":"","osh_custom_sticky_logo":0,"osh_custom_retina_sticky_logo":0,"osh_custom_sticky_logo_height":0,"osh_background_color":"","osh_links_color":"","osh_links_hover_color":"","osh_links_active_color":"","osh_links_bg_color":"","osh_links_hover_bg_color":"","osh_links_active_bg_color":"","osh_menu_social_links_color":"","osh_menu_social_hover_links_color":""},"product_brand":[],"product_cat":[37,40],"product_tag":[225,97,226],"class_list":{"0":"post-3345","1":"product","2":"type-product","3":"status-publish","4":"has-post-thumbnail","6":"product_cat-single-line-grease-systems","7":"product_cat-pressure-relief-metering-valves","8":"product_tag-bijur-delimon-divider","9":"product_tag-grease-injector","10":"product_tag-mobile-divider-valve","12":"entry","13":"has-media","15":"first","16":"instock","17":"shipping-taxable","18":"product-type-external","19":"col","20":"span_1_of_3","21":"owp-content-center","22":"owp-thumbs-layout-horizontal","23":"owp-btn-very-big","24":"owp-tabs-layout-horizontal"},"_links":{"self":[{"href":"https:\/\/www.jinpinlub.com\/pl\/wp-json\/wp\/v2\/product\/3345","targetHints":{"allow":["GET"]}}],"collection":[{"href":"https:\/\/www.jinpinlub.com\/pl\/wp-json\/wp\/v2\/product"}],"about":[{"href":"https:\/\/www.jinpinlub.com\/pl\/wp-json\/wp\/v2\/types\/product"}],"wp:featuredmedia":[{"embeddable":true,"href":"https:\/\/www.jinpinlub.com\/pl\/wp-json\/wp\/v2\/media\/3303"}],"wp:attachment":[{"href":"https:\/\/www.jinpinlub.com\/pl\/wp-json\/wp\/v2\/media?parent=3345"}],"wp:term":[{"taxonomy":"product_brand","embeddable":true,"href":"https:\/\/www.jinpinlub.com\/pl\/wp-json\/wp\/v2\/product_brand?post=3345"},{"taxonomy":"product_cat","embeddable":true,"href":"https:\/\/www.jinpinlub.com\/pl\/wp-json\/wp\/v2\/product_cat?post=3345"},{"taxonomy":"product_tag","embeddable":true,"href":"https:\/\/www.jinpinlub.com\/pl\/wp-json\/wp\/v2\/product_tag?post=3345"}],"curies":[{"name":"wp","href":"https:\/\/api.w.org\/{rel}","templated":true}]}}