{"id":3347,"date":"2024-08-22T13:13:48","date_gmt":"2024-08-22T05:13:48","guid":{"rendered":"https:\/\/www.jinpinlub.com\/?post_type=product&#038;p=3347"},"modified":"2025-01-24T02:06:42","modified_gmt":"2025-01-23T18:06:42","slug":"3-drozne-wtryskiwacze-smaru-z-regulacja-wysokiego-cisnienia-serii-jl-1","status":"publish","type":"product","link":"https:\/\/www.jinpinlub.com\/pl\/produkt\/3-drozne-wtryskiwacze-smaru-z-regulacja-wysokiego-cisnienia-serii-jl-1\/","title":{"rendered":"3-dro\u017cne wtryskiwacze smaru o wysokim ci\u015bnieniu i regulowanej serii JL-1"},"content":{"rendered":"<h2>Cechy<\/h2>\n<p>Wysoka precyzja: Dystrybutor JL-1 mo\u017ce osi\u0105gn\u0105\u0107 precyzj\u0119 przewy\u017cszaj\u0105c\u0105 og\u00f3lny poziom bran\u017cowy.<br \/>\nWysoka niezawodno\u015b\u0107: Nawet w ekstremalnych warunkach, przy temperaturze rz\u0119du minus 40 stopni, dystrybutor smaru dzia\u0142a stabilnie.<br \/>\nD\u0142uga \u017cywotno\u015b\u0107: \u017cywotno\u015b\u0107 rozdzielacza JL-1 jest dwukrotnie wi\u0119ksza od \u017cywotno\u015bci podobnych produkt\u00f3w, co zmniejsza cz\u0119stotliwo\u015b\u0107 i koszty konserwacji.<br \/>\nDu\u017ca wydajno\u015b\u0107: Maksymalna pojemno\u015b\u0107 skokowa zosta\u0142a podwojona, co zmniejsza potrzeb\u0119 uk\u0142adania wielu smarownic w systemie i optymalizuje konstrukcj\u0119 sprz\u0119tu.<br \/>\nSzeroka kompatybilno\u015b\u0107: Smarownic\u0119 \u0142atwo zamontowa\u0107 i jest ona kompatybilna z wieloma dost\u0119pnymi na rynku jednoliniowymi systemami redukcji ci\u015bnienia, co zapewnia du\u017c\u0105 elastyczno\u015b\u0107.<\/p>\n<h2>Specyfikacja<\/h2>\n<table>\n<tbody>\n<tr>\n<td>Zasada dzia\u0142ania<\/td>\n<td>Zaw\u00f3r dozuj\u0105cy nadmiar ci\u015bnienia<\/td>\n<\/tr>\n<tr>\n<td>Liczba punkt\u00f3w sprzeda\u017cy<\/td>\n<td>1, 2, 3, 4, 5, 6<\/td>\n<\/tr>\n<tr>\n<td>Ilo\u015b\u0107 dozowania<\/td>\n<td>0,016-1,31 ml\/cykl<\/td>\n<\/tr>\n<tr>\n<td>Smar<\/td>\n<td>Smar NLGI 0, 1, 2<\/td>\n<\/tr>\n<tr>\n<td>Temperatura pracy<\/td>\n<td>(-26 do +176 \u00b0C)<\/td>\n<\/tr>\n<tr>\n<td>Ci\u015bnienie robocze<\/td>\n<td>127-240 bar<\/td>\n<\/tr>\n<tr>\n<td>Tworzywo<\/td>\n<td>Stal w\u0119glowa, stal nierdzewna<\/td>\n<\/tr>\n<tr>\n<td>G\u0142\u00f3wna linia przy\u0142\u0105czeniowa<\/td>\n<td>M22*1,5<\/td>\n<\/tr>\n<tr>\n<td>Gniazdo przy\u0142\u0105czeniowe<\/td>\n<td>Rc 1\/8<\/td>\n<\/tr>\n<tr>\n<td>Pozycja monta\u017cowa<\/td>\n<td>Ka\u017cdy<\/td>\n<\/tr>\n<\/tbody>\n<\/table>\n<h2>Aplikacja<\/h2>\n<p>System smarowania maszyn fabrycznych: Stosowany do r\u00f3\u017cnych maszyn w fabryce.<br \/>\nSmarowanie pojazd\u00f3w nienap\u0119dzanych: Stosowane do smarowania pojazd\u00f3w nienap\u0119dzanych, takich jak w\u00f3zki wid\u0142owe, d\u017awigi itp.<br \/>\nSmarowanie du\u017cych maszyn budowlanych i maszyn g\u00f3rniczych: Opracowane specjalnie dla profesjonalist\u00f3w zajmuj\u0105cych si\u0119 du\u017cymi maszynami budowlanymi i maszynami g\u00f3rniczymi, zapewnia prost\u0105 i szybk\u0105 instalacj\u0119 oraz wymian\u0119 rozwi\u0105za\u0144 w zakresie pomp smaruj\u0105cych.<\/p>\n<h2>Instrukcje<\/h2>\n<div class=\"sdm_download_button_box_default\"><div class=\"sdm_download_link\"><a href=\"https:\/\/www.jinpinlub.com\/pl\/?sdm_process_download=1&download_id=2472\" class=\"sdm_download white\" title=\"Prywatne: JL-1 Grease Injector\" target=\"&quot;_blank&quot;\">Wy\u015bwietl kart\u0119 danych - Wtryskiwacz smaru JL-1<\/a><\/div><\/div>","protected":false},"excerpt":{"rendered":"<p>Solidna, jednocz\u0119\u015bciowa konstrukcja rozdzielacza JL-1 umo\u017cliwia stabiln\u0105 prac\u0119 w \u015brodowisku wibracyjnym. Jego konstrukcja zaciskowa bez odpowietrznika i ca\u0142kowicie zamkni\u0119ta zapobiega wyciekaniu smaru. Rozdzielacz JL-1 jest wyposa\u017cony w regulowan\u0105 nakr\u0119tk\u0119 sze\u015bciok\u0105tn\u0105 do regulacji wyj\u015bcia.<\/p>","protected":false},"featured_media":3310,"template":"","meta":{"ocean_post_layout":"","ocean_both_sidebars_style":"","ocean_both_sidebars_content_width":0,"ocean_both_sidebars_sidebars_width":0,"ocean_sidebar":"0","ocean_second_sidebar":"0","ocean_disable_margins":"enable","ocean_add_body_class":"","ocean_shortcode_before_top_bar":"","ocean_shortcode_after_top_bar":"","ocean_shortcode_before_header":"","ocean_shortcode_after_header":"","ocean_has_shortcode":"","ocean_shortcode_after_title":"","ocean_shortcode_before_footer_widgets":"","ocean_shortcode_after_footer_widgets":"","ocean_shortcode_before_footer_bottom":"","ocean_shortcode_after_footer_bottom":"","ocean_display_top_bar":"default","ocean_display_header":"default","ocean_header_style":"","ocean_center_header_left_menu":"0","ocean_custom_header_template":"0","ocean_custom_logo":0,"ocean_custom_retina_logo":0,"ocean_custom_logo_max_width":0,"ocean_custom_logo_tablet_max_width":0,"ocean_custom_logo_mobile_max_width":0,"ocean_custom_logo_max_height":0,"ocean_custom_logo_tablet_max_height":0,"ocean_custom_logo_mobile_max_height":0,"ocean_header_custom_menu":"0","ocean_menu_typo_font_family":"0","ocean_menu_typo_font_subset":"","ocean_menu_typo_font_size":0,"ocean_menu_typo_font_size_tablet":0,"ocean_menu_typo_font_size_mobile":0,"ocean_menu_typo_font_size_unit":"px","ocean_menu_typo_font_weight":"","ocean_menu_typo_font_weight_tablet":"","ocean_menu_typo_font_weight_mobile":"","ocean_menu_typo_transform":"","ocean_menu_typo_transform_tablet":"","ocean_menu_typo_transform_mobile":"","ocean_menu_typo_line_height":0,"ocean_menu_typo_line_height_tablet":0,"ocean_menu_typo_line_height_mobile":0,"ocean_menu_typo_line_height_unit":"","ocean_menu_typo_spacing":0,"ocean_menu_typo_spacing_tablet":0,"ocean_menu_typo_spacing_mobile":0,"ocean_menu_typo_spacing_unit":"","ocean_menu_link_color":"","ocean_menu_link_color_hover":"","ocean_menu_link_color_active":"","ocean_menu_link_background":"","ocean_menu_link_hover_background":"","ocean_menu_link_active_background":"","ocean_menu_social_links_bg":"","ocean_menu_social_hover_links_bg":"","ocean_menu_social_links_color":"","ocean_menu_social_hover_links_color":"","ocean_disable_title":"default","ocean_disable_heading":"default","ocean_post_title":"","ocean_post_subheading":"","ocean_post_title_style":"","ocean_post_title_background_color":"","ocean_post_title_background":0,"ocean_post_title_bg_image_position":"","ocean_post_title_bg_image_attachment":"","ocean_post_title_bg_image_repeat":"","ocean_post_title_bg_image_size":"","ocean_post_title_height":0,"ocean_post_title_bg_overlay":0.5,"ocean_post_title_bg_overlay_color":"","ocean_disable_breadcrumbs":"default","ocean_breadcrumbs_color":"","ocean_breadcrumbs_separator_color":"","ocean_breadcrumbs_links_color":"","ocean_breadcrumbs_links_hover_color":"","ocean_display_footer_widgets":"default","ocean_display_footer_bottom":"default","ocean_custom_footer_template":"0","osh_disable_topbar_sticky":"default","osh_disable_header_sticky":"default","osh_sticky_header_style":"default","osh_sticky_header_effect":"","osh_custom_sticky_logo":0,"osh_custom_retina_sticky_logo":0,"osh_custom_sticky_logo_height":0,"osh_background_color":"","osh_links_color":"","osh_links_hover_color":"","osh_links_active_color":"","osh_links_bg_color":"","osh_links_hover_bg_color":"","osh_links_active_bg_color":"","osh_menu_social_links_color":"","osh_menu_social_hover_links_color":""},"product_brand":[],"product_cat":[37,40],"product_tag":[87,227,166],"class_list":{"0":"post-3347","1":"product","2":"type-product","3":"status-publish","4":"has-post-thumbnail","6":"product_cat-single-line-grease-systems","7":"product_cat-pressure-relief-metering-valves","8":"product_tag-grease-distributor","9":"product_tag-high-pressure-distributor","10":"product_tag-lubricant-metering-valve","12":"entry","13":"has-media","15":"first","16":"instock","17":"shipping-taxable","18":"product-type-external","19":"col","20":"span_1_of_3","21":"owp-content-center","22":"owp-thumbs-layout-horizontal","23":"owp-btn-very-big","24":"owp-tabs-layout-horizontal"},"_links":{"self":[{"href":"https:\/\/www.jinpinlub.com\/pl\/wp-json\/wp\/v2\/product\/3347","targetHints":{"allow":["GET"]}}],"collection":[{"href":"https:\/\/www.jinpinlub.com\/pl\/wp-json\/wp\/v2\/product"}],"about":[{"href":"https:\/\/www.jinpinlub.com\/pl\/wp-json\/wp\/v2\/types\/product"}],"wp:featuredmedia":[{"embeddable":true,"href":"https:\/\/www.jinpinlub.com\/pl\/wp-json\/wp\/v2\/media\/3310"}],"wp:attachment":[{"href":"https:\/\/www.jinpinlub.com\/pl\/wp-json\/wp\/v2\/media?parent=3347"}],"wp:term":[{"taxonomy":"product_brand","embeddable":true,"href":"https:\/\/www.jinpinlub.com\/pl\/wp-json\/wp\/v2\/product_brand?post=3347"},{"taxonomy":"product_cat","embeddable":true,"href":"https:\/\/www.jinpinlub.com\/pl\/wp-json\/wp\/v2\/product_cat?post=3347"},{"taxonomy":"product_tag","embeddable":true,"href":"https:\/\/www.jinpinlub.com\/pl\/wp-json\/wp\/v2\/product_tag?post=3347"}],"curies":[{"name":"wp","href":"https:\/\/api.w.org\/{rel}","templated":true}]}}