{"id":3399,"date":"2024-08-27T03:21:06","date_gmt":"2024-08-26T19:21:06","guid":{"rendered":"https:\/\/www.jinpinlub.com\/?post_type=product&#038;p=3399"},"modified":"2024-10-16T11:29:29","modified_gmt":"2024-10-16T03:29:29","slug":"zawor-rozdzielacza-tlokowego-dpb-do-ukladu-smarowania","status":"publish","type":"product","link":"https:\/\/www.jinpinlub.com\/pl\/product\/dpb-piston-distributor-manifold-valve-for-lubrication-system\/","title":{"rendered":"Rozdzielacz t\u0142okowy DPB Zaw\u00f3r rozdzielacza do uk\u0142adu smarowania"},"content":{"rendered":"<h2>Funkcja<\/h2>\n<p><span id=\"input-sentence~0\">Precyzja i dok\u0142adno\u015b\u0107: Wtryskiwacze JINPINLUB DPB zaprojektowano tak, aby zapewnia\u0142y bardzo precyzyjne podawanie \u015brodk\u00f3w smarnych, gwarantuj\u0105c za ka\u017cdym razem sta\u0142\u0105 ilo\u015b\u0107 \u015brodka smarnego.<br \/>\nWszechstronno\u015b\u0107: Wtryskiwacze pomp smaruj\u0105cych mog\u0105 obs\u0142ugiwa\u0107 szerok\u0105 gam\u0119 p\u0142yn\u00f3w, od rzadkich olej\u00f3w po p\u0142ynne smary.<\/span><span id=\"input-sentence~1\"><br \/>\nTrwa\u0142o\u015b\u0107: Wtryskiwacze smaruj\u0105ce s\u0105 wykonane z wysokiej jako\u015bci materia\u0142\u00f3w i s\u0105 w stanie wytrzyma\u0107 trudne warunki pracy. Ta trwa\u0142o\u015b\u0107 zapewnia ich d\u0142ug\u0105 \u017cywotno\u015b\u0107, zmniejszaj\u0105c potrzeb\u0119 cz\u0119stej wymiany i konserwacji.<br \/>\n\u0141atwa integracja: Wtryskiwacze \u015brodk\u00f3w smarnych zaprojektowano tak, aby mo\u017cna je by\u0142o \u0142atwo zintegrowa\u0107 z istniej\u0105cymi liniami produkcyjnymi.<\/span><span id=\"input-sentence~2\"> Ich kompaktowe rozmiary i kompatybilno\u015b\u0107 z r\u00f3\u017cnymi systemami sterowania sprawiaj\u0105, \u017ce s\u0105 wygodnym wyborem dla producent\u00f3w unowocze\u015bniaj\u0105cych swoje procesy dozowania.<\/span><\/p>\n<h2>Specyfikacja<\/h2>\n<table>\n<tbody>\n<tr>\n<td>Zasada dzia\u0142ania<\/td>\n<td>Rozdzielacz ci\u015bnieniowy<\/td>\n<\/tr>\n<tr>\n<td>Punkty sprzeda\u017cy<\/td>\n<td>2, 3, 4, 5, 6, 8 ,10<\/td>\n<\/tr>\n<tr>\n<td>Dozowanie ilo\u015bci oleju<\/td>\n<td>0,03, 0,06, 0,10, 0,16 ml\/cykl<\/td>\n<\/tr>\n<tr>\n<td>Smar<\/td>\n<td>32~90 cSt@40\u00b0C (olej), \u2264NLGI 0 (smar)<\/td>\n<\/tr>\n<tr>\n<td>Temperatura pracy<\/td>\n<td>0 do +80 \u00b0C<\/td>\n<\/tr>\n<tr>\n<td>Ci\u015bnienie robocze<\/td>\n<td>8~30bar (olej), 20~50bar (smar)<\/td>\n<\/tr>\n<tr>\n<td>Tworzywo<\/td>\n<td>Odlew cynkowy, mosi\u0105dz<\/td>\n<\/tr>\n<tr>\n<td>Gniazdo przy\u0142\u0105czeniowe<\/td>\n<td>Wlot \u03a66(M10x1), Wylot \u03a64(M8x1)<\/td>\n<\/tr>\n<tr>\n<td>Z\u0142\u0105czki wylotowe<\/td>\n<td>Typ r\u0119kawa, Typ szybki<\/td>\n<\/tr>\n<tr>\n<td>Pozycja monta\u017cowa<\/td>\n<td>Ka\u017cdy<\/td>\n<\/tr>\n<\/tbody>\n<\/table>\n<h2>Aplikacja<\/h2>\n<p><span id=\"input-sentence~2\">Stosuje si\u0119 go g\u0142\u00f3wnie w uk\u0142adach smarowania wyporowego, a rozdzielacze oleju wyporowe s\u0105 szeroko stosowane do centralnego smarowania urz\u0105dze\u0144 drukarskich, przetw\u00f3rstwa tworzyw sztucznych, opakowa\u0144, obrabiarek i innego sprz\u0119tu.<\/span><span id=\"input-sentence~3\"> Zapewniaj\u0105 one ilo\u015bciowe dostarczanie oleju dzi\u0119ki konstrukcji spr\u0119\u017cynowo-t\u0142okowej, gwarantuj\u0105cej, \u017ce ka\u017cdy punkt smarowania otrzymuje precyzyjn\u0105 ilo\u015b\u0107 oleju smaruj\u0105cego.<br \/>\nPodczas dzia\u0142ania pompy olejowej rozdzielacz wyrzuca \u015brodek smarny poprzez dzia\u0142anie spr\u0119\u017cyny; nast\u0119pnie zatrzymuje si\u0119 i uwalnia ci\u015bnienie, gromadz\u0105c \u015brodek smarny wewn\u0105trz rozdzielacza. Taka konstrukcja sprawia, \u017ce proces smarowania jest bardziej efektywny i niezawodny.<\/span><\/p>\n<h2>Instrukcje<\/h2>\n<div class=\"sdm_download_button_box_default\"><div class=\"sdm_download_link\"><a href=\"https:\/\/www.jinpinlub.com\/pl\/?sdm_process_download=1&download_id=2458\" class=\"sdm_download white\" title=\"Prywatne: DPB Lubrication Distributor\" target=\"&quot;_blank&quot;\">Zobacz arkusz danych - Dystrybutor DPB<\/a><\/div><\/div>","protected":false},"excerpt":{"rendered":"<p>Wtryskiwacz wyporowy PDB to urz\u0105dzenie s\u0142u\u017c\u0105ce do precyzyjnego dozowania \u015brodk\u00f3w smarnych, cenione ze wzgl\u0119du na mo\u017cliwo\u015b\u0107 obs\u0142ugi szerokiego zakresu lepko\u015bci \u015brodk\u00f3w smarnych i wysok\u0105 powtarzalno\u015b\u0107, co czyni je idealnym do zastosowa\u0144 wymagaj\u0105cych precyzyjnych ilo\u015bci \u015brodka smarnego.<\/p>","protected":false},"featured_media":3361,"template":"","meta":{"ocean_post_layout":"","ocean_both_sidebars_style":"","ocean_both_sidebars_content_width":0,"ocean_both_sidebars_sidebars_width":0,"ocean_sidebar":"0","ocean_second_sidebar":"0","ocean_disable_margins":"enable","ocean_add_body_class":"","ocean_shortcode_before_top_bar":"","ocean_shortcode_after_top_bar":"","ocean_shortcode_before_header":"","ocean_shortcode_after_header":"","ocean_has_shortcode":"","ocean_shortcode_after_title":"","ocean_shortcode_before_footer_widgets":"","ocean_shortcode_after_footer_widgets":"","ocean_shortcode_before_footer_bottom":"","ocean_shortcode_after_footer_bottom":"","ocean_display_top_bar":"default","ocean_display_header":"default","ocean_header_style":"","ocean_center_header_left_menu":"0","ocean_custom_header_template":"0","ocean_custom_logo":0,"ocean_custom_retina_logo":0,"ocean_custom_logo_max_width":0,"ocean_custom_logo_tablet_max_width":0,"ocean_custom_logo_mobile_max_width":0,"ocean_custom_logo_max_height":0,"ocean_custom_logo_tablet_max_height":0,"ocean_custom_logo_mobile_max_height":0,"ocean_header_custom_menu":"0","ocean_menu_typo_font_family":"0","ocean_menu_typo_font_subset":"","ocean_menu_typo_font_size":0,"ocean_menu_typo_font_size_tablet":0,"ocean_menu_typo_font_size_mobile":0,"ocean_menu_typo_font_size_unit":"px","ocean_menu_typo_font_weight":"","ocean_menu_typo_font_weight_tablet":"","ocean_menu_typo_font_weight_mobile":"","ocean_menu_typo_transform":"","ocean_menu_typo_transform_tablet":"","ocean_menu_typo_transform_mobile":"","ocean_menu_typo_line_height":0,"ocean_menu_typo_line_height_tablet":0,"ocean_menu_typo_line_height_mobile":0,"ocean_menu_typo_line_height_unit":"","ocean_menu_typo_spacing":0,"ocean_menu_typo_spacing_tablet":0,"ocean_menu_typo_spacing_mobile":0,"ocean_menu_typo_spacing_unit":"","ocean_menu_link_color":"","ocean_menu_link_color_hover":"","ocean_menu_link_color_active":"","ocean_menu_link_background":"","ocean_menu_link_hover_background":"","ocean_menu_link_active_background":"","ocean_menu_social_links_bg":"","ocean_menu_social_hover_links_bg":"","ocean_menu_social_links_color":"","ocean_menu_social_hover_links_color":"","ocean_disable_title":"default","ocean_disable_heading":"default","ocean_post_title":"","ocean_post_subheading":"","ocean_post_title_style":"","ocean_post_title_background_color":"","ocean_post_title_background":0,"ocean_post_title_bg_image_position":"","ocean_post_title_bg_image_attachment":"","ocean_post_title_bg_image_repeat":"","ocean_post_title_bg_image_size":"","ocean_post_title_height":0,"ocean_post_title_bg_overlay":0.5,"ocean_post_title_bg_overlay_color":"","ocean_disable_breadcrumbs":"default","ocean_breadcrumbs_color":"","ocean_breadcrumbs_separator_color":"","ocean_breadcrumbs_links_color":"","ocean_breadcrumbs_links_hover_color":"","ocean_display_footer_widgets":"default","ocean_display_footer_bottom":"default","ocean_custom_footer_template":"0","osh_disable_topbar_sticky":"default","osh_disable_header_sticky":"default","osh_sticky_header_style":"default","osh_sticky_header_effect":"","osh_custom_sticky_logo":0,"osh_custom_retina_sticky_logo":0,"osh_custom_sticky_logo_height":0,"osh_background_color":"","osh_links_color":"","osh_links_hover_color":"","osh_links_active_color":"","osh_links_bg_color":"","osh_links_hover_bg_color":"","osh_links_active_bg_color":"","osh_menu_social_links_color":"","osh_menu_social_hover_links_color":""},"product_brand":[],"product_cat":[49,47],"product_tag":[236,235,80],"class_list":{"0":"post-3399","1":"product","2":"type-product","3":"status-publish","4":"has-post-thumbnail","6":"product_cat-volumetric-oil-injectors","7":"product_cat-volumetric-thin-oil-systems","8":"product_tag-lubrication-pump-distributor","9":"product_tag-oil-lubrication-divider","10":"product_tag-volumetric-oil-distributor","12":"entry","13":"has-media","15":"first","16":"instock","17":"shipping-taxable","18":"product-type-external","19":"col","20":"span_1_of_3","21":"owp-content-center","22":"owp-thumbs-layout-horizontal","23":"owp-btn-very-big","24":"owp-tabs-layout-horizontal"},"_links":{"self":[{"href":"https:\/\/www.jinpinlub.com\/pl\/wp-json\/wp\/v2\/product\/3399","targetHints":{"allow":["GET"]}}],"collection":[{"href":"https:\/\/www.jinpinlub.com\/pl\/wp-json\/wp\/v2\/product"}],"about":[{"href":"https:\/\/www.jinpinlub.com\/pl\/wp-json\/wp\/v2\/types\/product"}],"wp:featuredmedia":[{"embeddable":true,"href":"https:\/\/www.jinpinlub.com\/pl\/wp-json\/wp\/v2\/media\/3361"}],"wp:attachment":[{"href":"https:\/\/www.jinpinlub.com\/pl\/wp-json\/wp\/v2\/media?parent=3399"}],"wp:term":[{"taxonomy":"product_brand","embeddable":true,"href":"https:\/\/www.jinpinlub.com\/pl\/wp-json\/wp\/v2\/product_brand?post=3399"},{"taxonomy":"product_cat","embeddable":true,"href":"https:\/\/www.jinpinlub.com\/pl\/wp-json\/wp\/v2\/product_cat?post=3399"},{"taxonomy":"product_tag","embeddable":true,"href":"https:\/\/www.jinpinlub.com\/pl\/wp-json\/wp\/v2\/product_tag?post=3399"}],"curies":[{"name":"wp","href":"https:\/\/api.w.org\/{rel}","templated":true}]}}