{"id":3400,"date":"2024-08-27T03:31:55","date_gmt":"2024-08-26T19:31:55","guid":{"rendered":"https:\/\/www.jinpinlub.com\/?post_type=product&#038;p=3400"},"modified":"2024-08-27T03:36:21","modified_gmt":"2024-08-26T19:36:21","slug":"2-10-wyjsciowy-dystrybutor-smaru-olejowego-pod-cisnieniem","status":"publish","type":"product","link":"https:\/\/www.jinpinlub.com\/pl\/product\/2-10-outlet-pressurized-lubricating-oil-grease-distributor\/","title":{"rendered":"2-10 Wyj\u015bcie Dystrybutor smaru olejowego pod ci\u015bnieniem"},"content":{"rendered":"<h2>Funkcja<\/h2>\n<p><span id=\"input-sentence~0\">Ci\u015bnienie robocze: Zakres ci\u015bnienia roboczego dystrybutora DPB JINPINLUB wynosi od 8 do 5 bar\u00f3w. Mo\u017ce on pracowa\u0107 stabilnie w warunkach wysokiego ci\u015bnienia.<br \/>\nDok\u0142adno\u015b\u0107 dozowania: Dystrybutor zapewnia precyzyjn\u0105 ilo\u015b\u0107 \u015brodka smarnego, a zakres dozowania \u015brodka smarnego wynosi od 0,03 do 0,16 cm3.<\/span><span id=\"input-sentence~1\"><br \/>\nWiele modeli: Dystrybutor \u015brodka smarnego ma 2\u201310 opcjonalnych wyj\u015b\u0107, aby sprosta\u0107 potrzebom r\u00f3\u017cnych punkt\u00f3w smarowania.<br \/>\n\u0141atwa instalacja: Szybkoz\u0142\u0105cza rozdzielacza DPB s\u0105 opcjonalne, co upraszcza proces instalacji i konserwacji.<\/span><\/p>\n<h2>Specyfikacja<\/h2>\n<table>\n<tbody>\n<tr>\n<td>Zasada dzia\u0142ania<\/td>\n<td>Rozdzielacz ci\u015bnieniowy<\/td>\n<\/tr>\n<tr>\n<td>Punkty sprzeda\u017cy<\/td>\n<td>2, 3, 4, 5, 6, 8 ,10<\/td>\n<\/tr>\n<tr>\n<td>Dozowanie ilo\u015bci oleju<\/td>\n<td>0,03, 0,06, 0,10, 0,16 ml\/cykl<\/td>\n<\/tr>\n<tr>\n<td>Smar<\/td>\n<td>32~90 cSt@40\u00b0C (olej), \u2264NLGI 0 (smar)<\/td>\n<\/tr>\n<tr>\n<td>Temperatura pracy<\/td>\n<td>0 do +80 \u00b0C<\/td>\n<\/tr>\n<tr>\n<td>Ci\u015bnienie robocze<\/td>\n<td>8~30bar (olej), 20~50bar (smar)<\/td>\n<\/tr>\n<tr>\n<td>Tworzywo<\/td>\n<td>Odlew cynkowy, mosi\u0105dz<\/td>\n<\/tr>\n<tr>\n<td>Gniazdo przy\u0142\u0105czeniowe<\/td>\n<td>Wlot \u03a66(M10x1), Wylot \u03a64(M8x1)<\/td>\n<\/tr>\n<tr>\n<td>Z\u0142\u0105czki wylotowe<\/td>\n<td>Typ r\u0119kawa, Typ szybki<\/td>\n<\/tr>\n<tr>\n<td>Pozycja monta\u017cowa<\/td>\n<td>Ka\u017cdy<\/td>\n<\/tr>\n<\/tbody>\n<\/table>\n<h2>Aplikacja<\/h2>\n<p>Ten rozdzielacz uk\u0142adu smarowania jest stosowany w wielu ga\u0142\u0119ziach przemys\u0142u:<br \/>\nPrzemys\u0142 motoryzacyjny: Dystrybutory smaru zapewniaj\u0105 smarowanie silnik\u00f3w i innych kluczowych podzespo\u0142\u00f3w, zmniejszaj\u0105c zu\u017cycie i awarie.<br \/>\nPrzemys\u0142 energetyczny: Wtryskiwacze \u015brodk\u00f3w smarnych stosuje si\u0119 w urz\u0105dzeniach generuj\u0105cych energi\u0119 oraz systemach przesy\u0142u i dystrybucji energii w celu zapewnienia wydajnej pracy urz\u0105dze\u0144.<br \/>\nPrzemys\u0142 spo\u017cywczy i napojowy: Wtryskiwacze oleju stosuje si\u0119 na liniach produkcyjnych i w urz\u0105dzeniach pakuj\u0105cych w celu zapewnienia higieny i wydajno\u015bci.<br \/>\nUrz\u0105dzenia przemys\u0142owe: takie jak obrabiarki, maszyny drukarskie, urz\u0105dzenia pakuj\u0105ce i maszyny tekstylne.<\/p>\n<h2>Instrukcje<\/h2>\n<div class=\"sdm_download_button_box_default\"><div class=\"sdm_download_link\"><a href=\"https:\/\/www.jinpinlub.com\/pl\/?sdm_process_download=1&download_id=2458\" class=\"sdm_download white\" title=\"Prywatne: DPB Lubrication Distributor\" target=\"&quot;_blank&quot;\">Zobacz arkusz danych - Dystrybutor DPB<\/a><\/div><\/div>","protected":false},"excerpt":{"rendered":"<p>Rozdzielacz JINPINLUB DPB to jednoliniowe urz\u0105dzenie dozuj\u0105ce do oleju (32~90 cSt@40\u00b0C) i smaru (\u2264 NLGI 0#), stosowane g\u0142\u00f3wnie w centralnych uk\u0142adach smarowania. Wykonany jest z metalowego odlewu ci\u015bnieniowego, a uszczelki s\u0105 z gumy nitrylowej, co zapewnia trwa\u0142o\u015b\u0107 i niezawodno\u015b\u0107.<\/p>","protected":false},"featured_media":3365,"template":"","meta":{"ocean_post_layout":"","ocean_both_sidebars_style":"","ocean_both_sidebars_content_width":0,"ocean_both_sidebars_sidebars_width":0,"ocean_sidebar":"0","ocean_second_sidebar":"0","ocean_disable_margins":"enable","ocean_add_body_class":"","ocean_shortcode_before_top_bar":"","ocean_shortcode_after_top_bar":"","ocean_shortcode_before_header":"","ocean_shortcode_after_header":"","ocean_has_shortcode":"","ocean_shortcode_after_title":"","ocean_shortcode_before_footer_widgets":"","ocean_shortcode_after_footer_widgets":"","ocean_shortcode_before_footer_bottom":"","ocean_shortcode_after_footer_bottom":"","ocean_display_top_bar":"default","ocean_display_header":"default","ocean_header_style":"","ocean_center_header_left_menu":"0","ocean_custom_header_template":"0","ocean_custom_logo":0,"ocean_custom_retina_logo":0,"ocean_custom_logo_max_width":0,"ocean_custom_logo_tablet_max_width":0,"ocean_custom_logo_mobile_max_width":0,"ocean_custom_logo_max_height":0,"ocean_custom_logo_tablet_max_height":0,"ocean_custom_logo_mobile_max_height":0,"ocean_header_custom_menu":"0","ocean_menu_typo_font_family":"0","ocean_menu_typo_font_subset":"","ocean_menu_typo_font_size":0,"ocean_menu_typo_font_size_tablet":0,"ocean_menu_typo_font_size_mobile":0,"ocean_menu_typo_font_size_unit":"px","ocean_menu_typo_font_weight":"","ocean_menu_typo_font_weight_tablet":"","ocean_menu_typo_font_weight_mobile":"","ocean_menu_typo_transform":"","ocean_menu_typo_transform_tablet":"","ocean_menu_typo_transform_mobile":"","ocean_menu_typo_line_height":0,"ocean_menu_typo_line_height_tablet":0,"ocean_menu_typo_line_height_mobile":0,"ocean_menu_typo_line_height_unit":"","ocean_menu_typo_spacing":0,"ocean_menu_typo_spacing_tablet":0,"ocean_menu_typo_spacing_mobile":0,"ocean_menu_typo_spacing_unit":"","ocean_menu_link_color":"","ocean_menu_link_color_hover":"","ocean_menu_link_color_active":"","ocean_menu_link_background":"","ocean_menu_link_hover_background":"","ocean_menu_link_active_background":"","ocean_menu_social_links_bg":"","ocean_menu_social_hover_links_bg":"","ocean_menu_social_links_color":"","ocean_menu_social_hover_links_color":"","ocean_disable_title":"default","ocean_disable_heading":"default","ocean_post_title":"","ocean_post_subheading":"","ocean_post_title_style":"","ocean_post_title_background_color":"","ocean_post_title_background":0,"ocean_post_title_bg_image_position":"","ocean_post_title_bg_image_attachment":"","ocean_post_title_bg_image_repeat":"","ocean_post_title_bg_image_size":"","ocean_post_title_height":0,"ocean_post_title_bg_overlay":0.5,"ocean_post_title_bg_overlay_color":"","ocean_disable_breadcrumbs":"default","ocean_breadcrumbs_color":"","ocean_breadcrumbs_separator_color":"","ocean_breadcrumbs_links_color":"","ocean_breadcrumbs_links_hover_color":"","ocean_display_footer_widgets":"default","ocean_display_footer_bottom":"default","ocean_custom_footer_template":"0","osh_disable_topbar_sticky":"default","osh_disable_header_sticky":"default","osh_sticky_header_style":"default","osh_sticky_header_effect":"","osh_custom_sticky_logo":0,"osh_custom_retina_sticky_logo":0,"osh_custom_sticky_logo_height":0,"osh_background_color":"","osh_links_color":"","osh_links_hover_color":"","osh_links_active_color":"","osh_links_bg_color":"","osh_links_hover_bg_color":"","osh_links_active_bg_color":"","osh_menu_social_links_color":"","osh_menu_social_hover_links_color":""},"product_brand":[],"product_cat":[49,47],"product_tag":[238,237,239],"class_list":{"0":"post-3400","1":"product","2":"type-product","3":"status-publish","4":"has-post-thumbnail","6":"product_cat-volumetric-oil-injectors","7":"product_cat-volumetric-thin-oil-systems","8":"product_tag-lubricant-metering-device","9":"product_tag-oil-grease-distributor-valve","10":"product_tag-oil-quantitative-valve","12":"entry","13":"has-media","15":"first","16":"instock","17":"shipping-taxable","18":"product-type-external","19":"col","20":"span_1_of_3","21":"owp-content-center","22":"owp-thumbs-layout-horizontal","23":"owp-btn-very-big","24":"owp-tabs-layout-horizontal"},"_links":{"self":[{"href":"https:\/\/www.jinpinlub.com\/pl\/wp-json\/wp\/v2\/product\/3400","targetHints":{"allow":["GET"]}}],"collection":[{"href":"https:\/\/www.jinpinlub.com\/pl\/wp-json\/wp\/v2\/product"}],"about":[{"href":"https:\/\/www.jinpinlub.com\/pl\/wp-json\/wp\/v2\/types\/product"}],"wp:featuredmedia":[{"embeddable":true,"href":"https:\/\/www.jinpinlub.com\/pl\/wp-json\/wp\/v2\/media\/3365"}],"wp:attachment":[{"href":"https:\/\/www.jinpinlub.com\/pl\/wp-json\/wp\/v2\/media?parent=3400"}],"wp:term":[{"taxonomy":"product_brand","embeddable":true,"href":"https:\/\/www.jinpinlub.com\/pl\/wp-json\/wp\/v2\/product_brand?post=3400"},{"taxonomy":"product_cat","embeddable":true,"href":"https:\/\/www.jinpinlub.com\/pl\/wp-json\/wp\/v2\/product_cat?post=3400"},{"taxonomy":"product_tag","embeddable":true,"href":"https:\/\/www.jinpinlub.com\/pl\/wp-json\/wp\/v2\/product_tag?post=3400"}],"curies":[{"name":"wp","href":"https:\/\/api.w.org\/{rel}","templated":true}]}}