{"id":3402,"date":"2024-08-27T03:41:17","date_gmt":"2024-08-26T19:41:17","guid":{"rendered":"https:\/\/www.jinpinlub.com\/?post_type=product&#038;p=3402"},"modified":"2024-08-27T03:44:26","modified_gmt":"2024-08-26T19:44:26","slug":"zawory-rozdzielajace-smar-jvb-do-progresywnego-systemu-smarowania","status":"publish","type":"product","link":"https:\/\/www.jinpinlub.com\/pl\/product\/jvb-grease-divider-valves-for-progressive-lubrication-system\/","title":{"rendered":"Zawory rozdzielaj\u0105ce smar JVB do progresywnego uk\u0142adu smarowania"},"content":{"rendered":"<h2>Cechy<\/h2>\n<p>Elastyczna konstrukcja: zawory rozdzielcze JINPINLUB JVB pozwalaj\u0105 na konfiguracj\u0119 w terenie, dostosowuj\u0105c j\u0105 do r\u00f3\u017cnych potrzeb, od 6 do 20 wyj\u015b\u0107.<br \/>\nWyporno\u015b\u0107 dodatnia: Obj\u0119to\u015b\u0107 wy\u0142adowania na wyj\u015bcie i cykl jest sta\u0142a i wynosi 0,17 cm3. Mo\u017cna j\u0105 \u0142\u0105czy\u0107 z odpowiednimi akcesoriami, aby sprosta\u0107 wi\u0119kszym potrzebom wydajno\u015bciowym.<br \/>\nOdporno\u015b\u0107 na korozj\u0119: Korpus zaworu progresywnego wykonany jest ze stali w\u0119glowej i zosta\u0142 zabezpieczony pow\u0142ok\u0105 ochronn\u0105, aby umo\u017cliwi\u0107 d\u0142ugotrwa\u0142e u\u017cytkowanie w trudnych warunkach.<br \/>\nFunkcja monitorowania: Zaw\u00f3r rozdzielczy jest wyposa\u017cony w pin wska\u017anika cyklu, aby zapewni\u0107 wizualne potwierdzenie dzia\u0142ania systemu. Ponadto pin cyklu mo\u017ce by\u0107 r\u00f3wnie\u017c wyposa\u017cony w prze\u0142\u0105cznik, aby zapewni\u0107 elektryczne sprz\u0119\u017cenie zwrotne do sterownika systemu.<\/p>\n<h2>Specyfikacja<\/h2>\n<table>\n<tbody>\n<tr>\n<td>Zasada dzia\u0142ania<\/td>\n<td>Urz\u0105dzenia pomiarowe<\/td>\n<\/tr>\n<tr>\n<td>Liczba punkt\u00f3w sprzeda\u017cy<\/td>\n<td>6-20<\/td>\n<\/tr>\n<tr>\n<td>Ilo\u015b\u0107 dozowania<\/td>\n<td>0,17 ml\/cykl<\/td>\n<\/tr>\n<tr>\n<td>Smar<\/td>\n<td>Smar do NLGI 2, olej 32-220cSt@40\u2103<\/td>\n<\/tr>\n<tr>\n<td>Temperatura pracy<\/td>\n<td>\u201320 do +80 \u00b0C<\/td>\n<\/tr>\n<tr>\n<td>Ci\u015bnienie robocze<\/td>\n<td>Maks. 250 bar\u00f3w<\/td>\n<\/tr>\n<tr>\n<td>Tworzywo<\/td>\n<td>Ocynkowany na czarno<\/td>\n<\/tr>\n<tr>\n<td>Wlot przy\u0142\u0105czeniowy<\/td>\n<td>\u03a66(M10x1,0), \u03a68(M10x1,0)<\/td>\n<\/tr>\n<tr>\n<td>Gniazdo przy\u0142\u0105czeniowe<\/td>\n<td>\u03a66(M10x1,0), \u03a68(M10x1,0)<\/td>\n<\/tr>\n<tr>\n<td>Pozycja monta\u017cowa<\/td>\n<td>Ka\u017cdy<\/td>\n<\/tr>\n<\/tbody>\n<\/table>\n<h2>Aplikacja<\/h2>\n<p>Zasada dzia\u0142ania zaworu rozdzielczego JVB jest progresywna, co oznacza, \u017ce ka\u017cda sekcja zaworu b\u0119dzie odprowadza\u0107 pewn\u0105 ilo\u015b\u0107 smaru do punktu smarowania, kt\u00f3remu s\u0142u\u017cy po zako\u0144czeniu suwu t\u0142oka, a nast\u0119pnie nast\u0119pna sekcja zaworu zacznie pracowa\u0107. Zaw\u00f3r rozdzielczy JVB jest szeroko stosowany w ma\u0142ym sprz\u0119cie mechanicznym, kt\u00f3ry wymaga smarowania wielopunktowego, takim jak obrabiarki, maszyny przetw\u00f3rcze, maszyny drukarskie i pakuj\u0105ce itp.<\/p>\n<h2>Instrukcje<\/h2>\n<div class=\"sdm_download_button_box_default\"><div class=\"sdm_download_link\"><a href=\"https:\/\/www.jinpinlub.com\/pl\/?sdm_process_download=1&download_id=3055\" class=\"sdm_download white\" title=\"Prywatne: JVB Progressive Divider\" target=\"&quot;_blank&quot;\">Zobacz arkusz danych - Dystrybutor JVB<\/a><\/div><\/div>","protected":false},"excerpt":{"rendered":"<p>JVB jest dystrybutorem progresywnych system\u00f3w smarowania. Zosta\u0142 zaprojektowany tak, aby dok\u0142adnie rozprowadza\u0107 smar pomi\u0119dzy wieloma punktami smarowania, zapewniaj\u0105c, \u017ce ka\u017cdy punkt smarowania otrzymuje odpowiedni\u0105 ilo\u015b\u0107 smaru, co poprawia wydajno\u015b\u0107 pracy sprz\u0119tu.<\/p>","protected":false},"featured_media":3372,"template":"","meta":{"ocean_post_layout":"","ocean_both_sidebars_style":"","ocean_both_sidebars_content_width":0,"ocean_both_sidebars_sidebars_width":0,"ocean_sidebar":"0","ocean_second_sidebar":"0","ocean_disable_margins":"enable","ocean_add_body_class":"","ocean_shortcode_before_top_bar":"","ocean_shortcode_after_top_bar":"","ocean_shortcode_before_header":"","ocean_shortcode_after_header":"","ocean_has_shortcode":"","ocean_shortcode_after_title":"","ocean_shortcode_before_footer_widgets":"","ocean_shortcode_after_footer_widgets":"","ocean_shortcode_before_footer_bottom":"","ocean_shortcode_after_footer_bottom":"","ocean_display_top_bar":"default","ocean_display_header":"default","ocean_header_style":"","ocean_center_header_left_menu":"0","ocean_custom_header_template":"0","ocean_custom_logo":0,"ocean_custom_retina_logo":0,"ocean_custom_logo_max_width":0,"ocean_custom_logo_tablet_max_width":0,"ocean_custom_logo_mobile_max_width":0,"ocean_custom_logo_max_height":0,"ocean_custom_logo_tablet_max_height":0,"ocean_custom_logo_mobile_max_height":0,"ocean_header_custom_menu":"0","ocean_menu_typo_font_family":"0","ocean_menu_typo_font_subset":"","ocean_menu_typo_font_size":0,"ocean_menu_typo_font_size_tablet":0,"ocean_menu_typo_font_size_mobile":0,"ocean_menu_typo_font_size_unit":"px","ocean_menu_typo_font_weight":"","ocean_menu_typo_font_weight_tablet":"","ocean_menu_typo_font_weight_mobile":"","ocean_menu_typo_transform":"","ocean_menu_typo_transform_tablet":"","ocean_menu_typo_transform_mobile":"","ocean_menu_typo_line_height":0,"ocean_menu_typo_line_height_tablet":0,"ocean_menu_typo_line_height_mobile":0,"ocean_menu_typo_line_height_unit":"","ocean_menu_typo_spacing":0,"ocean_menu_typo_spacing_tablet":0,"ocean_menu_typo_spacing_mobile":0,"ocean_menu_typo_spacing_unit":"","ocean_menu_link_color":"","ocean_menu_link_color_hover":"","ocean_menu_link_color_active":"","ocean_menu_link_background":"","ocean_menu_link_hover_background":"","ocean_menu_link_active_background":"","ocean_menu_social_links_bg":"","ocean_menu_social_hover_links_bg":"","ocean_menu_social_links_color":"","ocean_menu_social_hover_links_color":"","ocean_disable_title":"default","ocean_disable_heading":"default","ocean_post_title":"","ocean_post_subheading":"","ocean_post_title_style":"","ocean_post_title_background_color":"","ocean_post_title_background":0,"ocean_post_title_bg_image_position":"","ocean_post_title_bg_image_attachment":"","ocean_post_title_bg_image_repeat":"","ocean_post_title_bg_image_size":"","ocean_post_title_height":0,"ocean_post_title_bg_overlay":0.5,"ocean_post_title_bg_overlay_color":"","ocean_disable_breadcrumbs":"default","ocean_breadcrumbs_color":"","ocean_breadcrumbs_separator_color":"","ocean_breadcrumbs_links_color":"","ocean_breadcrumbs_links_hover_color":"","ocean_display_footer_widgets":"default","ocean_display_footer_bottom":"default","ocean_custom_footer_template":"0","osh_disable_topbar_sticky":"default","osh_disable_header_sticky":"default","osh_sticky_header_style":"default","osh_sticky_header_effect":"","osh_custom_sticky_logo":0,"osh_custom_retina_sticky_logo":0,"osh_custom_sticky_logo_height":0,"osh_background_color":"","osh_links_color":"","osh_links_hover_color":"","osh_links_active_color":"","osh_links_bg_color":"","osh_links_hover_bg_color":"","osh_links_active_bg_color":"","osh_menu_social_links_color":"","osh_menu_social_hover_links_color":""},"product_brand":[],"product_cat":[44,41],"product_tag":[99,242,241],"class_list":{"0":"post-3402","1":"product","2":"type-product","3":"status-publish","4":"has-post-thumbnail","6":"product_cat-progressive-grease-dividers","7":"product_cat-progressive-grease-systems","8":"product_tag-progressive-distributor","9":"product_tag-progressive-divider-valves","10":"product_tag-progressive-metering-device","12":"entry","13":"has-media","15":"first","16":"instock","17":"shipping-taxable","18":"product-type-external","19":"col","20":"span_1_of_3","21":"owp-content-center","22":"owp-thumbs-layout-horizontal","23":"owp-btn-very-big","24":"owp-tabs-layout-horizontal"},"_links":{"self":[{"href":"https:\/\/www.jinpinlub.com\/pl\/wp-json\/wp\/v2\/product\/3402","targetHints":{"allow":["GET"]}}],"collection":[{"href":"https:\/\/www.jinpinlub.com\/pl\/wp-json\/wp\/v2\/product"}],"about":[{"href":"https:\/\/www.jinpinlub.com\/pl\/wp-json\/wp\/v2\/types\/product"}],"wp:featuredmedia":[{"embeddable":true,"href":"https:\/\/www.jinpinlub.com\/pl\/wp-json\/wp\/v2\/media\/3372"}],"wp:attachment":[{"href":"https:\/\/www.jinpinlub.com\/pl\/wp-json\/wp\/v2\/media?parent=3402"}],"wp:term":[{"taxonomy":"product_brand","embeddable":true,"href":"https:\/\/www.jinpinlub.com\/pl\/wp-json\/wp\/v2\/product_brand?post=3402"},{"taxonomy":"product_cat","embeddable":true,"href":"https:\/\/www.jinpinlub.com\/pl\/wp-json\/wp\/v2\/product_cat?post=3402"},{"taxonomy":"product_tag","embeddable":true,"href":"https:\/\/www.jinpinlub.com\/pl\/wp-json\/wp\/v2\/product_tag?post=3402"}],"curies":[{"name":"wp","href":"https:\/\/api.w.org\/{rel}","templated":true}]}}