{"id":3403,"date":"2024-08-27T03:45:23","date_gmt":"2024-08-26T19:45:23","guid":{"rendered":"https:\/\/www.jinpinlub.com\/?post_type=product&#038;p=3403"},"modified":"2024-08-27T04:01:02","modified_gmt":"2024-08-26T20:01:02","slug":"dystrybutory-smaru-cisnieniowego-mgk-do-systemow-jednoliniowych","status":"publish","type":"product","link":"https:\/\/www.jinpinlub.com\/pl\/product\/mgk-pressurized-grease-distributors-for-single-line-system\/","title":{"rendered":"Dystrybutory smaru ci\u015bnieniowego MGK do system\u00f3w jednoliniowych"},"content":{"rendered":"<h2>Funkcja<\/h2>\n<p>Precyzyjne dozowanie: dystrybutory JINPINLUB MGK zapewniaj\u0105 precyzyjn\u0105 ilo\u015b\u0107 \u015brodka smarnego dla ka\u017cdego cyklu smarowania, gwarantuj\u0105c najlepszy stan sprz\u0119tu.<br \/>\nWszechstronno\u015b\u0107: Wtryskiwacze MGK nadaj\u0105 si\u0119 do stosowania z r\u00f3\u017cnymi \u015brodkami smarnymi o zakresie lepko\u015bci NLGI 000#, 00#, 00#.<br \/>\nWysoka niezawodno\u015b\u0107: Kolektor wykonany jest ze stopu aluminium, a zaw\u00f3r dozuj\u0105cy z mosi\u0105dzu, co gwarantuje og\u00f3ln\u0105, d\u0142ugoterminow\u0105 niezawodno\u015b\u0107 i trwa\u0142o\u015b\u0107 dystrybutora smaru.<br \/>\n\u0141atwa obs\u0142uga: Zaw\u00f3r dozuj\u0105cy rozdzielacza MGK jest wyjmowany, a zawory dozuj\u0105ce MG o r\u00f3\u017cnych obj\u0119to\u015bciach wyj\u015bciowych mo\u017cna wybiera\u0107 w zale\u017cno\u015bci od r\u00f3\u017cnych wymaga\u0144 dotycz\u0105cych smarowania.<br \/>\nDu\u017ca adaptowalno\u015b\u0107: szeroki zakres temperatur pracy (od 0\u00b0C do 80\u00b0C) umo\u017cliwia dostosowanie do r\u00f3\u017cnych \u015brodowisk pracy.<\/p>\n<h2>Specyfikacja<\/h2>\n<table>\n<tbody>\n<tr>\n<td>Zasada dzia\u0142ania<\/td>\n<td>Zaw\u00f3r dozuj\u0105cy nadmiar ci\u015bnienia<\/td>\n<\/tr>\n<tr>\n<td>Liczba punkt\u00f3w sprzeda\u017cy<\/td>\n<td>1, 2, 3, 4, 5<\/td>\n<\/tr>\n<tr>\n<td>Ilo\u015b\u0107 dozowania<\/td>\n<td>0,03, 0,05, 0,13, 0,20, 0,30, 0,50 ml\/cykl<\/td>\n<\/tr>\n<tr>\n<td>Smar<\/td>\n<td>Smar NLGI 000#, 00#.<\/td>\n<\/tr>\n<tr>\n<td>Temperatura pracy<\/td>\n<td>0 do +80 \u00b0C<\/td>\n<\/tr>\n<tr>\n<td>Ci\u015bnienie robocze<\/td>\n<td>0,5~1,5 MPa<\/td>\n<\/tr>\n<tr>\n<td>Tworzywo<\/td>\n<td>Mied\u017a, stop aluminium<\/td>\n<\/tr>\n<tr>\n<td>Gniazdo przy\u0142\u0105czeniowe<\/td>\n<td>Wlot Rc1\/8, Wylot \u03a64(Rc1\/8)<\/td>\n<\/tr>\n<tr>\n<td>Z\u0142\u0105czki wylotowe<\/td>\n<td>Typ r\u0119kawa, Typ szybki<\/td>\n<\/tr>\n<tr>\n<td>Pozycja monta\u017cowa<\/td>\n<td>Ka\u017cdy<\/td>\n<\/tr>\n<\/tbody>\n<\/table>\n<h2>Aplikacja<\/h2>\n<p>Dystrybutory smaru MGK s\u0105 szeroko stosowane w r\u00f3\u017cnych urz\u0105dzeniach przemys\u0142owych wymagaj\u0105cych precyzyjnego smarowania. Zawory dozuj\u0105ce na dystrybutorze mo\u017cna swobodnie montowa\u0107 i demontowa\u0107, co jest wygodne w przypadku dostosowywania lub konserwacji i wymiany.<br \/>\nZaw\u00f3r dozuj\u0105cy smar jest g\u0142\u00f3wnie stosowany w \u015brednich i du\u017cych systemach smarowania, ale mo\u017ce by\u0107 r\u00f3wnie\u017c stosowany w urz\u0105dzeniach mechanicznych o wysokiej precyzji smarowania, takich jak obrabiarki, maszyny do obr\u00f3bki drewna, maszyny tekstylne, maszyny pakuj\u0105ce, maszyny do tworzyw sztucznych, maszyny do szk\u0142a i maszyny drukarskie. Te zawory smaruj\u0105ce zapewniaj\u0105, \u017ce sprz\u0119t dzia\u0142a normalnie z precyzyjnym smarowaniem podczas pracy systemu i wyd\u0142u\u017caj\u0105 jego \u017cywotno\u015b\u0107.<\/p>\n<h2>Instrukcje<\/h2>\n<div class=\"sdm_download_button_box_default\"><div class=\"sdm_download_link\"><a href=\"https:\/\/www.jinpinlub.com\/pl\/?sdm_process_download=1&download_id=2470\" class=\"sdm_download white\" title=\"Prywatne: MGK Metering Valve\" target=\"&quot;_blank&quot;\">Zobacz arkusz danych - Zaw\u00f3r dozuj\u0105cy MGK<\/a><\/div><\/div>","protected":false},"excerpt":{"rendered":"<p>Gdy pompa pracuje, ci\u015bnienie popycha t\u0142ok do ruchu, a \u015brodek smarny w komorze magazynowej zostaje uwolniony. Gdy pompa jest przerywana, ci\u015bnienie w g\u0142\u00f3wnym przewodzie zostaje uwolnione, a t\u0142ok powraca pod dzia\u0142aniem spr\u0119\u017cyny t\u0142oka, gotowy do nast\u0119pnego cyklu.<\/p>","protected":false},"featured_media":3404,"template":"","meta":{"ocean_post_layout":"","ocean_both_sidebars_style":"","ocean_both_sidebars_content_width":0,"ocean_both_sidebars_sidebars_width":0,"ocean_sidebar":"0","ocean_second_sidebar":"0","ocean_disable_margins":"enable","ocean_add_body_class":"","ocean_shortcode_before_top_bar":"","ocean_shortcode_after_top_bar":"","ocean_shortcode_before_header":"","ocean_shortcode_after_header":"","ocean_has_shortcode":"","ocean_shortcode_after_title":"","ocean_shortcode_before_footer_widgets":"","ocean_shortcode_after_footer_widgets":"","ocean_shortcode_before_footer_bottom":"","ocean_shortcode_after_footer_bottom":"","ocean_display_top_bar":"default","ocean_display_header":"default","ocean_header_style":"","ocean_center_header_left_menu":"0","ocean_custom_header_template":"0","ocean_custom_logo":0,"ocean_custom_retina_logo":0,"ocean_custom_logo_max_width":0,"ocean_custom_logo_tablet_max_width":0,"ocean_custom_logo_mobile_max_width":0,"ocean_custom_logo_max_height":0,"ocean_custom_logo_tablet_max_height":0,"ocean_custom_logo_mobile_max_height":0,"ocean_header_custom_menu":"0","ocean_menu_typo_font_family":"0","ocean_menu_typo_font_subset":"","ocean_menu_typo_font_size":0,"ocean_menu_typo_font_size_tablet":0,"ocean_menu_typo_font_size_mobile":0,"ocean_menu_typo_font_size_unit":"px","ocean_menu_typo_font_weight":"","ocean_menu_typo_font_weight_tablet":"","ocean_menu_typo_font_weight_mobile":"","ocean_menu_typo_transform":"","ocean_menu_typo_transform_tablet":"","ocean_menu_typo_transform_mobile":"","ocean_menu_typo_line_height":0,"ocean_menu_typo_line_height_tablet":0,"ocean_menu_typo_line_height_mobile":0,"ocean_menu_typo_line_height_unit":"","ocean_menu_typo_spacing":0,"ocean_menu_typo_spacing_tablet":0,"ocean_menu_typo_spacing_mobile":0,"ocean_menu_typo_spacing_unit":"","ocean_menu_link_color":"","ocean_menu_link_color_hover":"","ocean_menu_link_color_active":"","ocean_menu_link_background":"","ocean_menu_link_hover_background":"","ocean_menu_link_active_background":"","ocean_menu_social_links_bg":"","ocean_menu_social_hover_links_bg":"","ocean_menu_social_links_color":"","ocean_menu_social_hover_links_color":"","ocean_disable_title":"default","ocean_disable_heading":"default","ocean_post_title":"","ocean_post_subheading":"","ocean_post_title_style":"","ocean_post_title_background_color":"","ocean_post_title_background":0,"ocean_post_title_bg_image_position":"","ocean_post_title_bg_image_attachment":"","ocean_post_title_bg_image_repeat":"","ocean_post_title_bg_image_size":"","ocean_post_title_height":0,"ocean_post_title_bg_overlay":0.5,"ocean_post_title_bg_overlay_color":"","ocean_disable_breadcrumbs":"default","ocean_breadcrumbs_color":"","ocean_breadcrumbs_separator_color":"","ocean_breadcrumbs_links_color":"","ocean_breadcrumbs_links_hover_color":"","ocean_display_footer_widgets":"default","ocean_display_footer_bottom":"default","ocean_custom_footer_template":"0","osh_disable_topbar_sticky":"default","osh_disable_header_sticky":"default","osh_sticky_header_style":"default","osh_sticky_header_effect":"","osh_custom_sticky_logo":0,"osh_custom_retina_sticky_logo":0,"osh_custom_sticky_logo_height":0,"osh_background_color":"","osh_links_color":"","osh_links_hover_color":"","osh_links_active_color":"","osh_links_bg_color":"","osh_links_hover_bg_color":"","osh_links_active_bg_color":"","osh_menu_social_links_color":"","osh_menu_social_hover_links_color":""},"product_brand":[],"product_cat":[40,37],"product_tag":[87,85,86],"class_list":{"0":"post-3403","1":"product","2":"type-product","3":"status-publish","4":"has-post-thumbnail","6":"product_cat-pressure-relief-metering-valves","7":"product_cat-single-line-grease-systems","8":"product_tag-grease-distributor","9":"product_tag-pressure-relief-metering-valve","10":"product_tag-single-line-distributor","12":"entry","13":"has-media","15":"first","16":"instock","17":"shipping-taxable","18":"product-type-external","19":"col","20":"span_1_of_3","21":"owp-content-center","22":"owp-thumbs-layout-horizontal","23":"owp-btn-very-big","24":"owp-tabs-layout-horizontal"},"_links":{"self":[{"href":"https:\/\/www.jinpinlub.com\/pl\/wp-json\/wp\/v2\/product\/3403","targetHints":{"allow":["GET"]}}],"collection":[{"href":"https:\/\/www.jinpinlub.com\/pl\/wp-json\/wp\/v2\/product"}],"about":[{"href":"https:\/\/www.jinpinlub.com\/pl\/wp-json\/wp\/v2\/types\/product"}],"wp:featuredmedia":[{"embeddable":true,"href":"https:\/\/www.jinpinlub.com\/pl\/wp-json\/wp\/v2\/media\/3404"}],"wp:attachment":[{"href":"https:\/\/www.jinpinlub.com\/pl\/wp-json\/wp\/v2\/media?parent=3403"}],"wp:term":[{"taxonomy":"product_brand","embeddable":true,"href":"https:\/\/www.jinpinlub.com\/pl\/wp-json\/wp\/v2\/product_brand?post=3403"},{"taxonomy":"product_cat","embeddable":true,"href":"https:\/\/www.jinpinlub.com\/pl\/wp-json\/wp\/v2\/product_cat?post=3403"},{"taxonomy":"product_tag","embeddable":true,"href":"https:\/\/www.jinpinlub.com\/pl\/wp-json\/wp\/v2\/product_tag?post=3403"}],"curies":[{"name":"wp","href":"https:\/\/api.w.org\/{rel}","templated":true}]}}