{"id":3408,"date":"2024-08-27T04:01:19","date_gmt":"2024-08-26T20:01:19","guid":{"rendered":"https:\/\/www.jinpinlub.com\/?post_type=product&#038;p=3408"},"modified":"2025-02-13T17:17:39","modified_gmt":"2025-02-13T09:17:39","slug":"dystrybutor-muk-do-pompy-smarowniczej-do-odciazenia-cisnienia","status":"publish","type":"product","link":"https:\/\/www.jinpinlub.com\/pl\/product\/muk-distributor-for-pressure-relief-grease-lubrication-pump\/","title":{"rendered":"Dystrybutor MUK do pompy smarowniczej z odci\u0105\u017ceniem ci\u015bnieniowym"},"content":{"rendered":"<h2>Funkcja<\/h2>\n<p>Skuteczne smarowanie: dystrybutory JINPINLUB MUK umo\u017cliwiaj\u0105 precyzyjn\u0105 dystrybucj\u0119 \u015brodk\u00f3w smarnych do r\u00f3\u017cnych punkt\u00f3w smarnych, gwarantuj\u0105c w\u0142a\u015bciwe smarowanie urz\u0105dze\u0144 mechanicznych.<br \/>\nWiele opcji: Zaw\u00f3r dozuj\u0105cy, jeden z element\u00f3w MUK, umo\u017cliwia wyb\u00f3r r\u00f3\u017cnych obj\u0119to\u015bci wyp\u0142ywu, np. 0,05, 0,1, 0,2, 0,3, 0,5 ml\/cykl.<br \/>\nZ\u0142\u0105czki szybkoz\u0142\u0105czne: Opr\u00f3cz najpopularniejszych z\u0142\u0105czek wylotowych typu tulejowego, dost\u0119pne s\u0105 r\u00f3wnie\u017c z\u0142\u0105cza szybkoz\u0142\u0105czne, kt\u00f3re s\u0105 szybsze i wygodniejsze w monta\u017cu.<br \/>\nWysoka op\u0142acalno\u015b\u0107: Mo\u017cna go stosowa\u0107 w po\u0142\u0105czeniu z pomp\u0105 smaruj\u0105c\u0105 z redukcj\u0105 ci\u015bnienia lub z r\u0119czn\u0105 pomp\u0105 smaruj\u0105c\u0105, co jest bardziej ekonomiczne.<\/p>\n<h2>Specyfikacja<\/h2>\n<table>\n<tbody>\n<tr>\n<td>Zasada dzia\u0142ania<\/td>\n<td>Zaw\u00f3r dozuj\u0105cy nadmiar ci\u015bnienia<\/td>\n<\/tr>\n<tr>\n<td>Liczba punkt\u00f3w sprzeda\u017cy<\/td>\n<td>1, 2, 3, 4, 5<\/td>\n<\/tr>\n<tr>\n<td>Ilo\u015b\u0107 dozowania<\/td>\n<td>0,03, 0,05, 0,13, 0,20, 0,30, 0,50 ml\/cykl<\/td>\n<\/tr>\n<tr>\n<td>Smar<\/td>\n<td>Smar NLGI 000#, 00#.<\/td>\n<\/tr>\n<tr>\n<td>Temperatura pracy<\/td>\n<td>0 do +80 \u00b0C<\/td>\n<\/tr>\n<tr>\n<td>Ci\u015bnienie robocze<\/td>\n<td>0,5~1,5 MPa<\/td>\n<\/tr>\n<tr>\n<td>Tworzywo<\/td>\n<td>Mosi\u0105dz, aluminium<\/td>\n<\/tr>\n<tr>\n<td>Gniazdo przy\u0142\u0105czeniowe<\/td>\n<td>Wlot Rc1\/8, Wylot \u03a64(Rc1\/8)<\/td>\n<\/tr>\n<tr>\n<td>Z\u0142\u0105czki wylotowe<\/td>\n<td>Typ r\u0119kawa, Typ szybki<\/td>\n<\/tr>\n<tr>\n<td>Pozycja monta\u017cowa<\/td>\n<td>Ka\u017cdy<\/td>\n<\/tr>\n<\/tbody>\n<\/table>\n<h2>Aplikacja<\/h2>\n<p>Rozdzielacz MUK mo\u017ce utworzy\u0107 jednoliniowy system smarowania z redukcj\u0105 ci\u015bnienia przy u\u017cyciu pompy smarowniczej obj\u0119to\u015bciowej, niezale\u017cnie od tego, czy jest to pompa smarownicza elektryczna, pneumatyczna czy r\u0119czna.<br \/>\nDystrybutor smaru MUK przeznaczony jest g\u0142\u00f3wnie do maszyn CNC, centr\u00f3w obr\u00f3bczych, linii produkcyjnych, przemys\u0142u tekstylnego, chemicznego, ku\u017aniczego, dziurkarskiego i innych ga\u0142\u0119zi przemys\u0142u mechanicznego w celu zapewnienia w\u0142a\u015bciwego smarowania r\u00f3\u017cnych produkt\u00f3w mechanicznych.<\/p>\n<h2>Instrukcje<\/h2>\n<div class=\"sdm_download_button_box_default\"><div class=\"sdm_download_link\"><a href=\"https:\/\/www.jinpinlub.com\/pl\/?sdm_process_download=1&download_id=3070\" class=\"sdm_download white\" title=\"Prywatne: MUK Pressure-relief Distributor\" target=\"&quot;_blank&quot;\">Zobacz arkusz danych - Dystrybutor MUK<\/a><\/div><\/div>","protected":false},"excerpt":{"rendered":"<p>Dystrybutor MUK mo\u017ce utworzy\u0107 ci\u015bnieniowy, obj\u0119to\u015bciowy, scentralizowany system smarowania smarem z elektryczn\u0105 pomp\u0105 smaruj\u0105c\u0105 z odci\u0105\u017ceniem ci\u015bnieniowym lub system smarowania z r\u0119czn\u0105 pomp\u0105 smaruj\u0105c\u0105 z zaworem odci\u0105\u017caj\u0105cym ci\u015bnieniowym. Ta kombinacja jest bardziej ekonomiczna i rozs\u0105dna.<\/p>","protected":false},"featured_media":3376,"template":"","meta":{"ocean_post_layout":"","ocean_both_sidebars_style":"","ocean_both_sidebars_content_width":0,"ocean_both_sidebars_sidebars_width":0,"ocean_sidebar":"0","ocean_second_sidebar":"0","ocean_disable_margins":"enable","ocean_add_body_class":"","ocean_shortcode_before_top_bar":"","ocean_shortcode_after_top_bar":"","ocean_shortcode_before_header":"","ocean_shortcode_after_header":"","ocean_has_shortcode":"","ocean_shortcode_after_title":"","ocean_shortcode_before_footer_widgets":"","ocean_shortcode_after_footer_widgets":"","ocean_shortcode_before_footer_bottom":"","ocean_shortcode_after_footer_bottom":"","ocean_display_top_bar":"default","ocean_display_header":"default","ocean_header_style":"","ocean_center_header_left_menu":"0","ocean_custom_header_template":"0","ocean_custom_logo":0,"ocean_custom_retina_logo":0,"ocean_custom_logo_max_width":0,"ocean_custom_logo_tablet_max_width":0,"ocean_custom_logo_mobile_max_width":0,"ocean_custom_logo_max_height":0,"ocean_custom_logo_tablet_max_height":0,"ocean_custom_logo_mobile_max_height":0,"ocean_header_custom_menu":"0","ocean_menu_typo_font_family":"0","ocean_menu_typo_font_subset":"","ocean_menu_typo_font_size":0,"ocean_menu_typo_font_size_tablet":0,"ocean_menu_typo_font_size_mobile":0,"ocean_menu_typo_font_size_unit":"px","ocean_menu_typo_font_weight":"","ocean_menu_typo_font_weight_tablet":"","ocean_menu_typo_font_weight_mobile":"","ocean_menu_typo_transform":"","ocean_menu_typo_transform_tablet":"","ocean_menu_typo_transform_mobile":"","ocean_menu_typo_line_height":0,"ocean_menu_typo_line_height_tablet":0,"ocean_menu_typo_line_height_mobile":0,"ocean_menu_typo_line_height_unit":"","ocean_menu_typo_spacing":0,"ocean_menu_typo_spacing_tablet":0,"ocean_menu_typo_spacing_mobile":0,"ocean_menu_typo_spacing_unit":"","ocean_menu_link_color":"","ocean_menu_link_color_hover":"","ocean_menu_link_color_active":"","ocean_menu_link_background":"","ocean_menu_link_hover_background":"","ocean_menu_link_active_background":"","ocean_menu_social_links_bg":"","ocean_menu_social_hover_links_bg":"","ocean_menu_social_links_color":"","ocean_menu_social_hover_links_color":"","ocean_disable_title":"default","ocean_disable_heading":"default","ocean_post_title":"","ocean_post_subheading":"","ocean_post_title_style":"","ocean_post_title_background_color":"","ocean_post_title_background":0,"ocean_post_title_bg_image_position":"","ocean_post_title_bg_image_attachment":"","ocean_post_title_bg_image_repeat":"","ocean_post_title_bg_image_size":"","ocean_post_title_height":0,"ocean_post_title_bg_overlay":0.5,"ocean_post_title_bg_overlay_color":"","ocean_disable_breadcrumbs":"default","ocean_breadcrumbs_color":"","ocean_breadcrumbs_separator_color":"","ocean_breadcrumbs_links_color":"","ocean_breadcrumbs_links_hover_color":"","ocean_display_footer_widgets":"default","ocean_display_footer_bottom":"default","ocean_custom_footer_template":"0","osh_disable_topbar_sticky":"default","osh_disable_header_sticky":"default","osh_sticky_header_style":"default","osh_sticky_header_effect":"","osh_custom_sticky_logo":0,"osh_custom_retina_sticky_logo":0,"osh_custom_sticky_logo_height":0,"osh_background_color":"","osh_links_color":"","osh_links_hover_color":"","osh_links_active_color":"","osh_links_bg_color":"","osh_links_hover_bg_color":"","osh_links_active_bg_color":"","osh_menu_social_links_color":"","osh_menu_social_hover_links_color":""},"product_brand":[],"product_cat":[40,37],"product_tag":[87,83,86],"class_list":{"0":"post-3408","1":"product","2":"type-product","3":"status-publish","4":"has-post-thumbnail","6":"product_cat-pressure-relief-metering-valves","7":"product_cat-single-line-grease-systems","8":"product_tag-grease-distributor","9":"product_tag-pressure-relief-distributor","10":"product_tag-single-line-distributor","12":"entry","13":"has-media","15":"first","16":"instock","17":"shipping-taxable","18":"product-type-external","19":"col","20":"span_1_of_3","21":"owp-content-center","22":"owp-thumbs-layout-horizontal","23":"owp-btn-very-big","24":"owp-tabs-layout-horizontal"},"_links":{"self":[{"href":"https:\/\/www.jinpinlub.com\/pl\/wp-json\/wp\/v2\/product\/3408","targetHints":{"allow":["GET"]}}],"collection":[{"href":"https:\/\/www.jinpinlub.com\/pl\/wp-json\/wp\/v2\/product"}],"about":[{"href":"https:\/\/www.jinpinlub.com\/pl\/wp-json\/wp\/v2\/types\/product"}],"wp:featuredmedia":[{"embeddable":true,"href":"https:\/\/www.jinpinlub.com\/pl\/wp-json\/wp\/v2\/media\/3376"}],"wp:attachment":[{"href":"https:\/\/www.jinpinlub.com\/pl\/wp-json\/wp\/v2\/media?parent=3408"}],"wp:term":[{"taxonomy":"product_brand","embeddable":true,"href":"https:\/\/www.jinpinlub.com\/pl\/wp-json\/wp\/v2\/product_brand?post=3408"},{"taxonomy":"product_cat","embeddable":true,"href":"https:\/\/www.jinpinlub.com\/pl\/wp-json\/wp\/v2\/product_cat?post=3408"},{"taxonomy":"product_tag","embeddable":true,"href":"https:\/\/www.jinpinlub.com\/pl\/wp-json\/wp\/v2\/product_tag?post=3408"}],"curies":[{"name":"wp","href":"https:\/\/api.w.org\/{rel}","templated":true}]}}