{"id":3410,"date":"2024-08-27T04:05:54","date_gmt":"2024-08-26T20:05:54","guid":{"rendered":"https:\/\/www.jinpinlub.com\/?post_type=product&#038;p=3410"},"modified":"2025-02-13T17:17:49","modified_gmt":"2025-02-13T09:17:49","slug":"muk-precyzyjne-wielowylotowe-urzadzenie-do-pomiaru-objetosci-smaru","status":"publish","type":"product","link":"https:\/\/www.jinpinlub.com\/pl\/produkt\/muk-precyzyjne-wielowylotowe-urzadzenie-do-pomiaru-objetosci-smaru\/","title":{"rendered":"Urz\u0105dzenie do precyzyjnego pomiaru obj\u0119to\u015bci smaru wielowylotowego MUK"},"content":{"rendered":"<h2>Funkcja<\/h2>\n<p>Dystrybucja wielopunktowa: rozdzielacze upustowe ci\u015bnienia smaru JINPINLUB MUK mo\u017cna skonfigurowa\u0107 w zakresie od 2 do 12 cyfr, aby spe\u0142ni\u0107 wymagania r\u00f3\u017cnych system\u00f3w smarowania.<br \/>\nKonstrukcja zaworu parasolowego: Zaw\u00f3r parasolowy wewn\u0105trz rozdzielacza kontroluje przep\u0142yw \u015brodka smarnego pod ci\u015bnieniem uk\u0142adu smarowania, co zapewnia jego bardzo precyzyjn\u0105 dystrybucj\u0119 do r\u00f3\u017cnych punkt\u00f3w smarowania.<br \/>\nWiele wyj\u015b\u0107: Zaw\u00f3r dozuj\u0105cy, jeden z element\u00f3w MUK, umo\u017cliwia wyb\u00f3r r\u00f3\u017cnych obj\u0119to\u015bci wyp\u0142ywu, np. 0,05, 0,1, 0,2, 0,3, 0,5 ml\/cykl.<br \/>\nMateria\u0142y odporne na korozj\u0119: Rozdzielacze smaru MUK s\u0105 zazwyczaj wykonane z materia\u0142\u00f3w odpornych na korozj\u0119, aby mo\u017cna je by\u0142o dostosowa\u0107 do r\u00f3\u017cnych warunk\u00f3w pracy.<\/p>\n<h2>Specyfikacja<\/h2>\n<table>\n<tbody>\n<tr>\n<td>Zasada dzia\u0142ania<\/td>\n<td>Zaw\u00f3r dozuj\u0105cy nadmiar ci\u015bnienia<\/td>\n<\/tr>\n<tr>\n<td>Liczba punkt\u00f3w sprzeda\u017cy<\/td>\n<td>1, 2, 3, 4, 5<\/td>\n<\/tr>\n<tr>\n<td>Ilo\u015b\u0107 dozowania<\/td>\n<td>0,03, 0,05, 0,13, 0,20, 0,30, 0,50 ml\/cykl<\/td>\n<\/tr>\n<tr>\n<td>Smar<\/td>\n<td>Smar NLGI 000#, 00#.<\/td>\n<\/tr>\n<tr>\n<td>Temperatura pracy<\/td>\n<td>0 do +80 \u00b0C<\/td>\n<\/tr>\n<tr>\n<td>Ci\u015bnienie robocze<\/td>\n<td>0,5~1,5 MPa<\/td>\n<\/tr>\n<tr>\n<td>Tworzywo<\/td>\n<td>Mosi\u0105dz, aluminium<\/td>\n<\/tr>\n<tr>\n<td>Gniazdo przy\u0142\u0105czeniowe<\/td>\n<td>Wlot Rc1\/8, Wylot \u03a64(Rc1\/8)<\/td>\n<\/tr>\n<tr>\n<td>Z\u0142\u0105czki wylotowe<\/td>\n<td>Typ r\u0119kawa, Typ szybki<\/td>\n<\/tr>\n<tr>\n<td>Pozycja monta\u017cowa<\/td>\n<td>Ka\u017cdy<\/td>\n<\/tr>\n<\/tbody>\n<\/table>\n<h2>Zasada<\/h2>\n<p>Smar wyp\u0142ywa z pompy smaruj\u0105cej, a ci\u015bnienie uk\u0142adu wypycha t\u0142ok w rozdzielaczu MUK w g\u00f3r\u0119. Smar przechowywany w komorze olejowej zostaje uwolniony. Gdy t\u0142ok przesunie si\u0119 do g\u00f3rnej cz\u0119\u015bci komory olejowej, wyp\u0142yw oleju zostaje zako\u0144czony.<br \/>\nGdy pompa smaruj\u0105ca przestanie dostarcza\u0107 olej, zaw\u00f3r bezpiecze\u0144stwa automatycznie si\u0119 zwolni, umo\u017cliwiaj\u0105c powr\u00f3t \u015brodka smarnego z g\u0142\u00f3wnego przewodu olejowego przez zaw\u00f3r redukcyjny ci\u015bnienia. W tym momencie ci\u015bnienie w uk\u0142adzie zostaje zredukowane, a \u015brodek smarny jest przechowywany wewn\u0105trz rozdzielacza, gotowy do nast\u0119pnego cyklu.<\/p>\n<h2>Instrukcje<\/h2>\n<div class=\"sdm_download_button_box_default\"><div class=\"sdm_download_link\"><a href=\"https:\/\/www.jinpinlub.com\/pl\/?sdm_process_download=1&download_id=3070\" class=\"sdm_download white\" title=\"Prywatne: MUK Pressure-relief Distributor\" target=\"&quot;_blank&quot;\">Zobacz arkusz danych - Dystrybutor MUK<\/a><\/div><\/div>","protected":false},"excerpt":{"rendered":"<p>Dystrybutor smaru MUK to modu\u0142owy element dystrybucji smaru jednoliniowego, sk\u0142adaj\u0105cy si\u0119 z mosi\u0119\u017cnego zaworu dozuj\u0105cego i aluminiowego kolektora. Jest stosowany w obj\u0119to\u015bciowych systemach smarowania smarem z urz\u0105dzeniami odci\u0105\u017caj\u0105cymi ci\u015bnienie, w systemach elektrycznych lub r\u0119cznych.<\/p>","protected":false},"featured_media":3386,"template":"","meta":{"ocean_post_layout":"","ocean_both_sidebars_style":"","ocean_both_sidebars_content_width":0,"ocean_both_sidebars_sidebars_width":0,"ocean_sidebar":"0","ocean_second_sidebar":"0","ocean_disable_margins":"enable","ocean_add_body_class":"","ocean_shortcode_before_top_bar":"","ocean_shortcode_after_top_bar":"","ocean_shortcode_before_header":"","ocean_shortcode_after_header":"","ocean_has_shortcode":"","ocean_shortcode_after_title":"","ocean_shortcode_before_footer_widgets":"","ocean_shortcode_after_footer_widgets":"","ocean_shortcode_before_footer_bottom":"","ocean_shortcode_after_footer_bottom":"","ocean_display_top_bar":"default","ocean_display_header":"default","ocean_header_style":"","ocean_center_header_left_menu":"0","ocean_custom_header_template":"0","ocean_custom_logo":0,"ocean_custom_retina_logo":0,"ocean_custom_logo_max_width":0,"ocean_custom_logo_tablet_max_width":0,"ocean_custom_logo_mobile_max_width":0,"ocean_custom_logo_max_height":0,"ocean_custom_logo_tablet_max_height":0,"ocean_custom_logo_mobile_max_height":0,"ocean_header_custom_menu":"0","ocean_menu_typo_font_family":"0","ocean_menu_typo_font_subset":"","ocean_menu_typo_font_size":0,"ocean_menu_typo_font_size_tablet":0,"ocean_menu_typo_font_size_mobile":0,"ocean_menu_typo_font_size_unit":"px","ocean_menu_typo_font_weight":"","ocean_menu_typo_font_weight_tablet":"","ocean_menu_typo_font_weight_mobile":"","ocean_menu_typo_transform":"","ocean_menu_typo_transform_tablet":"","ocean_menu_typo_transform_mobile":"","ocean_menu_typo_line_height":0,"ocean_menu_typo_line_height_tablet":0,"ocean_menu_typo_line_height_mobile":0,"ocean_menu_typo_line_height_unit":"","ocean_menu_typo_spacing":0,"ocean_menu_typo_spacing_tablet":0,"ocean_menu_typo_spacing_mobile":0,"ocean_menu_typo_spacing_unit":"","ocean_menu_link_color":"","ocean_menu_link_color_hover":"","ocean_menu_link_color_active":"","ocean_menu_link_background":"","ocean_menu_link_hover_background":"","ocean_menu_link_active_background":"","ocean_menu_social_links_bg":"","ocean_menu_social_hover_links_bg":"","ocean_menu_social_links_color":"","ocean_menu_social_hover_links_color":"","ocean_disable_title":"default","ocean_disable_heading":"default","ocean_post_title":"","ocean_post_subheading":"","ocean_post_title_style":"","ocean_post_title_background_color":"","ocean_post_title_background":0,"ocean_post_title_bg_image_position":"","ocean_post_title_bg_image_attachment":"","ocean_post_title_bg_image_repeat":"","ocean_post_title_bg_image_size":"","ocean_post_title_height":0,"ocean_post_title_bg_overlay":0.5,"ocean_post_title_bg_overlay_color":"","ocean_disable_breadcrumbs":"default","ocean_breadcrumbs_color":"","ocean_breadcrumbs_separator_color":"","ocean_breadcrumbs_links_color":"","ocean_breadcrumbs_links_hover_color":"","ocean_display_footer_widgets":"default","ocean_display_footer_bottom":"default","ocean_custom_footer_template":"0","osh_disable_topbar_sticky":"default","osh_disable_header_sticky":"default","osh_sticky_header_style":"default","osh_sticky_header_effect":"","osh_custom_sticky_logo":0,"osh_custom_retina_sticky_logo":0,"osh_custom_sticky_logo_height":0,"osh_background_color":"","osh_links_color":"","osh_links_hover_color":"","osh_links_active_color":"","osh_links_bg_color":"","osh_links_hover_bg_color":"","osh_links_active_bg_color":"","osh_menu_social_links_color":"","osh_menu_social_hover_links_color":""},"product_brand":[],"product_cat":[37,40],"product_tag":[97,98,84],"class_list":{"0":"post-3410","1":"product","2":"type-product","3":"status-publish","4":"has-post-thumbnail","6":"product_cat-single-line-grease-systems","7":"product_cat-pressure-relief-metering-valves","8":"product_tag-grease-injector","9":"product_tag-grease-metering-device","10":"product_tag-volumetric-distributor","12":"entry","13":"has-media","15":"first","16":"instock","17":"shipping-taxable","18":"product-type-external","19":"col","20":"span_1_of_3","21":"owp-content-center","22":"owp-thumbs-layout-horizontal","23":"owp-btn-very-big","24":"owp-tabs-layout-horizontal"},"_links":{"self":[{"href":"https:\/\/www.jinpinlub.com\/pl\/wp-json\/wp\/v2\/product\/3410","targetHints":{"allow":["GET"]}}],"collection":[{"href":"https:\/\/www.jinpinlub.com\/pl\/wp-json\/wp\/v2\/product"}],"about":[{"href":"https:\/\/www.jinpinlub.com\/pl\/wp-json\/wp\/v2\/types\/product"}],"wp:featuredmedia":[{"embeddable":true,"href":"https:\/\/www.jinpinlub.com\/pl\/wp-json\/wp\/v2\/media\/3386"}],"wp:attachment":[{"href":"https:\/\/www.jinpinlub.com\/pl\/wp-json\/wp\/v2\/media?parent=3410"}],"wp:term":[{"taxonomy":"product_brand","embeddable":true,"href":"https:\/\/www.jinpinlub.com\/pl\/wp-json\/wp\/v2\/product_brand?post=3410"},{"taxonomy":"product_cat","embeddable":true,"href":"https:\/\/www.jinpinlub.com\/pl\/wp-json\/wp\/v2\/product_cat?post=3410"},{"taxonomy":"product_tag","embeddable":true,"href":"https:\/\/www.jinpinlub.com\/pl\/wp-json\/wp\/v2\/product_tag?post=3410"}],"curies":[{"name":"wp","href":"https:\/\/api.w.org\/{rel}","templated":true}]}}