{"id":3411,"date":"2024-08-27T04:10:51","date_gmt":"2024-08-26T20:10:51","guid":{"rendered":"https:\/\/www.jinpinlub.com\/?post_type=product&#038;p=3411"},"modified":"2025-02-13T17:17:53","modified_gmt":"2025-02-13T09:17:53","slug":"rozdzielacz-smaru-muk-modular-single-line-do-systemu-smarowania","status":"publish","type":"product","link":"https:\/\/www.jinpinlub.com\/pl\/product\/muk-modular-single-line-lube-distributor-for-grease-system\/","title":{"rendered":"MUK Modular Single Line Lube Distributor do system\u00f3w smarowania"},"content":{"rendered":"<h2>Funkcja<\/h2>\n<p>Ma\u0142y rozmiar i kompaktowa konstrukcja: Konstrukcja dystrybutora JINPINLUB MUK jest bardzo kompaktowa i nadaje si\u0119 do instalacji w urz\u0105dzeniach o ograniczonej przestrzeni. Jego ma\u0142y rozmiar pozwala na \u0142atw\u0105 integracj\u0119 z r\u00f3\u017cnymi urz\u0105dzeniami mechanicznymi.<br \/>\n\u0141atwa konserwacja: Konstrukcja tej olejarki uwzgl\u0119dnia potrzeby konserwacyjne u\u017cytkownik\u00f3w. Jej modu\u0142owa konstrukcja umo\u017cliwia niezale\u017cn\u0105 wymian\u0119 i napraw\u0119 ka\u017cdego komponentu, co zmniejsza przestoje sprz\u0119tu i poprawia wydajno\u015b\u0107 produkcji.<br \/>\nWysoka dok\u0142adno\u015b\u0107 wydawania oleju: Jednoliniowy dystrybutor MUK mo\u017ce dok\u0142adnie kontrolowa\u0107 wydawanie \u015brodka smarnego, aby zapewni\u0107, \u017ce ka\u017cdy punkt smarowania mo\u017ce uzyska\u0107 odpowiedni\u0105 ilo\u015b\u0107 smaru. To nie tylko poprawia efekt smarowania, ale tak\u017ce zmniejsza marnotrawstwo \u015brodka smarnego.<\/p>\n<h2>Specyfikacja<\/h2>\n<table>\n<tbody>\n<tr>\n<td>Zasada dzia\u0142ania<\/td>\n<td>Zaw\u00f3r dozuj\u0105cy nadmiar ci\u015bnienia<\/td>\n<\/tr>\n<tr>\n<td>Liczba punkt\u00f3w sprzeda\u017cy<\/td>\n<td>1, 2, 3, 4, 5<\/td>\n<\/tr>\n<tr>\n<td>Ilo\u015b\u0107 dozowania<\/td>\n<td>0,03, 0,05, 0,13, 0,20, 0,30, 0,50 ml\/cykl<\/td>\n<\/tr>\n<tr>\n<td>Smar<\/td>\n<td>Smar NLGI 000#, 00#.<\/td>\n<\/tr>\n<tr>\n<td>Temperatura pracy<\/td>\n<td>0 do +80 \u00b0C<\/td>\n<\/tr>\n<tr>\n<td>Ci\u015bnienie robocze<\/td>\n<td>0,5~1,5 MPa<\/td>\n<\/tr>\n<tr>\n<td>Tworzywo<\/td>\n<td>Mosi\u0105dz, aluminium<\/td>\n<\/tr>\n<tr>\n<td>Gniazdo przy\u0142\u0105czeniowe<\/td>\n<td>Wlot Rc1\/8, Wylot \u03a64(Rc1\/8)<\/td>\n<\/tr>\n<tr>\n<td>Z\u0142\u0105czki wylotowe<\/td>\n<td>Typ r\u0119kawa, Typ szybki<\/td>\n<\/tr>\n<tr>\n<td>Pozycja monta\u017cowa<\/td>\n<td>Ka\u017cdy<\/td>\n<\/tr>\n<\/tbody>\n<\/table>\n<h2>Aplikacja<\/h2>\n<p>Jednoliniowe dystrybutory smaru MUK s\u0105 szeroko stosowane w bran\u017cy obrabiarek w sprz\u0119cie takim jak obrabiarki CNC, centra obr\u00f3bcze i szlifierki. Mog\u0105 zapewni\u0107 dobre i skuteczne smarowanie, co znacznie wyd\u0142u\u017ca \u017cywotno\u015b\u0107 sprz\u0119tu, zmniejsza cz\u0119stotliwo\u015b\u0107 awarii sprz\u0119tu i zwi\u0119ksza wydajno\u015b\u0107 produkcji. Aby zapewni\u0107 najlepsz\u0105 wydajno\u015b\u0107 przez d\u0142ugi czas, dystrybutor powinien by\u0107 regularnie konserwowany. U\u017cytkownicy musz\u0105 od czasu do czasu sprawdza\u0107 r\u00f3\u017cne cz\u0119\u015bci wtryskiwacza oleju, aby upewni\u0107 si\u0119, \u017ce dzia\u0142aj\u0105 one skutecznie.<\/p>\n<h2>Instrukcje<\/h2>\n<div class=\"sdm_download_button_box_default\"><div class=\"sdm_download_link\"><a href=\"https:\/\/www.jinpinlub.com\/pl\/?sdm_process_download=1&download_id=3070\" class=\"sdm_download white\" title=\"Prywatne: MUK Pressure-relief Distributor\" target=\"&quot;_blank&quot;\">Zobacz arkusz danych - Dystrybutor MUK<\/a><\/div><\/div>","protected":false},"excerpt":{"rendered":"<p>Jednoliniowy dystrybutor smaru MUK to akcesorium smarownicze przeznaczone dla przemys\u0142u obrabiarkowego, charakteryzuj\u0105ce si\u0119 niewielkimi rozmiarami, zwart\u0105 budow\u0105, modu\u0142owo\u015bci\u0105, \u0142atw\u0105 konserwacj\u0105, wysok\u0105 dok\u0142adno\u015bci\u0105 wydajno\u015bci itp. Zaprojektowano je z my\u015bl\u0105 o precyzyjnym zmi\u0119kczaniu i \u0142atwej instalacji.<\/p>","protected":false},"featured_media":3390,"template":"","meta":{"ocean_post_layout":"","ocean_both_sidebars_style":"","ocean_both_sidebars_content_width":0,"ocean_both_sidebars_sidebars_width":0,"ocean_sidebar":"0","ocean_second_sidebar":"0","ocean_disable_margins":"enable","ocean_add_body_class":"","ocean_shortcode_before_top_bar":"","ocean_shortcode_after_top_bar":"","ocean_shortcode_before_header":"","ocean_shortcode_after_header":"","ocean_has_shortcode":"","ocean_shortcode_after_title":"","ocean_shortcode_before_footer_widgets":"","ocean_shortcode_after_footer_widgets":"","ocean_shortcode_before_footer_bottom":"","ocean_shortcode_after_footer_bottom":"","ocean_display_top_bar":"default","ocean_display_header":"default","ocean_header_style":"","ocean_center_header_left_menu":"0","ocean_custom_header_template":"0","ocean_custom_logo":0,"ocean_custom_retina_logo":0,"ocean_custom_logo_max_width":0,"ocean_custom_logo_tablet_max_width":0,"ocean_custom_logo_mobile_max_width":0,"ocean_custom_logo_max_height":0,"ocean_custom_logo_tablet_max_height":0,"ocean_custom_logo_mobile_max_height":0,"ocean_header_custom_menu":"0","ocean_menu_typo_font_family":"0","ocean_menu_typo_font_subset":"","ocean_menu_typo_font_size":0,"ocean_menu_typo_font_size_tablet":0,"ocean_menu_typo_font_size_mobile":0,"ocean_menu_typo_font_size_unit":"px","ocean_menu_typo_font_weight":"","ocean_menu_typo_font_weight_tablet":"","ocean_menu_typo_font_weight_mobile":"","ocean_menu_typo_transform":"","ocean_menu_typo_transform_tablet":"","ocean_menu_typo_transform_mobile":"","ocean_menu_typo_line_height":0,"ocean_menu_typo_line_height_tablet":0,"ocean_menu_typo_line_height_mobile":0,"ocean_menu_typo_line_height_unit":"","ocean_menu_typo_spacing":0,"ocean_menu_typo_spacing_tablet":0,"ocean_menu_typo_spacing_mobile":0,"ocean_menu_typo_spacing_unit":"","ocean_menu_link_color":"","ocean_menu_link_color_hover":"","ocean_menu_link_color_active":"","ocean_menu_link_background":"","ocean_menu_link_hover_background":"","ocean_menu_link_active_background":"","ocean_menu_social_links_bg":"","ocean_menu_social_hover_links_bg":"","ocean_menu_social_links_color":"","ocean_menu_social_hover_links_color":"","ocean_disable_title":"default","ocean_disable_heading":"default","ocean_post_title":"","ocean_post_subheading":"","ocean_post_title_style":"","ocean_post_title_background_color":"","ocean_post_title_background":0,"ocean_post_title_bg_image_position":"","ocean_post_title_bg_image_attachment":"","ocean_post_title_bg_image_repeat":"","ocean_post_title_bg_image_size":"","ocean_post_title_height":0,"ocean_post_title_bg_overlay":0.5,"ocean_post_title_bg_overlay_color":"","ocean_disable_breadcrumbs":"default","ocean_breadcrumbs_color":"","ocean_breadcrumbs_separator_color":"","ocean_breadcrumbs_links_color":"","ocean_breadcrumbs_links_hover_color":"","ocean_display_footer_widgets":"default","ocean_display_footer_bottom":"default","ocean_custom_footer_template":"0","osh_disable_topbar_sticky":"default","osh_disable_header_sticky":"default","osh_sticky_header_style":"default","osh_sticky_header_effect":"","osh_custom_sticky_logo":0,"osh_custom_retina_sticky_logo":0,"osh_custom_sticky_logo_height":0,"osh_background_color":"","osh_links_color":"","osh_links_hover_color":"","osh_links_active_color":"","osh_links_bg_color":"","osh_links_hover_bg_color":"","osh_links_active_bg_color":"","osh_menu_social_links_color":"","osh_menu_social_hover_links_color":""},"product_brand":[],"product_cat":[40,37],"product_tag":[87,100,240],"class_list":{"0":"post-3411","1":"product","2":"type-product","3":"status-publish","4":"has-post-thumbnail","6":"product_cat-pressure-relief-metering-valves","7":"product_cat-single-line-grease-systems","8":"product_tag-grease-distributor","9":"product_tag-grease-metering-valve","10":"product_tag-pressurized-distributor","12":"entry","13":"has-media","15":"first","16":"instock","17":"shipping-taxable","18":"product-type-external","19":"col","20":"span_1_of_3","21":"owp-content-center","22":"owp-thumbs-layout-horizontal","23":"owp-btn-very-big","24":"owp-tabs-layout-horizontal"},"_links":{"self":[{"href":"https:\/\/www.jinpinlub.com\/pl\/wp-json\/wp\/v2\/product\/3411","targetHints":{"allow":["GET"]}}],"collection":[{"href":"https:\/\/www.jinpinlub.com\/pl\/wp-json\/wp\/v2\/product"}],"about":[{"href":"https:\/\/www.jinpinlub.com\/pl\/wp-json\/wp\/v2\/types\/product"}],"wp:featuredmedia":[{"embeddable":true,"href":"https:\/\/www.jinpinlub.com\/pl\/wp-json\/wp\/v2\/media\/3390"}],"wp:attachment":[{"href":"https:\/\/www.jinpinlub.com\/pl\/wp-json\/wp\/v2\/media?parent=3411"}],"wp:term":[{"taxonomy":"product_brand","embeddable":true,"href":"https:\/\/www.jinpinlub.com\/pl\/wp-json\/wp\/v2\/product_brand?post=3411"},{"taxonomy":"product_cat","embeddable":true,"href":"https:\/\/www.jinpinlub.com\/pl\/wp-json\/wp\/v2\/product_cat?post=3411"},{"taxonomy":"product_tag","embeddable":true,"href":"https:\/\/www.jinpinlub.com\/pl\/wp-json\/wp\/v2\/product_tag?post=3411"}],"curies":[{"name":"wp","href":"https:\/\/api.w.org\/{rel}","templated":true}]}}