{"id":3440,"date":"2024-08-28T05:15:03","date_gmt":"2024-08-27T21:15:03","guid":{"rendered":"https:\/\/www.jinpinlub.com\/?post_type=product&#038;p=3440"},"modified":"2025-06-06T19:31:58","modified_gmt":"2025-06-06T11:31:58","slug":"jsv-progresywne-urzadzenia-dozujace-srodek-smarny-w-konstrukcji-blokowej","status":"publish","type":"product","link":"https:\/\/www.jinpinlub.com\/pl\/product\/jsv-progressive-lubricant-metering-devices-in-block-design\/","title":{"rendered":"Urz\u0105dzenia dozuj\u0105ce \u015brodki smarne JSV Progressive w konstrukcji blokowej"},"content":{"rendered":"<h2>Cechy<\/h2>\n<p>Wysokie ci\u015bnienie robocze: zaw\u00f3r JINPINLUB JSV mo\u017cna stosowa\u0107 przy wysokim ci\u015bnieniu przeciwci\u015bnieniowym, przy maksymalnym ci\u015bnieniu roboczym 350 bar\u00f3w.<br \/>\nPrzystosowany do szerokiego zakresu temperatur: Rozdzielacz progresywny nadaje si\u0119 do szerokiego zakresu warunk\u00f3w temperaturowych.<br \/>\nDu\u017ca liczba wyj\u015b\u0107: Urz\u0105dzenia pomiarowe JSV dost\u0119pne s\u0105 w wersjach z 6 do 20 wyj\u015bciami, kt\u00f3re mo\u017cna dobra\u0107 zale\u017cnie od potrzeb.<br \/>\nDok\u0142adne dozowanie \u015brodka smarnego: JSV wykorzystuje unikaln\u0105 technologi\u0119 wewn\u0119trznych kana\u0142\u00f3w krzy\u017cowych w celu zapewnienia dok\u0142adnego dozowania \u015brodka smarnego.<br \/>\nOpcje monitoringu: Monitoring mo\u017ce by\u0107 realizowany za pomoc\u0105 monitoringu systemu wizualnego lub monitoringu systemu elektrycznego, obejmuj\u0105cego wska\u017aniki ig\u0142owe lub detektory t\u0142ok\u00f3w.<\/p>\n<h2>Specyfikacja<\/h2>\n<table>\n<tbody>\n<tr>\n<td>Zasada dzia\u0142ania<\/td>\n<td>Urz\u0105dzenia pomiarowe<\/td>\n<\/tr>\n<tr>\n<td>Liczba punkt\u00f3w sprzeda\u017cy<\/td>\n<td>6-20<\/td>\n<\/tr>\n<tr>\n<td>Ilo\u015b\u0107 dozowania<\/td>\n<td>0,2 ml\/cykl<\/td>\n<\/tr>\n<tr>\n<td>Smar<\/td>\n<td>Smar do NLGI 2, olej 32-220cSt@40\u2103<\/td>\n<\/tr>\n<tr>\n<td>Temperatura pracy<\/td>\n<td>\u201320 do +80 \u00b0C<\/td>\n<\/tr>\n<tr>\n<td>Ci\u015bnienie robocze<\/td>\n<td>Maks. 350 bar\u00f3w<\/td>\n<\/tr>\n<tr>\n<td>Tworzywo<\/td>\n<td>Ocynkowany na czarno<\/td>\n<\/tr>\n<tr>\n<td>Wlot przy\u0142\u0105czeniowy<\/td>\n<td>\u03a66\/\u03a68 (M10x1)<\/td>\n<\/tr>\n<tr>\n<td>Gniazdo przy\u0142\u0105czeniowe<\/td>\n<td>\u03a66\/\u03a68 (M10x1)<\/td>\n<\/tr>\n<tr>\n<td>Pozycja monta\u017cowa<\/td>\n<td>Ka\u017cdy<\/td>\n<\/tr>\n<\/tbody>\n<\/table>\n<h2>Aplikacja<\/h2>\n<p>Budownictwo i g\u00f3rnictwo: W przemy\u015ble budowlanym i g\u00f3rniczym dozowniki JSV s\u0142u\u017c\u0105 do smarowania du\u017cych maszyn, takich jak koparki, \u0142adowarki i walce.<br \/>\nMaszyny rolnicze: Dozownik ten umo\u017cliwia r\u00f3wnie\u017c skuteczne smarowanie maszyn rolniczych, takich jak traktory, kombajny i siewniki.<br \/>\nUrz\u0105dzenia przemys\u0142owe: Urz\u0105dzenia pomiarowe JSV odgrywaj\u0105 kluczow\u0105 rol\u0119 w automatyzacji przemys\u0142owej i liniach produkcyjnych.<br \/>\nEnergia odnawialna: JSV mo\u017ce r\u00f3wnie\u017c dostarcza\u0107 precyzyjne \u015brodki smarne wymagane w urz\u0105dzeniach wykorzystuj\u0105cych energi\u0119 odnawialn\u0105, takich jak systemy smarowania wiatru i trackery s\u0142oneczne.<\/p>\n<h2>Instrukcje<\/h2>\n<div class=\"sdm_download_button_box_default\"><div class=\"sdm_download_link\"><a href=\"https:\/\/www.jinpinlub.com\/pl\/?sdm_process_download=1&download_id=2474\" class=\"sdm_download white\" title=\"Prywatne: JSV Progressive Distributor\" target=\"&quot;_blank&quot;\">Zobacz arkusz danych - Dystrybutor JSV<\/a><\/div><\/div>","protected":false},"excerpt":{"rendered":"<p>JSV to pojedyncze, progresywne urz\u0105dzenie dozuj\u0105ce, kt\u00f3re mo\u017ce niezawodnie dzieli\u0107 \u015brodek smarny odprowadzany z pompy smarowniczej na ustalone ilo\u015bci, odprowadza\u0107 je sekwencyjnie i dostarcza\u0107 do punkt\u00f3w smarnych urz\u0105dzenia.<\/p>","protected":false},"featured_media":3419,"template":"","meta":{"ocean_post_layout":"","ocean_both_sidebars_style":"","ocean_both_sidebars_content_width":0,"ocean_both_sidebars_sidebars_width":0,"ocean_sidebar":"0","ocean_second_sidebar":"0","ocean_disable_margins":"enable","ocean_add_body_class":"","ocean_shortcode_before_top_bar":"","ocean_shortcode_after_top_bar":"","ocean_shortcode_before_header":"","ocean_shortcode_after_header":"","ocean_has_shortcode":"","ocean_shortcode_after_title":"","ocean_shortcode_before_footer_widgets":"","ocean_shortcode_after_footer_widgets":"","ocean_shortcode_before_footer_bottom":"","ocean_shortcode_after_footer_bottom":"","ocean_display_top_bar":"default","ocean_display_header":"default","ocean_header_style":"","ocean_center_header_left_menu":"0","ocean_custom_header_template":"0","ocean_custom_logo":0,"ocean_custom_retina_logo":0,"ocean_custom_logo_max_width":0,"ocean_custom_logo_tablet_max_width":0,"ocean_custom_logo_mobile_max_width":0,"ocean_custom_logo_max_height":0,"ocean_custom_logo_tablet_max_height":0,"ocean_custom_logo_mobile_max_height":0,"ocean_header_custom_menu":"0","ocean_menu_typo_font_family":"0","ocean_menu_typo_font_subset":"","ocean_menu_typo_font_size":0,"ocean_menu_typo_font_size_tablet":0,"ocean_menu_typo_font_size_mobile":0,"ocean_menu_typo_font_size_unit":"px","ocean_menu_typo_font_weight":"","ocean_menu_typo_font_weight_tablet":"","ocean_menu_typo_font_weight_mobile":"","ocean_menu_typo_transform":"","ocean_menu_typo_transform_tablet":"","ocean_menu_typo_transform_mobile":"","ocean_menu_typo_line_height":0,"ocean_menu_typo_line_height_tablet":0,"ocean_menu_typo_line_height_mobile":0,"ocean_menu_typo_line_height_unit":"","ocean_menu_typo_spacing":0,"ocean_menu_typo_spacing_tablet":0,"ocean_menu_typo_spacing_mobile":0,"ocean_menu_typo_spacing_unit":"","ocean_menu_link_color":"","ocean_menu_link_color_hover":"","ocean_menu_link_color_active":"","ocean_menu_link_background":"","ocean_menu_link_hover_background":"","ocean_menu_link_active_background":"","ocean_menu_social_links_bg":"","ocean_menu_social_hover_links_bg":"","ocean_menu_social_links_color":"","ocean_menu_social_hover_links_color":"","ocean_disable_title":"default","ocean_disable_heading":"default","ocean_post_title":"","ocean_post_subheading":"","ocean_post_title_style":"","ocean_post_title_background_color":"","ocean_post_title_background":0,"ocean_post_title_bg_image_position":"","ocean_post_title_bg_image_attachment":"","ocean_post_title_bg_image_repeat":"","ocean_post_title_bg_image_size":"","ocean_post_title_height":0,"ocean_post_title_bg_overlay":0.5,"ocean_post_title_bg_overlay_color":"","ocean_disable_breadcrumbs":"default","ocean_breadcrumbs_color":"","ocean_breadcrumbs_separator_color":"","ocean_breadcrumbs_links_color":"","ocean_breadcrumbs_links_hover_color":"","ocean_display_footer_widgets":"default","ocean_display_footer_bottom":"default","ocean_custom_footer_template":"0","osh_disable_topbar_sticky":"default","osh_disable_header_sticky":"default","osh_sticky_header_style":"default","osh_sticky_header_effect":"","osh_custom_sticky_logo":0,"osh_custom_retina_sticky_logo":0,"osh_custom_sticky_logo_height":0,"osh_background_color":"","osh_links_color":"","osh_links_hover_color":"","osh_links_active_color":"","osh_links_bg_color":"","osh_links_hover_bg_color":"","osh_links_active_bg_color":"","osh_menu_social_links_color":"","osh_menu_social_hover_links_color":""},"product_brand":[],"product_cat":[44,41],"product_tag":[248,241,249],"class_list":{"0":"post-3440","1":"product","2":"type-product","3":"status-publish","4":"has-post-thumbnail","6":"product_cat-progressive-grease-dividers","7":"product_cat-progressive-grease-systems","8":"product_tag-block-metering-valve","9":"product_tag-progressive-metering-device","10":"product_tag-ssv-metering-device","12":"entry","13":"has-media","15":"first","16":"instock","17":"shipping-taxable","18":"product-type-external","19":"col","20":"span_1_of_3","21":"owp-content-center","22":"owp-thumbs-layout-horizontal","23":"owp-btn-very-big","24":"owp-tabs-layout-horizontal"},"_links":{"self":[{"href":"https:\/\/www.jinpinlub.com\/pl\/wp-json\/wp\/v2\/product\/3440","targetHints":{"allow":["GET"]}}],"collection":[{"href":"https:\/\/www.jinpinlub.com\/pl\/wp-json\/wp\/v2\/product"}],"about":[{"href":"https:\/\/www.jinpinlub.com\/pl\/wp-json\/wp\/v2\/types\/product"}],"wp:featuredmedia":[{"embeddable":true,"href":"https:\/\/www.jinpinlub.com\/pl\/wp-json\/wp\/v2\/media\/3419"}],"wp:attachment":[{"href":"https:\/\/www.jinpinlub.com\/pl\/wp-json\/wp\/v2\/media?parent=3440"}],"wp:term":[{"taxonomy":"product_brand","embeddable":true,"href":"https:\/\/www.jinpinlub.com\/pl\/wp-json\/wp\/v2\/product_brand?post=3440"},{"taxonomy":"product_cat","embeddable":true,"href":"https:\/\/www.jinpinlub.com\/pl\/wp-json\/wp\/v2\/product_cat?post=3440"},{"taxonomy":"product_tag","embeddable":true,"href":"https:\/\/www.jinpinlub.com\/pl\/wp-json\/wp\/v2\/product_tag?post=3440"}],"curies":[{"name":"wp","href":"https:\/\/api.w.org\/{rel}","templated":true}]}}