{"id":3441,"date":"2024-08-28T05:18:03","date_gmt":"2024-08-27T21:18:03","guid":{"rendered":"https:\/\/www.jinpinlub.com\/?post_type=product&#038;p=3441"},"modified":"2025-06-06T19:34:05","modified_gmt":"2025-06-06T11:34:05","slug":"jsv-10-progresywny-rozdzielacz-zaworu-do-pompy-ukladu-smarowania","status":"publish","type":"product","link":"https:\/\/www.jinpinlub.com\/pl\/product\/jsv-10-progressive-divider-valve-for-lubrication-system-pump\/","title":{"rendered":"Zaw\u00f3r rozdzielaj\u0105cy progresywny JSV-10 do pompy uk\u0142adu smarowania"},"content":{"rendered":"<h2>Cechy<\/h2>\n<p>Funkcja: Zaw\u00f3r rozdzielczy JINPINLUB JSV jest stosowany w dowolnym progresywnym systemie smarowania, kt\u00f3ry rozprowadza \u015brodek smarny do kilku punkt\u00f3w smarnych, smaru sta\u0142ego lub oleju.<br \/>\nZasada dzia\u0142ania: Zaw\u00f3r rozdzielaj\u0105cy JSV otrzymuje \u015brodek smarny przez centralny port wlotowy. Nast\u0119pnie \u015brodek smarny jest rozprowadzany do kilku linii wylotowych, z kt\u00f3rych ka\u017cda jest pod\u0142\u0105czona do punktu smarowania.<br \/>\nObj\u0119to\u015b\u0107 wylotowa: Obj\u0119to\u015b\u0107 wylotowa ka\u017cdego zaworu rozdzielaj\u0105cego JSV jest wst\u0119pnie ustawiona na 0,2 cm3 na wylot na cykl. Oznacza to, \u017ce ka\u017cdy wylot otrzymuje dok\u0142adnie tak\u0105 sam\u0105 ilo\u015b\u0107 smaru w ka\u017cdym cyklu smarowania z JSV.<br \/>\nLiczba wyj\u015b\u0107: Zawory rozdzielaj\u0105ce JSV mog\u0105 \u0142\u0105czy\u0107 do 20 linii wyj\u015bciowych. To sprawia, \u017ce s\u0105 idealne do zastosowa\u0144 wymagaj\u0105cych dystrybucji do wielu punkt\u00f3w smarowania.<\/p>\n<h2>Specyfikacja<\/h2>\n<table>\n<tbody>\n<tr>\n<td>Zasada dzia\u0142ania<\/td>\n<td>Urz\u0105dzenia pomiarowe<\/td>\n<\/tr>\n<tr>\n<td>Liczba punkt\u00f3w sprzeda\u017cy<\/td>\n<td>6-20<\/td>\n<\/tr>\n<tr>\n<td>Ilo\u015b\u0107 dozowania<\/td>\n<td>0,2 ml\/cykl<\/td>\n<\/tr>\n<tr>\n<td>Smar<\/td>\n<td>Smar do NLGI 2, olej 32-220cSt@40\u2103<\/td>\n<\/tr>\n<tr>\n<td>Temperatura pracy<\/td>\n<td>\u201320 do +80 \u00b0C<\/td>\n<\/tr>\n<tr>\n<td>Ci\u015bnienie robocze<\/td>\n<td>Maks. 350 bar\u00f3w<\/td>\n<\/tr>\n<tr>\n<td>Tworzywo<\/td>\n<td>Ocynkowany na czarno<\/td>\n<\/tr>\n<tr>\n<td>Wlot przy\u0142\u0105czeniowy<\/td>\n<td>\u03a66\/\u03a68 (M10x1)<\/td>\n<\/tr>\n<tr>\n<td>Gniazdo przy\u0142\u0105czeniowe<\/td>\n<td>\u03a66\/\u03a68 (M10x1)<\/td>\n<\/tr>\n<tr>\n<td>Pozycja monta\u017cowa<\/td>\n<td>Ka\u017cdy<\/td>\n<\/tr>\n<\/tbody>\n<\/table>\n<h2>Konserwacja<\/h2>\n<p>Wymagania dotycz\u0105ce zastosowania: Okre\u015bl potrzeby swojego zastosowania: jaki typ sprz\u0119tu ma by\u0107 smarowany, ile jest punkt\u00f3w smarowania i jaki rodzaj smaru jest wymagany.<br \/>\nWyj\u015bcie i ci\u015bnienie: Ka\u017cde wyj\u015bcie zaworu rozdzielacza JSV jest ustalone na 0,2 cm3\/cykl\/wyj\u015bcie. Ci\u015bnienie robocze wynosi do 350 bar\u00f3w. Upewnij si\u0119, \u017ce te parametry spe\u0142niaj\u0105 potrzeby Twojej aplikacji.<br \/>\nInstalacja: Rozwa\u017c wymagania dotycz\u0105ce instalacji i konserwacji zaworu rozdzielczego JSV. Zrozum jego rozmiar, wymagania dotycz\u0105ce okablowania i kwestie zwi\u0105zane z konserwacj\u0105.<\/p>\n<h2>Instrukcje<\/h2>\n<div class=\"sdm_download_button_box_default\"><div class=\"sdm_download_link\"><a href=\"https:\/\/www.jinpinlub.com\/pl\/?sdm_process_download=1&download_id=2474\" class=\"sdm_download white\" title=\"Prywatne: JSV Progressive Distributor\" target=\"&quot;_blank&quot;\">Zobacz arkusz danych - Dystrybutor JSV<\/a><\/div><\/div>","protected":false},"excerpt":{"rendered":"<p>Zaw\u00f3r rozdzielaj\u0105cy progresywny JSV mo\u017ce dok\u0142adnie mierzy\u0107 i rozprowadza\u0107 \u015brodek smarny do 20 linii wylotowych przy ci\u015bnieniu roboczym do 350 bar\u00f3w. Wydajno\u015b\u0107 na wyj\u015bcie na cykl jest ustalona na 0,2 cm3, ale wyj\u015bcia mo\u017cna \u0142\u0105czy\u0107 za pomoc\u0105 akcesori\u00f3w, aby uzyska\u0107 wi\u0119ksze wydajno\u015bci.<\/p>","protected":false},"featured_media":3426,"template":"","meta":{"ocean_post_layout":"","ocean_both_sidebars_style":"","ocean_both_sidebars_content_width":0,"ocean_both_sidebars_sidebars_width":0,"ocean_sidebar":"0","ocean_second_sidebar":"0","ocean_disable_margins":"enable","ocean_add_body_class":"","ocean_shortcode_before_top_bar":"","ocean_shortcode_after_top_bar":"","ocean_shortcode_before_header":"","ocean_shortcode_after_header":"","ocean_has_shortcode":"","ocean_shortcode_after_title":"","ocean_shortcode_before_footer_widgets":"","ocean_shortcode_after_footer_widgets":"","ocean_shortcode_before_footer_bottom":"","ocean_shortcode_after_footer_bottom":"","ocean_display_top_bar":"default","ocean_display_header":"default","ocean_header_style":"","ocean_center_header_left_menu":"0","ocean_custom_header_template":"0","ocean_custom_logo":0,"ocean_custom_retina_logo":0,"ocean_custom_logo_max_width":0,"ocean_custom_logo_tablet_max_width":0,"ocean_custom_logo_mobile_max_width":0,"ocean_custom_logo_max_height":0,"ocean_custom_logo_tablet_max_height":0,"ocean_custom_logo_mobile_max_height":0,"ocean_header_custom_menu":"0","ocean_menu_typo_font_family":"0","ocean_menu_typo_font_subset":"","ocean_menu_typo_font_size":0,"ocean_menu_typo_font_size_tablet":0,"ocean_menu_typo_font_size_mobile":0,"ocean_menu_typo_font_size_unit":"px","ocean_menu_typo_font_weight":"","ocean_menu_typo_font_weight_tablet":"","ocean_menu_typo_font_weight_mobile":"","ocean_menu_typo_transform":"","ocean_menu_typo_transform_tablet":"","ocean_menu_typo_transform_mobile":"","ocean_menu_typo_line_height":0,"ocean_menu_typo_line_height_tablet":0,"ocean_menu_typo_line_height_mobile":0,"ocean_menu_typo_line_height_unit":"","ocean_menu_typo_spacing":0,"ocean_menu_typo_spacing_tablet":0,"ocean_menu_typo_spacing_mobile":0,"ocean_menu_typo_spacing_unit":"","ocean_menu_link_color":"","ocean_menu_link_color_hover":"","ocean_menu_link_color_active":"","ocean_menu_link_background":"","ocean_menu_link_hover_background":"","ocean_menu_link_active_background":"","ocean_menu_social_links_bg":"","ocean_menu_social_hover_links_bg":"","ocean_menu_social_links_color":"","ocean_menu_social_hover_links_color":"","ocean_disable_title":"default","ocean_disable_heading":"default","ocean_post_title":"","ocean_post_subheading":"","ocean_post_title_style":"","ocean_post_title_background_color":"","ocean_post_title_background":0,"ocean_post_title_bg_image_position":"","ocean_post_title_bg_image_attachment":"","ocean_post_title_bg_image_repeat":"","ocean_post_title_bg_image_size":"","ocean_post_title_height":0,"ocean_post_title_bg_overlay":0.5,"ocean_post_title_bg_overlay_color":"","ocean_disable_breadcrumbs":"default","ocean_breadcrumbs_color":"","ocean_breadcrumbs_separator_color":"","ocean_breadcrumbs_links_color":"","ocean_breadcrumbs_links_hover_color":"","ocean_display_footer_widgets":"default","ocean_display_footer_bottom":"default","ocean_custom_footer_template":"0","osh_disable_topbar_sticky":"default","osh_disable_header_sticky":"default","osh_sticky_header_style":"default","osh_sticky_header_effect":"","osh_custom_sticky_logo":0,"osh_custom_retina_sticky_logo":0,"osh_custom_sticky_logo_height":0,"osh_background_color":"","osh_links_color":"","osh_links_hover_color":"","osh_links_active_color":"","osh_links_bg_color":"","osh_links_hover_bg_color":"","osh_links_active_bg_color":"","osh_menu_social_links_color":"","osh_menu_social_hover_links_color":""},"product_brand":[],"product_cat":[44,41],"product_tag":[251,252,250],"class_list":{"0":"post-3441","1":"product","2":"type-product","3":"status-publish","4":"has-post-thumbnail","6":"product_cat-progressive-grease-dividers","7":"product_cat-progressive-grease-systems","8":"product_tag-grease-divider","9":"product_tag-lubrication-divider","10":"product_tag-progressive-divider-valve","12":"entry","13":"has-media","15":"first","16":"instock","17":"shipping-taxable","18":"product-type-external","19":"col","20":"span_1_of_3","21":"owp-content-center","22":"owp-thumbs-layout-horizontal","23":"owp-btn-very-big","24":"owp-tabs-layout-horizontal"},"_links":{"self":[{"href":"https:\/\/www.jinpinlub.com\/pl\/wp-json\/wp\/v2\/product\/3441","targetHints":{"allow":["GET"]}}],"collection":[{"href":"https:\/\/www.jinpinlub.com\/pl\/wp-json\/wp\/v2\/product"}],"about":[{"href":"https:\/\/www.jinpinlub.com\/pl\/wp-json\/wp\/v2\/types\/product"}],"wp:featuredmedia":[{"embeddable":true,"href":"https:\/\/www.jinpinlub.com\/pl\/wp-json\/wp\/v2\/media\/3426"}],"wp:attachment":[{"href":"https:\/\/www.jinpinlub.com\/pl\/wp-json\/wp\/v2\/media?parent=3441"}],"wp:term":[{"taxonomy":"product_brand","embeddable":true,"href":"https:\/\/www.jinpinlub.com\/pl\/wp-json\/wp\/v2\/product_brand?post=3441"},{"taxonomy":"product_cat","embeddable":true,"href":"https:\/\/www.jinpinlub.com\/pl\/wp-json\/wp\/v2\/product_cat?post=3441"},{"taxonomy":"product_tag","embeddable":true,"href":"https:\/\/www.jinpinlub.com\/pl\/wp-json\/wp\/v2\/product_tag?post=3441"}],"curies":[{"name":"wp","href":"https:\/\/api.w.org\/{rel}","templated":true}]}}