{"id":3486,"date":"2024-08-29T04:21:15","date_gmt":"2024-08-28T20:21:15","guid":{"rendered":"https:\/\/www.jinpinlub.com\/?post_type=product&#038;p=3486"},"modified":"2025-06-06T19:33:42","modified_gmt":"2025-06-06T11:33:42","slug":"jsv-tlok-progresywny-rozdzielacz-do-smaru-nlgi-0-2","status":"publish","type":"product","link":"https:\/\/www.jinpinlub.com\/pl\/product\/jsv-plunger-progressive-distributor-for-lubricant-nlgi-0-2\/","title":{"rendered":"JSV Plunger Progressive Distributor do smaru NLGI 0-2"},"content":{"rendered":"<h2>Cechy<\/h2>\n<p><span id=\"input-sentence~0\">Konstrukcja wielowyj\u015bciowa: rozdzielacze progresywne JSV s\u0105 dost\u0119pne w wersjach posiadaj\u0105cych od 6 do 20 wyj\u015b\u0107, co pozwala sprosta\u0107 wi\u0119kszo\u015bci wymaga\u0144 w zakresie smarowania.<br \/>\nZaawansowana dystrybucja sekwencyjna: dystrybutory smaru JSV dozuj\u0105 \u015brodek smarny sekwencyjnie do ka\u017cdego wyj\u015bcia, co pozwala na \u0142atwe monitorowanie operacji.<br \/>\nElastyczna regulacja: Zawory dozuj\u0105ce JSV mo\u017cna zwi\u0119kszy\u0107 w celu dozowania wi\u0119kszej obj\u0119to\u015bci poprzez zamkni\u0119cie jednego wylotu i skierowanie \u015brodka smarnego do kolejnego wylotu.<\/span><span id=\"input-sentence~1\"><br \/>\nTrwa\u0142o\u015b\u0107 materia\u0142\u00f3w: rozdzielacze zaworowe JSV wykonane s\u0105 ze stali w\u0119glowej i stopu niklowanego, odpornego na agresywne \u015brodowisko.<\/span><\/p>\n<h2>Specyfikacja<\/h2>\n<table>\n<tbody>\n<tr>\n<td>Zasada dzia\u0142ania<\/td>\n<td>Urz\u0105dzenia pomiarowe<\/td>\n<\/tr>\n<tr>\n<td>Liczba punkt\u00f3w sprzeda\u017cy<\/td>\n<td>6-20<\/td>\n<\/tr>\n<tr>\n<td>Ilo\u015b\u0107 dozowania<\/td>\n<td>0,2 ml\/cykl<\/td>\n<\/tr>\n<tr>\n<td>Smar<\/td>\n<td>Smar do NLGI 2, olej 32-220cSt@40\u2103<\/td>\n<\/tr>\n<tr>\n<td>Temperatura pracy<\/td>\n<td>\u201320 do +80 \u00b0C<\/td>\n<\/tr>\n<tr>\n<td>Ci\u015bnienie robocze<\/td>\n<td>Maks. 300 bar\u00f3w<\/td>\n<\/tr>\n<tr>\n<td>Tworzywo<\/td>\n<td>Ocynkowany na czarno<\/td>\n<\/tr>\n<tr>\n<td>Wlot przy\u0142\u0105czeniowy<\/td>\n<td>\u03a66\/\u03a68 (M10x1)<\/td>\n<\/tr>\n<tr>\n<td>Gniazdo przy\u0142\u0105czeniowe<\/td>\n<td>\u03a66\/\u03a68 (M10x1)<\/td>\n<\/tr>\n<tr>\n<td>Pozycja monta\u017cowa<\/td>\n<td>Ka\u017cdy<\/td>\n<\/tr>\n<\/tbody>\n<\/table>\n<h2>Aplikacja<\/h2>\n<p>Maszyny przemys\u0142owe: Urz\u0105dzenia pomiarowe JINPUNLUB JSV s\u0105 szeroko stosowane w r\u00f3\u017cnych rodzajach maszyn i urz\u0105dze\u0144 przemys\u0142owych, takich jak obrabiarki, maszyny odlewnicze, wtryskarki itp., aby zagwarantowa\u0107 normaln\u0105 prac\u0119 urz\u0105dzenia i przed\u0142u\u017cy\u0107 jego \u017cywotno\u015b\u0107.<br \/>\nMaszyny in\u017cynieryjne: Urz\u0105dzenia dozuj\u0105ce JSV Maszyny in\u017cynieryjne, takie jak koparki, \u0142adowarki, d\u017awigi itp., mog\u0105 wykorzystywa\u0107 rozdzielacze progresywne w celu zapewnienia niezawodnego smarowania i zmniejszenia zu\u017cycia mechanicznego.<\/p>\n<h2>Instrukcje<\/h2>\n<div class=\"sdm_download_button_box_default\"><div class=\"sdm_download_link\"><a href=\"https:\/\/www.jinpinlub.com\/pl\/?sdm_process_download=1&download_id=2474\" class=\"sdm_download white\" title=\"Prywatne: JSV Progressive Distributor\" target=\"&quot;_blank&quot;\">Zobacz arkusz danych - Dystrybutor JSV<\/a><\/div><\/div>","protected":false},"excerpt":{"rendered":"<p>Progresywne dozowniki smaru JSV s\u0105 powszechnie stosowane w systemach smarowania urz\u0105dze\u0144 przemys\u0142owych, zw\u0142aszcza w sytuacjach, w kt\u00f3rych wymagana jest precyzyjna kontrola ilo\u015bci \u015brodka smarnego, np. w przypadku ci\u0119\u017ckiego sprz\u0119tu, sprz\u0119tu produkcyjnego i zautomatyzowanych linii produkcyjnych.<\/p>","protected":false},"featured_media":3478,"template":"","meta":{"ocean_post_layout":"","ocean_both_sidebars_style":"","ocean_both_sidebars_content_width":0,"ocean_both_sidebars_sidebars_width":0,"ocean_sidebar":"0","ocean_second_sidebar":"0","ocean_disable_margins":"enable","ocean_add_body_class":"","ocean_shortcode_before_top_bar":"","ocean_shortcode_after_top_bar":"","ocean_shortcode_before_header":"","ocean_shortcode_after_header":"","ocean_has_shortcode":"","ocean_shortcode_after_title":"","ocean_shortcode_before_footer_widgets":"","ocean_shortcode_after_footer_widgets":"","ocean_shortcode_before_footer_bottom":"","ocean_shortcode_after_footer_bottom":"","ocean_display_top_bar":"default","ocean_display_header":"default","ocean_header_style":"","ocean_center_header_left_menu":"0","ocean_custom_header_template":"0","ocean_custom_logo":0,"ocean_custom_retina_logo":0,"ocean_custom_logo_max_width":0,"ocean_custom_logo_tablet_max_width":0,"ocean_custom_logo_mobile_max_width":0,"ocean_custom_logo_max_height":0,"ocean_custom_logo_tablet_max_height":0,"ocean_custom_logo_mobile_max_height":0,"ocean_header_custom_menu":"0","ocean_menu_typo_font_family":"0","ocean_menu_typo_font_subset":"","ocean_menu_typo_font_size":0,"ocean_menu_typo_font_size_tablet":0,"ocean_menu_typo_font_size_mobile":0,"ocean_menu_typo_font_size_unit":"px","ocean_menu_typo_font_weight":"","ocean_menu_typo_font_weight_tablet":"","ocean_menu_typo_font_weight_mobile":"","ocean_menu_typo_transform":"","ocean_menu_typo_transform_tablet":"","ocean_menu_typo_transform_mobile":"","ocean_menu_typo_line_height":0,"ocean_menu_typo_line_height_tablet":0,"ocean_menu_typo_line_height_mobile":0,"ocean_menu_typo_line_height_unit":"","ocean_menu_typo_spacing":0,"ocean_menu_typo_spacing_tablet":0,"ocean_menu_typo_spacing_mobile":0,"ocean_menu_typo_spacing_unit":"","ocean_menu_link_color":"","ocean_menu_link_color_hover":"","ocean_menu_link_color_active":"","ocean_menu_link_background":"","ocean_menu_link_hover_background":"","ocean_menu_link_active_background":"","ocean_menu_social_links_bg":"","ocean_menu_social_hover_links_bg":"","ocean_menu_social_links_color":"","ocean_menu_social_hover_links_color":"","ocean_disable_title":"default","ocean_disable_heading":"default","ocean_post_title":"","ocean_post_subheading":"","ocean_post_title_style":"","ocean_post_title_background_color":"","ocean_post_title_background":0,"ocean_post_title_bg_image_position":"","ocean_post_title_bg_image_attachment":"","ocean_post_title_bg_image_repeat":"","ocean_post_title_bg_image_size":"","ocean_post_title_height":0,"ocean_post_title_bg_overlay":0.5,"ocean_post_title_bg_overlay_color":"","ocean_disable_breadcrumbs":"default","ocean_breadcrumbs_color":"","ocean_breadcrumbs_separator_color":"","ocean_breadcrumbs_links_color":"","ocean_breadcrumbs_links_hover_color":"","ocean_display_footer_widgets":"default","ocean_display_footer_bottom":"default","ocean_custom_footer_template":"0","osh_disable_topbar_sticky":"default","osh_disable_header_sticky":"default","osh_sticky_header_style":"default","osh_sticky_header_effect":"","osh_custom_sticky_logo":0,"osh_custom_retina_sticky_logo":0,"osh_custom_sticky_logo_height":0,"osh_background_color":"","osh_links_color":"","osh_links_hover_color":"","osh_links_active_color":"","osh_links_bg_color":"","osh_links_hover_bg_color":"","osh_links_active_bg_color":"","osh_menu_social_links_color":"","osh_menu_social_hover_links_color":""},"product_brand":[],"product_cat":[44,41],"product_tag":[87,141,236],"class_list":{"0":"post-3486","1":"product","2":"type-product","3":"status-publish","4":"has-post-thumbnail","6":"product_cat-progressive-grease-dividers","7":"product_cat-progressive-grease-systems","8":"product_tag-grease-distributor","9":"product_tag-lubrication-distributor","10":"product_tag-lubrication-pump-distributor","12":"entry","13":"has-media","15":"first","16":"instock","17":"shipping-taxable","18":"product-type-external","19":"col","20":"span_1_of_3","21":"owp-content-center","22":"owp-thumbs-layout-horizontal","23":"owp-btn-very-big","24":"owp-tabs-layout-horizontal"},"_links":{"self":[{"href":"https:\/\/www.jinpinlub.com\/pl\/wp-json\/wp\/v2\/product\/3486","targetHints":{"allow":["GET"]}}],"collection":[{"href":"https:\/\/www.jinpinlub.com\/pl\/wp-json\/wp\/v2\/product"}],"about":[{"href":"https:\/\/www.jinpinlub.com\/pl\/wp-json\/wp\/v2\/types\/product"}],"wp:featuredmedia":[{"embeddable":true,"href":"https:\/\/www.jinpinlub.com\/pl\/wp-json\/wp\/v2\/media\/3478"}],"wp:attachment":[{"href":"https:\/\/www.jinpinlub.com\/pl\/wp-json\/wp\/v2\/media?parent=3486"}],"wp:term":[{"taxonomy":"product_brand","embeddable":true,"href":"https:\/\/www.jinpinlub.com\/pl\/wp-json\/wp\/v2\/product_brand?post=3486"},{"taxonomy":"product_cat","embeddable":true,"href":"https:\/\/www.jinpinlub.com\/pl\/wp-json\/wp\/v2\/product_cat?post=3486"},{"taxonomy":"product_tag","embeddable":true,"href":"https:\/\/www.jinpinlub.com\/pl\/wp-json\/wp\/v2\/product_tag?post=3486"}],"curies":[{"name":"wp","href":"https:\/\/api.w.org\/{rel}","templated":true}]}}