{"id":3492,"date":"2024-08-29T05:05:38","date_gmt":"2024-08-28T21:05:38","guid":{"rendered":"https:\/\/www.jinpinlub.com\/?post_type=product&#038;p=3492"},"modified":"2025-06-06T19:32:49","modified_gmt":"2025-06-06T11:32:49","slug":"jsv-6-20-outlet-progressive-feeder-for-oil-grease-system","status":"publish","type":"product","link":"https:\/\/www.jinpinlub.com\/pl\/product\/jsv-6-20-outlet-progressive-feeder-for-oil-grease-system\/","title":{"rendered":"Podajnik progresywny JSV 6-20 Outlet do systemu olejowo-smarowego"},"content":{"rendered":"<h2>Funkcja<\/h2>\n<p>JSV to progresywny rozdzielacz t\u0142okowy wykonany ze stali ocynkowanej na czarno.<br \/>\n1-20 to liczba gniazdek. Do gniazdek 1 i 2 nie wolno pod\u0142\u0105cza\u0107 \u017cadnych wtyczek.<br \/>\nKolejno\u015b\u0107 opr\u00f3\u017cniania jest nast\u0119puj\u0105ca: od wyj\u015bcia nr 20 do 1. Po opr\u00f3\u017cnieniu jednego wyj\u015bcia rozpoczyna si\u0119 opr\u00f3\u017cnianie kolejnego.<br \/>\nKa\u017cde gniazdko mo\u017cna pod\u0142\u0105czy\u0107 do s\u0105siedniego, zwi\u0119kszaj\u0105c w ten spos\u00f3b moc wyj\u015bciow\u0105 poprzez zainstalowanie wtyczki i usuni\u0119cie specjalnego z\u0142\u0105cza.<br \/>\nJSV ma funkcje monitoruj\u0105ce i kontrolne, a wska\u017anik mechaniczny, mikroprze\u0142\u0105cznik lub czujnik zbli\u017ceniowy s\u0105 opcjonalne.<br \/>\nStandardowe z\u0142\u0105cza to zespo\u0142y zawor\u00f3w zwrotnych, zapobiegaj\u0105ce cofaniu si\u0119 \u015brodka smaruj\u0105cego.<br \/>\nZgodne \u015brodki smarne: Smar NLGI 000#~2#, olej 32-220cSt@40\u2103 (zesp\u00f3\u0142 zaworu zwrotnego);<br \/>\nTemperatura pracy: -20\u2103~+80\u2103.<\/p>\n<h2>Specyfikacja<\/h2>\n<table>\n<tbody>\n<tr>\n<td>Zasada dzia\u0142ania<\/td>\n<td>Urz\u0105dzenia pomiarowe<\/td>\n<\/tr>\n<tr>\n<td>Liczba punkt\u00f3w sprzeda\u017cy<\/td>\n<td>6-20<\/td>\n<\/tr>\n<tr>\n<td>Ilo\u015b\u0107 dozowania<\/td>\n<td>0,2 ml\/cykl<\/td>\n<\/tr>\n<tr>\n<td>Smar<\/td>\n<td>Smar do NLGI 2, olej 32-220cSt@40\u2103<\/td>\n<\/tr>\n<tr>\n<td>Temperatura pracy<\/td>\n<td>\u201320 do +80 \u00b0C<\/td>\n<\/tr>\n<tr>\n<td>Ci\u015bnienie robocze<\/td>\n<td>Maks. 300 bar\u00f3w<\/td>\n<\/tr>\n<tr>\n<td>Tworzywo<\/td>\n<td>Ocynkowany na czarno<\/td>\n<\/tr>\n<tr>\n<td>Wlot przy\u0142\u0105czeniowy<\/td>\n<td>\u03a66\/\u03a68 (M10x1)<\/td>\n<\/tr>\n<tr>\n<td>Gniazdo przy\u0142\u0105czeniowe<\/td>\n<td>\u03a66\/\u03a68 (M10x1)<\/td>\n<\/tr>\n<tr>\n<td>Pozycja monta\u017cowa<\/td>\n<td>Ka\u017cdy<\/td>\n<\/tr>\n<\/tbody>\n<\/table>\n<h2>Aplikacja<\/h2>\n<p>Maszyny budowlane<br \/>\nTe podajniki progresywne typu JSV s\u0105 u\u017cywane w du\u017cych maszynach budowlanych do smarowania zawias\u00f3w, \u0142o\u017cysk, uk\u0142ad\u00f3w hydraulicznych itd. koparek, spycharek. Poniewa\u017c te urz\u0105dzenia s\u0105 eksploatowane w najtrudniejszych warunkach roboczych, mo\u017cna powiedzie\u0107, \u017ce niezawodny system smarowania mo\u017ce znacznie wyd\u0142u\u017cy\u0107 \u017cywotno\u015b\u0107 maszyn i zmniejszy\u0107 liczb\u0119 przestoj\u00f3w.<br \/>\nKonserwacja pojazd\u00f3w mechanicznych<br \/>\nPodajnik typu progressive feeder JSV znajduje szerokie zastosowanie w utrzymaniu pojazd\u00f3w u\u017cytkowych, takich jak ci\u0119\u017car\u00f3wki i autobusy. S\u0105 one przeznaczone do smarowania podwozia, uk\u0142adu kierowniczego i zawieszenia, aby nawet po d\u0142ugim u\u017cytkowaniu osi\u0105gi pojazdu pozosta\u0142y dobre.<\/p>\n<h2>Instrukcje<\/h2>\n<div class=\"sdm_download_button_box_default\"><div class=\"sdm_download_link\"><a href=\"https:\/\/www.jinpinlub.com\/pl\/?sdm_process_download=1&download_id=2474\" class=\"sdm_download white\" title=\"Prywatne: JSV Progressive Distributor\" target=\"&quot;_blank&quot;\">Zobacz arkusz danych - Dystrybutor JSV<\/a><\/div><\/div>","protected":false},"excerpt":{"rendered":"<p>Ka\u017cde wyj\u015bcie rozdzielacza progresywnego JSV ma t\u0142ok. Smar wchodzi przez wlot, popycha pierwszy t\u0142ok do ruchu, a pierwsze wyj\u015bcie jest roz\u0142adowywane, a nast\u0119pnie smar popycha nast\u0119pny t\u0142ok i tak dalej, a\u017c wszystkie wyj\u015bcia zako\u0144cz\u0105 cykl.<\/p>","protected":false},"featured_media":3458,"template":"","meta":{"ocean_post_layout":"","ocean_both_sidebars_style":"","ocean_both_sidebars_content_width":0,"ocean_both_sidebars_sidebars_width":0,"ocean_sidebar":"0","ocean_second_sidebar":"0","ocean_disable_margins":"enable","ocean_add_body_class":"","ocean_shortcode_before_top_bar":"","ocean_shortcode_after_top_bar":"","ocean_shortcode_before_header":"","ocean_shortcode_after_header":"","ocean_has_shortcode":"","ocean_shortcode_after_title":"","ocean_shortcode_before_footer_widgets":"","ocean_shortcode_after_footer_widgets":"","ocean_shortcode_before_footer_bottom":"","ocean_shortcode_after_footer_bottom":"","ocean_display_top_bar":"default","ocean_display_header":"default","ocean_header_style":"","ocean_center_header_left_menu":"0","ocean_custom_header_template":"0","ocean_custom_logo":0,"ocean_custom_retina_logo":0,"ocean_custom_logo_max_width":0,"ocean_custom_logo_tablet_max_width":0,"ocean_custom_logo_mobile_max_width":0,"ocean_custom_logo_max_height":0,"ocean_custom_logo_tablet_max_height":0,"ocean_custom_logo_mobile_max_height":0,"ocean_header_custom_menu":"0","ocean_menu_typo_font_family":"0","ocean_menu_typo_font_subset":"","ocean_menu_typo_font_size":0,"ocean_menu_typo_font_size_tablet":0,"ocean_menu_typo_font_size_mobile":0,"ocean_menu_typo_font_size_unit":"px","ocean_menu_typo_font_weight":"","ocean_menu_typo_font_weight_tablet":"","ocean_menu_typo_font_weight_mobile":"","ocean_menu_typo_transform":"","ocean_menu_typo_transform_tablet":"","ocean_menu_typo_transform_mobile":"","ocean_menu_typo_line_height":0,"ocean_menu_typo_line_height_tablet":0,"ocean_menu_typo_line_height_mobile":0,"ocean_menu_typo_line_height_unit":"","ocean_menu_typo_spacing":0,"ocean_menu_typo_spacing_tablet":0,"ocean_menu_typo_spacing_mobile":0,"ocean_menu_typo_spacing_unit":"","ocean_menu_link_color":"","ocean_menu_link_color_hover":"","ocean_menu_link_color_active":"","ocean_menu_link_background":"","ocean_menu_link_hover_background":"","ocean_menu_link_active_background":"","ocean_menu_social_links_bg":"","ocean_menu_social_hover_links_bg":"","ocean_menu_social_links_color":"","ocean_menu_social_hover_links_color":"","ocean_disable_title":"default","ocean_disable_heading":"default","ocean_post_title":"","ocean_post_subheading":"","ocean_post_title_style":"","ocean_post_title_background_color":"","ocean_post_title_background":0,"ocean_post_title_bg_image_position":"","ocean_post_title_bg_image_attachment":"","ocean_post_title_bg_image_repeat":"","ocean_post_title_bg_image_size":"","ocean_post_title_height":0,"ocean_post_title_bg_overlay":0.5,"ocean_post_title_bg_overlay_color":"","ocean_disable_breadcrumbs":"default","ocean_breadcrumbs_color":"","ocean_breadcrumbs_separator_color":"","ocean_breadcrumbs_links_color":"","ocean_breadcrumbs_links_hover_color":"","ocean_display_footer_widgets":"default","ocean_display_footer_bottom":"default","ocean_custom_footer_template":"0","osh_disable_topbar_sticky":"default","osh_disable_header_sticky":"default","osh_sticky_header_style":"default","osh_sticky_header_effect":"","osh_custom_sticky_logo":0,"osh_custom_retina_sticky_logo":0,"osh_custom_sticky_logo_height":0,"osh_background_color":"","osh_links_color":"","osh_links_hover_color":"","osh_links_active_color":"","osh_links_bg_color":"","osh_links_hover_bg_color":"","osh_links_active_bg_color":"","osh_menu_social_links_color":"","osh_menu_social_hover_links_color":""},"product_brand":[],"product_cat":[44,41],"product_tag":[262,269,268],"class_list":{"0":"post-3492","1":"product","2":"type-product","3":"status-publish","4":"has-post-thumbnail","6":"product_cat-progressive-grease-dividers","7":"product_cat-progressive-grease-systems","8":"product_tag-grease-feeder","9":"product_tag-lubrication-feeder","10":"product_tag-progressive-feeder","12":"entry","13":"has-media","15":"first","16":"instock","17":"featured","18":"shipping-taxable","19":"product-type-external","20":"col","21":"span_1_of_3","22":"owp-content-center","23":"owp-thumbs-layout-horizontal","24":"owp-btn-very-big","25":"owp-tabs-layout-horizontal"},"_links":{"self":[{"href":"https:\/\/www.jinpinlub.com\/pl\/wp-json\/wp\/v2\/product\/3492","targetHints":{"allow":["GET"]}}],"collection":[{"href":"https:\/\/www.jinpinlub.com\/pl\/wp-json\/wp\/v2\/product"}],"about":[{"href":"https:\/\/www.jinpinlub.com\/pl\/wp-json\/wp\/v2\/types\/product"}],"wp:featuredmedia":[{"embeddable":true,"href":"https:\/\/www.jinpinlub.com\/pl\/wp-json\/wp\/v2\/media\/3458"}],"wp:attachment":[{"href":"https:\/\/www.jinpinlub.com\/pl\/wp-json\/wp\/v2\/media?parent=3492"}],"wp:term":[{"taxonomy":"product_brand","embeddable":true,"href":"https:\/\/www.jinpinlub.com\/pl\/wp-json\/wp\/v2\/product_brand?post=3492"},{"taxonomy":"product_cat","embeddable":true,"href":"https:\/\/www.jinpinlub.com\/pl\/wp-json\/wp\/v2\/product_cat?post=3492"},{"taxonomy":"product_tag","embeddable":true,"href":"https:\/\/www.jinpinlub.com\/pl\/wp-json\/wp\/v2\/product_tag?post=3492"}],"curies":[{"name":"wp","href":"https:\/\/api.w.org\/{rel}","templated":true}]}}