{"id":3493,"date":"2024-08-29T05:20:47","date_gmt":"2024-08-28T21:20:47","guid":{"rendered":"https:\/\/www.jinpinlub.com\/?post_type=product&#038;p=3493"},"modified":"2025-06-06T19:32:42","modified_gmt":"2025-06-06T11:32:42","slug":"blok-smarowniczy-jsv-do-ukladu-smarowania-maslem","status":"publish","type":"product","link":"https:\/\/www.jinpinlub.com\/pl\/product\/jsv-grease-lubrication-block-for-butter-lubricating-system\/","title":{"rendered":"Blok smarowania smarem JSV do uk\u0142adu smarowania mas\u0142em"},"content":{"rendered":"<h2>Funkcja<\/h2>\n<p><span id=\"input-sentence~0\">Standardowa wydajno\u015b\u0107: standardowa obj\u0119to\u015b\u0107 skokowa podajnika JINPINLUB JSV wynosi 0,18 cm3. W razie potrzeby zwi\u0119kszenia liczby wyj\u015b\u0107 mo\u017cna \u0142\u0105czy\u0107 wyj\u015bcia, aby uzyska\u0107 wi\u0119ksz\u0105 obj\u0119to\u015b\u0107 skokow\u0105.<br \/>\nStosowane \u015brodki smarne: Podajnik JSV przeznaczony do smar\u00f3w olejowych i smar\u00f3w.<\/span><span id=\"input-sentence~1\"> Maksymalne ci\u015bnienie robocze wynosi 30 bar\u00f3w.<br \/>\nKonstrukcja modu\u0142owa: Liczb\u0119 wyj\u015b\u0107 i punkt\u00f3w wyj\u015bciowych podajnika JSV mo\u017cna zmienia\u0107 zale\u017cnie od potrzeb, co zapewnia du\u017c\u0105 elastyczno\u015b\u0107.<br \/>\nNiezawodno\u015b\u0107: Ka\u017cdy pojedynczy t\u0142ok wylotowy dzia\u0142a niezale\u017cnie, co zapewnia, \u017ce ka\u017cdy punkt smarowania otrzymuje odpowiedni\u0105 ilo\u015b\u0107 smaru.<\/span><\/p>\n<h2>Specyfikacja<\/h2>\n<table>\n<tbody>\n<tr>\n<td>Zasada dzia\u0142ania<\/td>\n<td>Urz\u0105dzenia pomiarowe<\/td>\n<\/tr>\n<tr>\n<td>Liczba punkt\u00f3w sprzeda\u017cy<\/td>\n<td>6-20<\/td>\n<\/tr>\n<tr>\n<td>Ilo\u015b\u0107 dozowania<\/td>\n<td>0,2 ml\/cykl<\/td>\n<\/tr>\n<tr>\n<td>Smar<\/td>\n<td>Smar do NLGI 2, olej 32-220cSt@40\u2103<\/td>\n<\/tr>\n<tr>\n<td>Temperatura pracy<\/td>\n<td>\u201320 do +80 \u00b0C<\/td>\n<\/tr>\n<tr>\n<td>Ci\u015bnienie robocze<\/td>\n<td>Maks. 300 bar\u00f3w<\/td>\n<\/tr>\n<tr>\n<td>Tworzywo<\/td>\n<td>Ocynkowany na czarno<\/td>\n<\/tr>\n<tr>\n<td>Wlot przy\u0142\u0105czeniowy<\/td>\n<td>\u03a66\/\u03a68 (M10x1)<\/td>\n<\/tr>\n<tr>\n<td>Gniazdo przy\u0142\u0105czeniowe<\/td>\n<td>\u03a66\/\u03a68 (M10x1)<\/td>\n<\/tr>\n<tr>\n<td>Pozycja monta\u017cowa<\/td>\n<td>Ka\u017cdy<\/td>\n<\/tr>\n<\/tbody>\n<\/table>\n<h2>Aplikacja<\/h2>\n<p>W przemy\u015ble wytw\u00f3rczym rozdzielacze progresywne typu JSV s\u0105 cz\u0119sto stosowane w urz\u0105dzeniach mechanicznych na zautomatyzowanych liniach produkcyjnych, takich jak maszyny do t\u0142oczenia, wtryskarki i systemy ta\u015bmoci\u0105g\u00f3w. Precyzyjna dystrybucja smaru zapewnia p\u0142ynn\u0105 prac\u0119 urz\u0105dze\u0144 przy du\u017cych obci\u0105\u017ceniach i zmniejsza zu\u017cycie i awarie.<br \/>\nW turbinach wiatrowych rozdzielacze progresywne typu JSV s\u0142u\u017c\u0105 do smarowania \u0142o\u017cysk g\u0142\u00f3wnych i przek\u0142adni. Komponenty te pracuj\u0105 przy du\u017cych obci\u0105\u017ceniach i du\u017cych pr\u0119dko\u015bciach, a niezawodny system smarowania mo\u017ce poprawi\u0107 wydajno\u015b\u0107 i niezawodno\u015b\u0107 generatora.<\/p>\n<h2>Instrukcje<\/h2>\n<div class=\"sdm_download_button_box_default\"><div class=\"sdm_download_link\"><a href=\"https:\/\/www.jinpinlub.com\/pl\/?sdm_process_download=1&download_id=2474\" class=\"sdm_download white\" title=\"Prywatne: JSV Progressive Distributor\" target=\"&quot;_blank&quot;\">Zobacz arkusz danych - Dystrybutor JSV<\/a><\/div><\/div>","protected":false},"excerpt":{"rendered":"<p>Dystrybutor smarowania progresywnego JINPINLUB JSV zosta\u0142 zaprojektowany, aby zapewni\u0107 dok\u0142adne i wydajne smarowanie r\u00f3\u017cnych urz\u0105dze\u0144 mechanicznych. Jest to klasyczny projekt, bardzo wszechstronny, stabilny w dzia\u0142aniu i prosty w instalacji pojedynczy zaw\u00f3r rozdzielczy smaru progresywnego.<\/p>","protected":false},"featured_media":3453,"template":"","meta":{"ocean_post_layout":"","ocean_both_sidebars_style":"","ocean_both_sidebars_content_width":0,"ocean_both_sidebars_sidebars_width":0,"ocean_sidebar":"0","ocean_second_sidebar":"0","ocean_disable_margins":"enable","ocean_add_body_class":"","ocean_shortcode_before_top_bar":"","ocean_shortcode_after_top_bar":"","ocean_shortcode_before_header":"","ocean_shortcode_after_header":"","ocean_has_shortcode":"","ocean_shortcode_after_title":"","ocean_shortcode_before_footer_widgets":"","ocean_shortcode_after_footer_widgets":"","ocean_shortcode_before_footer_bottom":"","ocean_shortcode_after_footer_bottom":"","ocean_display_top_bar":"default","ocean_display_header":"default","ocean_header_style":"","ocean_center_header_left_menu":"0","ocean_custom_header_template":"0","ocean_custom_logo":0,"ocean_custom_retina_logo":0,"ocean_custom_logo_max_width":0,"ocean_custom_logo_tablet_max_width":0,"ocean_custom_logo_mobile_max_width":0,"ocean_custom_logo_max_height":0,"ocean_custom_logo_tablet_max_height":0,"ocean_custom_logo_mobile_max_height":0,"ocean_header_custom_menu":"0","ocean_menu_typo_font_family":"0","ocean_menu_typo_font_subset":"","ocean_menu_typo_font_size":0,"ocean_menu_typo_font_size_tablet":0,"ocean_menu_typo_font_size_mobile":0,"ocean_menu_typo_font_size_unit":"px","ocean_menu_typo_font_weight":"","ocean_menu_typo_font_weight_tablet":"","ocean_menu_typo_font_weight_mobile":"","ocean_menu_typo_transform":"","ocean_menu_typo_transform_tablet":"","ocean_menu_typo_transform_mobile":"","ocean_menu_typo_line_height":0,"ocean_menu_typo_line_height_tablet":0,"ocean_menu_typo_line_height_mobile":0,"ocean_menu_typo_line_height_unit":"","ocean_menu_typo_spacing":0,"ocean_menu_typo_spacing_tablet":0,"ocean_menu_typo_spacing_mobile":0,"ocean_menu_typo_spacing_unit":"","ocean_menu_link_color":"","ocean_menu_link_color_hover":"","ocean_menu_link_color_active":"","ocean_menu_link_background":"","ocean_menu_link_hover_background":"","ocean_menu_link_active_background":"","ocean_menu_social_links_bg":"","ocean_menu_social_hover_links_bg":"","ocean_menu_social_links_color":"","ocean_menu_social_hover_links_color":"","ocean_disable_title":"default","ocean_disable_heading":"default","ocean_post_title":"","ocean_post_subheading":"","ocean_post_title_style":"","ocean_post_title_background_color":"","ocean_post_title_background":0,"ocean_post_title_bg_image_position":"","ocean_post_title_bg_image_attachment":"","ocean_post_title_bg_image_repeat":"","ocean_post_title_bg_image_size":"","ocean_post_title_height":0,"ocean_post_title_bg_overlay":0.5,"ocean_post_title_bg_overlay_color":"","ocean_disable_breadcrumbs":"default","ocean_breadcrumbs_color":"","ocean_breadcrumbs_separator_color":"","ocean_breadcrumbs_links_color":"","ocean_breadcrumbs_links_hover_color":"","ocean_display_footer_widgets":"default","ocean_display_footer_bottom":"default","ocean_custom_footer_template":"0","osh_disable_topbar_sticky":"default","osh_disable_header_sticky":"default","osh_sticky_header_style":"default","osh_sticky_header_effect":"","osh_custom_sticky_logo":0,"osh_custom_retina_sticky_logo":0,"osh_custom_sticky_logo_height":0,"osh_background_color":"","osh_links_color":"","osh_links_hover_color":"","osh_links_active_color":"","osh_links_bg_color":"","osh_links_hover_bg_color":"","osh_links_active_bg_color":"","osh_menu_social_links_color":"","osh_menu_social_hover_links_color":""},"product_brand":[],"product_cat":[44,41],"product_tag":[270,271,272],"class_list":{"0":"post-3493","1":"product","2":"type-product","3":"status-publish","4":"has-post-thumbnail","6":"product_cat-progressive-grease-dividers","7":"product_cat-progressive-grease-systems","8":"product_tag-grease-lubrication-block","9":"product_tag-grease-measurement-device","10":"product_tag-lubricating-system-divider","12":"entry","13":"has-media","15":"first","16":"instock","17":"shipping-taxable","18":"product-type-external","19":"col","20":"span_1_of_3","21":"owp-content-center","22":"owp-thumbs-layout-horizontal","23":"owp-btn-very-big","24":"owp-tabs-layout-horizontal"},"_links":{"self":[{"href":"https:\/\/www.jinpinlub.com\/pl\/wp-json\/wp\/v2\/product\/3493","targetHints":{"allow":["GET"]}}],"collection":[{"href":"https:\/\/www.jinpinlub.com\/pl\/wp-json\/wp\/v2\/product"}],"about":[{"href":"https:\/\/www.jinpinlub.com\/pl\/wp-json\/wp\/v2\/types\/product"}],"wp:featuredmedia":[{"embeddable":true,"href":"https:\/\/www.jinpinlub.com\/pl\/wp-json\/wp\/v2\/media\/3453"}],"wp:attachment":[{"href":"https:\/\/www.jinpinlub.com\/pl\/wp-json\/wp\/v2\/media?parent=3493"}],"wp:term":[{"taxonomy":"product_brand","embeddable":true,"href":"https:\/\/www.jinpinlub.com\/pl\/wp-json\/wp\/v2\/product_brand?post=3493"},{"taxonomy":"product_cat","embeddable":true,"href":"https:\/\/www.jinpinlub.com\/pl\/wp-json\/wp\/v2\/product_cat?post=3493"},{"taxonomy":"product_tag","embeddable":true,"href":"https:\/\/www.jinpinlub.com\/pl\/wp-json\/wp\/v2\/product_tag?post=3493"}],"curies":[{"name":"wp","href":"https:\/\/api.w.org\/{rel}","templated":true}]}}