{"id":3494,"date":"2024-08-29T05:22:34","date_gmt":"2024-08-28T21:22:34","guid":{"rendered":"https:\/\/www.jinpinlub.com\/?post_type=product&#038;p=3494"},"modified":"2025-06-06T19:32:38","modified_gmt":"2025-06-06T11:32:38","slug":"jsv-6-kompaktowy-prosty-monoblok-progresywny-rozdzielacz-zaworow","status":"publish","type":"product","link":"https:\/\/www.jinpinlub.com\/pl\/product\/jsv-6-compact-simple-monoblock-progressive-divider-valves\/","title":{"rendered":"JSV-6 Kompaktowe proste monoblokowe zawory rozdzielaj\u0105ce progresywne"},"content":{"rendered":"<h2>Funkcja<\/h2>\n<p><span id=\"input-sentence~0\">Dop\u0142yw \u015brodka smarnego: \u015arodek smarny dostaje si\u0119 do wlotu zaworu rozdzielczego przez pomp\u0119 smaruj\u0105c\u0105.<br \/>\nDystrybucja sekwencyjna: T\u0142oki w zaworze rozdzielaj\u0105cym poruszaj\u0105 si\u0119 sekwencyjnie, aby rozprowadzi\u0107 \u015brodek smarny do ka\u017cdego wylotu. Ruch ka\u017cdego t\u0142oka popycha nast\u0119pny t\u0142ok, tworz\u0105c ci\u0105g\u0142y cykl.<\/span><span id=\"input-sentence~1\"><br \/>\nR\u00f3wnomierne rozprowadzanie: Ka\u017cdy wylot rozprowadza tak\u0105 sam\u0105 ilo\u015b\u0107 smaru w ka\u017cdym cyklu, co gwarantuje r\u00f3wnomierne smarowanie wszystkich punkt\u00f3w smarowania.<br \/>\nWykrywanie usterek: Je\u015bli gniazdo zostanie zablokowane, ca\u0142y system przestanie dzia\u0142a\u0107, co jest wygodne w przypadku wykrywania usterek i konserwacji.<\/span><\/p>\n<h2>Specyfikacja<\/h2>\n<table>\n<tbody>\n<tr>\n<td>Zasada dzia\u0142ania<\/td>\n<td>Urz\u0105dzenia pomiarowe<\/td>\n<\/tr>\n<tr>\n<td>Liczba punkt\u00f3w sprzeda\u017cy<\/td>\n<td>6-20<\/td>\n<\/tr>\n<tr>\n<td>Ilo\u015b\u0107 dozowania<\/td>\n<td>0,2 ml\/cykl<\/td>\n<\/tr>\n<tr>\n<td>Smar<\/td>\n<td>Smar do NLGI 2, olej 32-220cSt@40\u2103<\/td>\n<\/tr>\n<tr>\n<td>Temperatura pracy<\/td>\n<td>\u201320 do +80 \u00b0C<\/td>\n<\/tr>\n<tr>\n<td>Ci\u015bnienie robocze<\/td>\n<td>Maks. 300 bar\u00f3w<\/td>\n<\/tr>\n<tr>\n<td>Tworzywo<\/td>\n<td>Ocynkowany na czarno<\/td>\n<\/tr>\n<tr>\n<td>Wlot przy\u0142\u0105czeniowy<\/td>\n<td>\u03a66\/\u03a68 (M10x1)<\/td>\n<\/tr>\n<tr>\n<td>Gniazdo przy\u0142\u0105czeniowe<\/td>\n<td>\u03a66\/\u03a68 (M10x1)<\/td>\n<\/tr>\n<tr>\n<td>Pozycja monta\u017cowa<\/td>\n<td>Ka\u017cdy<\/td>\n<\/tr>\n<\/tbody>\n<\/table>\n<h2>Aplikacja<\/h2>\n<p><span id=\"input-sentence~0\">Produkcja: Zawory rozdzielcze JINPINLUB JSV s\u0105 stosowane do smarowania w takich dziedzinach, jak automatyzacja linii produkcyjnych i urz\u0105dze\u0144 mechanicznych.<br \/>\nSektor motoryzacyjny: zawory rozdzielcze JSV stosowane s\u0105 do smarowania r\u00f3\u017cnorodnych cz\u0119\u015bci mechanicznych w \u0142a\u0144cuchach monta\u017cowych samochod\u00f3w oraz w procesach produkcji cz\u0119\u015bci.<\/span><span id=\"input-sentence~1\"><br \/>\nPrzemys\u0142 spo\u017cywczy i napoj\u00f3w: Zawory rozdzielcze JSV s\u0105 stosowane w urz\u0105dzeniach do przetw\u00f3rstwa \u017cywno\u015bci w celu smarowania, aby utrzyma\u0107 dobr\u0105 wydajno\u015b\u0107 ich dzia\u0142ania.<br \/>\nG\u00f3rnictwo i ci\u0119\u017cki sprz\u0119t: W sprz\u0119cie g\u00f3rniczym i ci\u0119\u017ckim sprz\u0119cie s\u0142u\u017c\u0105 do smarowania du\u017cych przek\u0142adni i \u0142o\u017cysk.<\/span><\/p>\n<h2>Instrukcje<\/h2>\n<div class=\"sdm_download_button_box_default\"><div class=\"sdm_download_link\"><a href=\"https:\/\/www.jinpinlub.com\/pl\/?sdm_process_download=1&download_id=2474\" class=\"sdm_download white\" title=\"Prywatne: JSV Progressive Distributor\" target=\"&quot;_blank&quot;\">Zobacz arkusz danych - Dystrybutor JSV<\/a><\/div><\/div>","protected":false},"excerpt":{"rendered":"<p>Zaw\u00f3r rozdzielaj\u0105cy progresywny JSV to kompaktowa, monolityczna jednostka zaprojektowana do wydajnego smarowania w ciasnych przestrzeniach. Zawory te dzia\u0142aj\u0105 sekwencyjnie, zapewniaj\u0105c r\u00f3wnomierne rozprowadzanie smaru do wszystkich wylot\u00f3w. Je\u015bli jeden wylot zostanie zablokowany, ca\u0142y system przestaje dzia\u0142a\u0107.<\/p>","protected":false},"featured_media":3447,"template":"","meta":{"ocean_post_layout":"","ocean_both_sidebars_style":"","ocean_both_sidebars_content_width":0,"ocean_both_sidebars_sidebars_width":0,"ocean_sidebar":"0","ocean_second_sidebar":"0","ocean_disable_margins":"enable","ocean_add_body_class":"","ocean_shortcode_before_top_bar":"","ocean_shortcode_after_top_bar":"","ocean_shortcode_before_header":"","ocean_shortcode_after_header":"","ocean_has_shortcode":"","ocean_shortcode_after_title":"","ocean_shortcode_before_footer_widgets":"","ocean_shortcode_after_footer_widgets":"","ocean_shortcode_before_footer_bottom":"","ocean_shortcode_after_footer_bottom":"","ocean_display_top_bar":"default","ocean_display_header":"default","ocean_header_style":"","ocean_center_header_left_menu":"0","ocean_custom_header_template":"0","ocean_custom_logo":0,"ocean_custom_retina_logo":0,"ocean_custom_logo_max_width":0,"ocean_custom_logo_tablet_max_width":0,"ocean_custom_logo_mobile_max_width":0,"ocean_custom_logo_max_height":0,"ocean_custom_logo_tablet_max_height":0,"ocean_custom_logo_mobile_max_height":0,"ocean_header_custom_menu":"0","ocean_menu_typo_font_family":"0","ocean_menu_typo_font_subset":"","ocean_menu_typo_font_size":0,"ocean_menu_typo_font_size_tablet":0,"ocean_menu_typo_font_size_mobile":0,"ocean_menu_typo_font_size_unit":"px","ocean_menu_typo_font_weight":"","ocean_menu_typo_font_weight_tablet":"","ocean_menu_typo_font_weight_mobile":"","ocean_menu_typo_transform":"","ocean_menu_typo_transform_tablet":"","ocean_menu_typo_transform_mobile":"","ocean_menu_typo_line_height":0,"ocean_menu_typo_line_height_tablet":0,"ocean_menu_typo_line_height_mobile":0,"ocean_menu_typo_line_height_unit":"","ocean_menu_typo_spacing":0,"ocean_menu_typo_spacing_tablet":0,"ocean_menu_typo_spacing_mobile":0,"ocean_menu_typo_spacing_unit":"","ocean_menu_link_color":"","ocean_menu_link_color_hover":"","ocean_menu_link_color_active":"","ocean_menu_link_background":"","ocean_menu_link_hover_background":"","ocean_menu_link_active_background":"","ocean_menu_social_links_bg":"","ocean_menu_social_hover_links_bg":"","ocean_menu_social_links_color":"","ocean_menu_social_hover_links_color":"","ocean_disable_title":"default","ocean_disable_heading":"default","ocean_post_title":"","ocean_post_subheading":"","ocean_post_title_style":"","ocean_post_title_background_color":"","ocean_post_title_background":0,"ocean_post_title_bg_image_position":"","ocean_post_title_bg_image_attachment":"","ocean_post_title_bg_image_repeat":"","ocean_post_title_bg_image_size":"","ocean_post_title_height":0,"ocean_post_title_bg_overlay":0.5,"ocean_post_title_bg_overlay_color":"","ocean_disable_breadcrumbs":"default","ocean_breadcrumbs_color":"","ocean_breadcrumbs_separator_color":"","ocean_breadcrumbs_links_color":"","ocean_breadcrumbs_links_hover_color":"","ocean_display_footer_widgets":"default","ocean_display_footer_bottom":"default","ocean_custom_footer_template":"0","osh_disable_topbar_sticky":"default","osh_disable_header_sticky":"default","osh_sticky_header_style":"default","osh_sticky_header_effect":"","osh_custom_sticky_logo":0,"osh_custom_retina_sticky_logo":0,"osh_custom_sticky_logo_height":0,"osh_background_color":"","osh_links_color":"","osh_links_hover_color":"","osh_links_active_color":"","osh_links_bg_color":"","osh_links_hover_bg_color":"","osh_links_active_bg_color":"","osh_menu_social_links_color":"","osh_menu_social_hover_links_color":""},"product_brand":[],"product_cat":[44,41],"product_tag":[274,99,273],"class_list":{"0":"post-3494","1":"product","2":"type-product","3":"status-publish","4":"has-post-thumbnail","6":"product_cat-progressive-grease-dividers","7":"product_cat-progressive-grease-systems","8":"product_tag-distribution-valve","9":"product_tag-progressive-distributor","10":"product_tag-progressive-lubrication","12":"entry","13":"has-media","15":"first","16":"instock","17":"shipping-taxable","18":"product-type-external","19":"col","20":"span_1_of_3","21":"owp-content-center","22":"owp-thumbs-layout-horizontal","23":"owp-btn-very-big","24":"owp-tabs-layout-horizontal"},"_links":{"self":[{"href":"https:\/\/www.jinpinlub.com\/pl\/wp-json\/wp\/v2\/product\/3494","targetHints":{"allow":["GET"]}}],"collection":[{"href":"https:\/\/www.jinpinlub.com\/pl\/wp-json\/wp\/v2\/product"}],"about":[{"href":"https:\/\/www.jinpinlub.com\/pl\/wp-json\/wp\/v2\/types\/product"}],"wp:featuredmedia":[{"embeddable":true,"href":"https:\/\/www.jinpinlub.com\/pl\/wp-json\/wp\/v2\/media\/3447"}],"wp:attachment":[{"href":"https:\/\/www.jinpinlub.com\/pl\/wp-json\/wp\/v2\/media?parent=3494"}],"wp:term":[{"taxonomy":"product_brand","embeddable":true,"href":"https:\/\/www.jinpinlub.com\/pl\/wp-json\/wp\/v2\/product_brand?post=3494"},{"taxonomy":"product_cat","embeddable":true,"href":"https:\/\/www.jinpinlub.com\/pl\/wp-json\/wp\/v2\/product_cat?post=3494"},{"taxonomy":"product_tag","embeddable":true,"href":"https:\/\/www.jinpinlub.com\/pl\/wp-json\/wp\/v2\/product_tag?post=3494"}],"curies":[{"name":"wp","href":"https:\/\/api.w.org\/{rel}","templated":true}]}}