{"id":3496,"date":"2024-08-29T05:31:03","date_gmt":"2024-08-28T21:31:03","guid":{"rendered":"https:\/\/www.jinpinlub.com\/?post_type=product&#038;p=3496"},"modified":"2025-06-06T19:32:33","modified_gmt":"2025-06-06T11:32:33","slug":"jsv-6-progresywnych-rozdzielaczy-monoblokowych-od-1-do-20-wyjsc","status":"publish","type":"product","link":"https:\/\/www.jinpinlub.com\/pl\/product\/jsv-6-progressive-monoblock-distributors-from-1-20-outputs\/","title":{"rendered":"JSV-6 Progresywne rozdzielacze monoblokowe od 1 do 20 wyj\u015b\u0107"},"content":{"rendered":"<h2>Funkcja<\/h2>\n<p><span id=\"input-sentence~0\">Konstrukcja: Zawory JINPINLUB JSV s\u0105 wykonane ze stali niklowanej lub stali nierdzewnej, co zapewnia wytrzyma\u0142o\u015b\u0107 i ochron\u0119 antykorozyjn\u0105. Zazwyczaj s\u0105 dost\u0119pne w wersjach z 6, 8, 10, 12, 14, 16 lub 18 wylotami.<br \/>\nZasada dzia\u0142ania: Zaw\u00f3r dozuje \u015brodek smarny sekwencyjnie za po\u015brednictwem okre\u015blonej liczby t\u0142ok\u00f3w.<\/span><span id=\"input-sentence~1\"> Ka\u017cdy t\u0142ok b\u0119dzie si\u0119 porusza\u0142 po kolei, a do ka\u017cdego wylotu b\u0119dzie mog\u0142a zosta\u0107 doprowadzona ustalona ilo\u015b\u0107 \u015brodka smaruj\u0105cego.<br \/>\nMonitorowanie: Zawory JSV mo\u017cna montowa\u0107 za pomoc\u0105 wizualnych lub elektronicznych urz\u0105dze\u0144 monitoruj\u0105cych. Monitoruj\u0105 one blokady lub usterki w systemie i wszelkie potrzeby konserwacji, aby zapobiec przestojom.<\/span><span id=\"input-sentence~2\"><br \/>\nDostosowanie: Zawory JSV s\u0105 elastyczne w konfiguracji. Ich wyloty mo\u017cna \u0142\u0105czy\u0107 lub blokowa\u0107 w zale\u017cno\u015bci od konkretnych potrzeb smarowania.<\/span><\/p>\n<h2>Specyfikacja<\/h2>\n<table>\n<tbody>\n<tr>\n<td>Zasada dzia\u0142ania<\/td>\n<td>Urz\u0105dzenia pomiarowe<\/td>\n<\/tr>\n<tr>\n<td>Liczba punkt\u00f3w sprzeda\u017cy<\/td>\n<td>6-20<\/td>\n<\/tr>\n<tr>\n<td>Ilo\u015b\u0107 dozowania<\/td>\n<td>0,2 ml\/cykl<\/td>\n<\/tr>\n<tr>\n<td>Smar<\/td>\n<td>Smar do NLGI 2, olej 32-220cSt@40\u2103<\/td>\n<\/tr>\n<tr>\n<td>Temperatura pracy<\/td>\n<td>\u201320 do +80 \u00b0C<\/td>\n<\/tr>\n<tr>\n<td>Ci\u015bnienie robocze<\/td>\n<td>Maks. 300 bar\u00f3w<\/td>\n<\/tr>\n<tr>\n<td>Tworzywo<\/td>\n<td>Ocynkowany na czarno<\/td>\n<\/tr>\n<tr>\n<td>Wlot przy\u0142\u0105czeniowy<\/td>\n<td>\u03a66\/\u03a68 (M10x1)<\/td>\n<\/tr>\n<tr>\n<td>Gniazdo przy\u0142\u0105czeniowe<\/td>\n<td>\u03a66\/\u03a68 (M10x1)<\/td>\n<\/tr>\n<tr>\n<td>Pozycja monta\u017cowa<\/td>\n<td>Ka\u017cdy<\/td>\n<\/tr>\n<\/tbody>\n<\/table>\n<h2>Aplikacja<\/h2>\n<p><span id=\"input-sentence~2\">Maszyny przemys\u0142owe: Zaw\u00f3r rozdzielaj\u0105cy jest g\u0142\u00f3wnie stosowany w r\u00f3\u017cnorodnych maszynach przemys\u0142owych w celu zapewnienia dobrego smarowania ruchomych cz\u0119\u015bci.<br \/>\nUk\u0142ady motoryzacyjne: W produkcji i konserwacji pojazd\u00f3w samochodowych zawory rozdzielcze JSV s\u0105 stosowane do smarowania silnik\u00f3w, skrzy\u0144 bieg\u00f3w i innych wa\u017cnych podzespo\u0142\u00f3w.<\/span><span id=\"input-sentence~3\"><br \/>\nZak\u0142ady spo\u017cywcze i napoj\u00f3w: Zawory rozdzielaj\u0105ce JSV s\u0142u\u017c\u0105 do smarowania ta\u015bmoci\u0105g\u00f3w, mieszade\u0142 i innych cz\u0119\u015bci mechanicznych.<br \/>\nMaszyny budowlane: Zawory rozdzielaj\u0105ce s\u0105 stosowane w ci\u0119\u017ckich maszynach budowlanych, takich jak koparki i spychacze. Jest to wa\u017cne w smarowaniu uk\u0142ad\u00f3w hydraulicznych.<\/span><\/p>\n<h2>Instrukcje<\/h2>\n<div class=\"sdm_download_button_box_default\"><div class=\"sdm_download_link\"><a href=\"https:\/\/www.jinpinlub.com\/pl\/?sdm_process_download=1&download_id=2474\" class=\"sdm_download white\" title=\"Prywatne: JSV Progressive Distributor\" target=\"&quot;_blank&quot;\">Zobacz arkusz danych - Dystrybutor JSV<\/a><\/div><\/div>","protected":false},"excerpt":{"rendered":"<p>Zaw\u00f3r rozdzielczy progresywny JSV to kompaktowa jednostka o konstrukcji pojedynczego bloku zaprojektowana do dystrybucji \u015brodk\u00f3w smarnych w spos\u00f3b kontrolowany i sekwencyjny. Ka\u017cdy wylot rozdzielacza mo\u017cna pod\u0142\u0105czy\u0107 do s\u0105siedniego wylotu, instaluj\u0105c korek i usuwaj\u0105c specjaln\u0105 z\u0142\u0105czk\u0119.<\/p>","protected":false},"featured_media":3449,"template":"","meta":{"ocean_post_layout":"","ocean_both_sidebars_style":"","ocean_both_sidebars_content_width":0,"ocean_both_sidebars_sidebars_width":0,"ocean_sidebar":"0","ocean_second_sidebar":"0","ocean_disable_margins":"enable","ocean_add_body_class":"","ocean_shortcode_before_top_bar":"","ocean_shortcode_after_top_bar":"","ocean_shortcode_before_header":"","ocean_shortcode_after_header":"","ocean_has_shortcode":"","ocean_shortcode_after_title":"","ocean_shortcode_before_footer_widgets":"","ocean_shortcode_after_footer_widgets":"","ocean_shortcode_before_footer_bottom":"","ocean_shortcode_after_footer_bottom":"","ocean_display_top_bar":"default","ocean_display_header":"default","ocean_header_style":"","ocean_center_header_left_menu":"0","ocean_custom_header_template":"0","ocean_custom_logo":0,"ocean_custom_retina_logo":0,"ocean_custom_logo_max_width":0,"ocean_custom_logo_tablet_max_width":0,"ocean_custom_logo_mobile_max_width":0,"ocean_custom_logo_max_height":0,"ocean_custom_logo_tablet_max_height":0,"ocean_custom_logo_mobile_max_height":0,"ocean_header_custom_menu":"0","ocean_menu_typo_font_family":"0","ocean_menu_typo_font_subset":"","ocean_menu_typo_font_size":0,"ocean_menu_typo_font_size_tablet":0,"ocean_menu_typo_font_size_mobile":0,"ocean_menu_typo_font_size_unit":"px","ocean_menu_typo_font_weight":"","ocean_menu_typo_font_weight_tablet":"","ocean_menu_typo_font_weight_mobile":"","ocean_menu_typo_transform":"","ocean_menu_typo_transform_tablet":"","ocean_menu_typo_transform_mobile":"","ocean_menu_typo_line_height":0,"ocean_menu_typo_line_height_tablet":0,"ocean_menu_typo_line_height_mobile":0,"ocean_menu_typo_line_height_unit":"","ocean_menu_typo_spacing":0,"ocean_menu_typo_spacing_tablet":0,"ocean_menu_typo_spacing_mobile":0,"ocean_menu_typo_spacing_unit":"","ocean_menu_link_color":"","ocean_menu_link_color_hover":"","ocean_menu_link_color_active":"","ocean_menu_link_background":"","ocean_menu_link_hover_background":"","ocean_menu_link_active_background":"","ocean_menu_social_links_bg":"","ocean_menu_social_hover_links_bg":"","ocean_menu_social_links_color":"","ocean_menu_social_hover_links_color":"","ocean_disable_title":"default","ocean_disable_heading":"default","ocean_post_title":"","ocean_post_subheading":"","ocean_post_title_style":"","ocean_post_title_background_color":"","ocean_post_title_background":0,"ocean_post_title_bg_image_position":"","ocean_post_title_bg_image_attachment":"","ocean_post_title_bg_image_repeat":"","ocean_post_title_bg_image_size":"","ocean_post_title_height":0,"ocean_post_title_bg_overlay":0.5,"ocean_post_title_bg_overlay_color":"","ocean_disable_breadcrumbs":"default","ocean_breadcrumbs_color":"","ocean_breadcrumbs_separator_color":"","ocean_breadcrumbs_links_color":"","ocean_breadcrumbs_links_hover_color":"","ocean_display_footer_widgets":"default","ocean_display_footer_bottom":"default","ocean_custom_footer_template":"0","osh_disable_topbar_sticky":"default","osh_disable_header_sticky":"default","osh_sticky_header_style":"default","osh_sticky_header_effect":"","osh_custom_sticky_logo":0,"osh_custom_retina_sticky_logo":0,"osh_custom_sticky_logo_height":0,"osh_background_color":"","osh_links_color":"","osh_links_hover_color":"","osh_links_active_color":"","osh_links_bg_color":"","osh_links_hover_bg_color":"","osh_links_active_bg_color":"","osh_menu_social_links_color":"","osh_menu_social_hover_links_color":""},"product_brand":[],"product_cat":[44,41],"product_tag":[100,99,122],"class_list":{"0":"post-3496","1":"product","2":"type-product","3":"status-publish","4":"has-post-thumbnail","6":"product_cat-progressive-grease-dividers","7":"product_cat-progressive-grease-systems","8":"product_tag-grease-metering-valve","9":"product_tag-progressive-distributor","10":"product_tag-progressive-divider","12":"entry","13":"has-media","15":"first","16":"instock","17":"shipping-taxable","18":"product-type-external","19":"col","20":"span_1_of_3","21":"owp-content-center","22":"owp-thumbs-layout-horizontal","23":"owp-btn-very-big","24":"owp-tabs-layout-horizontal"},"_links":{"self":[{"href":"https:\/\/www.jinpinlub.com\/pl\/wp-json\/wp\/v2\/product\/3496","targetHints":{"allow":["GET"]}}],"collection":[{"href":"https:\/\/www.jinpinlub.com\/pl\/wp-json\/wp\/v2\/product"}],"about":[{"href":"https:\/\/www.jinpinlub.com\/pl\/wp-json\/wp\/v2\/types\/product"}],"wp:featuredmedia":[{"embeddable":true,"href":"https:\/\/www.jinpinlub.com\/pl\/wp-json\/wp\/v2\/media\/3449"}],"wp:attachment":[{"href":"https:\/\/www.jinpinlub.com\/pl\/wp-json\/wp\/v2\/media?parent=3496"}],"wp:term":[{"taxonomy":"product_brand","embeddable":true,"href":"https:\/\/www.jinpinlub.com\/pl\/wp-json\/wp\/v2\/product_brand?post=3496"},{"taxonomy":"product_cat","embeddable":true,"href":"https:\/\/www.jinpinlub.com\/pl\/wp-json\/wp\/v2\/product_cat?post=3496"},{"taxonomy":"product_tag","embeddable":true,"href":"https:\/\/www.jinpinlub.com\/pl\/wp-json\/wp\/v2\/product_tag?post=3496"}],"curies":[{"name":"wp","href":"https:\/\/api.w.org\/{rel}","templated":true}]}}