{"id":3546,"date":"2024-08-30T07:58:39","date_gmt":"2024-08-29T23:58:39","guid":{"rendered":"https:\/\/www.jinpinlub.com\/?post_type=product&#038;p=3546"},"modified":"2024-08-30T08:01:33","modified_gmt":"2024-08-30T00:01:33","slug":"jsv-6-jednoczesciowy-progresywny-dozownik-z-czujnikiem","status":"publish","type":"product","link":"https:\/\/www.jinpinlub.com\/pl\/product\/jsv-6-single-piece-progressive-metering-device-with-sensor\/","title":{"rendered":"Jednocz\u0119\u015bciowe urz\u0105dzenie dozuj\u0105ce progresywne JSV-6 z czujnikiem"},"content":{"rendered":"<h2>Cechy<\/h2>\n<p>Sta\u0142e dozowanie: Wydajno\u015b\u0107 ka\u017cdego wyj\u015bcia urz\u0105dzenia dozuj\u0105cego jest sta\u0142a, a wydajno\u015b\u0107 mo\u017cna \u0142\u0105czy\u0107 za pomoc\u0105 zewn\u0119trznych rur \u0142\u0105cz\u0105cych, aby dostosowa\u0107 j\u0105 do r\u00f3\u017cnych potrzeb smarowania.<br \/>\nOpcje monitorowania: Urz\u0105dzenie pomiarowe Jinpinlub JSVB mo\u017cna monitorowa\u0107 wizualnie lub elektrycznie, co u\u0142atwia monitorowanie stanu smarowania w czasie rzeczywistym.<br \/>\nPraca pod wysokim ci\u015bnieniem: Maksymalne ci\u015bnienie robocze urz\u0105dzenia dozuj\u0105cego mo\u017ce wynosi\u0107 250 bar\u00f3w, co jest warto\u015bci\u0105 odpowiedni\u0105 do pracy w warunkach wysokiego ci\u015bnienia.<br \/>\nMateria\u0142: Urz\u0105dzenie pomiarowe wykonane jest ze stali galwanizowanej, kt\u00f3ra jest trwa\u0142a i odporna na korozj\u0119.<br \/>\nTemperatura pracy: -20\u00b0C do +80\u00b0C, dostosowana do r\u00f3\u017cnych warunk\u00f3w pracy.<\/p>\n<h2>Specyfikacja<\/h2>\n<table>\n<tbody>\n<tr>\n<td>Zasada dzia\u0142ania<\/td>\n<td>Urz\u0105dzenia pomiarowe<\/td>\n<\/tr>\n<tr>\n<td>Liczba punkt\u00f3w sprzeda\u017cy<\/td>\n<td>6-14<\/td>\n<\/tr>\n<tr>\n<td>Ilo\u015b\u0107 dozowania<\/td>\n<td>0,17 ml\/cykl<\/td>\n<\/tr>\n<tr>\n<td>Smar<\/td>\n<td>Smar do NLGI 2, olej 32-220cSt@40\u2103<\/td>\n<\/tr>\n<tr>\n<td>Temperatura pracy<\/td>\n<td>\u201320 do +80 \u00b0C<\/td>\n<\/tr>\n<tr>\n<td>Ci\u015bnienie robocze<\/td>\n<td>Maks. 250 bar\u00f3w<\/td>\n<\/tr>\n<tr>\n<td>Tworzywo<\/td>\n<td>Ocynkowany na czarno<\/td>\n<\/tr>\n<tr>\n<td>Wlot przy\u0142\u0105czeniowy<\/td>\n<td>\u03a66(M10x1,0), \u03a68(M10x1,0)<\/td>\n<\/tr>\n<tr>\n<td>Gniazdo przy\u0142\u0105czeniowe<\/td>\n<td>\u03a66(M10x1,0), \u03a68(M10x1,0)<\/td>\n<\/tr>\n<tr>\n<td>Pozycja monta\u017cowa<\/td>\n<td>Ka\u017cdy<\/td>\n<\/tr>\n<\/tbody>\n<\/table>\n<h2>Aplikacja<\/h2>\n<p>Budownictwo i g\u00f3rnictwo: To urz\u0105dzenie dozuj\u0105ce nadaje si\u0119 do smarowania ci\u0119\u017ckiego sprz\u0119tu i urz\u0105dze\u0144 w celu zapewnienia prawid\u0142owej pracy sprz\u0119tu w trudnych warunkach.<br \/>\nMaszyny rolnicze: JSVB stosuje si\u0119 w sprz\u0119cie rolniczym, aby zapewni\u0107 wydajn\u0105 prac\u0119 i d\u0142ug\u0105 \u017cywotno\u015b\u0107 sprz\u0119tu.<br \/>\nUrz\u0105dzenia przemys\u0142owe: JSVB jest powszechnie stosowany do smarowania r\u00f3\u017cnego rodzaju urz\u0105dze\u0144 przemys\u0142owych w celu zwi\u0119kszenia ich niezawodno\u015bci i wydajno\u015bci produkcyjnej.<\/p>\n<h2>Instrukcje<\/h2>\n<div class=\"sdm_download_button_box_default\"><div class=\"sdm_download_link\"><a href=\"https:\/\/www.jinpinlub.com\/pl\/?sdm_process_download=1&download_id=3055\" class=\"sdm_download white\" title=\"Prywatne: JVB Progressive Divider\" target=\"&quot;_blank&quot;\">Zobacz arkusz danych - Dystrybutor JVB<\/a><\/div><\/div>","protected":false},"excerpt":{"rendered":"<p>Urz\u0105dzenie dozuj\u0105ce JSV to kompaktowe, jednocz\u0119\u015bciowe urz\u0105dzenie dozuj\u0105ce progresywne, odpowiednie do progresywnych system\u00f3w smarowania. Jego konstrukcja umo\u017cliwia bezpo\u015bredni monta\u017c akcesori\u00f3w, upraszczaj\u0105c proces instalacji, a tak\u017ce mo\u017ce zmniejszy\u0107 liczb\u0119 wyj\u015b\u0107 poprzez krzy\u017cowe porty.<\/p>","protected":false},"featured_media":3530,"template":"","meta":{"ocean_post_layout":"","ocean_both_sidebars_style":"","ocean_both_sidebars_content_width":0,"ocean_both_sidebars_sidebars_width":0,"ocean_sidebar":"0","ocean_second_sidebar":"0","ocean_disable_margins":"enable","ocean_add_body_class":"","ocean_shortcode_before_top_bar":"","ocean_shortcode_after_top_bar":"","ocean_shortcode_before_header":"","ocean_shortcode_after_header":"","ocean_has_shortcode":"","ocean_shortcode_after_title":"","ocean_shortcode_before_footer_widgets":"","ocean_shortcode_after_footer_widgets":"","ocean_shortcode_before_footer_bottom":"","ocean_shortcode_after_footer_bottom":"","ocean_display_top_bar":"default","ocean_display_header":"default","ocean_header_style":"","ocean_center_header_left_menu":"0","ocean_custom_header_template":"0","ocean_custom_logo":0,"ocean_custom_retina_logo":0,"ocean_custom_logo_max_width":0,"ocean_custom_logo_tablet_max_width":0,"ocean_custom_logo_mobile_max_width":0,"ocean_custom_logo_max_height":0,"ocean_custom_logo_tablet_max_height":0,"ocean_custom_logo_mobile_max_height":0,"ocean_header_custom_menu":"0","ocean_menu_typo_font_family":"0","ocean_menu_typo_font_subset":"","ocean_menu_typo_font_size":0,"ocean_menu_typo_font_size_tablet":0,"ocean_menu_typo_font_size_mobile":0,"ocean_menu_typo_font_size_unit":"px","ocean_menu_typo_font_weight":"","ocean_menu_typo_font_weight_tablet":"","ocean_menu_typo_font_weight_mobile":"","ocean_menu_typo_transform":"","ocean_menu_typo_transform_tablet":"","ocean_menu_typo_transform_mobile":"","ocean_menu_typo_line_height":0,"ocean_menu_typo_line_height_tablet":0,"ocean_menu_typo_line_height_mobile":0,"ocean_menu_typo_line_height_unit":"","ocean_menu_typo_spacing":0,"ocean_menu_typo_spacing_tablet":0,"ocean_menu_typo_spacing_mobile":0,"ocean_menu_typo_spacing_unit":"","ocean_menu_link_color":"","ocean_menu_link_color_hover":"","ocean_menu_link_color_active":"","ocean_menu_link_background":"","ocean_menu_link_hover_background":"","ocean_menu_link_active_background":"","ocean_menu_social_links_bg":"","ocean_menu_social_hover_links_bg":"","ocean_menu_social_links_color":"","ocean_menu_social_hover_links_color":"","ocean_disable_title":"default","ocean_disable_heading":"default","ocean_post_title":"","ocean_post_subheading":"","ocean_post_title_style":"","ocean_post_title_background_color":"","ocean_post_title_background":0,"ocean_post_title_bg_image_position":"","ocean_post_title_bg_image_attachment":"","ocean_post_title_bg_image_repeat":"","ocean_post_title_bg_image_size":"","ocean_post_title_height":0,"ocean_post_title_bg_overlay":0.5,"ocean_post_title_bg_overlay_color":"","ocean_disable_breadcrumbs":"default","ocean_breadcrumbs_color":"","ocean_breadcrumbs_separator_color":"","ocean_breadcrumbs_links_color":"","ocean_breadcrumbs_links_hover_color":"","ocean_display_footer_widgets":"default","ocean_display_footer_bottom":"default","ocean_custom_footer_template":"0","osh_disable_topbar_sticky":"default","osh_disable_header_sticky":"default","osh_sticky_header_style":"default","osh_sticky_header_effect":"","osh_custom_sticky_logo":0,"osh_custom_retina_sticky_logo":0,"osh_custom_sticky_logo_height":0,"osh_background_color":"","osh_links_color":"","osh_links_hover_color":"","osh_links_active_color":"","osh_links_bg_color":"","osh_links_hover_bg_color":"","osh_links_active_bg_color":"","osh_menu_social_links_color":"","osh_menu_social_hover_links_color":""},"product_brand":[],"product_cat":[44,41],"product_tag":[275,99,276],"class_list":{"0":"post-3546","1":"product","2":"type-product","3":"status-publish","4":"has-post-thumbnail","6":"product_cat-progressive-grease-dividers","7":"product_cat-progressive-grease-systems","8":"product_tag-metering-device-block","9":"product_tag-progressive-distributor","10":"product_tag-single-block-divider","12":"entry","13":"has-media","15":"first","16":"instock","17":"shipping-taxable","18":"product-type-external","19":"col","20":"span_1_of_3","21":"owp-content-center","22":"owp-thumbs-layout-horizontal","23":"owp-btn-very-big","24":"owp-tabs-layout-horizontal"},"_links":{"self":[{"href":"https:\/\/www.jinpinlub.com\/pl\/wp-json\/wp\/v2\/product\/3546","targetHints":{"allow":["GET"]}}],"collection":[{"href":"https:\/\/www.jinpinlub.com\/pl\/wp-json\/wp\/v2\/product"}],"about":[{"href":"https:\/\/www.jinpinlub.com\/pl\/wp-json\/wp\/v2\/types\/product"}],"wp:featuredmedia":[{"embeddable":true,"href":"https:\/\/www.jinpinlub.com\/pl\/wp-json\/wp\/v2\/media\/3530"}],"wp:attachment":[{"href":"https:\/\/www.jinpinlub.com\/pl\/wp-json\/wp\/v2\/media?parent=3546"}],"wp:term":[{"taxonomy":"product_brand","embeddable":true,"href":"https:\/\/www.jinpinlub.com\/pl\/wp-json\/wp\/v2\/product_brand?post=3546"},{"taxonomy":"product_cat","embeddable":true,"href":"https:\/\/www.jinpinlub.com\/pl\/wp-json\/wp\/v2\/product_cat?post=3546"},{"taxonomy":"product_tag","embeddable":true,"href":"https:\/\/www.jinpinlub.com\/pl\/wp-json\/wp\/v2\/product_tag?post=3546"}],"curies":[{"name":"wp","href":"https:\/\/api.w.org\/{rel}","templated":true}]}}