{"id":3550,"date":"2024-08-30T08:19:38","date_gmt":"2024-08-30T00:19:38","guid":{"rendered":"https:\/\/www.jinpinlub.com\/?post_type=product&#038;p=3550"},"modified":"2024-08-30T08:29:54","modified_gmt":"2024-08-30T00:29:54","slug":"jdl1-pompa-olejowa-oporowa-smarownica-do-obrabiarek","status":"publish","type":"product","link":"https:\/\/www.jinpinlub.com\/pl\/product\/jdl1-resistance-oil-gear-pump-lubricator-for-machine-tools\/","title":{"rendered":"JDL1 Olej oporowy Pompa z\u0119bata Smarownica do obrabiarek"},"content":{"rendered":"<h2>Cechy<\/h2>\n<p>Kontrola czasowa: Smarownica JDL1-3 jest wyposa\u017cona w programowalny timer, kt\u00f3ry umo\u017cliwia precyzyjn\u0105 kontrol\u0119 czasu pracy i odst\u0119p\u00f3w czasu pracy pompy smarowniczej, gwarantuj\u0105c wydajno\u015b\u0107 i dok\u0142adno\u015b\u0107 procesu smarowania.<br \/>\nWiele tryb\u00f3w: W przypadku tej smarownicy mo\u017cliwe s\u0105 dwa tryby pracy: tryb smarowania po w\u0142\u0105czeniu i tryb smarowania z przerwami mi\u0119dzy w\u0142\u0105czaniami.<br \/>\nSystem alarmowy: Wewn\u0105trz JLD1-3 znajduje si\u0119 wy\u0142\u0105cznik p\u0142ywakowy, kt\u00f3ry automatycznie wysy\u0142a alarm, gdy poziom oleju spadnie poni\u017cej oznaczenia i informuje o tym za pomoc\u0105 brz\u0119czyka.<br \/>\nSmarowanie r\u0119czne: Smarownica JDL1-3 zosta\u0142a zaprojektowana z przyciskiem r\u0119cznego smarowania; w razie awarii smarowanie mo\u017cna przeprowadzi\u0107 r\u0119cznie, aby unikn\u0105\u0107 przeci\u0105\u017cenia silnika.<br \/>\nMonitorowanie ci\u015bnienia: Urz\u0105dzenie jest wyposa\u017cone w manometr, dzi\u0119ki czemu mo\u017cna \u0142atwo monitorowa\u0107 ci\u015bnienie robocze, co gwarantuje optymaln\u0105 prac\u0119 sprz\u0119tu.<br \/>\nZabezpieczenie przed przegrzaniem: Pompa automatycznie wy\u0142\u0105cza silnik, gdy nast\u0105pi jego przegrzanie, i ponownie uruchamia si\u0119 po oko\u0142o 5 minutach.<\/p>\n<h2>Specyfikacja<\/h2>\n<table>\n<tbody>\n<tr>\n<td>Model<\/td>\n<td>JDL1<\/td>\n<\/tr>\n<tr>\n<td>Czas smarowania<\/td>\n<td>1-999 minut<\/td>\n<\/tr>\n<tr>\n<td>Czas interwa\u0142u<\/td>\n<td>1-999 minut<\/td>\n<\/tr>\n<tr>\n<td>Temperatura pracy<\/td>\n<td>0~+50\u00b0C<\/td>\n<\/tr>\n<tr>\n<td>Liczba wyj\u015b\u0107<\/td>\n<td>1<\/td>\n<\/tr>\n<tr>\n<td>Pojemno\u015b\u0107 zbiornika<\/td>\n<td>2L, 3L, 4L (zbiornik metalowy lub \u017cywiczny), 8L (zbiornik metalowy)<\/td>\n<\/tr>\n<tr>\n<td>Uzupe\u0142nianie<\/td>\n<td>Od g\u00f3ry<\/td>\n<\/tr>\n<tr>\n<td>Smar<\/td>\n<td>32-68cSt@40\u2103<\/td>\n<\/tr>\n<tr>\n<td>Moc silnika<\/td>\n<td>30 W<\/td>\n<\/tr>\n<tr>\n<td>Wypisa\u0107<\/td>\n<td>150 ml\/min<\/td>\n<\/tr>\n<tr>\n<td>Maksymalne ci\u015bnienie robocze<\/td>\n<td>1,5 MPa<\/td>\n<\/tr>\n<tr>\n<td>Gwint przy\u0142\u0105czeniowy<\/td>\n<td>Wylot \u03a66<\/td>\n<\/tr>\n<tr>\n<td>Napi\u0119cie robocze<\/td>\n<td>110 V AC, 220 V AC<\/td>\n<\/tr>\n<tr>\n<td>Orzecznictwo<\/td>\n<td>CE<\/td>\n<\/tr>\n<tr>\n<td>Prze\u0142\u0105cznik niskiego poziomu<\/td>\n<td>Kontakt NC<\/td>\n<\/tr>\n<\/tbody>\n<\/table>\n<h2>Aplikacje<\/h2>\n<p>Maszyny przetw\u00f3rcze: Smarownic\u0119 JDL1-3 mo\u017cna stosowa\u0107 w systemach smarowania takich, jak obrabiarki CNC, frezarki, tokarki itp.<br \/>\nMaszyny in\u017cynieryjne: JDL1-3 mo\u017cna stosowa\u0107 do centralnego smarowania, np. w koparkach i spycharkach.<br \/>\nUrz\u0105dzenia automatyki: JDL1-3 mo\u017cna stosowa\u0107 w urz\u0105dzeniach wymagaj\u0105cych smarowania rzadkim olejem, takich jak linie monta\u017cowe i roboty.<\/p>\n<h2>Instrukcje<\/h2>\n<div class=\"sdm_download_button_box_default\"><div class=\"sdm_download_link\"><a href=\"https:\/\/www.jinpinlub.com\/pl\/?sdm_process_download=1&download_id=3000\" class=\"sdm_download white\" title=\"Prywatne: JDL1 Resistance Pump\" target=\"&quot;_blank&quot;\">Wy\u015bwietl kart\u0119 katalogow\u0105 - Pompa JDL1<\/a><\/div><\/div>","protected":false},"excerpt":{"rendered":"<p>Smarownica elektryczna nap\u0119dzana silnikiem oporowym JDL1-3 to wysoce wydajna pompa z\u0119bata do smarowania cienkim olejem z programowalnym timerem. Jest szeroko stosowana w r\u00f3\u017cnych urz\u0105dzeniach mechanicznych w celu poprawy wydajno\u015bci operacyjnej urz\u0105dze\u0144 i wyd\u0142u\u017cenia ich \u017cywotno\u015bci.<\/p>","protected":false},"featured_media":3497,"template":"","meta":{"ocean_post_layout":"","ocean_both_sidebars_style":"","ocean_both_sidebars_content_width":0,"ocean_both_sidebars_sidebars_width":0,"ocean_sidebar":"0","ocean_second_sidebar":"0","ocean_disable_margins":"enable","ocean_add_body_class":"","ocean_shortcode_before_top_bar":"","ocean_shortcode_after_top_bar":"","ocean_shortcode_before_header":"","ocean_shortcode_after_header":"","ocean_has_shortcode":"","ocean_shortcode_after_title":"","ocean_shortcode_before_footer_widgets":"","ocean_shortcode_after_footer_widgets":"","ocean_shortcode_before_footer_bottom":"","ocean_shortcode_after_footer_bottom":"","ocean_display_top_bar":"default","ocean_display_header":"default","ocean_header_style":"","ocean_center_header_left_menu":"0","ocean_custom_header_template":"0","ocean_custom_logo":0,"ocean_custom_retina_logo":0,"ocean_custom_logo_max_width":0,"ocean_custom_logo_tablet_max_width":0,"ocean_custom_logo_mobile_max_width":0,"ocean_custom_logo_max_height":0,"ocean_custom_logo_tablet_max_height":0,"ocean_custom_logo_mobile_max_height":0,"ocean_header_custom_menu":"0","ocean_menu_typo_font_family":"0","ocean_menu_typo_font_subset":"","ocean_menu_typo_font_size":0,"ocean_menu_typo_font_size_tablet":0,"ocean_menu_typo_font_size_mobile":0,"ocean_menu_typo_font_size_unit":"px","ocean_menu_typo_font_weight":"","ocean_menu_typo_font_weight_tablet":"","ocean_menu_typo_font_weight_mobile":"","ocean_menu_typo_transform":"","ocean_menu_typo_transform_tablet":"","ocean_menu_typo_transform_mobile":"","ocean_menu_typo_line_height":0,"ocean_menu_typo_line_height_tablet":0,"ocean_menu_typo_line_height_mobile":0,"ocean_menu_typo_line_height_unit":"","ocean_menu_typo_spacing":0,"ocean_menu_typo_spacing_tablet":0,"ocean_menu_typo_spacing_mobile":0,"ocean_menu_typo_spacing_unit":"","ocean_menu_link_color":"","ocean_menu_link_color_hover":"","ocean_menu_link_color_active":"","ocean_menu_link_background":"","ocean_menu_link_hover_background":"","ocean_menu_link_active_background":"","ocean_menu_social_links_bg":"","ocean_menu_social_hover_links_bg":"","ocean_menu_social_links_color":"","ocean_menu_social_hover_links_color":"","ocean_disable_title":"default","ocean_disable_heading":"default","ocean_post_title":"","ocean_post_subheading":"","ocean_post_title_style":"","ocean_post_title_background_color":"","ocean_post_title_background":0,"ocean_post_title_bg_image_position":"","ocean_post_title_bg_image_attachment":"","ocean_post_title_bg_image_repeat":"","ocean_post_title_bg_image_size":"","ocean_post_title_height":0,"ocean_post_title_bg_overlay":0.5,"ocean_post_title_bg_overlay_color":"","ocean_disable_breadcrumbs":"default","ocean_breadcrumbs_color":"","ocean_breadcrumbs_separator_color":"","ocean_breadcrumbs_links_color":"","ocean_breadcrumbs_links_hover_color":"","ocean_display_footer_widgets":"default","ocean_display_footer_bottom":"default","ocean_custom_footer_template":"0","osh_disable_topbar_sticky":"default","osh_disable_header_sticky":"default","osh_sticky_header_style":"default","osh_sticky_header_effect":"","osh_custom_sticky_logo":0,"osh_custom_retina_sticky_logo":0,"osh_custom_sticky_logo_height":0,"osh_background_color":"","osh_links_color":"","osh_links_hover_color":"","osh_links_active_color":"","osh_links_bg_color":"","osh_links_hover_bg_color":"","osh_links_active_bg_color":"","osh_menu_social_links_color":"","osh_menu_social_hover_links_color":""},"product_brand":[],"product_cat":[51,50],"product_tag":[111,281,280],"class_list":{"0":"post-3550","1":"product","2":"type-product","3":"status-publish","4":"has-post-thumbnail","6":"product_cat-electric-resistance-pumps","7":"product_cat-resistance-thin-oil-systems","8":"product_tag-oil-lubrication-pump","9":"product_tag-thin-oil-gear-pump","10":"product_tag-thin-oil-lubricator","12":"entry","13":"has-media","15":"first","16":"instock","17":"shipping-taxable","18":"product-type-external","19":"col","20":"span_1_of_3","21":"owp-content-center","22":"owp-thumbs-layout-horizontal","23":"owp-btn-very-big","24":"owp-tabs-layout-horizontal"},"_links":{"self":[{"href":"https:\/\/www.jinpinlub.com\/pl\/wp-json\/wp\/v2\/product\/3550","targetHints":{"allow":["GET"]}}],"collection":[{"href":"https:\/\/www.jinpinlub.com\/pl\/wp-json\/wp\/v2\/product"}],"about":[{"href":"https:\/\/www.jinpinlub.com\/pl\/wp-json\/wp\/v2\/types\/product"}],"wp:featuredmedia":[{"embeddable":true,"href":"https:\/\/www.jinpinlub.com\/pl\/wp-json\/wp\/v2\/media\/3497"}],"wp:attachment":[{"href":"https:\/\/www.jinpinlub.com\/pl\/wp-json\/wp\/v2\/media?parent=3550"}],"wp:term":[{"taxonomy":"product_brand","embeddable":true,"href":"https:\/\/www.jinpinlub.com\/pl\/wp-json\/wp\/v2\/product_brand?post=3550"},{"taxonomy":"product_cat","embeddable":true,"href":"https:\/\/www.jinpinlub.com\/pl\/wp-json\/wp\/v2\/product_cat?post=3550"},{"taxonomy":"product_tag","embeddable":true,"href":"https:\/\/www.jinpinlub.com\/pl\/wp-json\/wp\/v2\/product_tag?post=3550"}],"curies":[{"name":"wp","href":"https:\/\/api.w.org\/{rel}","templated":true}]}}