{"id":3557,"date":"2024-08-30T08:45:15","date_gmt":"2024-08-30T00:45:15","guid":{"rendered":"https:\/\/www.jinpinlub.com\/?post_type=product&#038;p=3557"},"modified":"2024-08-30T08:46:17","modified_gmt":"2024-08-30T00:46:17","slug":"jdl2-4-oporowy-silnik-elektryczny-pompa-olejowa-pompa-zebata-do-cnc","status":"publish","type":"product","link":"https:\/\/www.jinpinlub.com\/pl\/product\/jdl2-4-resistance-electric-motor-oil-pump-gear-pump-for-cnc\/","title":{"rendered":"JDL2-4 Pompa olejowa silnika elektrycznego oporowego Pompa z\u0119bata do CNC"},"content":{"rendered":"<h2>Cechy<\/h2>\n<p>\u0141atwa instalacja i pod\u0142\u0105czenie: pompa smarownicza Jinpinlub JDL2-4 ma prost\u0105 konstrukcj\u0119, kt\u00f3ra umo\u017cliwia szybk\u0105 instalacj\u0119 i konserwacj\u0119.<br \/>\nDoskona\u0142e w\u0142a\u015bciwo\u015bci samozasysania: Pompa smaruj\u0105ca jest w stanie samoczynnie zasysa\u0107 olej smaruj\u0105cy przy ni\u017cszym ci\u015bnieniu, co zapewnia stabiln\u0105 prac\u0119 uk\u0142adu.<br \/>\nDu\u017cy przep\u0142yw obj\u0119to\u015bciowy: Pompa smarownicza zapewnia stabilny przep\u0142yw oleju smaruj\u0105cego i nadaje si\u0119 do wielu zastosowa\u0144 przemys\u0142owych.<br \/>\nR\u00f3\u017cne opcje zbiornik\u00f3w do przechowywania oleju: JDL2-4 oferuje wytrzyma\u0142e plastikowe zbiorniki do przechowywania oleju o pojemno\u015bci 2 l, 3 l i 4 l, kt\u00f3re spe\u0142niaj\u0105 r\u00f3\u017cne potrzeby.<br \/>\nAkcesoria opcjonalne: W zale\u017cno\u015bci od potrzeb klienta urz\u0105dzenie mo\u017cna wyposa\u017cy\u0107 w wy\u0142\u0105czniki ci\u015bnieniowe oraz czujniki niskiego poziomu cieczy, aby uzyska\u0107 funkcj\u0119 automatycznego sterowania i alarmu.<\/p>\n<h2>Specyfikacja<\/h2>\n<table>\n<tbody>\n<tr>\n<td>Model<\/td>\n<td>JDL2<\/td>\n<\/tr>\n<tr>\n<td>Regulator czasowy<\/td>\n<td>PLC<\/td>\n<\/tr>\n<tr>\n<td>Temperatura pracy<\/td>\n<td>0~+50\u00b0C<\/td>\n<\/tr>\n<tr>\n<td>Liczba wyj\u015b\u0107<\/td>\n<td>1<\/td>\n<\/tr>\n<tr>\n<td>Pojemno\u015b\u0107 zbiornika<\/td>\n<td>2L, 3L, 4L (zbiornik metalowy lub \u017cywiczny), 8L (zbiornik metalowy)<\/td>\n<\/tr>\n<tr>\n<td>Uzupe\u0142nianie<\/td>\n<td>Od g\u00f3ry<\/td>\n<\/tr>\n<tr>\n<td>Smar<\/td>\n<td>32-68cSt@40\u2103<\/td>\n<\/tr>\n<tr>\n<td>Moc silnika<\/td>\n<td>30 W<\/td>\n<\/tr>\n<tr>\n<td>Wypisa\u0107<\/td>\n<td>150 ml\/min<\/td>\n<\/tr>\n<tr>\n<td>Maksymalne ci\u015bnienie robocze<\/td>\n<td>1,5 MPa<\/td>\n<\/tr>\n<tr>\n<td>Gwint przy\u0142\u0105czeniowy<\/td>\n<td>Wylot \u03a66<\/td>\n<\/tr>\n<tr>\n<td>Napi\u0119cie robocze<\/td>\n<td>110 V AC, 220 V AC<\/td>\n<\/tr>\n<tr>\n<td>Orzecznictwo<\/td>\n<td>CE<\/td>\n<\/tr>\n<tr>\n<td>Pozycja monta\u017cowa<\/td>\n<td>Pionowo<\/td>\n<\/tr>\n<\/tbody>\n<\/table>\n<h2>Aplikacje<\/h2>\n<p>JDL2-4 to w pe\u0142ni automatyczna, sterowana pompa smaruj\u0105ca typu pompy z\u0119batej, kt\u00f3ra charakteryzuje si\u0119 niskim poziomem ha\u0142asu, wysok\u0105 wydajno\u015bci\u0105, wysok\u0105 stabilno\u015bci\u0105 ci\u015bnienia i prost\u0105 obs\u0142ug\u0105. Nadaje si\u0119 do smarowania k\u00f3\u0142 z\u0119batych, prowadnic, \u0142a\u0144cuch\u00f3w itp. w obrabiarkach, maszynach w\u0142\u00f3kienniczych, windach i maszynach do obr\u00f3bki drewna. Mo\u017ce by\u0107 stosowana z centralnymi akcesoriami smaruj\u0105cymi, aby uzyska\u0107 efekt automatycznego smarowania o ustalonym czasie i ilo\u015bci bez r\u0119cznej obs\u0142ugi.<\/p>\n<h2>Instrukcje<\/h2>\n<div class=\"sdm_download_button_box_default\"><div class=\"sdm_download_link\"><a href=\"https:\/\/www.jinpinlub.com\/pl\/?sdm_process_download=1&download_id=3010\" class=\"sdm_download white\" title=\"Prywatne: JDL2 Resistance Pump\" target=\"&quot;_blank&quot;\">Wy\u015bwietl kart\u0119 katalogow\u0105 - Pompa JDL2<\/a><\/div><\/div>","protected":false},"excerpt":{"rendered":"<p>Elektryczna pompa smaruj\u0105ca JDL2-4 to pompa z\u0119bata o samozasysaj\u0105cej wydajno\u015bci i du\u017cym przep\u0142ywie obj\u0119to\u015bciowym. Nadaje si\u0119 do obrabiarek, maszyn do tworzyw sztucznych, maszyn tekstylnych itp. Mo\u017ce znacznie poprawi\u0107 efekt smarowania sprz\u0119tu i zmniejszy\u0107 koszty konserwacji.<\/p>","protected":false},"featured_media":3509,"template":"","meta":{"ocean_post_layout":"","ocean_both_sidebars_style":"","ocean_both_sidebars_content_width":0,"ocean_both_sidebars_sidebars_width":0,"ocean_sidebar":"0","ocean_second_sidebar":"0","ocean_disable_margins":"enable","ocean_add_body_class":"","ocean_shortcode_before_top_bar":"","ocean_shortcode_after_top_bar":"","ocean_shortcode_before_header":"","ocean_shortcode_after_header":"","ocean_has_shortcode":"","ocean_shortcode_after_title":"","ocean_shortcode_before_footer_widgets":"","ocean_shortcode_after_footer_widgets":"","ocean_shortcode_before_footer_bottom":"","ocean_shortcode_after_footer_bottom":"","ocean_display_top_bar":"default","ocean_display_header":"default","ocean_header_style":"","ocean_center_header_left_menu":"0","ocean_custom_header_template":"0","ocean_custom_logo":0,"ocean_custom_retina_logo":0,"ocean_custom_logo_max_width":0,"ocean_custom_logo_tablet_max_width":0,"ocean_custom_logo_mobile_max_width":0,"ocean_custom_logo_max_height":0,"ocean_custom_logo_tablet_max_height":0,"ocean_custom_logo_mobile_max_height":0,"ocean_header_custom_menu":"0","ocean_menu_typo_font_family":"0","ocean_menu_typo_font_subset":"","ocean_menu_typo_font_size":0,"ocean_menu_typo_font_size_tablet":0,"ocean_menu_typo_font_size_mobile":0,"ocean_menu_typo_font_size_unit":"px","ocean_menu_typo_font_weight":"","ocean_menu_typo_font_weight_tablet":"","ocean_menu_typo_font_weight_mobile":"","ocean_menu_typo_transform":"","ocean_menu_typo_transform_tablet":"","ocean_menu_typo_transform_mobile":"","ocean_menu_typo_line_height":0,"ocean_menu_typo_line_height_tablet":0,"ocean_menu_typo_line_height_mobile":0,"ocean_menu_typo_line_height_unit":"","ocean_menu_typo_spacing":0,"ocean_menu_typo_spacing_tablet":0,"ocean_menu_typo_spacing_mobile":0,"ocean_menu_typo_spacing_unit":"","ocean_menu_link_color":"","ocean_menu_link_color_hover":"","ocean_menu_link_color_active":"","ocean_menu_link_background":"","ocean_menu_link_hover_background":"","ocean_menu_link_active_background":"","ocean_menu_social_links_bg":"","ocean_menu_social_hover_links_bg":"","ocean_menu_social_links_color":"","ocean_menu_social_hover_links_color":"","ocean_disable_title":"default","ocean_disable_heading":"default","ocean_post_title":"","ocean_post_subheading":"","ocean_post_title_style":"","ocean_post_title_background_color":"","ocean_post_title_background":0,"ocean_post_title_bg_image_position":"","ocean_post_title_bg_image_attachment":"","ocean_post_title_bg_image_repeat":"","ocean_post_title_bg_image_size":"","ocean_post_title_height":0,"ocean_post_title_bg_overlay":0.5,"ocean_post_title_bg_overlay_color":"","ocean_disable_breadcrumbs":"default","ocean_breadcrumbs_color":"","ocean_breadcrumbs_separator_color":"","ocean_breadcrumbs_links_color":"","ocean_breadcrumbs_links_hover_color":"","ocean_display_footer_widgets":"default","ocean_display_footer_bottom":"default","ocean_custom_footer_template":"0","osh_disable_topbar_sticky":"default","osh_disable_header_sticky":"default","osh_sticky_header_style":"default","osh_sticky_header_effect":"","osh_custom_sticky_logo":0,"osh_custom_retina_sticky_logo":0,"osh_custom_sticky_logo_height":0,"osh_background_color":"","osh_links_color":"","osh_links_hover_color":"","osh_links_active_color":"","osh_links_bg_color":"","osh_links_hover_bg_color":"","osh_links_active_bg_color":"","osh_menu_social_links_color":"","osh_menu_social_hover_links_color":""},"product_brand":[],"product_cat":[51,50],"product_tag":[112,76,111],"class_list":{"0":"post-3557","1":"product","2":"type-product","3":"status-publish","4":"has-post-thumbnail","6":"product_cat-electric-resistance-pumps","7":"product_cat-resistance-thin-oil-systems","8":"product_tag-centralized-lubrication-system","9":"product_tag-electric-lubrication-system","10":"product_tag-oil-lubrication-pump","12":"entry","13":"has-media","15":"first","16":"instock","17":"shipping-taxable","18":"product-type-external","19":"col","20":"span_1_of_3","21":"owp-content-center","22":"owp-thumbs-layout-horizontal","23":"owp-btn-very-big","24":"owp-tabs-layout-horizontal"},"_links":{"self":[{"href":"https:\/\/www.jinpinlub.com\/pl\/wp-json\/wp\/v2\/product\/3557","targetHints":{"allow":["GET"]}}],"collection":[{"href":"https:\/\/www.jinpinlub.com\/pl\/wp-json\/wp\/v2\/product"}],"about":[{"href":"https:\/\/www.jinpinlub.com\/pl\/wp-json\/wp\/v2\/types\/product"}],"wp:featuredmedia":[{"embeddable":true,"href":"https:\/\/www.jinpinlub.com\/pl\/wp-json\/wp\/v2\/media\/3509"}],"wp:attachment":[{"href":"https:\/\/www.jinpinlub.com\/pl\/wp-json\/wp\/v2\/media?parent=3557"}],"wp:term":[{"taxonomy":"product_brand","embeddable":true,"href":"https:\/\/www.jinpinlub.com\/pl\/wp-json\/wp\/v2\/product_brand?post=3557"},{"taxonomy":"product_cat","embeddable":true,"href":"https:\/\/www.jinpinlub.com\/pl\/wp-json\/wp\/v2\/product_cat?post=3557"},{"taxonomy":"product_tag","embeddable":true,"href":"https:\/\/www.jinpinlub.com\/pl\/wp-json\/wp\/v2\/product_tag?post=3557"}],"curies":[{"name":"wp","href":"https:\/\/api.w.org\/{rel}","templated":true}]}}