{"id":3569,"date":"2024-08-30T09:57:59","date_gmt":"2024-08-30T01:57:59","guid":{"rendered":"https:\/\/www.jinpinlub.com\/?post_type=product&#038;p=3569"},"modified":"2024-08-30T10:15:24","modified_gmt":"2024-08-30T02:15:24","slug":"smd-125ml-silnik-napedzany-jednopunktowe-automatyczne-smarownice","status":"publish","type":"product","link":"https:\/\/www.jinpinlub.com\/pl\/product\/smd-125ml-motor-driven-single-point-automatic-lubricators\/","title":{"rendered":"Smarownice automatyczne jednopunktowe nap\u0119dzane silnikiem SMD 125 ml"},"content":{"rendered":"<h2>Cechy<\/h2>\n<p><span id=\"input-sentence~0\">Poniewa\u017c szybko\u015b\u0107 smarowania jest niezale\u017cna od temperatury, zapewnia ona sp\u00f3jne rezultaty smarowania.<br \/>\nMaksymalne ci\u015bnienie wylotowe: Smarownice SMD mog\u0105 pracowa\u0107 maksymalnie przy ci\u015bnieniu 6,5 bara podczas cyklu roz\u0142adowania smarowania.<br \/>\nPrzezroczysty zbiornik: Smarownice SMD pozwalaj\u0105 na wizualn\u0105 kontrol\u0119 stanu lub statusu smaru.<\/span><span id=\"input-sentence~1\"><br \/>\nWska\u017anik stanu LED: Smarownice SMD maj\u0105 czerwone, \u017c\u00f3\u0142te i zielone diody LED, kt\u00f3re wskazuj\u0105 stan smarownicy.<br \/>\nElastyczne cykle smarowania: smarownice SMD mo\u017cna ustawi\u0107 na okres smarowania od 1 do 12 miesi\u0119cy.<br \/>\nR\u00f3\u017cne opcje smarowania: Je\u017celi warunki na to pozwalaj\u0105, smarownic\u0119 mo\u017cna wst\u0119pnie nape\u0142ni\u0107 \u015brodkami smarnymi.<br \/>\nOpcje nap\u0119du: W zale\u017cno\u015bci od potrzeb danego zastosowania, smarownice SMD mog\u0105 by\u0107 zasilane bateriami litowymi lub zewn\u0119trznym \u017ar\u00f3d\u0142em zasilania.<br \/>\nUszczelnienie: Smarownice SMD charakteryzuj\u0105 si\u0119 doskona\u0142ym uszczelnieniem i mog\u0105 normalnie pracowa\u0107 nawet w wodzie.<\/span><\/p>\n<h2>Specyfikacja<\/h2>\n<p>Smary: olej lub smar \u2264 NLGI #2<br \/>\nPojemno\u015b\u0107 zbiornika: 125 ml i 250 ml<br \/>\nCzas opr\u00f3\u017cniania: 0,5, 1, 3, 6, 9 i 12 miesi\u0119cy<br \/>\nZakres wy\u0142adowania: 0,3~0,8 ml\/dzie\u0144<br \/>\nTemperatura otoczenia: -20~60\u2103<br \/>\nCi\u015bnienie robocze: maks. 6,5 bar<br \/>\nGwint przy\u0142\u0105czeniowy: R1\/4<br \/>\nNajd\u0142u\u017csza rura: 3 m do smaru, 5 m do rzadkiego oleju<br \/>\nStopie\u0144 ochrony: IP65<br \/>\nBateria: SMD1-BAT (2 CR17505 po\u0142\u0105czone r\u00f3wnolegle)<br \/>\nCzas przechowywania: 3 lata (20\u2103)<br \/>\nPe\u0142na waga oleju: 600g (125ml), 800g (250ml)<\/p>\n<h2>Aplikacje<\/h2>\n<p><span id=\"input-sentence~0\">Urz\u0105dzenia przemys\u0142owe: Smarownice SMD mo\u017cna stosowa\u0107 w r\u00f3\u017cnych urz\u0105dzeniach przemys\u0142owych, takich jak silniki, wentylatory i pompy.<br \/>\nSystemy przeno\u015bnikowe: Zastosowania SMD obejmuj\u0105 przeno\u015bniki i d\u017awigi.<br \/>\nWindy i schody ruchome s\u0105 stosowane g\u0142\u00f3wnie tam, gdzie wymagane jest smarowanie olejem.<\/span><span id=\"input-sentence~1\"><br \/>\n\u015arodowiska niebezpieczne i ograniczone: Smarownice SMD sprawdzaj\u0105 si\u0119 bardzo dobrze w oddalonych instalacjach, gdzie przestrze\u0144 jest ograniczona lub \u015brodowisko jest niebezpieczne.<br \/>\nPrzemys\u0142 spo\u017cywczy: Jednopunktowe smarownice SMD s\u0105 stosowane w przemy\u015ble spo\u017cywczym w zastosowaniach, w kt\u00f3rych wykorzystuje si\u0119 \u015brodki smarne dopuszczone do kontaktu z \u017cywno\u015bci\u0105.<\/span><\/p>\n<h2>Instrukcje<\/h2>\n<div class=\"sdm_download_button_box_default\"><div class=\"sdm_download_link\"><a href=\"https:\/\/www.jinpinlub.com\/pl\/?sdm_process_download=1&download_id=2477\" class=\"sdm_download white\" title=\"Prywatne: SMD Single-point Lubricator\" target=\"&quot;_blank&quot;\">Zobacz kart\u0119 katalogow\u0105 - SMD Lubricator<\/a><\/div><\/div>","protected":false},"excerpt":{"rendered":"<p>SMD to nap\u0119dzana elektromechanicznie jednopunktowa automatyczna smarownica do zastosowa\u0144 z du\u017cymi wahaniami temperatury, wibracjami, ograniczon\u0105 przestrzeni\u0105. Posiada wska\u017anik stanu LED, maksymalne ci\u015bnienie wylotowe 6,5 bara i regulowane odst\u0119py smarowania od 1 do 12 miesi\u0119cy.<\/p>","protected":false},"featured_media":3563,"template":"","meta":{"ocean_post_layout":"","ocean_both_sidebars_style":"","ocean_both_sidebars_content_width":0,"ocean_both_sidebars_sidebars_width":0,"ocean_sidebar":"0","ocean_second_sidebar":"0","ocean_disable_margins":"enable","ocean_add_body_class":"","ocean_shortcode_before_top_bar":"","ocean_shortcode_after_top_bar":"","ocean_shortcode_before_header":"","ocean_shortcode_after_header":"","ocean_has_shortcode":"","ocean_shortcode_after_title":"","ocean_shortcode_before_footer_widgets":"","ocean_shortcode_after_footer_widgets":"","ocean_shortcode_before_footer_bottom":"","ocean_shortcode_after_footer_bottom":"","ocean_display_top_bar":"default","ocean_display_header":"default","ocean_header_style":"","ocean_center_header_left_menu":"0","ocean_custom_header_template":"0","ocean_custom_logo":0,"ocean_custom_retina_logo":0,"ocean_custom_logo_max_width":0,"ocean_custom_logo_tablet_max_width":0,"ocean_custom_logo_mobile_max_width":0,"ocean_custom_logo_max_height":0,"ocean_custom_logo_tablet_max_height":0,"ocean_custom_logo_mobile_max_height":0,"ocean_header_custom_menu":"0","ocean_menu_typo_font_family":"0","ocean_menu_typo_font_subset":"","ocean_menu_typo_font_size":0,"ocean_menu_typo_font_size_tablet":0,"ocean_menu_typo_font_size_mobile":0,"ocean_menu_typo_font_size_unit":"px","ocean_menu_typo_font_weight":"","ocean_menu_typo_font_weight_tablet":"","ocean_menu_typo_font_weight_mobile":"","ocean_menu_typo_transform":"","ocean_menu_typo_transform_tablet":"","ocean_menu_typo_transform_mobile":"","ocean_menu_typo_line_height":0,"ocean_menu_typo_line_height_tablet":0,"ocean_menu_typo_line_height_mobile":0,"ocean_menu_typo_line_height_unit":"","ocean_menu_typo_spacing":0,"ocean_menu_typo_spacing_tablet":0,"ocean_menu_typo_spacing_mobile":0,"ocean_menu_typo_spacing_unit":"","ocean_menu_link_color":"","ocean_menu_link_color_hover":"","ocean_menu_link_color_active":"","ocean_menu_link_background":"","ocean_menu_link_hover_background":"","ocean_menu_link_active_background":"","ocean_menu_social_links_bg":"","ocean_menu_social_hover_links_bg":"","ocean_menu_social_links_color":"","ocean_menu_social_hover_links_color":"","ocean_disable_title":"default","ocean_disable_heading":"default","ocean_post_title":"","ocean_post_subheading":"","ocean_post_title_style":"","ocean_post_title_background_color":"","ocean_post_title_background":0,"ocean_post_title_bg_image_position":"","ocean_post_title_bg_image_attachment":"","ocean_post_title_bg_image_repeat":"","ocean_post_title_bg_image_size":"","ocean_post_title_height":0,"ocean_post_title_bg_overlay":0.5,"ocean_post_title_bg_overlay_color":"","ocean_disable_breadcrumbs":"default","ocean_breadcrumbs_color":"","ocean_breadcrumbs_separator_color":"","ocean_breadcrumbs_links_color":"","ocean_breadcrumbs_links_hover_color":"","ocean_display_footer_widgets":"default","ocean_display_footer_bottom":"default","ocean_custom_footer_template":"0","osh_disable_topbar_sticky":"default","osh_disable_header_sticky":"default","osh_sticky_header_style":"default","osh_sticky_header_effect":"","osh_custom_sticky_logo":0,"osh_custom_retina_sticky_logo":0,"osh_custom_sticky_logo_height":0,"osh_background_color":"","osh_links_color":"","osh_links_hover_color":"","osh_links_active_color":"","osh_links_bg_color":"","osh_links_hover_bg_color":"","osh_links_active_bg_color":"","osh_menu_social_links_color":"","osh_menu_social_hover_links_color":""},"product_brand":[],"product_cat":[33],"product_tag":[293,295,294],"class_list":{"0":"post-3569","1":"product","2":"type-product","3":"status-publish","4":"has-post-thumbnail","6":"product_cat-single-point-lubricators","7":"product_tag-single-point-lubrication-of-bearings","8":"product_tag-single-point-lubrication-of-motors","9":"product_tag-single-point-lubrication-of-spindles","11":"entry","12":"has-media","14":"first","15":"instock","16":"shipping-taxable","17":"product-type-external","18":"col","19":"span_1_of_3","20":"owp-content-center","21":"owp-thumbs-layout-horizontal","22":"owp-btn-very-big","23":"owp-tabs-layout-horizontal"},"_links":{"self":[{"href":"https:\/\/www.jinpinlub.com\/pl\/wp-json\/wp\/v2\/product\/3569","targetHints":{"allow":["GET"]}}],"collection":[{"href":"https:\/\/www.jinpinlub.com\/pl\/wp-json\/wp\/v2\/product"}],"about":[{"href":"https:\/\/www.jinpinlub.com\/pl\/wp-json\/wp\/v2\/types\/product"}],"wp:featuredmedia":[{"embeddable":true,"href":"https:\/\/www.jinpinlub.com\/pl\/wp-json\/wp\/v2\/media\/3563"}],"wp:attachment":[{"href":"https:\/\/www.jinpinlub.com\/pl\/wp-json\/wp\/v2\/media?parent=3569"}],"wp:term":[{"taxonomy":"product_brand","embeddable":true,"href":"https:\/\/www.jinpinlub.com\/pl\/wp-json\/wp\/v2\/product_brand?post=3569"},{"taxonomy":"product_cat","embeddable":true,"href":"https:\/\/www.jinpinlub.com\/pl\/wp-json\/wp\/v2\/product_cat?post=3569"},{"taxonomy":"product_tag","embeddable":true,"href":"https:\/\/www.jinpinlub.com\/pl\/wp-json\/wp\/v2\/product_tag?post=3569"}],"curies":[{"name":"wp","href":"https:\/\/api.w.org\/{rel}","templated":true}]}}