{"id":3666,"date":"2024-09-13T03:27:17","date_gmt":"2024-09-12T19:27:17","guid":{"rendered":"https:\/\/www.jinpinlub.com\/?post_type=product&#038;p=3666"},"modified":"2024-09-13T03:44:51","modified_gmt":"2024-09-12T19:44:51","slug":"pompa-smarowa-elektryczna-bsb-do-dwuliniowych-systemow-smarowania","status":"publish","type":"product","link":"https:\/\/www.jinpinlub.com\/pl\/product\/bsb-electric-grease-pump-for-dual-line-lubrication-systems\/","title":{"rendered":"Pompa smarowa elektryczna BSB do dwuliniowych system\u00f3w smarowania"},"content":{"rendered":"<h2>Funkcja<\/h2>\n<p>Pompa BSB sk\u0142ada si\u0119 z podw\u00f3jnych zawor\u00f3w t\u0142okowych i zbiornika oleju i jest nap\u0119dzana silnikiem pr\u0105du przemiennego. Ruch obrotowy silnika jest przekszta\u0142cany w ruch posuwisto-zwrotny t\u0142oka poprzez ko\u0142o mimo\u015brodowe, co powoduje zasysanie i ci\u015bnienie oleju. Pompa ta mo\u017ce by\u0107 stosowana zar\u00f3wno w dwuliniowych systemach smarowania, jak i jednoliniowych systemach progresywnych. Pompa powinna by\u0107 zainstalowana w \u015brodku systemu, zdolna do dostarczania smaru do 1000 punkt\u00f3w smarowania. \u0141\u0105czna d\u0142ugo\u015b\u0107 od wylotu pompy do najdalszego ko\u0144ca g\u0142\u00f3wnego ruroci\u0105gu powinna by\u0107 kontrolowana w zakresie 100 m.<br \/>\nMaksymalne ci\u015bnienie 40 MPa, smar NLGI 000-3# i olej \u2265N68, temperatura pracy -20\u2103~+80\u2103.<\/p>\n<h2>Specyfikacja<\/h2>\n<table>\n<tbody>\n<tr>\n<td>Temperatura pracy<\/td>\n<td>(-20\u00b0C do +80\u00b0C)<\/td>\n<\/tr>\n<tr>\n<td>Liczba wyj\u015b\u0107<\/td>\n<td>1<\/td>\n<\/tr>\n<tr>\n<td>Pojemno\u015b\u0107 zbiornika<\/td>\n<td>30L, 60L, 100L<\/td>\n<\/tr>\n<tr>\n<td>Uzupe\u0142nianie<\/td>\n<td>Od g\u00f3ry<\/td>\n<\/tr>\n<tr>\n<td>Smar<\/td>\n<td>Smar NLGI 000-3# i olej \u2265N68<\/td>\n<\/tr>\n<tr>\n<td>Klasa ochrony<\/td>\n<td>IP6K 9K<\/td>\n<\/tr>\n<tr>\n<td>Silnik 0,75 kW (80 obr.\/min)<\/td>\n<td>120 ml\/min<\/td>\n<\/tr>\n<tr>\n<td>Silnik 1,5 kW (160 obr.\/min)<\/td>\n<td>235 ml\/min<\/td>\n<\/tr>\n<tr>\n<td>Silnik 1,5 kW (250 obr.\/min)<\/td>\n<td>365 ml\/min<\/td>\n<\/tr>\n<tr>\n<td>Maksymalne ci\u015bnienie robocze<\/td>\n<td>400 bar<\/td>\n<\/tr>\n<tr>\n<td>Gwint przy\u0142\u0105czeniowy<\/td>\n<td>G3\/8<\/td>\n<\/tr>\n<tr>\n<td>Napi\u0119cie robocze<\/td>\n<td>3-fazowy 380VAC 50Hz<\/td>\n<\/tr>\n<\/tbody>\n<\/table>\n<h2>Aplikacja<\/h2>\n<p>Maszyny przemys\u0142owe: Pompy smarownicze serii BSB mo\u017cna stosowa\u0107 w du\u017cych urz\u0105dzeniach mechanicznych, takich jak prasy, walcarki i maszyny do formowania wtryskowego w celu smarowania wielopunktowego.<br \/>\nHuty stali: W procesie produkcji stali zapotrzebowanie na \u015brodki smarne jest do\u015b\u0107 wysokie, a pompy smarowe BSB mog\u0105 zapewni\u0107 normaln\u0105 prac\u0119 sprz\u0119tu.<br \/>\nSprz\u0119t g\u00f3rniczy dzia\u0142a g\u0142\u00f3wnie w trudnych warunkach. Pompy BSB mog\u0105 jedynie pom\u00f3c zapewni\u0107 odpowiednie smarowanie, wyd\u0142u\u017caj\u0105c \u017cywotno\u015b\u0107.<br \/>\nPapiernie: Produkcja p\u0142yt papierowych wymaga ci\u0105g\u0142ego smarowania maszyn, aby produkcja by\u0142a efektywna. Pompy BSB s\u0105 w stanie sprosta\u0107 temu wymogowi.<br \/>\nElektrownie: Smarowanie urz\u0105dze\u0144 do wytwarzania energii jest bardzo wa\u017cne ze wzgl\u0119du na stabilno\u015b\u0107 produkcji energii. Ponadto w tej dziedzinie szeroko stosowane s\u0105 dwuliniowe pompy smarownicze BSB.<\/p>\n<h2>Instrukcje<\/h2>\n<div class=\"sdm_download_button_box_default\"><div class=\"sdm_download_link\"><a href=\"https:\/\/www.jinpinlub.com\/pl\/?sdm_process_download=1&download_id=3654\" class=\"sdm_download white\" title=\"Prywatne: BSB Dual-line Grease Pump\" target=\"&quot;_blank&quot;\">Wy\u015bwietl arkusz danych - Pompa dwuliniowa BSB<\/a><\/div><\/div>","protected":false},"excerpt":{"rendered":"<p>Dwuliniowa elektryczna pompa smaruj\u0105ca BSB dostarcza \u015brodek smarny pod ci\u015bnieniem do g\u0142\u00f3wnego ruroci\u0105gu zasilaj\u0105cego za pomoc\u0105 elektrycznego lub pneumatycznego zaworu steruj\u0105cego, r\u00f3wnomiernie i dok\u0142adnie rozprowadza go do punkt\u00f3w smarowania. Jest stosowana w maszynach przemys\u0142owych, hutach i sprz\u0119cie g\u00f3rniczym.<\/p>","protected":false},"featured_media":3593,"template":"","meta":{"ocean_post_layout":"","ocean_both_sidebars_style":"","ocean_both_sidebars_content_width":0,"ocean_both_sidebars_sidebars_width":0,"ocean_sidebar":"0","ocean_second_sidebar":"0","ocean_disable_margins":"enable","ocean_add_body_class":"","ocean_shortcode_before_top_bar":"","ocean_shortcode_after_top_bar":"","ocean_shortcode_before_header":"","ocean_shortcode_after_header":"","ocean_has_shortcode":"","ocean_shortcode_after_title":"","ocean_shortcode_before_footer_widgets":"","ocean_shortcode_after_footer_widgets":"","ocean_shortcode_before_footer_bottom":"","ocean_shortcode_after_footer_bottom":"","ocean_display_top_bar":"default","ocean_display_header":"default","ocean_header_style":"","ocean_center_header_left_menu":"0","ocean_custom_header_template":"0","ocean_custom_logo":0,"ocean_custom_retina_logo":0,"ocean_custom_logo_max_width":0,"ocean_custom_logo_tablet_max_width":0,"ocean_custom_logo_mobile_max_width":0,"ocean_custom_logo_max_height":0,"ocean_custom_logo_tablet_max_height":0,"ocean_custom_logo_mobile_max_height":0,"ocean_header_custom_menu":"0","ocean_menu_typo_font_family":"0","ocean_menu_typo_font_subset":"","ocean_menu_typo_font_size":0,"ocean_menu_typo_font_size_tablet":0,"ocean_menu_typo_font_size_mobile":0,"ocean_menu_typo_font_size_unit":"px","ocean_menu_typo_font_weight":"","ocean_menu_typo_font_weight_tablet":"","ocean_menu_typo_font_weight_mobile":"","ocean_menu_typo_transform":"","ocean_menu_typo_transform_tablet":"","ocean_menu_typo_transform_mobile":"","ocean_menu_typo_line_height":0,"ocean_menu_typo_line_height_tablet":0,"ocean_menu_typo_line_height_mobile":0,"ocean_menu_typo_line_height_unit":"","ocean_menu_typo_spacing":0,"ocean_menu_typo_spacing_tablet":0,"ocean_menu_typo_spacing_mobile":0,"ocean_menu_typo_spacing_unit":"","ocean_menu_link_color":"","ocean_menu_link_color_hover":"","ocean_menu_link_color_active":"","ocean_menu_link_background":"","ocean_menu_link_hover_background":"","ocean_menu_link_active_background":"","ocean_menu_social_links_bg":"","ocean_menu_social_hover_links_bg":"","ocean_menu_social_links_color":"","ocean_menu_social_hover_links_color":"","ocean_disable_title":"default","ocean_disable_heading":"default","ocean_post_title":"","ocean_post_subheading":"","ocean_post_title_style":"","ocean_post_title_background_color":"","ocean_post_title_background":0,"ocean_post_title_bg_image_position":"","ocean_post_title_bg_image_attachment":"","ocean_post_title_bg_image_repeat":"","ocean_post_title_bg_image_size":"","ocean_post_title_height":0,"ocean_post_title_bg_overlay":0.5,"ocean_post_title_bg_overlay_color":"","ocean_disable_breadcrumbs":"default","ocean_breadcrumbs_color":"","ocean_breadcrumbs_separator_color":"","ocean_breadcrumbs_links_color":"","ocean_breadcrumbs_links_hover_color":"","ocean_display_footer_widgets":"default","ocean_display_footer_bottom":"default","ocean_custom_footer_template":"0","osh_disable_topbar_sticky":"default","osh_disable_header_sticky":"default","osh_sticky_header_style":"default","osh_sticky_header_effect":"","osh_custom_sticky_logo":0,"osh_custom_retina_sticky_logo":0,"osh_custom_sticky_logo_height":0,"osh_background_color":"","osh_links_color":"","osh_links_hover_color":"","osh_links_active_color":"","osh_links_bg_color":"","osh_links_hover_bg_color":"","osh_links_active_bg_color":"","osh_menu_social_links_color":"","osh_menu_social_hover_links_color":""},"product_brand":[],"product_cat":[35,34],"product_tag":[296,73,283],"class_list":{"0":"post-3666","1":"product","2":"type-product","3":"status-publish","4":"has-post-thumbnail","6":"product_cat-dual-line-lubrication-pumps","7":"product_cat-dual-line-lubrication-systems","8":"product_tag-dual-line-lubrication-pump","9":"product_tag-electric-lubrication-pump","10":"product_tag-electric-lubricator","12":"entry","13":"has-media","15":"first","16":"instock","17":"shipping-taxable","18":"product-type-external","19":"col","20":"span_1_of_3","21":"owp-content-center","22":"owp-thumbs-layout-horizontal","23":"owp-btn-very-big","24":"owp-tabs-layout-horizontal"},"_links":{"self":[{"href":"https:\/\/www.jinpinlub.com\/pl\/wp-json\/wp\/v2\/product\/3666","targetHints":{"allow":["GET"]}}],"collection":[{"href":"https:\/\/www.jinpinlub.com\/pl\/wp-json\/wp\/v2\/product"}],"about":[{"href":"https:\/\/www.jinpinlub.com\/pl\/wp-json\/wp\/v2\/types\/product"}],"wp:featuredmedia":[{"embeddable":true,"href":"https:\/\/www.jinpinlub.com\/pl\/wp-json\/wp\/v2\/media\/3593"}],"wp:attachment":[{"href":"https:\/\/www.jinpinlub.com\/pl\/wp-json\/wp\/v2\/media?parent=3666"}],"wp:term":[{"taxonomy":"product_brand","embeddable":true,"href":"https:\/\/www.jinpinlub.com\/pl\/wp-json\/wp\/v2\/product_brand?post=3666"},{"taxonomy":"product_cat","embeddable":true,"href":"https:\/\/www.jinpinlub.com\/pl\/wp-json\/wp\/v2\/product_cat?post=3666"},{"taxonomy":"product_tag","embeddable":true,"href":"https:\/\/www.jinpinlub.com\/pl\/wp-json\/wp\/v2\/product_tag?post=3666"}],"curies":[{"name":"wp","href":"https:\/\/api.w.org\/{rel}","templated":true}]}}