{"id":3668,"date":"2024-09-13T16:53:41","date_gmt":"2024-09-13T08:53:41","guid":{"rendered":"https:\/\/www.jinpinlub.com\/?post_type=product&#038;p=3668"},"modified":"2024-09-13T17:56:08","modified_gmt":"2024-09-13T09:56:08","slug":"20mpa-dr4-5-hydrauliczny-zawor-odwracajacy-do-ukladu-dwuliniowego","status":"publish","type":"product","link":"https:\/\/www.jinpinlub.com\/pl\/product\/20mpa-dr4-5-hydraulic-reversing-valve-for-dual-line-system\/","title":{"rendered":"20MPa DR4-5 hydrauliczny zaw\u00f3r odwracaj\u0105cy do uk\u0142adu dwuliniowego"},"content":{"rendered":"<h2>Funkcja<\/h2>\n<p>Jest on u\u017cywany do centralnego uk\u0142adu smarowania elektrycznego, kt\u00f3ry naprzemiennie wysy\u0142a smar z pompy smaruj\u0105cej do dw\u00f3ch g\u0142\u00f3wnych ruroci\u0105g\u00f3w doprowadzaj\u0105cych olej. Zaw\u00f3r ma w\u0142asn\u0105 funkcj\u0119 regulacji ci\u015bnienia i mo\u017ce automatycznie zmienia\u0107 kierunek. Ci\u015bnienie nastawione na odwr\u00f3cenie mo\u017cna regulowa\u0107 w zakresie od 0 do 20 MPa. Konstrukcja jest prosta, a odwr\u00f3cenie jest niezawodne.<\/p>\n<h2>Specyfikacja<\/h2>\n<table>\n<tbody>\n<tr>\n<td>Model<\/td>\n<td>DR4-5<\/td>\n<\/tr>\n<tr>\n<td>Ci\u015bnienie robocze<\/td>\n<td>3,5~20 MPa<\/td>\n<\/tr>\n<tr>\n<td>Ci\u015bnienie ustawione fabrycznie<\/td>\n<td>10,5 MPa<\/td>\n<\/tr>\n<tr>\n<td>Obowi\u0105zuj\u0105cy system<\/td>\n<td>System dwuliniowy typu pier\u015bcieniowego i natryskowego<\/td>\n<\/tr>\n<tr>\n<td>Kompatybilna pompa<\/td>\n<td>Pompy dwuliniowe, takie jak pompy BSB i GP<\/td>\n<\/tr>\n<tr>\n<td>Masa netto<\/td>\n<td>7kg<\/td>\n<\/tr>\n<\/tbody>\n<\/table>\n<h2>Aplikacja<\/h2>\n<p>W maszynach in\u017cynieryjnych stosuje si\u0119 hydrauliczny zaw\u00f3r odwracaj\u0105cy DR4-5 w celu sterowania kierunkiem ruchu cylindra hydraulicznego i silnika hydraulicznego.<br \/>\nUrz\u0105dzenia przemys\u0142owe: W prasach hydraulicznych, wtryskarkach, obrabiarkach sterowanych numerycznie itd. funkcj\u0119 automatycznego sterowania urz\u0105dzeniami realizuje si\u0119 za pomoc\u0105 zaworu hydraulicznego DR4-5.<br \/>\nMaszyny rolnicze: W przypadku ci\u0105gnik\u00f3w i kombajn\u00f3w zbo\u017cowych uk\u0142ad hydrauliczny sterowany jest za pomoc\u0105 zaworu odwracaj\u0105cego DR4-5.<br \/>\nUk\u0142ad smarowania: szczeg\u00f3lnie w przypadku centralnego uk\u0142adu smarowania terminala elektrycznego, hydrauliczne zawory zwrotne DR4-5 rozprowadzaj\u0105 \u015brodki smarne naprzemiennie do r\u00f3\u017cnych przewod\u00f3w doprowadzaj\u0105cych olej smaruj\u0105cy.<\/p>\n<h2>Instrukcje<\/h2>\n<div class=\"sdm_download_button_box_default\"><div class=\"sdm_download_link\"><a href=\"https:\/\/www.jinpinlub.com\/pl\/?sdm_process_download=1&download_id=3655\" class=\"sdm_download white\" title=\"Prywatne: DR4-5 Directional Valve\" target=\"&quot;_blank&quot;\">Zobacz kart\u0119 katalogow\u0105 - Zaw\u00f3r kierunkowy DR4-5<\/a><\/div><\/div>","protected":false},"excerpt":{"rendered":"<p>Hydrauliczny zaw\u00f3r odwracaj\u0105cy DR4-5 to kluczowy element s\u0142u\u017c\u0105cy do sterowania kierunkiem przep\u0142ywu cieczy w uk\u0142adach hydraulicznych, w szczeg\u00f3lno\u015bci w dwuliniowych centralnych uk\u0142adach smarowania, takich jak maszyny budowlane, sprz\u0119t przemys\u0142owy i maszyny rolnicze.<\/p>","protected":false},"featured_media":3597,"template":"","meta":{"ocean_post_layout":"","ocean_both_sidebars_style":"","ocean_both_sidebars_content_width":0,"ocean_both_sidebars_sidebars_width":0,"ocean_sidebar":"0","ocean_second_sidebar":"0","ocean_disable_margins":"enable","ocean_add_body_class":"","ocean_shortcode_before_top_bar":"","ocean_shortcode_after_top_bar":"","ocean_shortcode_before_header":"","ocean_shortcode_after_header":"","ocean_has_shortcode":"","ocean_shortcode_after_title":"","ocean_shortcode_before_footer_widgets":"","ocean_shortcode_after_footer_widgets":"","ocean_shortcode_before_footer_bottom":"","ocean_shortcode_after_footer_bottom":"","ocean_display_top_bar":"default","ocean_display_header":"default","ocean_header_style":"","ocean_center_header_left_menu":"0","ocean_custom_header_template":"0","ocean_custom_logo":0,"ocean_custom_retina_logo":0,"ocean_custom_logo_max_width":0,"ocean_custom_logo_tablet_max_width":0,"ocean_custom_logo_mobile_max_width":0,"ocean_custom_logo_max_height":0,"ocean_custom_logo_tablet_max_height":0,"ocean_custom_logo_mobile_max_height":0,"ocean_header_custom_menu":"0","ocean_menu_typo_font_family":"0","ocean_menu_typo_font_subset":"","ocean_menu_typo_font_size":0,"ocean_menu_typo_font_size_tablet":0,"ocean_menu_typo_font_size_mobile":0,"ocean_menu_typo_font_size_unit":"px","ocean_menu_typo_font_weight":"","ocean_menu_typo_font_weight_tablet":"","ocean_menu_typo_font_weight_mobile":"","ocean_menu_typo_transform":"","ocean_menu_typo_transform_tablet":"","ocean_menu_typo_transform_mobile":"","ocean_menu_typo_line_height":0,"ocean_menu_typo_line_height_tablet":0,"ocean_menu_typo_line_height_mobile":0,"ocean_menu_typo_line_height_unit":"","ocean_menu_typo_spacing":0,"ocean_menu_typo_spacing_tablet":0,"ocean_menu_typo_spacing_mobile":0,"ocean_menu_typo_spacing_unit":"","ocean_menu_link_color":"","ocean_menu_link_color_hover":"","ocean_menu_link_color_active":"","ocean_menu_link_background":"","ocean_menu_link_hover_background":"","ocean_menu_link_active_background":"","ocean_menu_social_links_bg":"","ocean_menu_social_hover_links_bg":"","ocean_menu_social_links_color":"","ocean_menu_social_hover_links_color":"","ocean_disable_title":"default","ocean_disable_heading":"default","ocean_post_title":"","ocean_post_subheading":"","ocean_post_title_style":"","ocean_post_title_background_color":"","ocean_post_title_background":0,"ocean_post_title_bg_image_position":"","ocean_post_title_bg_image_attachment":"","ocean_post_title_bg_image_repeat":"","ocean_post_title_bg_image_size":"","ocean_post_title_height":0,"ocean_post_title_bg_overlay":0.5,"ocean_post_title_bg_overlay_color":"","ocean_disable_breadcrumbs":"default","ocean_breadcrumbs_color":"","ocean_breadcrumbs_separator_color":"","ocean_breadcrumbs_links_color":"","ocean_breadcrumbs_links_hover_color":"","ocean_display_footer_widgets":"default","ocean_display_footer_bottom":"default","ocean_custom_footer_template":"0","osh_disable_topbar_sticky":"default","osh_disable_header_sticky":"default","osh_sticky_header_style":"default","osh_sticky_header_effect":"","osh_custom_sticky_logo":0,"osh_custom_retina_sticky_logo":0,"osh_custom_sticky_logo_height":0,"osh_background_color":"","osh_links_color":"","osh_links_hover_color":"","osh_links_active_color":"","osh_links_bg_color":"","osh_links_hover_bg_color":"","osh_links_active_bg_color":"","osh_menu_social_links_color":"","osh_menu_social_hover_links_color":""},"product_brand":[],"product_cat":[36,34],"product_tag":[298,297,299],"class_list":{"0":"post-3668","1":"product","2":"type-product","3":"status-publish","4":"has-post-thumbnail","6":"product_cat-dual-line-divider-valves","7":"product_cat-dual-line-lubrication-systems","8":"product_tag-dual-line-lubrication-reversing-valve","9":"product_tag-hydraulic-reversing-valve","10":"product_tag-lubrication-system-reversing-valve","12":"entry","13":"has-media","15":"first","16":"instock","17":"shipping-taxable","18":"product-type-external","19":"col","20":"span_1_of_3","21":"owp-content-center","22":"owp-thumbs-layout-horizontal","23":"owp-btn-very-big","24":"owp-tabs-layout-horizontal"},"_links":{"self":[{"href":"https:\/\/www.jinpinlub.com\/pl\/wp-json\/wp\/v2\/product\/3668","targetHints":{"allow":["GET"]}}],"collection":[{"href":"https:\/\/www.jinpinlub.com\/pl\/wp-json\/wp\/v2\/product"}],"about":[{"href":"https:\/\/www.jinpinlub.com\/pl\/wp-json\/wp\/v2\/types\/product"}],"wp:featuredmedia":[{"embeddable":true,"href":"https:\/\/www.jinpinlub.com\/pl\/wp-json\/wp\/v2\/media\/3597"}],"wp:attachment":[{"href":"https:\/\/www.jinpinlub.com\/pl\/wp-json\/wp\/v2\/media?parent=3668"}],"wp:term":[{"taxonomy":"product_brand","embeddable":true,"href":"https:\/\/www.jinpinlub.com\/pl\/wp-json\/wp\/v2\/product_brand?post=3668"},{"taxonomy":"product_cat","embeddable":true,"href":"https:\/\/www.jinpinlub.com\/pl\/wp-json\/wp\/v2\/product_cat?post=3668"},{"taxonomy":"product_tag","embeddable":true,"href":"https:\/\/www.jinpinlub.com\/pl\/wp-json\/wp\/v2\/product_tag?post=3668"}],"curies":[{"name":"wp","href":"https:\/\/api.w.org\/{rel}","templated":true}]}}